{"id":10093,"date":"2022-09-20T09:17:09","date_gmt":"2022-09-20T09:17:09","guid":{"rendered":"https:\/\/www.ull.es\/servicios\/biblioteca\/?page_id=10093"},"modified":"2025-07-28T10:57:20","modified_gmt":"2025-07-28T10:57:20","slug":"bienvenidos-a-la-biblioteca","status":"publish","type":"page","link":"https:\/\/www.ull.es\/servicios\/biblioteca\/en\/bienvenidos-a-la-biblioteca\/","title":{"rendered":"Welcome 2025-2026"},"content":{"rendered":"<p>[vc_row][vc_column width=\u00bb2\/3&#8243;][vc_empty_space][vc_custom_heading text=\u00bbBienvenida 2025-2026&#8243; use_theme_fonts=\u00bbyes\u00bb][vc_empty_space height=\u00bb64px\u00bb][vc_column_text css_animation=\u00bbnone\u00bb]La Biblioteca Universitaria te invita a conocer sus servicios e instalaciones de forma virtual.<\/p>\n<p><span style=\"color: #ff9900\">\u00a1Visita la Biblioteca en tu Facultad, Escuela o la Biblioteca General y de Humanidades y descubrir\u00e1s c\u00f3mo podemos ayudarte con tus tareas acad\u00e9micas!<\/span>[\/vc_column_text][vc_column_text css_animation=\u00bblightSpeedIn\u00bb]Adem\u00e1s, si acudes a tu biblioteca entre los d\u00edas 8 y 17 de septiembre, podr\u00e1s ganar un lector de ebook. <a href=\"https:\/\/docs.google.com\/document\/d\/1HOWdkJofm58ASMtXgAE3LGUzYHBxBOP9Y-XxPvjICRM\/edit?usp=sharing\" target=\"_blank\" rel=\"noopener\"><mark style=\"background-color: #1ffa43\">Consulta las bases del sorteo<\/mark><\/a>.[\/vc_column_text][vc_empty_space][\/vc_column][vc_column width=\u00bb1\/3&#8243;][\/vc_column][\/vc_row][vc_row][vc_column width=\u00bb2\/3&#8243;][vc_row_inner][vc_column_inner][vc_raw_html]JTNDYSUyMHRhcmdldCUzRCUyMl9ibGFuayUyMiUyMGhyZWYlM0QlMjJodHRwcyUzQSUyRiUyRnd3dy51bGwuZXMlMkZzZXJ2aWNpb3MlMkZiaWJsaW90ZWNhJTJGc2VkZSUyRiUyMiUzRSUzQ2RpdiUyMGNsYXNzJTNEJTIyc2VydmljaW9zLWluaWNpbyUyMiUzRSUwQSUzQ2gzJTNFJTNDbWFyayUyMHN0eWxlJTNEJTIyYmFja2dyb3VuZC1jb2xvciUzQSUyMCUyMzVhYThmMCUyMiUzRTE0JTIwQmlibGlvdGVjYXMlM0MlMkZtYXJrJTNFJTNDJTJGaDMlM0UlMEElM0NwJTNFY29uJTIwbSVDMyVBMXMlMjBkZSUyMHVuJTIwbWlsbCVDMyVCM24lMjBkZSUyMGxpYnJvcyUyQyUyMHNldGVudGElMjBtaWwlMjB0JUMzJUFEdHVsb3MlMjBkZSUyMHJldmlzdGFzJTJDJTIwYWNjZXNvJTIwYSUyMG0lQzMlQTFzJTIwZGUlMjBzZXRlY2llbnRvcyUyMG1pbCUyMHJlY3Vyc29zJTIwZWxlY3RyJUMzJUIzbmljb3MlMjB5JTIwdHJlc2NpZW50b3MlMjBwb3J0JUMzJUExdGlsZXMlMjBwYXJhJTIwZWwlMjBwciVDMyVBOXN0YW1vJTNDJTJGcCUzRSUwQSUzQyUyRmRpdiUzRSUzQyUyRmElM0U=[\/vc_raw_html][vc_raw_html]JTNDYSUyMHRhcmdldCUzRCUyMl9ibGFuayUyMiUyMGhyZWYlM0QlMjJodHRwcyUzQSUyRiUyRnd3dy51bGwuZXMlMkZzZXJ2aWNpb3MlMkZiaWJsaW90ZWNhJTJGc2VydmljaW9zJTJGcmVzZXJ2YS1zYWxhcyUyRiUyMiUzRSUzQ2RpdiUyMGNsYXNzJTNEJTIyc2VydmljaW9zLWluaWNpbyUyMiUzRSUwQSUzQ2gzJTNFJTNDbWFyayUyMHN0eWxlJTNEJTIyYmFja2dyb3VuZC1jb2xvciUzQSUyMCUyM2ZhZTgxZiUyMiUzRUVzcGFjaW9zJTIwZGlmZXJlbmNpYWRvcyUzQyUyRm1hcmslM0UlM0MlMkZoMyUzRSUwQSUzQ3AlM0VwYXJhJTIwZXN0dWRpYXIlMkMlMjB0cmFiYWphciUyMGVuJTIwZ3J1cG8lMkMlMjBsZWVyJTJDJTIwY3JlYXIlMkMlMjBkZXNjYW5zYXIlMkMlMjByZWxhamFydGUlMkMlMjBkZWJhdGlyJTIwbyUyMHZlciUyMGV4cG9zaWNpb25lcyUzQyUyRnAlM0UlMEElM0MlMkZkaXYlM0UlM0MlMkZhJTNF[\/vc_raw_html][\/vc_column_inner][\/vc_row_inner][vc_raw_html]JTNDYSUyMHRhcmdldCUzRCUyMl9ibGFuayUyMiUyMGhyZWYlM0QlMjJodHRwcyUzQSUyRiUyRmFic3lzbmV0LmJidGsudWxsLmVzJTJGY2dpLWJpbiUyRmFibmV0b3BhYyUzRkFDQyUzRDI1NCUyMiUzRSUzQ2RpdiUyMGNsYXNzJTNEJTIyc2VydmljaW9zLWluaWNpbyUyMiUzRSUwQSUzQ2gzJTNFJTNDbWFyayUyMHN0eWxlJTNEJTIyYmFja2dyb3VuZC1jb2xvciUzQSUyMCUyMzFmZmE0MyUyMiUzRWJpYmxpb2dyYWYlQzMlQURhJTIwcmVjb21lbmRhZGElM0MlMkZtYXJrJTNFJTNDJTJGaDMlM0UlMEElM0NwJTNFcG9yJTIwZWwlMjBwcm9mZXNvcmFkbyUyMHBhcmElMjBjYWRhJTIwdW5hJTIwZGUlMjBsYXMlMjBhc2lnbmF0dXJhcyUyMGRpc3BvbmlibGUlMjBlbiUyMHR1JTIwYmlibGlvdGVjYSUzQyUyRnAlM0UlMEElM0MlMkZkaXYlM0UlM0MlMkZhJTNF[\/vc_raw_html][vc_raw_html]JTNDYSUyMHRhcmdldCUzRCUyMl9ibGFuayUyMiUyMGhyZWYlM0QlMjJodHRwcyUzQSUyRiUyRnd3dy51bGwuZXMlMkZzZXJ2aWNpb3MlMkZiaWJsaW90ZWNhJTJGc2VydmljaW9zJTJGZm9ybWFjaW9uJTJGJTIzY3Vyc29zLXZpcnR1YWxlcy1lc3R1ZGlhbnRlcy1ncmFkbyUyMiUzRSUzQ2RpdiUyMGNsYXNzJTNEJTIyc2VydmljaW9zLWluaWNpbyUyMiUzRSUwQSUzQ2gzJTNFJTNDbWFyayUyMHN0eWxlJTNEJTIyYmFja2dyb3VuZC1jb2xvciUzQSUyMCUyM2ZhYTUxZiUyMiUzRWN1cnNvcyUyMGRlJTIwZm9ybWFjaSVDMyVCM24lMjBlbiUyMCUyMGNvbXBldGVuY2lhcyUyMGRpZ2l0YWxlcyUzQyUyRm1hcmslM0UlM0MlMkZoMyUzRSUwQSUzQ3AlM0VwYXJhJTIwJTIwYXByZW5kZXIlMjBhJTIwYnVzY2FyJTJDJTIwc2VsZWNjaW9uYXIlMkMlMjB1c2FyJTIweSUyMGNvbXVuaWNhciUyMGxhJTIwaW5mb3JtYWNpJUMzJUIzbiUzQyUyRnAlM0UlMEElM0MlMkZkaXYlM0UlM0MlMkZhJTNF[\/vc_raw_html][vc_raw_html]JTNDYSUyMHRhcmdldCUzRCUyMl9ibGFuayUyMiUyMGhyZWYlM0QlMjJodHRwcyUzQSUyRiUyRnd3dy51bGwuZXMlMkZzZXJ2aWNpb3MlMkZiaWJsaW90ZWNhJTJGc2VydmljaW9zJTJGcHJlc3RhbW8tZG9taWNpbGlhcmlvJTJGJTIzcXVlLXNlLW5lY2VzaXRhJTIyJTNFJTNDZGl2JTIwY2xhc3MlM0QlMjJzZXJ2aWNpb3MtaW5pY2lvJTIyJTNFJTBBJTNDaDMlM0UlM0NtYXJrJTIwc3R5bGUlM0QlMjJiYWNrZ3JvdW5kLWNvbG9yJTNBJTIwJTIzZmFlODFmJTIyJTNFVGFyamV0YSUyMHVuaXZlcnNpdGFyaWElM0MlMkZtYXJrJTNFJTNDJTJGaDMlM0UlMEElM0NwJTNFcGFyYSUyMGFjY2VkZXIlMjBhJTIwdG9kb3MlMjBudWVzdHJvcyUyMHNlcnZpY2lvcyUyMHByZXNlbmNpYWxlcyUyMHklMjBlbiUyMGwlQzMlQURuZWElM0MlMkZwJTNFJTBBJTNDJTJGZGl2JTNFJTNDJTJGYSUzRQ==[\/vc_raw_html][vc_raw_html]JTNDYSUyMHRhcmdldCUzRCUyMl9ibGFuayUyMiUyMGhyZWYlM0QlMjJodHRwcyUzQSUyRiUyRnd3dy51bGwuZXMlMkZzZXJ2aWNpb3MlMkZiaWJsaW90ZWNhJTJGZXNwYWNpb3MtZGUtaWd1YWxkYWQlMkYlMjIlM0UlM0NkaXYlMjBjbGFzcyUzRCUyMnNlcnZpY2lvcy1pbmljaW8lMjIlM0UlMEElM0NoMyUzRSUzQ21hcmslMjBzdHlsZSUzRCUyMmJhY2tncm91bmQtY29sb3IlM0ElMjAlMjNGRjAwRkYlMjIlM0VpZ3VhbGRhZCUyMHklMjBkaXZlcnNpZGFkJTNDJTJGbWFyayUzRSUzQyUyRmgzJTNFJTBBJTNDcCUzRWNvbiUyMGVzcGFjaW9zJTIwZXNwZWMlQzMlQURmaWNvcyUyMHklMjB1bmElMjBjb2xlY2NpJUMzJUIzbiUyMGJpYmxpb2dyJUMzJUExZmljYSUyMGVzcGVjaWFsaXphZGElM0MlMkZwJTNFJTBBJTNDJTJGZGl2JTNFJTNDJTJGYSUzRQ==[\/vc_raw_html][vc_raw_html]JTNDYSUyMHRhcmdldCUzRCUyMl9ibGFuayUyMiUyMGhyZWYlM0QlMjJodHRwcyUzQSUyRiUyRnd3dy51bGwuZXMlMkZzZXJ2aWNpb3MlMkZiaWJsaW90ZWNhJTJGc2VydmljaW9zJTJGYmlibGlvbGFiJTJGJTIyJTNFJTNDZGl2JTIwY2xhc3MlM0QlMjJzZXJ2aWNpb3MtaW5pY2lvJTIyJTNFJTBBJTNDaDMlM0UlM0NtYXJrJTIwc3R5bGUlM0QlMjJiYWNrZ3JvdW5kLWNvbG9yJTNBJTIwJTIwJTIzNWFhOGYwJTIyJTNFQmlibGlvTGFiJTNDJTJGbWFyayUzRSUzQyUyRmgzJTNFJTBBJTNDcCUzRWVzcGFjaW8lMjBlbiUyMGxhJTIwQmlibGlvdGVjYSUyMGRlJTIwSW5nZW5pZXIlQzMlQURhJTIweSUyMFRlY25vbG9nJUMzJUFEYSUyMHBhcmElMjBjcmVhciUyQyUyMGNvbGFib3JhciUyQyUyMGNvbXBhcnRpciUyQyUyMGRlc2Fycm9sbGFyJTIwaWRlYXMlMkMlMjBpbm5vdmFyJUUyJTgwJUE2JTNDJTJGcCUzRSUwQSUzQyUyRmRpdiUzRSUzQyUyRmElM0U=[\/vc_raw_html][vc_raw_html]JTNDYSUyMHRhcmdldCUzRCUyMl9ibGFuayUyMiUyMGhyZWYlM0QlMjJodHRwcyUzQSUyRiUyRnd3dy51bGwuZXMlMkZzZXJ2aWNpb3MlMkZiaWJsaW90ZWNhJTJGb2JqZXRpdm9zLWRlLWRlc2Fycm9sbG8tc29zdGVuaWJsZSUyRiUyM2JpYmxpb3RlY2EtY29tcHJvbWV0aWRhJTIyJTNFJTNDZGl2JTIwY2xhc3MlM0QlMjJzZXJ2aWNpb3MtaW5pY2lvJTIyJTNFJTBBJTNDaDMlM0UlM0NtYXJrJTIwc3R5bGUlM0QlMjJiYWNrZ3JvdW5kLWNvbG9yJTNBJTIwJTIwJTIzMWZmYTQzJTIyJTNFUmVzcG9uc2FiaWxpZGFkJTIwU29jaWFsJTNDJTJGbWFyayUzRSUzQyUyRmgzJTNFJTBBJTNDcCUzRXBhcnRpY2lwYSUyMGVuJTIwbGFzJTIwYWN0aXZpZGFkZXMlMjBxdWUlMjBvcmdhbml6YSUyMGxhJTIwQmlibGlvdGVjYSUyMCUyOGFjdGl2aWRhZGVzJTIwc29saWRhcmlhcyUyQyUyMGV4cG9zaWNpb25lcyUyQyUyMGNoYXJsYXMlMjB5JTIwbWVzYXMlMjByZWRvbmRhcyUyOSUzQyUyRnAlM0UlMEElM0MlMkZkaXYlM0UlM0MlMkZhJTNF[\/vc_raw_html][\/vc_column][vc_column width=\u00bb1\/3&#8243;][\/vc_column][\/vc_row]<\/p>\n","protected":false},"excerpt":{"rendered":"<p>[vc_row][vc_column width=\u00bb2\/3&#8243;][vc_empty_space][vc_custom_heading text=\u00bbBienvenida 2025-2026&#8243; use_theme_fonts=\u00bbyes\u00bb][vc_empty_space height=\u00bb64px\u00bb][vc_column_text css_animation=\u00bbnone\u00bb]La Biblioteca Universitaria te invita a conocer sus servicios e instalaciones de forma virtual. \u00a1Visita la Biblioteca en tu Facultad, Escuela o la Biblioteca General y de Humanidades y descubrir\u00e1s c\u00f3mo podemos ayudarte con tus tareas acad\u00e9micas![\/vc_column_text][vc_column_text css_animation=\u00bblightSpeedIn\u00bb]Adem\u00e1s, si acudes a tu biblioteca entre los d\u00edas 8 y 17&#8230;<\/p>\n","protected":false},"author":36,"featured_media":0,"parent":0,"menu_order":0,"comment_status":"closed","ping_status":"closed","template":"templates\/template-no-title.php","meta":{"_acf_changed":false,"footnotes":""},"class_list":["post-10093","page","type-page","status-publish","hentry"],"acf":[],"_links":{"self":[{"href":"https:\/\/www.ull.es\/servicios\/biblioteca\/en\/wp-json\/wp\/v2\/pages\/10093","targetHints":{"allow":["GET"]}}],"collection":[{"href":"https:\/\/www.ull.es\/servicios\/biblioteca\/en\/wp-json\/wp\/v2\/pages"}],"about":[{"href":"https:\/\/www.ull.es\/servicios\/biblioteca\/en\/wp-json\/wp\/v2\/types\/page"}],"author":[{"embeddable":true,"href":"https:\/\/www.ull.es\/servicios\/biblioteca\/en\/wp-json\/wp\/v2\/users\/36"}],"replies":[{"embeddable":true,"href":"https:\/\/www.ull.es\/servicios\/biblioteca\/en\/wp-json\/wp\/v2\/comments?post=10093"}],"version-history":[{"count":47,"href":"https:\/\/www.ull.es\/servicios\/biblioteca\/en\/wp-json\/wp\/v2\/pages\/10093\/revisions"}],"predecessor-version":[{"id":12184,"href":"https:\/\/www.ull.es\/servicios\/biblioteca\/en\/wp-json\/wp\/v2\/pages\/10093\/revisions\/12184"}],"wp:attachment":[{"href":"https:\/\/www.ull.es\/servicios\/biblioteca\/en\/wp-json\/wp\/v2\/media?parent=10093"}],"curies":[{"name":"wp","href":"https:\/\/api.w.org\/{rel}","templated":true}]}}