{"id":6817,"date":"2018-07-05T11:13:04","date_gmt":"2018-07-05T11:13:04","guid":{"rendered":"https:\/\/www.ull.es\/servicios\/biblioteca\/?page_id=6817"},"modified":"2024-05-09T13:30:31","modified_gmt":"2024-05-09T13:30:31","slug":"el-acceso-abierto-a-la-informacion","status":"publish","type":"page","link":"https:\/\/www.ull.es\/servicios\/biblioteca\/en\/el-acceso-abierto-a-la-informacion\/","title":{"rendered":"Open access to information"},"content":{"rendered":"<p><img loading=\"lazy\" decoding=\"async\" class=\"alignnone size-medium wp-image-6818\" src=\"https:\/\/www.ull.es\/servicios\/biblioteca\/wp-content\/uploads\/sites\/13\/2018\/07\/OAlogo-300x108-300x108.jpg\" alt=\"Logo Open Access\" width=\"300\" height=\"108\" \/><\/p>\n<p>Open Access is an initiative that allows immediate access\u2014without registration, subscription, or payment\u2014to digital educational, academic, scientific, or other types of material. This means that anyone can read, download, copy, distribute, print, search, or link to the full text of documents resulting from research, teaching, or artistic activity.<\/p>\n<p>The aim is to eliminate the economic, legal, and technological barriers that hinder access to intellectual production, and in return, to achieve greater accessibility to documents and greater visibility for authors, since documents that are freely available are more frequently consulted and more likely to be cited.<\/p>\n<p>Furthermore, scientific and technical knowledge and advances are distributed as widely as possible, thus returning to society the fruits of the investments made in scientific research.<\/p>\n<p>He <a href=\"https:\/\/www.horizonteeuropa.es\/\" target=\"_blank\" rel=\"noopener\">European Union Framework Programme for Research and Innovation Horizon Europe<\/a> It stipulates that recipients of European funding must ensure open access to all peer-reviewed scientific publications related to the project&#039;s results. To this end, they must guarantee, at a minimum, that the publications can be read online, downloaded, and printed. Furthermore, they must facilitate free access to the data used in the research, making it easy to locate, accessible, interoperable, and reusable.<\/p>\n<p>For its part, the <a href=\"https:\/\/www.boe.es\/buscar\/act.php?id=BOE-A-2022-14581\" target=\"_blank\" rel=\"noopener\">Law 17\/2022, of September 5, amending Law 14\/2011, of June 1, on Science, Technology and Innovation<\/a>, Article 37 states:<br \/>\n<em>2. Research staff in the public sector or whose research activity is mainly funded by public funds and who choose to disseminate their research results in scientific publications, must deposit a copy of the final version accepted for publication and the data associated with it in open access institutional or thematic repositories, simultaneously with the date of publication<\/em><\/p>\n<p>Authors have two paths to achieve Open Access:<\/p>\n<ul>\n<li>Publishing in Open Access journals (Golden Route), that is, journals that offer all their content openly.<\/li>\n<li>Publishing in journals that do not have Open Access policies, but subsequently hosting the texts in a repository (Green route)<\/li>\n<\/ul>\n<p>Open access is perfectly compatible with copyright and intellectual property, since it is the rights holder who decides and explicitly establishes what users can and cannot do with their documents. This is indicated through the use of licenses such as <a href=\"https:\/\/creativecommons.org\/licenses\/?lang=es_ES\" target=\"_blank\" rel=\"noopener noreferrer\">Creative Commons<\/a>.<\/p>\n<p>Check out these infographics on open access created by <a href=\"https:\/\/www.rebiun.org\/\" target=\"_blank\" rel=\"noopener noreferrer\">REBIUN<\/a>:<\/p>\n<ul>\n<li><a href=\"https:\/\/www.rebiun.org\/sites\/default\/files\/2017-11\/BeneficiosAccesoAbierto.pdf\" target=\"_blank\" rel=\"noopener noreferrer\">Benefits of Open Access for the University<\/a><\/li>\n<li><a href=\"http:\/\/rebiun.xercode.es\/xmlui\/bitstream\/handle\/20.500.11967\/76\/ES_IIIPE_Linea2_SubgOA_Info4_resolucionmedia_2015.jpg\" target=\"_blank\" rel=\"noopener noreferrer\">Benefits of publishing in institutional repositories<\/a><\/li>\n<li><a href=\"https:\/\/www.rebiun.org\/acceso-abierto\/ventajas-de-los-repositorios-para-la-difusion-y-la-visibilidad-de-la-investigacion\" target=\"_blank\" rel=\"noopener noreferrer\">Advantages of repositories for the dissemination and visibility of research in Social Sciences and Humanities<\/a><\/li>\n<li><a href=\"https:\/\/rebiun.org\/acceso-abierto\/versiones-de-los-articulos-cientificos-y-acceso-abierto\" target=\"_blank\" rel=\"noopener noreferrer\">Versions of scientific articles and open access<\/a><\/li>\n<li><a href=\"https:\/\/www.rebiun.org\/acceso-abierto\/como-cumplir-con-los-mandatos-de-acceso-abierto\" target=\"_blank\" rel=\"noopener noreferrer\">How to comply with open access mandates<\/a><\/li>\n<li><a href=\"https:\/\/www.rebiun.org\/sites\/default\/files\/2017-11\/2015%20Infograf%C3%ADa3%20-%20Derechos%20de%20Autor%20frente%20a%20las%20Editoriales%20Castellano_0.jpg\" target=\"_blank\" rel=\"noopener noreferrer\">Protect your copyright against publishers<\/a><\/li>\n<li><a href=\"https:\/\/www.rebiun.org\/sites\/default\/files\/2017-11\/Creative%20commonsESP.pdf\" target=\"_blank\" rel=\"noopener noreferrer\">How to use Creative Commons licenses<\/a><\/li>\n<li><a href=\"http:\/\/rebiun.xercode.es\/xmlui\/bitstream\/handle\/20.500.11967\/88\/Dominio%20p%c3%bablicoESP.pdf\" target=\"_blank\" rel=\"noopener noreferrer\">Guidelines for the use of works in the public domain in Spain and other countries<\/a><\/li>\n<li><a href=\"https:\/\/www.rebiun.org\/sites\/default\/files\/2017-11\/2016%20Infograf%C3%ADa%208%20-%20Ciencia%20Abierta%20-%20Investigaci%C3%B3n%20Accesible%20Castellano_1.jpg\" target=\"_blank\" rel=\"noopener noreferrer\">Open Science: Scientific research and data accessible and open to all citizens<\/a><\/li>\n<li><a href=\"https:\/\/libapps-eu.s3.amazonaws.com\/customers\/3992\/images\/Cumplir_con_la_gesti%C3%B3n_de_datos_en_Horizonte_2020.jpg\" target=\"_blank\" rel=\"noopener noreferrer\">How to comply with the mandates on data management and publication in Horizon 2020<\/a><\/li>\n<\/ul>\n<p>See also the\u00a0<a href=\"https:\/\/www.rebiun.org\/tutorial-multimedia\" target=\"_blank\" rel=\"noopener noreferrer\">Tutorial: &quot;Control your rights, facilitate open access&quot;\u00ab<\/a><\/p>\n<p>We also recommend consulting the <a href=\"https:\/\/uc3m.libguides.com\/reas\/inicio\" target=\"_blank\" rel=\"noopener noreferrer\">Guide to Open Educational Resources<\/a> Prepared by the Library of the Carlos III University of Madrid.<\/p>","protected":false},"excerpt":{"rendered":"<p>El Acceso Abierto (en ingl\u00e9s, Open Access) es una iniciativa que permite el acceso inmediato, sin necesidad de registro, suscripci\u00f3n o pago -es decir sin restricciones- a material digital educativo, acad\u00e9mico, cient\u00edfico o de cualquier otro tipo. Esto significa que cualquier persona puede leer, descargar, copiar, distribuir, imprimir, buscar o enlazar los textos completos de&#8230;<\/p>","protected":false},"author":37,"featured_media":0,"parent":0,"menu_order":0,"comment_status":"closed","ping_status":"closed","template":"","meta":{"_acf_changed":false,"footnotes":""},"class_list":["post-6817","page","type-page","status-publish","hentry"],"acf":[],"_links":{"self":[{"href":"https:\/\/www.ull.es\/servicios\/biblioteca\/en\/wp-json\/wp\/v2\/pages\/6817","targetHints":{"allow":["GET"]}}],"collection":[{"href":"https:\/\/www.ull.es\/servicios\/biblioteca\/en\/wp-json\/wp\/v2\/pages"}],"about":[{"href":"https:\/\/www.ull.es\/servicios\/biblioteca\/en\/wp-json\/wp\/v2\/types\/page"}],"author":[{"embeddable":true,"href":"https:\/\/www.ull.es\/servicios\/biblioteca\/en\/wp-json\/wp\/v2\/users\/37"}],"replies":[{"embeddable":true,"href":"https:\/\/www.ull.es\/servicios\/biblioteca\/en\/wp-json\/wp\/v2\/comments?post=6817"}],"version-history":[{"count":14,"href":"https:\/\/www.ull.es\/servicios\/biblioteca\/en\/wp-json\/wp\/v2\/pages\/6817\/revisions"}],"predecessor-version":[{"id":11579,"href":"https:\/\/www.ull.es\/servicios\/biblioteca\/en\/wp-json\/wp\/v2\/pages\/6817\/revisions\/11579"}],"wp:attachment":[{"href":"https:\/\/www.ull.es\/servicios\/biblioteca\/en\/wp-json\/wp\/v2\/media?parent=6817"}],"curies":[{"name":"wp","href":"https:\/\/api.w.org\/{rel}","templated":true}]}}