{"id":6820,"date":"2018-07-05T11:13:56","date_gmt":"2018-07-05T11:13:56","guid":{"rendered":"https:\/\/www.ull.es\/servicios\/biblioteca\/?page_id=6820"},"modified":"2020-11-10T12:30:37","modified_gmt":"2020-11-10T12:30:37","slug":"enlazar-documentos-del-catalogo","status":"publish","type":"page","link":"https:\/\/www.ull.es\/servicios\/biblioteca\/en\/enlazar-documentos-del-catalogo\/","title":{"rendered":"Linking catalog documents"},"content":{"rendered":"<h2 class=\"wp-block-heading\">Linking catalog documents<\/h2>\n\n\n<p>The University Library informs you that you can link to the documents that appear in the library catalog if you are interested in citing them in the virtual classroom, blog, website, etc.<\/p>\n<p>These bibliographic links to the catalog will allow you to let your students know if a document is in the library, which library has copies, the availability of each one, or if there is an electronic version.<\/p>\n<p>How to link to documents found in the library catalog:<\/p>\n<p>1.- Access the <a href=\"http:\/\/absysnet.bbtk.ull.es\/\" target=\"_blank\" rel=\"noopener noreferrer\">Catalog<\/a>&nbsp;and perform a document search.<\/p>\n<p>2. Once located, you will find a button at the end of the record with the text \u00ab Clicking on it will display a link to the document that will look similar to this: http:\/\/absysnetweb.bbtk.ull.es\/cgi-bin\/abnetopac?ACC=DOSEARCH&amp;xsqf99=319956.titn.<\/p>\n<p>3. Copy this link and paste it into your virtual classroom, blog\u2026<\/p>\n<p><b>IMPORTANT: THIS PROCEDURE IS NOT NECESSARY IN THE CASE OF BIBLIOGRAPHIC RECOMMENDATIONS IN TEACHING GUIDES, BECAUSE THESE ALREADY INCLUDE AN AUTOMATIC LINK TO THE LIBRARY CATALOG.<\/b><\/p>\n<p>If you have any questions or suggestions, you can write to us at <a href=\"mailto:nolmedoc@ull.es\" target=\"_blank\" rel=\"noopener noreferrer\">nolmedoc@ull.es<\/a> or call us on 922 31 92 98.<\/p>","protected":false},"excerpt":{"rendered":"<p>Enlazar documentos del cat\u00e1logo Desde la Biblioteca Universitaria le informamos que puede enlazar los documentos que aparecen en el cat\u00e1logo de la biblioteca, si est\u00e1 interesado en citarlos en el aula virtual, blog, p\u00e1gina web, etc. Estos enlaces bibliogr\u00e1ficos al cat\u00e1logo permitir\u00e1n que usted pueda dar a conocer a sus alumnos si un documento se&#8230;<\/p>","protected":false},"author":37,"featured_media":0,"parent":0,"menu_order":0,"comment_status":"closed","ping_status":"closed","template":"","meta":{"_acf_changed":false,"footnotes":""},"class_list":["post-6820","page","type-page","status-publish","hentry"],"acf":[],"_links":{"self":[{"href":"https:\/\/www.ull.es\/servicios\/biblioteca\/en\/wp-json\/wp\/v2\/pages\/6820","targetHints":{"allow":["GET"]}}],"collection":[{"href":"https:\/\/www.ull.es\/servicios\/biblioteca\/en\/wp-json\/wp\/v2\/pages"}],"about":[{"href":"https:\/\/www.ull.es\/servicios\/biblioteca\/en\/wp-json\/wp\/v2\/types\/page"}],"author":[{"embeddable":true,"href":"https:\/\/www.ull.es\/servicios\/biblioteca\/en\/wp-json\/wp\/v2\/users\/37"}],"replies":[{"embeddable":true,"href":"https:\/\/www.ull.es\/servicios\/biblioteca\/en\/wp-json\/wp\/v2\/comments?post=6820"}],"version-history":[{"count":4,"href":"https:\/\/www.ull.es\/servicios\/biblioteca\/en\/wp-json\/wp\/v2\/pages\/6820\/revisions"}],"predecessor-version":[{"id":8824,"href":"https:\/\/www.ull.es\/servicios\/biblioteca\/en\/wp-json\/wp\/v2\/pages\/6820\/revisions\/8824"}],"wp:attachment":[{"href":"https:\/\/www.ull.es\/servicios\/biblioteca\/en\/wp-json\/wp\/v2\/media?parent=6820"}],"curies":[{"name":"wp","href":"https:\/\/api.w.org\/{rel}","templated":true}]}}