{"id":7309,"date":"2018-09-04T08:23:26","date_gmt":"2018-09-04T08:23:26","guid":{"rendered":"https:\/\/www.ull.es\/servicios\/biblioteca\/?page_id=7309"},"modified":"2026-03-26T07:57:43","modified_gmt":"2026-03-26T07:57:43","slug":"asesoramiento-sobre-propiedad-intelectual","status":"publish","type":"page","link":"https:\/\/www.ull.es\/servicios\/biblioteca\/en\/asesoramiento-sobre-propiedad-intelectual\/","title":{"rendered":"Intellectual property advice"},"content":{"rendered":"<div class=\"wp-block-stackable-columns alignfull stk-block-columns stk-block stk-16a94b8\" data-block-id=\"16a94b8\"><style>.stk-16a94b8 {margin-bottom:75px !important;}@media screen and (max-width: 767px){.stk-16a94b8 {padding-top:0px !important;padding-right:0px !important;padding-bottom:0px !important;padding-left:0px !important;}}<\/style><div class=\"stk-row stk-inner-blocks stk-block-content stk-content-align stk-16a94b8-column alignfull\">\n<div class=\"wp-block-stackable-column stk-block-column stk-column stk-block stk-dfe9b01 stk-block-background stk--has-background-overlay\" data-v=\"4\" data-block-id=\"dfe9b01\"><style>.stk-dfe9b01 {background-image:url(https:\/\/www.ull.es\/servicios\/biblioteca\/wp-content\/uploads\/sites\/13\/2022\/01\/web-1.jpg) !important;}.stk-dfe9b01:before{background-color:#000000 !important;opacity:0.3 !important;}@media screen and (max-width: 767px){.stk-dfe9b01 {padding-top:0px !important;padding-right:0px !important;padding-bottom:0px !important;padding-left:0px !important;}.stk-dfe9b01-container{min-height:320px !important;}}<\/style><div class=\"stk-column-wrapper stk-block-column__content stk-container stk-dfe9b01-container stk--no-background stk--no-padding\"><div class=\"stk-block-content stk-inner-blocks stk-dfe9b01-inner-blocks\">\n<div class=\"wp-block-stackable-columns alignfull stk-block-columns stk-block stk-3bf239f\" data-block-id=\"3bf239f\"><style>@media screen and (max-width: 1023px){.stk-3bf239f {padding-left:0px !important;}}<\/style><div class=\"stk-row stk-inner-blocks stk-block-content stk-content-align stk-3bf239f-column alignfull\">\n<div class=\"wp-block-stackable-column stk-block-column stk-column stk-block stk-f66584c\" data-v=\"4\" data-block-id=\"f66584c\"><div class=\"stk-column-wrapper stk-block-column__content stk-container stk-f66584c-container stk--no-background stk--no-padding\"><div class=\"stk-block-content stk-inner-blocks stk-f66584c-inner-blocks\">\n<div class=\"wp-block-stackable-heading stk-block-heading stk-block-heading--v2 stk-block stk-1bb54e9\" id=\"biblioteca\" data-block-id=\"1bb54e9\"><style>.stk-1bb54e9 {padding-top:110px !important;padding-right:25px !important;padding-bottom:75px !important;padding-left:380px !important;}.stk-1bb54e9 .stk-block-heading__text{font-size:35px !important;color:#ffffff !important;font-weight:400 !important;}@media screen and (max-width: 1023px){.stk-1bb54e9 {padding-left:55px !important;}.stk-1bb54e9 .stk-block-heading__text{font-size:35px !important;}}@media screen and (max-width: 767px){.stk-1bb54e9 {padding-right:95px !important;padding-left:25px !important;}.stk-1bb54e9 .stk-block-heading__text{font-size:33px !important;}}<\/style><h2 class=\"stk-block-heading__text has-text-color has-text-align-left has-text-align-left-tablet has-text-align-left-mobile\">Library<\/h2><\/div>\n<\/div><\/div><\/div>\n<\/div><\/div>\n<\/div><\/div><\/div>\n<\/div><\/div>\n\n\n\n<div class=\"wp-block-stackable-columns alignfull stk-block-columns stk-block stk-646b6b6\" data-block-id=\"646b6b6\"><style>.stk-646b6b6 {margin-top:45px !important;}.stk-646b6b6-column{max-width:1140px !important;min-width:auto !important;margin-right:auto !important;margin-left:auto !important;--stk-column-gap:35px !important;}@media screen and (max-width: 1023px){.stk-646b6b6-column{max-width:725px !important;min-width:auto !important;margin-right:auto !important;margin-left:auto !important;}}@media screen and (max-width: 767px){.stk-646b6b6-column{max-width:375px !important;min-width:auto !important;margin-right:auto !important;margin-left:auto !important;}}<\/style><div class=\"stk-row stk-inner-blocks has-text-align-left stk-block-content stk-content-align stk-646b6b6-column alignfull\">\n<div class=\"wp-block-stackable-column stk-block-column stk-column stk-block stk-3e896f3\" data-v=\"4\" data-block-id=\"3e896f3\"><style>.stk-3e896f3-container{margin-top:0px !important;margin-right:0px !important;margin-bottom:0px !important;margin-left:0px !important;}@media screen and (min-width: 768px){.stk-3e896f3 {flex:var(--stk-flex-grow, 1) 1 calc(65% - var(--stk-column-gap, 0px) * 1 \/ 2 ) !important;}}@media screen and (max-width: 767px){.stk-3e896f3 {margin-bottom:24px !important;}}<\/style><div class=\"stk-column-wrapper stk-block-column__content stk-container stk-3e896f3-container stk--no-background stk--no-padding\"><div class=\"stk-block-content stk-inner-blocks stk-3e896f3-inner-blocks\">\n<div class=\"wp-block-stackable-heading stk-block-heading stk-block-heading--v2 stk-block stk-5209636\" id=\"asesoramiento-sobre-propiedad-intelectual\" data-block-id=\"5209636\"><style>.stk-5209636 {margin-bottom:12px !important;}.stk-5209636 .stk-block-heading__text{font-size:35px !important;color:#5c068c !important;font-weight:400 !important;}@media screen and (max-width: 1023px){.stk-5209636 .stk-block-heading__text{font-size:35px !important;}}<\/style><h2 class=\"stk-block-heading__text has-text-color\">Intellectual property advice<\/h2><\/div>\n\n\n\n<p class=\"has-16-font-size\">The University of La Laguna (ULL) is a higher education institution whose activity focuses on knowledge generation, which involves the consumption and production of vast amounts of information. Most of this information, as a result of intellectual activity, is subject to intellectual property and copyright regulations. This raises numerous questions about its management, ethical use, legal protection, and so on.<\/p>\n\n\n\n<p>To try to answer these questions, the ULL provides its users with an advisory service on this matter.<\/p>\n\n\n\n<h3 class=\"wp-block-heading\">Goals<\/h3>\n\n\n\n<ul class=\"wp-block-list\">\n<li>To provide guidance on issues arising from the management of intellectual property to all members of the university community through the different communication channels.<\/li>\n\n\n\n<li>To establish a forum for debate to discuss and establish common guidelines for action and uniform working procedures in the area of knowledge management and intellectual property.<\/li>\n\n\n\n<li>Identify the issues related to intellectual property rights that affect projects developed at the university or by members of the university community in the areas of teaching, management, and research.<\/li>\n\n\n\n<li>To support measures and policies that contribute to the proper management of information consumed and produced by all members of the institution<\/li>\n<\/ul>\n\n\n\n<h3 class=\"wp-block-heading\">Composition<\/h3>\n\n\n\n<p>The intellectual property advisory group is made up of people from different areas of the teaching and research staff (PDI) and administrative and service staff (PAS) of the ULL, with diverse profiles that contribute different points of view on the subject.<\/p>\n\n\n\n<h3 class=\"wp-block-heading\">Services offered<\/h3>\n\n\n\n<ul class=\"wp-block-list\">\n<li>Advice on intellectual property and matters related to knowledge management.<\/li>\n\n\n\n<li>Preparation of reports on intellectual property and<br>matters related to knowledge management.<\/li>\n<\/ul>\n\n\n\n<h3 class=\"wp-block-heading\">Consultations<\/h3>\n\n\n\n<p>If you have a question about intellectual property, please,&nbsp;<a href=\"https:\/\/docs.google.com\/forms\/d\/e\/1FAIpQLScPbhY11JqJa57h3Gz5I5e6xfoiRKkRscBXobKyKhK0ByorXQ\/viewform?usp=sf_link\" target=\"_blank\" rel=\"noreferrer noopener\">Please fill out this form<\/a>.<\/p>\n\n\n\n<p class=\"has-16-font-size\">We will try to respond within a maximum of five business days.<\/p>\n<\/div><\/div><\/div>\n\n\n\n<div class=\"wp-block-stackable-column stk-block-column stk-column stk-block stk-57f460e\" data-v=\"4\" data-block-id=\"57f460e\"><style>.stk-57f460e-container{margin-top:0px !important;margin-right:0px !important;margin-bottom:0px !important;margin-left:0px !important;}@media screen and (min-width: 768px){.stk-57f460e {flex:var(--stk-flex-grow, 1) 1 calc(35% - var(--stk-column-gap, 0px) * 1 \/ 2 ) !important;}}<\/style><div class=\"stk-column-wrapper stk-block-column__content stk-container stk-57f460e-container stk--no-background stk--no-padding\"><div class=\"stk-block-content stk-inner-blocks stk-57f460e-inner-blocks\">\n<div class=\"wp-block-stackable-columns stk-block-columns stk-block stk-33506ee\" data-block-id=\"33506ee\"><style>.stk-33506ee {border-style:solid !important;border-color:#eeeeee !important;border-top-width:1px !important;border-right-width:1px !important;border-bottom-width:1px !important;border-left-width:1px !important;}<\/style><div class=\"stk-row stk-inner-blocks stk-block-content stk-content-align stk-33506ee-column\">\n<div class=\"wp-block-stackable-column stk-block-column stk-column stk-block stk-f985361\" data-v=\"4\" data-block-id=\"f985361\"><style>.stk-f985361-container{margin-top:0px !important;margin-right:0px !important;margin-bottom:0px !important;margin-left:0px !important;}.stk-f985361 {padding-top:0px !important;padding-right:0px !important;padding-bottom:0px !important;padding-left:0px !important;}<\/style><div class=\"stk-column-wrapper stk-block-column__content stk-container stk-f985361-container stk--no-background stk--no-padding\"><div class=\"stk-block-content stk-inner-blocks stk-f985361-inner-blocks\">\n<ul class=\"widget-box\">\n<li class='contacto-header'>Contact information<\/li><li><i class=\"fa fa-map-marker\"><\/i> Camino La Hornera, s\/n. General and Humanities Library. P.O. Box 456. Postal Code 38200. San Crist\u00f3bal de La Laguna. Santa Cruz de Tenerife.<\/li>        <li>\n\t    <a id=\"islpronto_link\" href=\"https:\/\/www.ull.es\/servicios\/biblioteca\/en\/soporte\/stic\/Form\/Render\/3\/?token=T7fY26okpMJYqgSNcHx0kD4YFX7uu7M6MFgtRxEH\"><img decoding=\"async\" src=\"https:\/\/support.webs.ull.es\/isl\/bbtk\/islpronto-chat.jpg\" id=\"islpronto_image\" border=\"0\" \/><\/a>\n            <script src=\"\/\/soporte.stic.ull.es\/live\/islpronto\/public\/chat.js?d=bbtk&amp;lang=es\"><\/script>\n        <\/li>\n    <li><i class=\"fa fa-phone\"><\/i> (+34) 922 31 78 30<\/li><li><i class=\"fa fa-envelope\"><\/i>  <a href=\"mailto:bull@ull.es\">bull@ull.es<\/a><\/li><li><i class=\"fa fa-clock-o\"><\/i> From 8:30 a.m. to 8:30 p.m.<\/li><li><i class=\"fa fa-list-ul\"><\/i><a href=\"http:\/\/riull.ull.es\/xmlui\/bitstream\/handle\/915\/3870\/CS_biblioteca.pdf\"> Service Charter<\/a><\/li><li><i class=\"fa fa-pencil-square-o\"><\/i><a href=\"https:\/\/encuestas.ull.es\/index.php?r=survey\/index&sid=36865&lang=es\"> Satisfaction survey<\/a><\/li><li><i class=\"fa fa-archive\"><\/i><a href=\"https:\/\/sede.ull.es\/ecivilis-site\/catalog\/showProcedure\/484\"> Procedure for complaints, suggestions and compliments<\/a><\/li>\n<\/ul>\n\n\n<\/div><\/div><\/div>\n<\/div><\/div>\n<\/div><\/div><\/div>\n<\/div><\/div>","protected":false},"excerpt":{"rendered":"<p>Biblioteca Asesoramiento sobre propiedad intelectual La ULL es un centro de educaci\u00f3n superior cuya actividad se centra en la generaci\u00f3n de conocimiento, lo que implica el consumo y producci\u00f3n de ingentes cantidades de informaci\u00f3n, la mayor parte de la cual, como resultado de la actividad intelectual, est\u00e1 sujeta a la normativa de propiedad intelectual y&#8230;<\/p>","protected":false},"author":37,"featured_media":0,"parent":0,"menu_order":0,"comment_status":"closed","ping_status":"closed","template":"templates\/template-frontpage.php","meta":{"_acf_changed":false,"footnotes":""},"class_list":["post-7309","page","type-page","status-publish","hentry"],"acf":[],"_links":{"self":[{"href":"https:\/\/www.ull.es\/servicios\/biblioteca\/en\/wp-json\/wp\/v2\/pages\/7309","targetHints":{"allow":["GET"]}}],"collection":[{"href":"https:\/\/www.ull.es\/servicios\/biblioteca\/en\/wp-json\/wp\/v2\/pages"}],"about":[{"href":"https:\/\/www.ull.es\/servicios\/biblioteca\/en\/wp-json\/wp\/v2\/types\/page"}],"author":[{"embeddable":true,"href":"https:\/\/www.ull.es\/servicios\/biblioteca\/en\/wp-json\/wp\/v2\/users\/37"}],"replies":[{"embeddable":true,"href":"https:\/\/www.ull.es\/servicios\/biblioteca\/en\/wp-json\/wp\/v2\/comments?post=7309"}],"version-history":[{"count":16,"href":"https:\/\/www.ull.es\/servicios\/biblioteca\/en\/wp-json\/wp\/v2\/pages\/7309\/revisions"}],"predecessor-version":[{"id":13323,"href":"https:\/\/www.ull.es\/servicios\/biblioteca\/en\/wp-json\/wp\/v2\/pages\/7309\/revisions\/13323"}],"wp:attachment":[{"href":"https:\/\/www.ull.es\/servicios\/biblioteca\/en\/wp-json\/wp\/v2\/media?parent=7309"}],"curies":[{"name":"wp","href":"https:\/\/api.w.org\/{rel}","templated":true}]}}