{"id":11561,"date":"2024-04-29T12:47:38","date_gmt":"2024-04-29T12:47:38","guid":{"rendered":"https:\/\/www.ull.es\/servicios\/biblioteca\/?page_id=11561"},"modified":"2024-04-29T13:29:17","modified_gmt":"2024-04-29T13:29:17","slug":"fuentes-de-informacion-para-la-investigacion","status":"publish","type":"page","link":"https:\/\/www.ull.es\/servicios\/biblioteca\/fr\/fuentes-de-informacion-para-la-investigacion\/","title":{"rendered":"Sources d&#039;information pour la recherche"},"content":{"rendered":"<h1>Sources d&#039;information pour la recherche<\/h1>\n<p>L&#039;Universit\u00e9 de La Laguna offre \u00e0 ses utilisateurs l&#039;acc\u00e8s \u00e0 des bases de donn\u00e9es bibliographiques dans diff\u00e9rents domaines du savoir.<\/p>\n<p><strong>bases de donn\u00e9es multidisciplinaires<\/strong>.<\/p>\n<p>Les plus importantes sont les suivantes\u00a0:<\/p>\n<ul>\n<li><a href=\"https:\/\/www-recursoscientificos-fecyt-es.accedys2.bbtk.ull.es\/\" target=\"_blank\" rel=\"noopener\">Web of Science (WOS)<\/a>Plateforme qui rassemble les r\u00e9f\u00e9rences aux principales publications scientifiques de toutes les disciplines du savoir, scientifiques et technologiques, humanistes et sociologiques, depuis 1945, essentielles pour soutenir la recherche et reconna\u00eetre les efforts et les progr\u00e8s r\u00e9alis\u00e9s par la communaut\u00e9 scientifique et technologique.<\/li>\n<li><a href=\"http:\/\/search.ebscohost.com.accedys2.bbtk.ull.es\/login.aspx?authtype=ip,uid&amp;profile=ehost&amp;defaultdb=eoah\" target=\"_blank\" rel=\"noopener\">EBSCOHost<\/a>Elle donne acc\u00e8s au texte int\u00e9gral de 8\u00a0500 publications, dont plus de 4\u00a0600 sont \u00e9valu\u00e9es par des pairs. Elle comprend des documents en texte int\u00e9gral au format PDF remontant \u00e0 1875.<\/li>\n<li><a href=\"https:\/\/www-scopus-com.accedys2.bbtk.ull.es\/\" target=\"_blank\" rel=\"noopener\">Scopus<\/a>Une base de donn\u00e9es en m\u00e9decine, sciences, technologies et sciences sociales qui contient toute la litt\u00e9rature pertinente.<\/li>\n<li><a href=\"https:\/\/dialnet.unirioja.es\/\" target=\"_blank\" rel=\"noopener\">Dialnet<\/a>Ce portail rassemble et donne acc\u00e8s \u00e0 la production scientifique hispanique. Il contient des documents publi\u00e9s en Espagne dans toutes les langues, en espagnol dans tous les pays, ou portant sur des sujets hispaniques. On y trouve des articles de revues, des chapitres d&#039;ouvrages collectifs, des th\u00e8ses de doctorat, des livres, etc.<\/li>\n<\/ul>\n<p><strong>Bases de donn\u00e9es par zone<\/strong><\/p>\n<ul>\n<li><a href=\"https:\/\/ull-es.libguides.com\/az.php?s=127934\" target=\"_blank\" rel=\"noopener\">Arts et sciences humaines<\/a><\/li>\n<li><a href=\"https:\/\/ull-es.libguides.com\/az.php?s=127939\" target=\"_blank\" rel=\"noopener\">Biologie<\/a><\/li>\n<li><a href=\"https:\/\/ull-es.libguides.com\/az.php?s=128091\" target=\"_blank\" rel=\"noopener\">\u00celes Canaries<\/a><\/li>\n<li><a href=\"https:\/\/ull-es.libguides.com\/az.php?s=127935\" target=\"_blank\" rel=\"noopener\">Sciences<\/a><\/li>\n<li><a href=\"https:\/\/ull-es.libguides.com\/az.php?s=127936&amp;p=1\" target=\"_blank\" rel=\"noopener\">Sciences de la sant\u00e9<\/a><\/li>\n<li><a href=\"https:\/\/ull-es.libguides.com\/az.php?s=128081\" target=\"_blank\" rel=\"noopener\">Sciences politiques, sociales et de la communication<\/a><\/li>\n<li><a href=\"https:\/\/ull-es.libguides.com\/az.php?s=128078\" target=\"_blank\" rel=\"noopener\">Droit du travail et relations professionnelles<\/a><\/li>\n<li><a href=\"https:\/\/ull-es.libguides.com\/az.php?s=128093\" target=\"_blank\" rel=\"noopener\">Documentation<\/a><\/li>\n<li><a href=\"https:\/\/ull-es.libguides.com\/az.php?s=128079\" target=\"_blank\" rel=\"noopener\">\u00c9conomie, commerce et tourisme<\/a><\/li>\n<li><a href=\"https:\/\/ull-es.libguides.com\/az.php?s=127946&amp;p=1\" target=\"_blank\" rel=\"noopener\">\u00c9ducation<\/a><\/li>\n<li><a href=\"https:\/\/ull-es.libguides.com\/az.php?s=127943\" target=\"_blank\" rel=\"noopener\">Pharmacie<\/a><\/li>\n<li><a href=\"https:\/\/ull-es.libguides.com\/az.php?s=128082\" target=\"_blank\" rel=\"noopener\">Philologie<\/a><\/li>\n<li><a href=\"https:\/\/ull-es.libguides.com\/az.php?s=128077\" target=\"_blank\" rel=\"noopener\">Ing\u00e9nierie<\/a><\/li>\n<li><a href=\"https:\/\/ull-es.libguides.com\/az.php?s=127938\" target=\"_blank\" rel=\"noopener\">Math\u00e9matiques<\/a><\/li>\n<li><a href=\"https:\/\/ull-es.libguides.com\/az.php?s=128092\" target=\"_blank\" rel=\"noopener\">Brevets<\/a><\/li>\n<li><a href=\"https:\/\/ull-es.libguides.com\/az.php?s=127945\" target=\"_blank\" rel=\"noopener\">Psychologie<\/a><\/li>\n<li><a href=\"https:\/\/ull-es.libguides.com\/az.php?s=127940\" target=\"_blank\" rel=\"noopener\">Chimie<\/a><\/li>\n<\/ul>","protected":false},"excerpt":{"rendered":"<p>Sources d&#039;information pour la recherche\u00a0: L&#039;Universit\u00e9 de La Laguna offre \u00e0 ses utilisateurs l&#039;acc\u00e8s \u00e0 des bases de donn\u00e9es bibliographiques dans divers domaines du savoir. Il s&#039;agit de bases de donn\u00e9es multidisciplinaires. Parmi les plus importantes figure Web of Science (WOS), une plateforme qui compile les r\u00e9f\u00e9rences des principales publications scientifiques de toutes les disciplines.<\/p>","protected":false},"author":37,"featured_media":0,"parent":0,"menu_order":0,"comment_status":"closed","ping_status":"closed","template":"","meta":{"_acf_changed":false,"footnotes":""},"class_list":["post-11561","page","type-page","status-publish","hentry"],"acf":[],"_links":{"self":[{"href":"https:\/\/www.ull.es\/servicios\/biblioteca\/fr\/wp-json\/wp\/v2\/pages\/11561","targetHints":{"allow":["GET"]}}],"collection":[{"href":"https:\/\/www.ull.es\/servicios\/biblioteca\/fr\/wp-json\/wp\/v2\/pages"}],"about":[{"href":"https:\/\/www.ull.es\/servicios\/biblioteca\/fr\/wp-json\/wp\/v2\/types\/page"}],"author":[{"embeddable":true,"href":"https:\/\/www.ull.es\/servicios\/biblioteca\/fr\/wp-json\/wp\/v2\/users\/37"}],"replies":[{"embeddable":true,"href":"https:\/\/www.ull.es\/servicios\/biblioteca\/fr\/wp-json\/wp\/v2\/comments?post=11561"}],"version-history":[{"count":5,"href":"https:\/\/www.ull.es\/servicios\/biblioteca\/fr\/wp-json\/wp\/v2\/pages\/11561\/revisions"}],"predecessor-version":[{"id":11566,"href":"https:\/\/www.ull.es\/servicios\/biblioteca\/fr\/wp-json\/wp\/v2\/pages\/11561\/revisions\/11566"}],"wp:attachment":[{"href":"https:\/\/www.ull.es\/servicios\/biblioteca\/fr\/wp-json\/wp\/v2\/media?parent=11561"}],"curies":[{"name":"wp","href":"https:\/\/api.w.org\/{rel}","templated":true}]}}