{"id":12150,"date":"2025-07-14T10:43:00","date_gmt":"2025-07-14T10:43:00","guid":{"rendered":"https:\/\/www.ull.es\/servicios\/biblioteca\/?page_id=12150"},"modified":"2026-03-18T15:23:25","modified_gmt":"2026-03-18T15:23:25","slug":"videotutoriales","status":"publish","type":"page","link":"https:\/\/www.ull.es\/servicios\/biblioteca\/fr\/videotutoriales\/","title":{"rendered":"Tutoriels vid\u00e9o"},"content":{"rendered":"<div class=\"wp-block-stackable-columns alignfull stk-block-columns stk-block stk-16a94b8\" data-block-id=\"16a94b8\"><style>.stk-16a94b8 {margin-bottom:75px !important;}@media screen and (max-width: 767px){.stk-16a94b8 {padding-top:0px !important;padding-right:0px !important;padding-bottom:0px !important;padding-left:0px !important;}}<\/style><div class=\"stk-row stk-inner-blocks stk-block-content stk-content-align stk-16a94b8-column alignfull\">\n<div class=\"wp-block-stackable-column stk-block-column stk-column stk-block stk-dfe9b01 stk-block-background stk--has-background-overlay\" data-v=\"4\" data-block-id=\"dfe9b01\"><style>.stk-dfe9b01 {background-image:url(https:\/\/www.ull.es\/servicios\/biblioteca\/wp-content\/uploads\/sites\/13\/2022\/01\/web-1.jpg) !important;}.stk-dfe9b01:before{background-color:#000000 !important;opacity:0.3 !important;}@media screen and (max-width: 767px){.stk-dfe9b01 {padding-top:0px !important;padding-right:0px !important;padding-bottom:0px !important;padding-left:0px !important;}.stk-dfe9b01-container{min-height:320px !important;}}<\/style><div class=\"stk-column-wrapper stk-block-column__content stk-container stk-dfe9b01-container stk--no-background stk--no-padding\"><div class=\"stk-block-content stk-inner-blocks stk-dfe9b01-inner-blocks\">\n<div class=\"wp-block-stackable-columns alignfull stk-block-columns stk-block stk-3bf239f\" data-block-id=\"3bf239f\"><style>@media screen and (max-width: 1023px){.stk-3bf239f {padding-left:0px !important;}}<\/style><div class=\"stk-row stk-inner-blocks stk-block-content stk-content-align stk-3bf239f-column alignfull\">\n<div class=\"wp-block-stackable-column stk-block-column stk-column stk-block stk-f66584c\" data-v=\"4\" data-block-id=\"f66584c\"><div class=\"stk-column-wrapper stk-block-column__content stk-container stk-f66584c-container stk--no-background stk--no-padding\"><div class=\"stk-block-content stk-inner-blocks stk-f66584c-inner-blocks\">\n<div class=\"wp-block-stackable-heading stk-block-heading stk-block-heading--v2 stk-block stk-1bb54e9\" id=\"biblioteca\" data-block-id=\"1bb54e9\"><style>.stk-1bb54e9 {padding-top:110px !important;padding-right:25px !important;padding-bottom:75px !important;padding-left:380px !important;}.stk-1bb54e9 .stk-block-heading__text{font-size:35px !important;color:#ffffff !important;font-weight:400 !important;}@media screen and (max-width: 1023px){.stk-1bb54e9 {padding-left:55px !important;}.stk-1bb54e9 .stk-block-heading__text{font-size:35px !important;}}@media screen and (max-width: 767px){.stk-1bb54e9 {padding-right:95px !important;padding-left:25px !important;}.stk-1bb54e9 .stk-block-heading__text{font-size:33px !important;}}<\/style><h2 class=\"stk-block-heading__text has-text-color has-text-align-left has-text-align-left-tablet has-text-align-left-mobile\">Biblioth\u00e8que<\/h2><\/div>\n<\/div><\/div><\/div>\n<\/div><\/div>\n<\/div><\/div><\/div>\n<\/div><\/div>\n\n\n\n<div class=\"wp-block-stackable-columns alignfull stk-block-columns stk-block stk-cbe6cbc\" data-block-id=\"cbe6cbc\"><style>.stk-cbe6cbc {margin-top:45px !important;}.stk-cbe6cbc-column{max-width:1140px !important;min-width:auto !important;margin-right:auto !important;margin-left:auto !important;}@media screen and (max-width: 1023px){.stk-cbe6cbc-column{max-width:725px !important;min-width:auto !important;margin-right:auto !important;margin-left:auto !important;}}@media screen and (max-width: 767px){.stk-cbe6cbc-column{max-width:375px !important;min-width:auto !important;margin-right:auto !important;margin-left:auto !important;}}<\/style><div class=\"stk-row stk-inner-blocks stk-block-content stk-content-align stk-cbe6cbc-column alignfull\">\n<div class=\"wp-block-stackable-column stk-block-column stk-column stk-block stk-d863aeb\" data-v=\"4\" data-block-id=\"d863aeb\"><style>@media screen and (max-width: 1023px){.stk-d863aeb-inner-blocks{align-items:center !important;}}<\/style><div class=\"stk-column-wrapper stk-block-column__content stk-container stk-d863aeb-container stk--no-background stk--no-padding\"><div class=\"stk-block-content stk-inner-blocks stk-d863aeb-inner-blocks\">\n<div class=\"wp-block-stackable-text stk-block-text stk-block stk-95404bd\" data-block-id=\"95404bd\"><style>.stk-95404bd .stk-block-text__text{font-size:16px !important;}@media screen and (max-width: 1023px){.stk-95404bd .stk-block-text__text{font-size:16px !important;}}<\/style><p class=\"stk-block-text__text\">Sur cette page, vous trouverez les enregistrements des sessions sur les diff\u00e9rents services et ressources que la biblioth\u00e8que a dispens\u00e9es dans le cadre du programme Acompa\u00f1a-TIC de l&#039;unit\u00e9 d&#039;enseignement virtuel.<\/p><\/div>\n\n\n\n<div class=\"wp-block-stackable-columns stk-block-columns stk-block stk-631ee6a\" data-block-id=\"631ee6a\"><style>.stk-631ee6a-column{--stk-columns-spacing:0px !important;--stk-column-gap:50px !important;flex-wrap:wrap !important;--stk-flex-grow:0 !important;row-gap:50px !important;}@media screen and (max-width: 1023px){.stk-631ee6a .stk--block-align-631ee6a{align-items:center !important;}}<\/style><div class=\"stk-row stk-inner-blocks stk--block-align-631ee6a stk-block-content stk-content-align stk-631ee6a-column\">\n<div class=\"wp-block-stackable-column stk-block-column stk-column stk-block stk-2bb5ce3\" data-v=\"4\" data-block-id=\"2bb5ce3\"><style>@media screen and (min-width: 768px){.stk-2bb5ce3 {flex:var(--stk-flex-grow, 1) 1 calc(50% - var(--stk-column-gap, 0px) * 1 \/ 2 ) !important;}}@media screen and (max-width: 1023px){.stk-2bb5ce3-container{margin-top:0px !important;margin-right:0px !important;margin-bottom:0px !important;margin-left:0px !important;}.stk-2bb5ce3 {align-self:stretch !important;}.stk-2bb5ce3-inner-blocks{align-items:center !important;}}<\/style><div class=\"stk-column-wrapper stk-block-column__content stk-container stk-2bb5ce3-container stk--no-background stk--no-padding\"><div class=\"stk-block-content stk-inner-blocks stk-2bb5ce3-inner-blocks stk--align-last-block-to-bottom\">\n<div class=\"wp-block-stackable-heading stk-block-heading stk-block-heading--v2 stk-block stk-1579882\" id=\"punto-q-el-portal-de-busqueda-de-informacion-de-la-ull\" data-block-id=\"1579882\"><style>.stk-1579882 .stk-block-heading__text{font-size:26px !important;color:#5c068c !important;font-weight:700 !important;}@media screen and (max-width: 1023px){.stk-1579882 .stk-block-heading__text{font-size:26px !important;}}<\/style><h2 class=\"stk-block-heading__text has-text-color\">PuntoQ, le portail de recherche d&#039;informations de l&#039;ULL<\/h2><\/div>\n\n\n\n<div class=\"wp-block-stackable-columns stk-block-columns stk-block stk-9cf8003\" data-block-id=\"9cf8003\"><div class=\"stk-row stk-inner-blocks stk-block-content stk-content-align stk-9cf8003-column\">\n<div class=\"wp-block-stackable-column stk-block-column stk-column stk--hide-tablet stk--hide-mobile stk-block stk-cbdb0c3\" data-v=\"4\" data-block-id=\"cbdb0c3\"><style>.stk-cbdb0c3-container{margin-top:0px !important;margin-right:0px !important;margin-bottom:0px !important;margin-left:0px !important;}@media screen and (max-width: 1023px){.stk-cbdb0c3-container{margin-top:0px !important;margin-right:0px !important;margin-bottom:0px !important;margin-left:0px !important;}}@media screen and (max-width: 767px){.stk-cbdb0c3-container{margin-top:0px !important;margin-right:0px !important;margin-bottom:0px !important;margin-left:0px !important;}}<\/style><div class=\"stk-column-wrapper stk-block-column__content stk-container stk-cbdb0c3-container stk--no-background stk--no-padding\"><div class=\"stk-block-content stk-inner-blocks stk-cbdb0c3-inner-blocks\">\n<iframe loading=\"lazy\" width=\"560\" height=\"315\" src=\"https:\/\/www.youtube.com\/embed\/ITyDKgEGnOE?si=GNchNacY41hzTI1O\" title=\"lecteur vid\u00e9o YouTube\" frameborder=\"0\" allow=\"accelerometer; autoplay; clipboard-write; encrypted-media; gyroscope; picture-in-picture; web-share\" referrerpolicy=\"strict-origin-when-cross-origin\" allowfullscreen><\/iframe>\n<\/div><\/div><\/div>\n\n\n\n<div class=\"wp-block-stackable-column stk-block-column stk-column stk--hide-desktop stk-block stk-003b9dc\" data-v=\"4\" data-block-id=\"003b9dc\"><style>.stk-003b9dc-container{margin-top:0px !important;margin-right:0px !important;margin-bottom:0px !important;margin-left:0px !important;}@media screen and (max-width: 1023px){.stk-003b9dc-container{margin-top:0px !important;margin-right:0px !important;margin-bottom:0px !important;margin-left:0px !important;}}@media screen and (max-width: 767px){.stk-003b9dc-container{margin-top:0px !important;margin-right:0px !important;margin-bottom:0px !important;margin-left:0px !important;}}<\/style><div class=\"stk-column-wrapper stk-block-column__content stk-container stk-003b9dc-container stk--no-background stk--no-padding\"><div class=\"stk-block-content stk-inner-blocks stk-003b9dc-inner-blocks\">\n<iframe loading=\"lazy\" width=\"360\" height=\"203\" src=\"https:\/\/www.youtube.com\/embed\/ITyDKgEGnOE?si=GNchNacY41hzTI1O\" title=\"lecteur vid\u00e9o YouTube\" frameborder=\"0\" allow=\"accelerometer; autoplay; clipboard-write; encrypted-media; gyroscope; picture-in-picture; web-share\" referrerpolicy=\"strict-origin-when-cross-origin\" allowfullscreen><\/iframe>\n<\/div><\/div><\/div>\n<\/div><\/div>\n<\/div><\/div><\/div>\n\n\n\n<div class=\"wp-block-stackable-column stk-block-column stk-column stk-block stk-bdc48ca\" data-v=\"4\" data-block-id=\"bdc48ca\"><style>@media screen and (min-width: 768px){.stk-bdc48ca {flex:var(--stk-flex-grow, 1) 1 calc(50% - var(--stk-column-gap, 0px) * 1 \/ 2 ) !important;}}@media screen and (max-width: 1023px){.stk-bdc48ca-container{margin-top:0px !important;margin-right:0px !important;margin-bottom:0px !important;margin-left:0px !important;}.stk-bdc48ca {align-self:stretch !important;}.stk-bdc48ca-inner-blocks{align-items:center !important;}}<\/style><div class=\"stk-column-wrapper stk-block-column__content stk-container stk-bdc48ca-container stk--no-background stk--no-padding\"><div class=\"stk-block-content stk-inner-blocks stk-bdc48ca-inner-blocks stk--align-last-block-to-bottom\">\n<div class=\"wp-block-stackable-heading stk-block-heading stk-block-heading--v2 stk-block stk-b658f01\" id=\"maresia-prensa-digitalizada-y-patrimonio-documental-de-la-ull\" data-block-id=\"b658f01\"><style>.stk-b658f01 .stk-block-heading__text{font-size:26px !important;color:#5c068c !important;font-weight:700 !important;}@media screen and (max-width: 1023px){.stk-b658f01 .stk-block-heading__text{font-size:26px !important;}}<\/style><h2 class=\"stk-block-heading__text has-text-color\">Mares\u00eda\u00a0: Patrimoine de presse et documentaire num\u00e9ris\u00e9 de l\u2019ULL<\/h2><\/div>\n\n\n\n<div class=\"wp-block-stackable-columns stk-block-columns stk-block stk-f8355b0\" data-block-id=\"f8355b0\"><div class=\"stk-row stk-inner-blocks stk-block-content stk-content-align stk-f8355b0-column\">\n<div class=\"wp-block-stackable-column stk-block-column stk-column stk--hide-tablet stk--hide-mobile stk-block stk-45dc796\" data-v=\"4\" data-block-id=\"45dc796\"><style>.stk-45dc796-container{margin-top:0px !important;margin-right:0px !important;margin-bottom:0px !important;margin-left:0px !important;}@media screen and (max-width: 1023px){.stk-45dc796-container{margin-top:0px !important;margin-right:0px !important;margin-bottom:0px !important;margin-left:0px !important;}}<\/style><div class=\"stk-column-wrapper stk-block-column__content stk-container stk-45dc796-container stk--no-background stk--no-padding\"><div class=\"stk-block-content stk-inner-blocks stk-45dc796-inner-blocks\">\n<iframe loading=\"lazy\" width=\"560\" height=\"315\" src=\"https:\/\/www.youtube.com\/embed\/N3yuUrR4SmI?si=1kVqnURcSGwUl-bP\" title=\"lecteur vid\u00e9o YouTube\" frameborder=\"0\" allow=\"accelerometer; autoplay; clipboard-write; encrypted-media; gyroscope; picture-in-picture; web-share\" referrerpolicy=\"strict-origin-when-cross-origin\" allowfullscreen><\/iframe>\n<\/div><\/div><\/div>\n\n\n\n<div class=\"wp-block-stackable-column stk-block-column stk-column stk--hide-desktop stk-block stk-38aae54\" data-v=\"4\" data-block-id=\"38aae54\"><style>.stk-38aae54-container{margin-top:0px !important;margin-right:0px !important;margin-bottom:0px !important;margin-left:0px !important;}@media screen and (max-width: 1023px){.stk-38aae54-container{margin-top:0px !important;margin-right:0px !important;margin-bottom:0px !important;margin-left:0px !important;}}<\/style><div class=\"stk-column-wrapper stk-block-column__content stk-container stk-38aae54-container stk--no-background stk--no-padding\"><div class=\"stk-block-content stk-inner-blocks stk-38aae54-inner-blocks\">\n<iframe loading=\"lazy\" width=\"360\" height=\"203\" src=\"https:\/\/www.youtube.com\/embed\/N3yuUrR4SmI?si=1kVqnURcSGwUl-bP\" title=\"lecteur vid\u00e9o YouTube\" frameborder=\"0\" allow=\"accelerometer; autoplay; clipboard-write; encrypted-media; gyroscope; picture-in-picture; web-share\" referrerpolicy=\"strict-origin-when-cross-origin\" allowfullscreen><\/iframe>\n<\/div><\/div><\/div>\n<\/div><\/div>\n<\/div><\/div><\/div>\n\n\n\n<div class=\"wp-block-stackable-column stk-block-column stk-column stk-block stk-8fd6c44\" data-v=\"4\" data-block-id=\"8fd6c44\"><style>@media screen and (min-width: 768px){.stk-8fd6c44 {flex:var(--stk-flex-grow, 1) 1 calc(50% - var(--stk-column-gap, 0px) * 1 \/ 2 ) !important;}}@media screen and (max-width: 1023px){.stk-8fd6c44-container{margin-top:0px !important;margin-right:0px !important;margin-bottom:0px !important;margin-left:0px !important;}.stk-8fd6c44 {align-self:stretch !important;}.stk-8fd6c44-inner-blocks{align-items:center !important;}}<\/style><div class=\"stk-column-wrapper stk-block-column__content stk-container stk-8fd6c44-container stk--no-background stk--no-padding\"><div class=\"stk-block-content stk-inner-blocks stk-8fd6c44-inner-blocks stk--align-last-block-to-bottom\">\n<div class=\"wp-block-stackable-heading stk-block-heading stk-block-heading--v2 stk-block stk-0a0a9c6\" id=\"lo-que-el-portal-de-la-investigacion-puede-hacer-por-ti\" data-block-id=\"0a0a9c6\"><style>.stk-0a0a9c6 .stk-block-heading__text{font-size:26px !important;color:#5c068c !important;font-weight:700 !important;}@media screen and (max-width: 1023px){.stk-0a0a9c6 .stk-block-heading__text{font-size:26px !important;}}<\/style><h2 class=\"stk-block-heading__text has-text-color\">Ce que le portail de recherche peut faire pour vous<\/h2><\/div>\n\n\n\n<div class=\"wp-block-stackable-columns stk-block-columns stk-block stk-fde738b\" data-block-id=\"fde738b\"><div class=\"stk-row stk-inner-blocks stk-block-content stk-content-align stk-fde738b-column\">\n<div class=\"wp-block-stackable-column stk-block-column stk-column stk--hide-tablet stk--hide-mobile stk-block stk-c3f5e8c\" data-v=\"4\" data-block-id=\"c3f5e8c\"><style>.stk-c3f5e8c-container{margin-top:0px !important;margin-right:0px !important;margin-bottom:0px !important;margin-left:0px !important;}@media screen and (max-width: 1023px){.stk-c3f5e8c-container{margin-top:0px !important;margin-right:0px !important;margin-bottom:0px !important;margin-left:0px !important;}}<\/style><div class=\"stk-column-wrapper stk-block-column__content stk-container stk-c3f5e8c-container stk--no-background stk--no-padding\"><div class=\"stk-block-content stk-inner-blocks stk-c3f5e8c-inner-blocks\">\n<iframe loading=\"lazy\" width=\"560\" height=\"315\" src=\"https:\/\/www.youtube.com\/embed\/TDUDcNAPDm4?si=K0ZQ4eXaZVPx6jWK\" title=\"lecteur vid\u00e9o YouTube\" frameborder=\"0\" allow=\"accelerometer; autoplay; clipboard-write; encrypted-media; gyroscope; picture-in-picture; web-share\" referrerpolicy=\"strict-origin-when-cross-origin\" allowfullscreen><\/iframe>\n<\/div><\/div><\/div>\n\n\n\n<div class=\"wp-block-stackable-column stk-block-column stk-column stk--hide-desktop stk-block stk-b1e470f\" data-v=\"4\" data-block-id=\"b1e470f\"><style>.stk-b1e470f-container{margin-top:0px !important;margin-right:0px !important;margin-bottom:0px !important;margin-left:0px !important;}@media screen and (max-width: 1023px){.stk-b1e470f-container{margin-top:0px !important;margin-right:0px !important;margin-bottom:0px !important;margin-left:0px !important;}}<\/style><div class=\"stk-column-wrapper stk-block-column__content stk-container stk-b1e470f-container stk--no-background stk--no-padding\"><div class=\"stk-block-content stk-inner-blocks stk-b1e470f-inner-blocks\">\n<iframe loading=\"lazy\" width=\"360\" height=\"203\" src=\"https:\/\/www.youtube.com\/embed\/TDUDcNAPDm4?si=K0ZQ4eXaZVPx6jWK\" title=\"lecteur vid\u00e9o YouTube\" frameborder=\"0\" allow=\"accelerometer; autoplay; clipboard-write; encrypted-media; gyroscope; picture-in-picture; web-share\" referrerpolicy=\"strict-origin-when-cross-origin\" allowfullscreen><\/iframe>\n<\/div><\/div><\/div>\n<\/div><\/div>\n<\/div><\/div><\/div>\n\n\n\n<div class=\"wp-block-stackable-column stk-block-column stk-column stk-block stk-4047004\" data-v=\"4\" data-block-id=\"4047004\"><style>@media screen and (min-width: 768px){.stk-4047004 {flex:var(--stk-flex-grow, 1) 1 calc(50% - var(--stk-column-gap, 0px) * 1 \/ 2 ) !important;}}@media screen and (max-width: 1023px){.stk-4047004-container{margin-top:0px !important;margin-right:0px !important;margin-bottom:0px !important;margin-left:0px !important;}.stk-4047004 {align-self:stretch !important;}.stk-4047004-inner-blocks{align-items:center !important;}}<\/style><div class=\"stk-column-wrapper stk-block-column__content stk-container stk-4047004-container stk--no-background stk--no-padding\"><div class=\"stk-block-content stk-inner-blocks stk-4047004-inner-blocks stk--align-last-block-to-bottom\">\n<div class=\"wp-block-stackable-heading stk-block-heading stk-block-heading--v2 stk-block stk-ca829b3\" id=\"turnitin-informes-de-similitud-vs-anti-plagio\" data-block-id=\"ca829b3\"><style>.stk-ca829b3 .stk-block-heading__text{font-size:26px !important;color:#5c068c !important;font-weight:700 !important;}@media screen and (max-width: 1023px){.stk-ca829b3 .stk-block-heading__text{font-size:26px !important;}}<\/style><h2 class=\"stk-block-heading__text has-text-color\">Turnitin\u00a0: Rapports de similarit\u00e9 vs. Anti-plagiat<\/h2><\/div>\n\n\n\n<div class=\"wp-block-stackable-columns stk-block-columns stk-block stk-681c912\" data-block-id=\"681c912\"><div class=\"stk-row stk-inner-blocks stk-block-content stk-content-align stk-681c912-column\">\n<div class=\"wp-block-stackable-column stk-block-column stk-column stk--hide-tablet stk--hide-mobile stk-block stk-fac5761\" data-v=\"4\" id=\"turnitin-informes-de-similitud-vs-anti-plagio\" data-block-id=\"fac5761\"><style>.stk-fac5761-container{margin-top:0px !important;margin-right:0px !important;margin-bottom:0px !important;margin-left:0px !important;}@media screen and (max-width: 1023px){.stk-fac5761-container{margin-top:0px !important;margin-right:0px !important;margin-bottom:0px !important;margin-left:0px !important;}}<\/style><div class=\"stk-column-wrapper stk-block-column__content stk-container stk-fac5761-container stk--no-background stk--no-padding\"><div class=\"stk-block-content stk-inner-blocks stk-fac5761-inner-blocks\">\n<iframe loading=\"lazy\" width=\"560\" height=\"315\" src=\"https:\/\/www.youtube.com\/embed\/RNKqIZRZRBw?si=YGOYnuYyAIU0tO2d\" title=\"lecteur vid\u00e9o YouTube\" frameborder=\"0\" allow=\"accelerometer; autoplay; clipboard-write; encrypted-media; gyroscope; picture-in-picture; web-share\" referrerpolicy=\"strict-origin-when-cross-origin\" allowfullscreen><\/iframe>\n<\/div><\/div><\/div>\n\n\n\n<div class=\"wp-block-stackable-column stk-block-column stk-column stk--hide-desktop stk-block stk-4caa51a\" data-v=\"4\" id=\"turnitin-informes-de-similitud-vs-anti-plagio\" data-block-id=\"4caa51a\"><style>.stk-4caa51a-container{margin-top:0px !important;margin-right:0px !important;margin-bottom:0px !important;margin-left:0px !important;}@media screen and (max-width: 1023px){.stk-4caa51a-container{margin-top:0px !important;margin-right:0px !important;margin-bottom:0px !important;margin-left:0px !important;}}<\/style><div class=\"stk-column-wrapper stk-block-column__content stk-container stk-4caa51a-container stk--no-background stk--no-padding\"><div class=\"stk-block-content stk-inner-blocks stk-4caa51a-inner-blocks\">\n<iframe loading=\"lazy\" width=\"360\" height=\"203\" src=\"https:\/\/www.youtube.com\/embed\/RNKqIZRZRBw?si=YGOYnuYyAIU0tO2d\" title=\"lecteur vid\u00e9o YouTube\" frameborder=\"0\" allow=\"accelerometer; autoplay; clipboard-write; encrypted-media; gyroscope; picture-in-picture; web-share\" referrerpolicy=\"strict-origin-when-cross-origin\" allowfullscreen><\/iframe>\n<\/div><\/div><\/div>\n<\/div><\/div>\n<\/div><\/div><\/div>\n<\/div><\/div>\n<\/div><\/div><\/div>\n<\/div><\/div>","protected":false},"excerpt":{"rendered":"<p>Biblioth\u00e8que. Sur cette page, vous trouverez les enregistrements des sessions consacr\u00e9es aux diff\u00e9rents services et ressources propos\u00e9s par la Biblioth\u00e8que dans le cadre du programme Acompa\u00f1a-TIC de l&#039;Unit\u00e9 d&#039;enseignement virtuel. PuntoQ, le portail de recherche d&#039;informations de l&#039;ULL. Mares\u00eda\u00a0: Patrimoine de presse et documentaire num\u00e9ris\u00e9 de l&#039;ULL. Que propose le Portail de\u2026<\/p>","protected":false},"author":37,"featured_media":0,"parent":0,"menu_order":0,"comment_status":"closed","ping_status":"closed","template":"templates\/template-frontpage.php","meta":{"_acf_changed":false,"footnotes":""},"class_list":["post-12150","page","type-page","status-publish","hentry"],"acf":[],"_links":{"self":[{"href":"https:\/\/www.ull.es\/servicios\/biblioteca\/fr\/wp-json\/wp\/v2\/pages\/12150","targetHints":{"allow":["GET"]}}],"collection":[{"href":"https:\/\/www.ull.es\/servicios\/biblioteca\/fr\/wp-json\/wp\/v2\/pages"}],"about":[{"href":"https:\/\/www.ull.es\/servicios\/biblioteca\/fr\/wp-json\/wp\/v2\/types\/page"}],"author":[{"embeddable":true,"href":"https:\/\/www.ull.es\/servicios\/biblioteca\/fr\/wp-json\/wp\/v2\/users\/37"}],"replies":[{"embeddable":true,"href":"https:\/\/www.ull.es\/servicios\/biblioteca\/fr\/wp-json\/wp\/v2\/comments?post=12150"}],"version-history":[{"count":41,"href":"https:\/\/www.ull.es\/servicios\/biblioteca\/fr\/wp-json\/wp\/v2\/pages\/12150\/revisions"}],"predecessor-version":[{"id":13231,"href":"https:\/\/www.ull.es\/servicios\/biblioteca\/fr\/wp-json\/wp\/v2\/pages\/12150\/revisions\/13231"}],"wp:attachment":[{"href":"https:\/\/www.ull.es\/servicios\/biblioteca\/fr\/wp-json\/wp\/v2\/media?parent=12150"}],"curies":[{"name":"wp","href":"https:\/\/api.w.org\/{rel}","templated":true}]}}