{"id":12304,"date":"2025-11-18T13:27:14","date_gmt":"2025-11-18T13:27:14","guid":{"rendered":"https:\/\/www.ull.es\/servicios\/biblioteca\/?page_id=12304"},"modified":"2025-11-28T13:30:49","modified_gmt":"2025-11-28T13:30:49","slug":"repositorios-datos","status":"publish","type":"page","link":"https:\/\/www.ull.es\/servicios\/biblioteca\/fr\/repositorios-datos\/","title":{"rendered":"d\u00e9p\u00f4ts de donn\u00e9es de recherche"},"content":{"rendered":"<h1>d\u00e9p\u00f4ts de donn\u00e9es de recherche<\/h1>\n<p><a href=\"https:\/\/data.mendeley.com\/\" target=\"_blank\" rel=\"noopener\"><img loading=\"lazy\" decoding=\"async\" class=\"alignnone size-full wp-image-12309\" src=\"https:\/\/www.ull.es\/servicios\/biblioteca\/wp-content\/uploads\/sites\/13\/2025\/11\/mendeley-data.png\" alt=\"\" width=\"300\" height=\"76\" \/><\/a><\/p>\n<p>La recherche scientifique et les processus de communication g\u00e9n\u00e8rent un volume de donn\u00e9es toujours croissant. Les ensembles de donn\u00e9es, sous licences libres, peuvent \u00eatre partag\u00e9s de mani\u00e8re priv\u00e9e avec des coll\u00e8gues sp\u00e9cifiques ou mis \u00e0 la disposition du monde entier, permettant ainsi la r\u00e9utilisation des connaissances scientifiques et la croissance exponentielle des \u00e9tudes et des recherches. La science progresse et s&#039;\u00e9tend, et les d\u00e9couvertes sont plus rapides lorsque les donn\u00e9es sont partag\u00e9es. De plus, les organisations et les gouvernements exigent de plus en plus que les donn\u00e9es de recherche qu&#039;ils financent soient rendues publiques.<\/p>\n<p>Le portail <a href=\"https:\/\/data.mendeley.com\/\" target=\"_blank\" rel=\"noopener\">Donn\u00e9es de Mendeley<\/a> Elle a \u00e9t\u00e9 cr\u00e9\u00e9e pour aider la communaut\u00e9 scientifique \u00e0 atteindre ces objectifs\u00a0: cette plateforme est un d\u00e9p\u00f4t ouvert de donn\u00e9es de recherche, o\u00f9 il est possible de publier, de partager et de mettre ces donn\u00e9es \u00e0 la disposition de la communaut\u00e9 de recherche.<\/p>\n<p>La plateforme permet aux chercheurs de t\u00e9l\u00e9charger les donn\u00e9es brutes de leurs recherches et d&#039;obtenir un identifiant unique (DOI ou FORCE11). Cela leur permet de relier ces donn\u00e9es aux sites web des revues scientifiques, ce qui leur permet de consulter l&#039;article et l&#039;ensemble des donn\u00e9es de recherche associ\u00e9es.<\/p>\n<p>Mendeley Data est un service gratuit et les jeux de donn\u00e9es sont sous licences libres.<\/p>\n<p>Si vous poss\u00e9dez d\u00e9j\u00e0 un compte Mendeley, vous pouvez utiliser Mendeley Data sans aucune autre condition. Sinon, vous pouvez facilement en cr\u00e9er un gratuitement.<\/p>\n<p><a href=\"https:\/\/data.mendeley.com\/\" target=\"_blank\" rel=\"noopener\">Acc\u00e8s aux donn\u00e9es de Mendeley<\/a><\/p>\n<p><a href=\"https:\/\/www.ull.es\/servicios\/biblioteca\/wp-content\/uploads\/sites\/13\/2025\/11\/zonodo_logo.png\" target=\"_blank\" rel=\"noopener\"><img loading=\"lazy\" decoding=\"async\" class=\"alignnone size-full wp-image-12330\" src=\"https:\/\/www.ull.es\/servicios\/biblioteca\/wp-content\/uploads\/sites\/13\/2025\/11\/zonodo_logo.png\" alt=\"\" width=\"172\" height=\"63\" \/><\/a><\/p>\n<p>Zenodo est un d\u00e9p\u00f4t en libre acc\u00e8s \u00e0 usage g\u00e9n\u00e9ral, d\u00e9velopp\u00e9 dans le cadre du programme europ\u00e9en OpenAIRE et g\u00e9r\u00e9 par le CERN. Il permet aux chercheurs de d\u00e9poser des articles de recherche, des jeux de donn\u00e9es, des logiciels de recherche, des rapports et tout autre artefact num\u00e9rique li\u00e9 \u00e0 la recherche. Chaque d\u00e9p\u00f4t se voit attribuer un identifiant d&#039;objet num\u00e9rique (DOI) permanent, facilitant ainsi la citation des \u00e9l\u00e9ments stock\u00e9s.<\/p>\n<p>Pour t\u00e9l\u00e9charger des donn\u00e9es sur Zenodo, il vous suffit de cr\u00e9er un compte gratuit.<\/p>\n<p><a href=\"https:\/\/zenodo.org\/\" target=\"_blank\" rel=\"noopener\">Acc\u00e8s \u00e0 Zenodo<\/a><\/p>","protected":false},"excerpt":{"rendered":"<p>D\u00e9p\u00f4ts de donn\u00e9es de recherche\u00a0: La recherche et la communication scientifique g\u00e9n\u00e8rent un volume de donn\u00e9es toujours croissant. Les jeux de donn\u00e9es, sous licences libres, peuvent \u00eatre partag\u00e9s de mani\u00e8re priv\u00e9e avec des coll\u00e8gues sp\u00e9cifiques ou mis \u00e0 la disposition du monde entier, permettant ainsi la r\u00e9utilisation des connaissances scientifiques et une croissance exponentielle.<\/p>","protected":false},"author":37,"featured_media":0,"parent":0,"menu_order":0,"comment_status":"closed","ping_status":"closed","template":"","meta":{"_acf_changed":false,"footnotes":""},"class_list":["post-12304","page","type-page","status-publish","hentry"],"acf":[],"_links":{"self":[{"href":"https:\/\/www.ull.es\/servicios\/biblioteca\/fr\/wp-json\/wp\/v2\/pages\/12304","targetHints":{"allow":["GET"]}}],"collection":[{"href":"https:\/\/www.ull.es\/servicios\/biblioteca\/fr\/wp-json\/wp\/v2\/pages"}],"about":[{"href":"https:\/\/www.ull.es\/servicios\/biblioteca\/fr\/wp-json\/wp\/v2\/types\/page"}],"author":[{"embeddable":true,"href":"https:\/\/www.ull.es\/servicios\/biblioteca\/fr\/wp-json\/wp\/v2\/users\/37"}],"replies":[{"embeddable":true,"href":"https:\/\/www.ull.es\/servicios\/biblioteca\/fr\/wp-json\/wp\/v2\/comments?post=12304"}],"version-history":[{"count":8,"href":"https:\/\/www.ull.es\/servicios\/biblioteca\/fr\/wp-json\/wp\/v2\/pages\/12304\/revisions"}],"predecessor-version":[{"id":12333,"href":"https:\/\/www.ull.es\/servicios\/biblioteca\/fr\/wp-json\/wp\/v2\/pages\/12304\/revisions\/12333"}],"wp:attachment":[{"href":"https:\/\/www.ull.es\/servicios\/biblioteca\/fr\/wp-json\/wp\/v2\/media?parent=12304"}],"curies":[{"name":"wp","href":"https:\/\/api.w.org\/{rel}","templated":true}]}}