{"id":6162,"date":"2018-06-11T13:58:28","date_gmt":"2018-06-11T13:58:28","guid":{"rendered":"http:\/\/biblioteca.bigmountain.studio\/?page_id=6162"},"modified":"2026-03-27T13:38:03","modified_gmt":"2026-03-27T13:38:03","slug":"informacion-ubicacion-y-contacto","status":"publish","type":"page","link":"https:\/\/www.ull.es\/servicios\/biblioteca\/fr\/informacion-ubicacion-y-contacto\/","title":{"rendered":"Informations, localisation et contact"},"content":{"rendered":"<div class=\"wp-block-stackable-columns alignfull stk-block-columns stk-block stk-16a94b8\" data-block-id=\"16a94b8\"><style>.stk-16a94b8 {margin-bottom:75px !important;}@media screen and (max-width: 767px){.stk-16a94b8 {padding-top:0px !important;padding-right:0px !important;padding-bottom:0px !important;padding-left:0px !important;}}<\/style><div class=\"stk-row stk-inner-blocks stk-block-content stk-content-align stk-16a94b8-column alignfull\">\n<div class=\"wp-block-stackable-column stk-block-column stk-column stk-block stk-dfe9b01 stk-block-background stk--has-background-overlay\" data-v=\"4\" data-block-id=\"dfe9b01\"><style>.stk-dfe9b01 {background-image:url(https:\/\/www.ull.es\/servicios\/biblioteca\/wp-content\/uploads\/sites\/13\/2022\/01\/web-1.jpg) !important;}.stk-dfe9b01:before{background-color:#000000 !important;opacity:0.3 !important;}@media screen and (max-width: 767px){.stk-dfe9b01 {padding-top:0px !important;padding-right:0px !important;padding-bottom:0px !important;padding-left:0px !important;}.stk-dfe9b01-container{min-height:320px !important;}}<\/style><div class=\"stk-column-wrapper stk-block-column__content stk-container stk-dfe9b01-container stk--no-background stk--no-padding\"><div class=\"stk-block-content stk-inner-blocks stk-dfe9b01-inner-blocks\">\n<div class=\"wp-block-stackable-columns alignfull stk-block-columns stk-block stk-3bf239f\" data-block-id=\"3bf239f\"><style>@media screen and (max-width: 1023px){.stk-3bf239f {padding-left:0px !important;}}<\/style><div class=\"stk-row stk-inner-blocks stk-block-content stk-content-align stk-3bf239f-column alignfull\">\n<div class=\"wp-block-stackable-column stk-block-column stk-column stk-block stk-f66584c\" data-v=\"4\" data-block-id=\"f66584c\"><div class=\"stk-column-wrapper stk-block-column__content stk-container stk-f66584c-container stk--no-background stk--no-padding\"><div class=\"stk-block-content stk-inner-blocks stk-f66584c-inner-blocks\">\n<div class=\"wp-block-stackable-heading stk-block-heading stk-block-heading--v2 stk-block stk-1bb54e9\" id=\"biblioteca\" data-block-id=\"1bb54e9\"><style>.stk-1bb54e9 {padding-top:110px !important;padding-right:25px !important;padding-bottom:75px !important;padding-left:380px !important;}.stk-1bb54e9 .stk-block-heading__text{font-size:35px !important;color:#ffffff !important;font-weight:400 !important;}@media screen and (max-width: 1023px){.stk-1bb54e9 {padding-left:55px !important;}.stk-1bb54e9 .stk-block-heading__text{font-size:35px !important;}}@media screen and (max-width: 767px){.stk-1bb54e9 {padding-right:95px !important;padding-left:25px !important;}.stk-1bb54e9 .stk-block-heading__text{font-size:33px !important;}}<\/style><h2 class=\"stk-block-heading__text has-text-color has-text-align-left has-text-align-left-tablet has-text-align-left-mobile\">Biblioth\u00e8que<\/h2><\/div>\n<\/div><\/div><\/div>\n<\/div><\/div>\n<\/div><\/div><\/div>\n<\/div><\/div>\n\n\n\n<div class=\"wp-block-stackable-columns alignfull stk-block-columns stk-block stk-646b6b6\" data-block-id=\"646b6b6\"><style>.stk-646b6b6 {margin-top:45px !important;}.stk-646b6b6-column{max-width:1140px !important;min-width:auto !important;margin-right:auto !important;margin-left:auto !important;--stk-column-gap:35px !important;}@media screen and (max-width: 1023px){.stk-646b6b6-column{max-width:725px !important;min-width:auto !important;margin-right:auto !important;margin-left:auto !important;}}@media screen and (max-width: 767px){.stk-646b6b6-column{max-width:375px !important;min-width:auto !important;margin-right:auto !important;margin-left:auto !important;}}<\/style><div class=\"stk-row stk-inner-blocks has-text-align-left stk-block-content stk-content-align stk-646b6b6-column alignfull\">\n<div class=\"wp-block-stackable-column stk-block-column stk-column stk-block stk-3e896f3\" data-v=\"4\" data-block-id=\"3e896f3\"><style>.stk-3e896f3-container{margin-top:0px !important;margin-right:0px !important;margin-bottom:0px !important;margin-left:0px !important;}@media screen and (min-width: 768px){.stk-3e896f3 {flex:var(--stk-flex-grow, 1) 1 calc(65% - var(--stk-column-gap, 0px) * 1 \/ 2 ) !important;}}@media screen and (max-width: 767px){.stk-3e896f3 {margin-bottom:24px !important;}}<\/style><div class=\"stk-column-wrapper stk-block-column__content stk-container stk-3e896f3-container stk--no-background stk--no-padding\"><div class=\"stk-block-content stk-inner-blocks stk-3e896f3-inner-blocks\">\n<div class=\"wp-block-stackable-heading stk-block-heading stk-block-heading--v2 stk-block stk-5209636\" id=\"presentacion\" data-block-id=\"5209636\"><style>.stk-5209636 {margin-bottom:12px !important;}.stk-5209636 .stk-block-heading__text{font-size:35px !important;color:#5c068c !important;font-weight:400 !important;}@media screen and (max-width: 1023px){.stk-5209636 .stk-block-heading__text{font-size:35px !important;}}<\/style><h2 class=\"stk-block-heading__text has-text-color\">Pr\u00e9sentation<\/h2><\/div>\n\n\n\n<div class=\"wp-block-stackable-text stk-block-text stk-block stk-b3a6708\" id=\"presentacion\" data-block-id=\"b3a6708\"><style>.stk-b3a6708 .stk-block-text__text{font-size:16px !important;}@media screen and (max-width: 1023px){.stk-b3a6708 .stk-block-text__text{font-size:16px !important;}}<\/style><p class=\"stk-block-text__text\">La biblioth\u00e8que de l&#039;Universit\u00e9 de La Laguna est un service de soutien aux \u00e9tudes, \u00e0 l&#039;enseignement et \u00e0 la recherche. Elle met \u00e0 disposition des ressources humaines et mat\u00e9rielles organis\u00e9es pour aider les usagers \u00e0 transformer l&#039;information en savoir. Sa mission est de faciliter l&#039;acc\u00e8s aux ressources documentaires et bibliographiques et leur diffusion, contribuant ainsi \u00e0 la r\u00e9alisation des objectifs de l&#039;Universit\u00e9.<\/p><\/div>\n\n\n\n<div class=\"wp-block-stackable-heading stk-block-heading stk-block-heading--v2 stk-block stk-35530ba\" id=\"servicios-que-ofrece\" data-block-id=\"35530ba\"><style>.stk-35530ba {margin-bottom:12px !important;}.stk-35530ba .stk-block-heading__text{font-size:35px !important;color:#5c068c !important;font-weight:400 !important;}@media screen and (max-width: 1023px){.stk-35530ba .stk-block-heading__text{font-size:35px !important;}}<\/style><h2 class=\"stk-block-heading__text has-text-color\">Services offerts<\/h2><\/div>\n\n\n\n<div class=\"wp-block-stackable-icon-list stk-block-icon-list stk-block stk-a0704ed\" data-block-id=\"a0704ed\"><style>.stk-a0704ed {--stk-icon-list-icon-size:4px !important;margin-left:15px !important;}.stk-a0704ed .stk-block-icon-list-item__content{align-items:flex-start !important;}.stk-a0704ed ul .stk-block-icon-list-item__content .stk--inner-svg, .stk-a0704ed ol .stk-block-icon-list-item__content .stk-block-icon-list-item__marker{transform:translateY(12px) !important;}.stk-a0704ed ul li, .stk-a0704ed ol li, .stk-a0704ed ul li span, .stk-a0704ed ol li span{font-size:16px !important;}@media screen and (max-width: 1023px){.stk-a0704ed ul li, .stk-a0704ed ol li, .stk-a0704ed ul li span, .stk-a0704ed ol li span{font-size:16px !important;}}<\/style><svg style=\"display:none\"><defs><g id=\"stk-icon-list__icon-svg-def-a0704ed\"><svg xmlns=\"http:\/\/www.w3.org\/2000\/svg\" viewbox=\"0 0 512 512\"><path d=\"M256 512A256 256 0 1 0 256 0a256 256 0 1 0 0 512z\" \/><\/svg><\/g><\/defs><\/svg><ul class=\"stk-block-icon-list__ul stk-block-icon-list--column\">\n<li class=\"wp-block-stackable-icon-list-item stk-block-icon-list-item stk-block stk-ec46ab9\" data-block-id=\"ec46ab9\"><div class=\"stk-block-icon-list-item__content\"><span class=\"stk--svg-wrapper\"><div class=\"stk--inner-svg\"><svg aria-hidden=\"true\" width=\"32\" height=\"32\"><use xlink:href=\"#stk-icon-list__icon-svg-def-a0704ed\"><\/use><\/svg><\/div><\/span><span class=\"stk-block-icon-list-item__text\">Informations pour les utilisateurs\u00a0: r\u00e9ponses aux questions g\u00e9n\u00e9rales et sp\u00e9cialis\u00e9es concernant les fonds et les services offerts par la Biblioth\u00e8que.<\/span><\/div><\/li>\n\n\n\n<li class=\"wp-block-stackable-icon-list-item stk-block-icon-list-item stk-block stk-7acbc0d\" data-block-id=\"7acbc0d\"><div class=\"stk-block-icon-list-item__content\"><span class=\"stk--svg-wrapper\"><div class=\"stk--inner-svg\"><svg aria-hidden=\"true\" width=\"32\" height=\"32\"><use xlink:href=\"#stk-icon-list__icon-svg-def-a0704ed\"><\/use><\/svg><\/div><\/span><span class=\"stk-block-icon-list-item__text\">Ressources \u00e9lectroniques : outils et instruments de recherche, de localisation et d\u2019acc\u00e8s aux documents et ressources \u00e9lectroniques (catalogues, moteurs de m\u00e9tarecherche, bases de donn\u00e9es, presse num\u00e9rique, guides, tutoriels, etc.) et aux supports au format \u00e9lectronique (livres, magazines, presse\u2026).<\/span><\/div><\/li>\n\n\n\n<li class=\"wp-block-stackable-icon-list-item stk-block-icon-list-item stk-block stk-430c257\" data-block-id=\"430c257\"><div class=\"stk-block-icon-list-item__content\"><span class=\"stk--svg-wrapper\"><div class=\"stk--inner-svg\"><svg aria-hidden=\"true\" width=\"32\" height=\"32\"><use xlink:href=\"#stk-icon-list__icon-svg-def-a0704ed\"><\/use><\/svg><\/div><\/span><span class=\"stk-block-icon-list-item__text\">Formation : activit\u00e9s de formation sur le service, les ressources de la biblioth\u00e8que et la gestion de l&#039;information (recherche, s\u00e9lection, \u00e9valuation et utilisation).<\/span><\/div><\/li>\n\n\n\n<li class=\"wp-block-stackable-icon-list-item stk-block-icon-list-item stk-block stk-1f74d72\" data-block-id=\"1f74d72\"><div class=\"stk-block-icon-list-item__content\"><span class=\"stk--svg-wrapper\"><div class=\"stk--inner-svg\"><svg aria-hidden=\"true\" width=\"32\" height=\"32\"><use xlink:href=\"#stk-icon-list__icon-svg-def-a0704ed\"><\/use><\/svg><\/div><\/span><span class=\"stk-block-icon-list-item__text\">Consultation en salle d&#039;attente.<\/span><\/div><\/li>\n\n\n\n<li class=\"wp-block-stackable-icon-list-item stk-block-icon-list-item stk-block stk-64851c2\" data-block-id=\"64851c2\"><div class=\"stk-block-icon-list-item__content\"><span class=\"stk--svg-wrapper\"><div class=\"stk--inner-svg\"><svg aria-hidden=\"true\" width=\"32\" height=\"32\"><use xlink:href=\"#stk-icon-list__icon-svg-def-a0704ed\"><\/use><\/svg><\/div><\/span><span class=\"stk-block-icon-list-item__text\">Pr\u00eat immobilier disponible aux guichets de tous les points de service.<\/span><\/div><\/li>\n\n\n\n<li class=\"wp-block-stackable-icon-list-item stk-block-icon-list-item stk-block stk-29f4f7b\" data-block-id=\"29f4f7b\"><div class=\"stk-block-icon-list-item__content\"><span class=\"stk--svg-wrapper\"><div class=\"stk--inner-svg\"><svg aria-hidden=\"true\" width=\"32\" height=\"32\"><use xlink:href=\"#stk-icon-list__icon-svg-def-a0704ed\"><\/use><\/svg><\/div><\/span><span class=\"stk-block-icon-list-item__text\">Pr\u00eat entre biblioth\u00e8ques\u00a0: obtention de documents non disponibles \u00e0 la biblioth\u00e8que.<\/span><\/div><\/li>\n\n\n\n<li class=\"wp-block-stackable-icon-list-item stk-block-icon-list-item stk-block stk-b353d05\" data-block-id=\"b353d05\"><div class=\"stk-block-icon-list-item__content\"><span class=\"stk--svg-wrapper\"><div class=\"stk--inner-svg\"><svg aria-hidden=\"true\" width=\"32\" height=\"32\"><use xlink:href=\"#stk-icon-list__icon-svg-def-a0704ed\"><\/use><\/svg><\/div><\/span><span class=\"stk-block-icon-list-item__text\">S\u00e9lection et acquisition des ressources d&#039;information : documents imprim\u00e9s et num\u00e9riques sugg\u00e9r\u00e9s par les utilisateurs.<\/span><\/div><\/li>\n\n\n\n<li class=\"wp-block-stackable-icon-list-item stk-block-icon-list-item stk-block stk-3ab5e81\" data-block-id=\"3ab5e81\"><div class=\"stk-block-icon-list-item__content\"><span class=\"stk--svg-wrapper\"><div class=\"stk--inner-svg\"><svg aria-hidden=\"true\" width=\"32\" height=\"32\"><use xlink:href=\"#stk-icon-list__icon-svg-def-a0704ed\"><\/use><\/svg><\/div><\/span><span class=\"stk-block-icon-list-item__text\">Installations et \u00e9quipements : salles de lecture, espaces de travail en groupe, salles de conf\u00e9rence et d&#039;exposition, ordinateurs portables \u00e0 pr\u00eater, reprographie, etc.<\/span><\/div><\/li>\n\n\n\n<li class=\"wp-block-stackable-icon-list-item stk-block-icon-list-item stk-block stk-a44ecf9\" data-block-id=\"a44ecf9\"><div class=\"stk-block-icon-list-item__content\"><span class=\"stk--svg-wrapper\"><div class=\"stk--inner-svg\"><svg aria-hidden=\"true\" width=\"32\" height=\"32\"><use xlink:href=\"#stk-icon-list__icon-svg-def-a0704ed\"><\/use><\/svg><\/div><\/span><span class=\"stk-block-icon-list-item__text\">Activit\u00e9s de rayonnement de la biblioth\u00e8que\u00a0: organisation et diffusion d\u2019expositions, de visites guid\u00e9es, de conf\u00e9rences, de clubs de lecture, etc.<\/span><\/div><\/li>\n<\/ul><\/div>\n\n\n\n<div class=\"wp-block-stackable-heading stk-block-heading stk-block-heading--v2 stk-block stk-2e9b8f3\" id=\"direccion-y-administracion\" data-block-id=\"2e9b8f3\"><style>.stk-2e9b8f3 {margin-bottom:12px !important;}.stk-2e9b8f3 .stk-block-heading__text{font-size:35px !important;color:#5c068c !important;font-weight:400 !important;}@media screen and (max-width: 1023px){.stk-2e9b8f3 .stk-block-heading__text{font-size:35px !important;}}<\/style><h2 class=\"stk-block-heading__text has-text-color\">Gestion et administration<\/h2><\/div>\n\n\n\n<div class=\"wp-block-stackable-text stk-block-text stk-block stk-3f949dc\" data-block-id=\"3f949dc\"><style>.stk-3f949dc .stk-block-text__text{font-size:16px !important;line-height:1.5em !important;}@media screen and (max-width: 1023px){.stk-3f949dc .stk-block-text__text{font-size:16px !important;}}<\/style><p class=\"stk-block-text__text\"><strong>Adresse<\/strong><br><br>Soledad Jacobe Mart\u00ednez. 922 317 928,\u00a0<a href=\"mailto:sjacobem@ull.es\" target=\"_blank\" rel=\"noreferrer noopener\">sjacobem@ull.es<\/a><br><br><strong>Sous-direction des nouvelles technologies de l&#039;information et du format \u00e9lectronique<\/strong><br><br>Inmaculada Rey M\u00e9rinos. 922 317 844,\u00a0<a href=\"mailto:ireyme@ull.es\" target=\"_blank\" rel=\"noreferrer noopener\">ireyme@ull.es<\/a><br><br><strong>Direction adjointe des services, de l&#039;administration et de la qualit\u00e9<\/strong><br><br><br><strong>Section des arts et des sciences humaines<\/strong><br><br>Fatima Sainz Sainz. 922 317 840,\u00a0<a href=\"mailto:fsainz@ull.es\" target=\"_blank\" rel=\"noreferrer noopener\">fsainz@ull.es<\/a>\u00a0(Chef de section)<br><br><strong>Section Automatisation<\/strong><br><br>Joaquina Larrod\u00e9 Garc\u00eda. 922 317 452,\u00a0<a href=\"mailto:jlarrode@ull.es\" target=\"_blank\" rel=\"noreferrer noopener\">jlarrode@ull.es<\/a>\u00a0(Chef de section)<br><br>Poste vacant (Responsable de biblioth\u00e8que num\u00e9rique)<br><br><strong>Section des sciences de la sant\u00e9<\/strong><br><br>Mar\u00eda Jes\u00fas Moreno Lorenzo T\u00e9l. 922 319 298\u00a0<a href=\"mailto:mjmoreno@ull.es\" target=\"_blank\" rel=\"noreferrer noopener\">mjmoreno@ull.es<\/a>\u00a0(Chef de section)<br><br><strong>Section des sciences sociales et du droit<\/strong><br><br>Silvia Molero Avil\u00e9s. 922317144,\u00a0<a href=\"mailto:sibemol@ull.es\" target=\"_blank\" rel=\"noreferrer noopener\">sibemol@ull.es<\/a>\u00a0(Chef de section)<br><br><strong>Section Sciences et Technologies<\/strong><br><br>Delfina Galv\u00e1n Alonso. 922 318 117,\u00a0<a href=\"mailto:degalva@ull.es\" target=\"_blank\" rel=\"noreferrer noopener\">degalva@ull.es<\/a>\u00a0(Chef de section)<br><br>Josefina del Carmen Padilla Hern\u00e1ndez. 922 318 115\u00a0<a href=\"mailto:jpadilla@ull.es\" target=\"_blank\" rel=\"noreferrer noopener\">jpadilla@ull.es<\/a>\u00a0(Administratif)<br><br><strong>Section de coordination<\/strong><br><br>Jos\u00e9 Manuel Erbez Rodr\u00edguez. 922 317 625,\u00a0<a href=\"mailto:jerbez@ull.es\" target=\"_blank\" rel=\"noreferrer noopener\">jerbez@ull.es<\/a>\u00a0(Chef de section)<br><br>Margarita D\u00edaz P\u00e9rez. 922 317 829,\u00a0<a href=\"mailto:mardiper@ull.es\" target=\"_blank\" rel=\"noreferrer noopener\">mardiper@ull.es<\/a>\u00a0(Administratif)<br><br><strong>Section des fonds sp\u00e9ciaux et de la num\u00e9risation<\/strong><br><br>Dolores Carmen Garc\u00eda-Ramos M\u00e9dina. 922 317 815,\u00a0\u00a0<a href=\"mailto:dcgaram@ull.es\" target=\"_blank\" rel=\"noreferrer noopener\">dcgaram@ull.es<\/a>\u00a0(Chef de section)<br><br>Nancy Mendoza Arteaga. 922 317 827,\u00a0<a href=\"mailto:namendo@ull.es\" target=\"_blank\" rel=\"noreferrer noopener\">namendo@ull.es<\/a>\u00a0(Administratif)<br><br><strong>Bureau administratif<\/strong><br><br>Isabel de las Casas Arteaga 922 317 860\u00a0<a href=\"mailto:iscasas@ull.es\" target=\"_blank\" rel=\"noreferrer noopener\">iscasas@ull.es<\/a>\u00a0(Chef de d\u00e9partement)<br><br>Luis \u00c1lvarez Morales. 922 317 976,\u00a0<a href=\"mailto:luidalmo@ull.es\" target=\"_blank\" rel=\"noreferrer noopener\">luidalmo@ull.es<\/a>\u00a0(Collaborateur)<\/p><\/div>\n<\/div><\/div><\/div>\n\n\n\n<div class=\"wp-block-stackable-column stk-block-column stk-column stk-block stk-57f460e\" data-v=\"4\" data-block-id=\"57f460e\"><style>.stk-57f460e-container{margin-top:0px !important;margin-right:0px !important;margin-bottom:0px !important;margin-left:0px !important;}@media screen and (min-width: 768px){.stk-57f460e {flex:var(--stk-flex-grow, 1) 1 calc(35% - var(--stk-column-gap, 0px) * 1 \/ 2 ) !important;}}<\/style><div class=\"stk-column-wrapper stk-block-column__content stk-container stk-57f460e-container stk--no-background stk--no-padding\"><div class=\"stk-block-content stk-inner-blocks stk-57f460e-inner-blocks\">\n<div class=\"wp-block-stackable-button-group stk-block-button-group stk-block stk-db36400\" data-block-id=\"db36400\"><style>.stk-db36400 .stk-button-group{flex-direction:column !important;align-items:stretch !important;}.stk-db36400 .stk-block{flex-basis:auto !important;}.stk-db36400 .stk-block-button, .stk-db36400 .stk-block-icon-button{flex:1 0 0% !important;}.stk-db36400 {margin-bottom:40px !important;}<\/style><div class=\"stk-row stk-inner-blocks has-text-align-left stk-block-content stk-button-group\">\n<div class=\"wp-block-stackable-button stk-block-button has-text-align-left o-anim-hover stk-block stk-d38c9ed\" data-block-id=\"d38c9ed\"><style>.stk-d38c9ed .stk-button{background:#5c068c !important;}.stk-d38c9ed .stk-button .stk--inner-svg svg:last-child{margin-inline-start:50px !important;}.stk-d38c9ed .stk-button__inner-text{color:#ffffff !important;}<\/style><a class=\"stk-link stk-button stk--hover-effect-darken\" href=\"https:\/\/www.ull.es\/servicios\/biblioteca\/fr\/historia\/\" target=\"_blank\" rel=\"noreferrer noopener\"><span class=\"has-text-color stk-button__inner-text\">Histoire<\/span><\/a><\/div>\n\n\n\n<div class=\"wp-block-stackable-button stk-block-button has-text-align-left stk-block stk-335c579\" data-block-id=\"335c579\"><style>.stk-335c579 .stk-button{background:#5c068c !important;}.stk-335c579 .stk-button .stk--inner-svg svg:last-child{margin-inline-start:62px !important;}.stk-335c579 .stk-button__inner-text{color:#ffffff !important;}<\/style><a class=\"stk-link stk-button stk--hover-effect-darken\" href=\"https:\/\/www.ull.es\/servicios\/biblioteca\/fr\/documentacion\/\" target=\"_blank\" rel=\"noreferrer noopener\"><span class=\"has-text-color stk-button__inner-text\">Documentation<\/span><\/a><\/div>\n<\/div><\/div>\n\n\n\n<div class=\"wp-block-stackable-columns stk-block-columns stk-block stk-33506ee\" data-block-id=\"33506ee\"><style>.stk-33506ee {border-style:solid !important;border-color:#eeeeee !important;border-top-width:1px !important;border-right-width:1px !important;border-bottom-width:1px !important;border-left-width:1px !important;}<\/style><div class=\"stk-row stk-inner-blocks stk-block-content stk-content-align stk-33506ee-column\">\n<div class=\"wp-block-stackable-column stk-block-column stk-column stk-block stk-f985361\" data-v=\"4\" data-block-id=\"f985361\"><style>.stk-f985361-container{margin-top:0px !important;margin-right:0px !important;margin-bottom:0px !important;margin-left:0px !important;}.stk-f985361 {padding-top:0px !important;padding-right:0px !important;padding-bottom:0px !important;padding-left:0px !important;}<\/style><div class=\"stk-column-wrapper stk-block-column__content stk-container stk-f985361-container stk--no-background stk--no-padding\"><div class=\"stk-block-content stk-inner-blocks stk-f985361-inner-blocks\">\n<ul class=\"widget-box\">\n<li class='contacto-header'>Coordonn\u00e9es<\/li><li><i class=\"fa fa-map-marker\"><\/i> Chemin La Hornera, s\/n. Biblioth\u00e8que g\u00e9n\u00e9rale et sciences humaines. P.O. Bo\u00eete 456. Code postal 38200. San Crist\u00f3bal de La Laguna. Santa Cruz de T\u00e9n\u00e9rife.<\/li>        <li>\n\t    <a id=\"islpronto_link\" href=\"https:\/\/www.ull.es\/servicios\/biblioteca\/fr\/soporte\/stic\/Form\/Render\/3\/?token=T7fY26okpMJYqgSNcHx0kD4YFX7uu7M6MFgtRxEH\"><img decoding=\"async\" src=\"https:\/\/support.webs.ull.es\/isl\/bbtk\/islpronto-chat.jpg\" id=\"islpronto_image\" border=\"0\" \/><\/a>\n            <script src=\"\/\/soporte.stic.ull.es\/live\/islpronto\/public\/chat.js?d=bbtk&amp;lang=es\"><\/script>\n        <\/li>\n    <li><i class=\"fa fa-phone\"><\/i> (+34) 922 31 78 30<\/li><li><i class=\"fa fa-envelope\"><\/i>  <a href=\"mailto:bull@ull.es\">bull@ull.es<\/a><\/li><li><i class=\"fa fa-clock-o\"><\/i> De 8h30 \u00e0 20h30.<\/li><li><i class=\"fa fa-list-ul\"><\/i><a href=\"http:\/\/riull.ull.es\/xmlui\/bitstream\/handle\/915\/3870\/CS_biblioteca.pdf\"> Charte de service<\/a><\/li><li><i class=\"fa fa-pencil-square-o\"><\/i><a href=\"https:\/\/encuestas.ull.es\/index.php?r=survey\/index&sid=36865&lang=es\"> Enqu\u00eate de satisfaction<\/a><\/li><li><i class=\"fa fa-archive\"><\/i><a href=\"https:\/\/sede.ull.es\/ecivilis-site\/catalog\/showProcedure\/484\"> Proc\u00e9dure pour les plaintes, suggestions et compliments<\/a><\/li>\n<\/ul>\n\n\n<\/div><\/div><\/div>\n<\/div><\/div>\n<\/div><\/div><\/div>\n<\/div><\/div>","protected":false},"excerpt":{"rendered":"<p>Pr\u00e9sentation de la biblioth\u00e8que La biblioth\u00e8que de l&#039;Universit\u00e9 de La Laguna est un service qui soutient les \u00e9tudes, l&#039;enseignement et la recherche. Elle comprend un ensemble de ressources humaines et mat\u00e9rielles organis\u00e9es pour aider les usagers \u00e0 transformer l&#039;information en connaissance. Sa mission est de faciliter l&#039;acc\u00e8s\u2026<\/p>","protected":false},"author":1,"featured_media":0,"parent":0,"menu_order":0,"comment_status":"closed","ping_status":"closed","template":"templates\/template-frontpage.php","meta":{"_acf_changed":false,"footnotes":""},"class_list":["post-6162","page","type-page","status-publish","hentry"],"acf":[],"_links":{"self":[{"href":"https:\/\/www.ull.es\/servicios\/biblioteca\/fr\/wp-json\/wp\/v2\/pages\/6162","targetHints":{"allow":["GET"]}}],"collection":[{"href":"https:\/\/www.ull.es\/servicios\/biblioteca\/fr\/wp-json\/wp\/v2\/pages"}],"about":[{"href":"https:\/\/www.ull.es\/servicios\/biblioteca\/fr\/wp-json\/wp\/v2\/types\/page"}],"author":[{"embeddable":true,"href":"https:\/\/www.ull.es\/servicios\/biblioteca\/fr\/wp-json\/wp\/v2\/users\/1"}],"replies":[{"embeddable":true,"href":"https:\/\/www.ull.es\/servicios\/biblioteca\/fr\/wp-json\/wp\/v2\/comments?post=6162"}],"version-history":[{"count":72,"href":"https:\/\/www.ull.es\/servicios\/biblioteca\/fr\/wp-json\/wp\/v2\/pages\/6162\/revisions"}],"predecessor-version":[{"id":13394,"href":"https:\/\/www.ull.es\/servicios\/biblioteca\/fr\/wp-json\/wp\/v2\/pages\/6162\/revisions\/13394"}],"wp:attachment":[{"href":"https:\/\/www.ull.es\/servicios\/biblioteca\/fr\/wp-json\/wp\/v2\/media?parent=6162"}],"curies":[{"name":"wp","href":"https:\/\/api.w.org\/{rel}","templated":true}]}}