{"id":6214,"date":"2018-06-12T10:23:08","date_gmt":"2018-06-12T10:23:08","guid":{"rendered":"http:\/\/biblioteca.bigmountain.studio\/?page_id=6214"},"modified":"2026-03-18T14:52:42","modified_gmt":"2026-03-18T14:52:42","slug":"tutoriales-y-otros-catalogos","status":"publish","type":"page","link":"https:\/\/www.ull.es\/servicios\/biblioteca\/fr\/tutoriales-y-otros-catalogos\/","title":{"rendered":"Tutoriels et autres catalogues"},"content":{"rendered":"<div class=\"wp-block-stackable-columns alignfull stk-block-columns stk-block stk-16a94b8\" data-block-id=\"16a94b8\"><style>.stk-16a94b8 {margin-bottom:75px !important;}@media screen and (max-width: 767px){.stk-16a94b8 {padding-top:0px !important;padding-right:0px !important;padding-bottom:0px !important;padding-left:0px !important;}}<\/style><div class=\"stk-row stk-inner-blocks stk-block-content stk-content-align stk-16a94b8-column alignfull\">\n<div class=\"wp-block-stackable-column stk-block-column stk-column stk-block stk-dfe9b01 stk-block-background stk--has-background-overlay\" data-v=\"4\" data-block-id=\"dfe9b01\"><style>.stk-dfe9b01 {background-image:url(https:\/\/www.ull.es\/servicios\/biblioteca\/wp-content\/uploads\/sites\/13\/2022\/01\/web-1.jpg) !important;}.stk-dfe9b01:before{background-color:#000000 !important;opacity:0.3 !important;}@media screen and (max-width: 767px){.stk-dfe9b01 {padding-top:0px !important;padding-right:0px !important;padding-bottom:0px !important;padding-left:0px !important;}.stk-dfe9b01-container{min-height:320px !important;}}<\/style><div class=\"stk-column-wrapper stk-block-column__content stk-container stk-dfe9b01-container stk--no-background stk--no-padding\"><div class=\"stk-block-content stk-inner-blocks stk-dfe9b01-inner-blocks\">\n<div class=\"wp-block-stackable-columns alignfull stk-block-columns stk-block stk-3bf239f\" data-block-id=\"3bf239f\"><style>@media screen and (max-width: 1023px){.stk-3bf239f {padding-left:0px !important;}}<\/style><div class=\"stk-row stk-inner-blocks stk-block-content stk-content-align stk-3bf239f-column alignfull\">\n<div class=\"wp-block-stackable-column stk-block-column stk-column stk-block stk-f66584c\" data-v=\"4\" data-block-id=\"f66584c\"><div class=\"stk-column-wrapper stk-block-column__content stk-container stk-f66584c-container stk--no-background stk--no-padding\"><div class=\"stk-block-content stk-inner-blocks stk-f66584c-inner-blocks\">\n<div class=\"wp-block-stackable-heading stk-block-heading stk-block-heading--v2 stk-block stk-1bb54e9\" id=\"biblioteca\" data-block-id=\"1bb54e9\"><style>.stk-1bb54e9 {padding-top:110px !important;padding-right:25px !important;padding-bottom:75px !important;padding-left:380px !important;}.stk-1bb54e9 .stk-block-heading__text{font-size:35px !important;color:#ffffff !important;font-weight:400 !important;}@media screen and (max-width: 1023px){.stk-1bb54e9 {padding-left:55px !important;}.stk-1bb54e9 .stk-block-heading__text{font-size:35px !important;}}@media screen and (max-width: 767px){.stk-1bb54e9 {padding-right:95px !important;padding-left:25px !important;}.stk-1bb54e9 .stk-block-heading__text{font-size:33px !important;}}<\/style><h2 class=\"stk-block-heading__text has-text-color has-text-align-left has-text-align-left-tablet has-text-align-left-mobile\">Biblioth\u00e8que<\/h2><\/div>\n<\/div><\/div><\/div>\n<\/div><\/div>\n<\/div><\/div><\/div>\n<\/div><\/div>\n\n\n\n<div class=\"wp-block-stackable-columns alignfull stk-block-columns stk-block stk-bfa864c\" data-block-id=\"bfa864c\"><style>.stk-bfa864c-column{max-width:1140px !important;min-width:auto !important;margin-right:auto !important;margin-left:auto !important;}@media screen and (max-width: 1023px){.stk-bfa864c-column{max-width:725px !important;min-width:auto !important;margin-right:auto !important;margin-left:auto !important;}}@media screen and (max-width: 767px){.stk-bfa864c-column{max-width:375px !important;min-width:auto !important;margin-right:auto !important;margin-left:auto !important;}}<\/style><div class=\"stk-row stk-inner-blocks stk-block-content stk-content-align stk-bfa864c-column alignfull\">\n<div class=\"wp-block-stackable-column stk-block-column stk-column stk-block stk-6fb2474\" data-v=\"4\" data-block-id=\"6fb2474\"><div class=\"stk-column-wrapper stk-block-column__content stk-container stk-6fb2474-container stk--no-background stk--no-padding\"><div class=\"stk-block-content stk-inner-blocks stk-6fb2474-inner-blocks\">\n<div class=\"wp-block-stackable-heading stk-block-heading stk-block-heading--v2 stk-block stk-f6a4a96\" id=\"catalogo\" data-block-id=\"f6a4a96\"><style>.stk-f6a4a96 {margin-top:56px !important;margin-bottom:12px !important;}.stk-f6a4a96 .stk-block-heading__text{font-size:35px !important;color:#5c068c !important;font-weight:400 !important;}@media screen and (max-width: 1023px){.stk-f6a4a96 .stk-block-heading__text{font-size:35px !important;}}<\/style><h2 class=\"stk-block-heading__text has-text-color\">Catalogue<\/h2><\/div>\n\n\n\n<div class=\"wp-block-stackable-text stk-block-text stk-block stk-0a27d1c\" data-block-id=\"0a27d1c\"><style>.stk-0a27d1c {margin-bottom:12px !important;}<\/style><p class=\"stk-block-text__text\"><a href=\"https:\/\/absysnet.bbtk.ull.es\/abnetopac\/\" target=\"_blank\" rel=\"noreferrer noopener\">Acc\u00e8s au catalogue<\/a><br>Si vous souhaitez commencer \u00e0 localiser des informations dans le&nbsp;<a href=\"https:\/\/absysnet.bbtk.ull.es\/abnetopac\/\" target=\"_blank\" rel=\"noreferrer noopener\">catalogue<\/a>, Nous mettons \u00e0 votre disposition les documents suivants qui vous aideront \u00e0 effectuer des recherches plus efficaces.<\/p><\/div>\n\n\n\n<div class=\"wp-block-stackable-icon-list stk-block-icon-list stk-block stk-f92688d\" data-block-id=\"f92688d\"><style>.stk-f92688d {--stk-icon-list-icon-size:4px !important;margin-bottom:12px !important;margin-left:15px !important;}.stk-f92688d .stk-block-icon-list-item__content{align-items:flex-start !important;}.stk-f92688d ul .stk-block-icon-list-item__content .stk--inner-svg, .stk-f92688d ol .stk-block-icon-list-item__content .stk-block-icon-list-item__marker{transform:translateY(13px) !important;}<\/style><svg style=\"display:none\"><defs><g id=\"stk-icon-list__icon-svg-def-f92688d\"><svg xmlns=\"http:\/\/www.w3.org\/2000\/svg\" viewbox=\"0 0 512 512\"><path d=\"M256 512A256 256 0 1 0 256 0a256 256 0 1 0 0 512z\"\/><\/svg><\/g><\/defs><\/svg><ul class=\"stk-block-icon-list__ul stk-block-icon-list--column\">\n<li class=\"wp-block-stackable-icon-list-item stk-block-icon-list-item stk-block stk-3caf4f9\" data-block-id=\"3caf4f9\"><div class=\"stk-block-icon-list-item__content\"><span class=\"stk--svg-wrapper\"><div class=\"stk--inner-svg\"><svg aria-hidden=\"true\" width=\"32\" height=\"32\"><use xlink:href=\"#stk-icon-list__icon-svg-def-f92688d\"><\/use><\/svg><\/div><\/span><span class=\"stk-block-icon-list-item__text\"><a href=\"https:\/\/docs.google.com\/presentation\/d\/e\/2PACX-1vRulVdCY8cm-6gVnbnQ0n5eDoSQzcEL4H87utVqITQSMmlnPtZoNLaCKy3NzVbRRgtADlf65DLAFnpL\/pub?start=false&amp;loop=false&amp;delayms=3000\" target=\"_blank\" rel=\"noreferrer noopener\">Tutoriel du catalogue\u00a0: outils de base<\/a><\/span><\/div><\/li>\n\n\n\n<li class=\"wp-block-stackable-icon-list-item stk-block-icon-list-item stk-block stk-66f4c33\" data-block-id=\"66f4c33\"><div class=\"stk-block-icon-list-item__content\"><span class=\"stk--svg-wrapper\"><div class=\"stk--inner-svg\"><svg aria-hidden=\"true\" width=\"32\" height=\"32\"><use xlink:href=\"#stk-icon-list__icon-svg-def-f92688d\"><\/use><\/svg><\/div><\/span><span class=\"stk-block-icon-list-item__text\"><a href=\"https:\/\/docs.google.com\/presentation\/d\/e\/2PACX-1vS_yX_N1qfmbizrMhV8stxc7UIfuHkuo6snn2B4vitSPcU0Gyt7V2VVQQcSHuoRmKV6Hzz5Kp5QRYYf\/pub?start=false&amp;loop=false&amp;delayms=3000\" target=\"_blank\" rel=\"noreferrer noopener\">Tutoriel du catalogue\u00a0: recherche de monographies<\/a><\/span><\/div><\/li>\n\n\n\n<li class=\"wp-block-stackable-icon-list-item stk-block-icon-list-item stk-block stk-24d668f\" data-block-id=\"24d668f\"><div class=\"stk-block-icon-list-item__content\"><span class=\"stk--svg-wrapper\"><div class=\"stk--inner-svg\"><svg aria-hidden=\"true\" width=\"32\" height=\"32\"><use xlink:href=\"#stk-icon-list__icon-svg-def-f92688d\"><\/use><\/svg><\/div><\/span><span class=\"stk-block-icon-list-item__text\"><a href=\"https:\/\/docs.google.com\/presentation\/d\/e\/2PACX-1vS5OSk_klLYD6moU4g6QnLLoh8nnS8W_8PEn53s5IjWTUtklsrO5tmbWDAt7mGHUrw8dVbqrqkLfD6N\/pub?start=false&amp;loop=false&amp;delayms=3000\" target=\"_blank\" rel=\"noreferrer noopener\">Tutoriel catalogue\u00a0: recherche de magazines imprim\u00e9s<\/a><\/span><\/div><\/li>\n\n\n\n<li class=\"wp-block-stackable-icon-list-item stk-block-icon-list-item stk-block stk-e1ed537\" data-block-id=\"e1ed537\"><div class=\"stk-block-icon-list-item__content\"><span class=\"stk--svg-wrapper\"><div class=\"stk--inner-svg\"><svg aria-hidden=\"true\" width=\"32\" height=\"32\"><use xlink:href=\"#stk-icon-list__icon-svg-def-f92688d\"><\/use><\/svg><\/div><\/span><span class=\"stk-block-icon-list-item__text\"><a href=\"https:\/\/docs.google.com\/presentation\/d\/e\/2PACX-1vT6FeF3Xo_22s_S4rbSC_SbyVe2r20fpT2xo47WQPUJ62dW6OCU7KV36JAjmi5uumq9bh9XutvqJyAt\/pub?start=false&amp;loop=false&amp;delayms=3000\" target=\"_blank\" rel=\"noreferrer noopener\">Tutoriel sur le catalogue\u00a0: services personnalis\u00e9s<\/a><\/span><\/div><\/li>\n<\/ul><\/div>\n\n\n\n<div class=\"wp-block-stackable-text stk-block-text stk-block stk-ac49976\" data-block-id=\"ac49976\"><style>.stk-ac49976 {margin-bottom:11px !important;}<\/style><p class=\"stk-block-text__text\">Catalogues auxquels participe la biblioth\u00e8que de l&#039;ULL\u00a0:<\/p><\/div>\n\n\n\n<div class=\"wp-block-stackable-icon-list stk-block-icon-list stk-block stk-42d79e1\" data-block-id=\"42d79e1\"><style>.stk-42d79e1 {--stk-icon-list-icon-size:4px !important;margin-bottom:12px !important;margin-left:15px !important;}.stk-42d79e1 .stk-block-icon-list-item__content{align-items:flex-start !important;}.stk-42d79e1 ul .stk-block-icon-list-item__content .stk--inner-svg, .stk-42d79e1 ol .stk-block-icon-list-item__content .stk-block-icon-list-item__marker{transform:translateY(13px) !important;}<\/style><svg style=\"display:none\"><defs><g id=\"stk-icon-list__icon-svg-def-42d79e1\"><svg xmlns=\"http:\/\/www.w3.org\/2000\/svg\" viewbox=\"0 0 512 512\"><path d=\"M256 512A256 256 0 1 0 256 0a256 256 0 1 0 0 512z\"\/><\/svg><\/g><\/defs><\/svg><ul class=\"stk-block-icon-list__ul stk-block-icon-list--column\">\n<li class=\"wp-block-stackable-icon-list-item stk-block-icon-list-item stk-block stk-86d74e4\" data-block-id=\"86d74e4\"><div class=\"stk-block-icon-list-item__content\"><span class=\"stk--svg-wrapper\"><div class=\"stk--inner-svg\"><svg aria-hidden=\"true\" width=\"32\" height=\"32\"><use xlink:href=\"#stk-icon-list__icon-svg-def-42d79e1\"><\/use><\/svg><\/div><\/span><span class=\"stk-block-icon-list-item__text\"><a href=\"https:\/\/rebiun.baratz.es\/rebiun\/\" target=\"_blank\" rel=\"noreferrer noopener\">REBIUN<\/a><\/span><\/div><\/li>\n\n\n\n<li class=\"wp-block-stackable-icon-list-item stk-block-icon-list-item stk-block stk-cb5111d\" data-block-id=\"cb5111d\"><div class=\"stk-block-icon-list-item__content\"><span class=\"stk--svg-wrapper\"><div class=\"stk--inner-svg\"><svg aria-hidden=\"true\" width=\"32\" height=\"32\"><use xlink:href=\"#stk-icon-list__icon-svg-def-42d79e1\"><\/use><\/svg><\/div><\/span><span class=\"stk-block-icon-list-item__text\"><a href=\"http:\/\/ccpb_opac.mcu.es\/cgi-brs\/CCPB\/abnetopac\/O9137\/ID4d06708c\/NT1?ACC=101\" target=\"_blank\" rel=\"noreferrer noopener\">Patrimoine bibliographique<\/a><\/span><\/div><\/li>\n<\/ul><\/div>\n\n\n\n<div class=\"wp-block-stackable-text stk-block-text stk-block stk-6291059\" data-block-id=\"6291059\"><style>.stk-6291059 {margin-bottom:13px !important;}<\/style><p class=\"stk-block-text__text\">Autres catalogues\u00a0:<\/p><\/div>\n\n\n\n<div class=\"wp-block-stackable-icon-list stk-block-icon-list stk-block stk-e6f7e96\" data-block-id=\"e6f7e96\"><style>.stk-e6f7e96 {--stk-icon-list-icon-size:4px !important;margin-left:15px !important;}.stk-e6f7e96 .stk-block-icon-list-item__content{align-items:flex-start !important;}.stk-e6f7e96 ul .stk-block-icon-list-item__content .stk--inner-svg, .stk-e6f7e96 ol .stk-block-icon-list-item__content .stk-block-icon-list-item__marker{transform:translateY(13px) !important;}<\/style><svg style=\"display:none\"><defs><g id=\"stk-icon-list__icon-svg-def-e6f7e96\"><svg xmlns=\"http:\/\/www.w3.org\/2000\/svg\" viewbox=\"0 0 512 512\"><path d=\"M256 512A256 256 0 1 0 256 0a256 256 0 1 0 0 512z\"\/><\/svg><\/g><\/defs><\/svg><ul class=\"stk-block-icon-list__ul stk-block-icon-list--column\">\n<li class=\"wp-block-stackable-icon-list-item stk-block-icon-list-item stk-block stk-e46ab85\" data-block-id=\"e46ab85\"><div class=\"stk-block-icon-list-item__content\"><span class=\"stk--svg-wrapper\"><div class=\"stk--inner-svg\"><svg aria-hidden=\"true\" width=\"32\" height=\"32\"><use xlink:href=\"#stk-icon-list__icon-svg-def-e6f7e96\"><\/use><\/svg><\/div><\/span><span class=\"stk-block-icon-list-item__text\"><a href=\"https:\/\/www.bne.es\/es\/catalogos\" target=\"_blank\" rel=\"noreferrer noopener\">Catalogues de la Biblioth\u00e8que nationale d&#039;Espagne<\/a><\/span><\/div><\/li>\n\n\n\n<li class=\"wp-block-stackable-icon-list-item stk-block-icon-list-item stk-block stk-0899556\" data-block-id=\"0899556\"><div class=\"stk-block-icon-list-item__content\"><span class=\"stk--svg-wrapper\"><div class=\"stk--inner-svg\"><svg aria-hidden=\"true\" width=\"32\" height=\"32\"><use xlink:href=\"#stk-icon-list__icon-svg-def-e6f7e96\"><\/use><\/svg><\/div><\/span><span class=\"stk-block-icon-list-item__text\"><a href=\"https:\/\/www.bibliotecadecanarias.org\/red-bica\" target=\"_blank\" rel=\"noreferrer noopener\">R\u00e9seau des biblioth\u00e8ques des \u00eeles Canaries<\/a><\/span><\/div><\/li>\n<\/ul><\/div>\n<\/div><\/div><\/div>\n<\/div><\/div>","protected":false},"excerpt":{"rendered":"<p>Acc\u00e8s au catalogue de la biblioth\u00e8que\u00a0: Si vous souhaitez commencer \u00e0 rechercher des informations dans le catalogue, nous mettons \u00e0 votre disposition les ressources suivantes pour vous aider \u00e0 effectuer des recherches plus efficaces. Catalogues auxquels participe la biblioth\u00e8que de l\u2019ULL\u00a0: Autres catalogues\u00a0:<\/p>","protected":false},"author":1,"featured_media":0,"parent":0,"menu_order":0,"comment_status":"closed","ping_status":"closed","template":"templates\/template-frontpage.php","meta":{"_acf_changed":false,"footnotes":""},"class_list":["post-6214","page","type-page","status-publish","hentry"],"acf":[],"_links":{"self":[{"href":"https:\/\/www.ull.es\/servicios\/biblioteca\/fr\/wp-json\/wp\/v2\/pages\/6214","targetHints":{"allow":["GET"]}}],"collection":[{"href":"https:\/\/www.ull.es\/servicios\/biblioteca\/fr\/wp-json\/wp\/v2\/pages"}],"about":[{"href":"https:\/\/www.ull.es\/servicios\/biblioteca\/fr\/wp-json\/wp\/v2\/types\/page"}],"author":[{"embeddable":true,"href":"https:\/\/www.ull.es\/servicios\/biblioteca\/fr\/wp-json\/wp\/v2\/users\/1"}],"replies":[{"embeddable":true,"href":"https:\/\/www.ull.es\/servicios\/biblioteca\/fr\/wp-json\/wp\/v2\/comments?post=6214"}],"version-history":[{"count":21,"href":"https:\/\/www.ull.es\/servicios\/biblioteca\/fr\/wp-json\/wp\/v2\/pages\/6214\/revisions"}],"predecessor-version":[{"id":13215,"href":"https:\/\/www.ull.es\/servicios\/biblioteca\/fr\/wp-json\/wp\/v2\/pages\/6214\/revisions\/13215"}],"wp:attachment":[{"href":"https:\/\/www.ull.es\/servicios\/biblioteca\/fr\/wp-json\/wp\/v2\/media?parent=6214"}],"curies":[{"name":"wp","href":"https:\/\/api.w.org\/{rel}","templated":true}]}}