{"id":6809,"date":"2018-07-05T11:04:24","date_gmt":"2018-07-05T11:04:24","guid":{"rendered":"https:\/\/www.ull.es\/servicios\/biblioteca\/?page_id=6809"},"modified":"2018-07-05T11:53:11","modified_gmt":"2018-07-05T11:53:11","slug":"prestamo-para-el-pdi","status":"publish","type":"page","link":"https:\/\/www.ull.es\/servicios\/biblioteca\/fr\/prestamo-para-el-pdi\/","title":{"rendered":"Pr\u00eat pour le personnel enseignant et de recherche"},"content":{"rendered":"<p>Le nombre d&#039;ouvrages que le personnel enseignant et de recherche peut emprunter et la dur\u00e9e pendant laquelle il peut les conserver sont les suivants\u00a0:<\/p>\n<table>\n<tbody>\n<tr>\n<td><strong>TYPE DE COPIE<\/strong><\/td>\n<td style=\"text-align: center\"><strong>NOMBRE MAXIMUM D&#039;EXEMPLAIRES<\/strong><\/td>\n<td style=\"text-align: center\"><strong>NOMBRE MAXIMUM DE JOURS<\/strong><\/td>\n<\/tr>\n<tr>\n<td>Pr\u00eat \u00e9tranger<\/td>\n<td style=\"text-align: center\">30<\/td>\n<td style=\"text-align: center\">180<\/td>\n<\/tr>\n<tr>\n<td>Utilisation privil\u00e9gi\u00e9e par les \u00e9tudiants<\/td>\n<td style=\"text-align: center\">3<\/td>\n<td style=\"text-align: center\">15<\/td>\n<\/tr>\n<tr>\n<td>Livres fr\u00e9quemment utilis\u00e9s<\/td>\n<td style=\"text-align: center\">3<\/td>\n<td style=\"text-align: center\">3<\/td>\n<\/tr>\n<\/tbody>\n<\/table>\n<p><a href=\"https:\/\/www.ull.es\/servicios\/biblioteca\/fr\/servicios\/prestamo-domiciliario\/\" target=\"_blank\" rel=\"noopener\">Plus d&#039;informations sur les pr\u00eats immobiliers<\/a><\/p>","protected":false},"excerpt":{"rendered":"<p>El n\u00famero de obras que pueden retirar en pr\u00e9stamo el personal docente e investigador y el tiempo por el que pueden tenerlas son los siguientes: TIPO DE EJEMPLAR N\u00ba M\u00c1XIMO DE EJEMPLARES N\u00ba M\u00c1XIMO DE D\u00cdAS Pr\u00e9stamo exterior 30 180 Uso preferente alumnos 3 15 Libros de uso frecuente 3 3 M\u00e1s informaci\u00f3n sobre el&#8230;<\/p>","protected":false},"author":37,"featured_media":0,"parent":0,"menu_order":0,"comment_status":"closed","ping_status":"closed","template":"","meta":{"_acf_changed":false,"footnotes":""},"class_list":["post-6809","page","type-page","status-publish","hentry"],"acf":[],"_links":{"self":[{"href":"https:\/\/www.ull.es\/servicios\/biblioteca\/fr\/wp-json\/wp\/v2\/pages\/6809","targetHints":{"allow":["GET"]}}],"collection":[{"href":"https:\/\/www.ull.es\/servicios\/biblioteca\/fr\/wp-json\/wp\/v2\/pages"}],"about":[{"href":"https:\/\/www.ull.es\/servicios\/biblioteca\/fr\/wp-json\/wp\/v2\/types\/page"}],"author":[{"embeddable":true,"href":"https:\/\/www.ull.es\/servicios\/biblioteca\/fr\/wp-json\/wp\/v2\/users\/37"}],"replies":[{"embeddable":true,"href":"https:\/\/www.ull.es\/servicios\/biblioteca\/fr\/wp-json\/wp\/v2\/comments?post=6809"}],"version-history":[{"count":2,"href":"https:\/\/www.ull.es\/servicios\/biblioteca\/fr\/wp-json\/wp\/v2\/pages\/6809\/revisions"}],"predecessor-version":[{"id":6860,"href":"https:\/\/www.ull.es\/servicios\/biblioteca\/fr\/wp-json\/wp\/v2\/pages\/6809\/revisions\/6860"}],"wp:attachment":[{"href":"https:\/\/www.ull.es\/servicios\/biblioteca\/fr\/wp-json\/wp\/v2\/media?parent=6809"}],"curies":[{"name":"wp","href":"https:\/\/api.w.org\/{rel}","templated":true}]}}