{"id":6815,"date":"2018-07-05T11:08:13","date_gmt":"2018-07-05T11:08:13","guid":{"rendered":"https:\/\/www.ull.es\/servicios\/biblioteca\/?page_id=6815"},"modified":"2022-11-22T14:28:28","modified_gmt":"2022-11-22T14:28:28","slug":"propiedad-intelectual-y-nuevas-tecnologias","status":"publish","type":"page","link":"https:\/\/www.ull.es\/servicios\/biblioteca\/fr\/propiedad-intelectual-y-nuevas-tecnologias\/","title":{"rendered":"Propri\u00e9t\u00e9 intellectuelle et nouvelles technologies"},"content":{"rendered":"<p>&nbsp;<\/p>\n<p>L&#039;\u00e9mergence des nouvelles technologies dans la soci\u00e9t\u00e9 de l&#039;information et du savoir a r\u00e9volutionn\u00e9 la cr\u00e9ation, la diffusion, l&#039;acc\u00e8s et le partage des contenus. Les r\u00e9glementations en mati\u00e8re de propri\u00e9t\u00e9 intellectuelle applicables aux environnements analogiques ont d\u00fb s&#039;adapter au nouveau paysage num\u00e9rique.<\/p>\n<h2>Quels aspects num\u00e9riques sont express\u00e9ment couverts par la l\u00e9gislation sur la propri\u00e9t\u00e9 intellectuelle\u00a0?<\/h2>\n<p>Les plus importantes pourraient \u00eatre : la num\u00e9risation en tant qu&#039;acte de reproduction, la compensation des copies priv\u00e9es par le biais de la \u201c taxe num\u00e9rique \u201d, la mise \u00e0 disposition de contenus au public via Internet ou les intranets en tant qu&#039;acte de communication publique, et les mesures technologiques et les syst\u00e8mes de gestion des droits num\u00e9riques (DRMS).<\/p>\n<h2>Qu\u2019est-ce que la num\u00e9risation et qu\u2019est-ce qui peut \u00eatre num\u00e9ris\u00e9\u00a0?<\/h2>\n<p>La num\u00e9risation est le processus de conversion d&#039;un contenu en une s\u00e9rie de bits et de leur stockage sur des supports \u00e9lectroniques physiques (CD-ROM, DVD, cl\u00e9s USB, etc.) ou immat\u00e9riels (m\u00e9moire d&#039;ordinateur). La num\u00e9risation de documents imprim\u00e9s en est un exemple.<\/p>\n<p>La num\u00e9risation entra\u00eene la cr\u00e9ation d&#039;une nouvelle copie du contenu et constitue donc un acte de reproduction au sens du droit de la propri\u00e9t\u00e9 intellectuelle, ce qui signifie qu&#039;il s&#039;agit d&#039;un acte d&#039;exploitation qui appartient exclusivement \u00e0 son propri\u00e9taire et ne peut \u00eatre effectu\u00e9 par d&#039;autres personnes sans l&#039;autorisation l\u00e9gale ou expresse de ce dernier.<\/p>\n<h2>Qu\u2019est-ce qui permet de num\u00e9riser la loi sans avoir \u00e0 demander l\u2019autorisation aux d\u00e9tenteurs de droits d\u2019auteur\u00a0?<\/h2>\n<p>L\u2019exception l\u00e9gale en faveur des biblioth\u00e8ques, des mus\u00e9es et des archives permet \u00e0 ces institutions de r\u00e9aliser des reproductions (analogiques ou num\u00e9riques) \u00e0 but non lucratif et \u00e0 des fins de recherche ou de conservation.<\/p>\n<p>L\u2019exception l\u00e9gale relative \u00e0 la copie \u00e0 usage priv\u00e9 permet \u00e0 l\u2019utilisateur de reproduire l\u2019\u0153uvre, \u00e0 condition toutefois que l\u2019acc\u00e8s \u00e0 celle-ci soit l\u00e9gal et que la copie ne soit pas utilis\u00e9e collectivement ou \u00e0 des fins lucratives.<\/p>\n<h2>Qu&#039;est-ce que la taxe num\u00e9rique\u00a0?<\/h2>\n<p>Techniquement, il s&#039;agit d&#039;une compensation pour la copie priv\u00e9e, autoris\u00e9e par la loi pour un usage personnel. Cette copie est consid\u00e9r\u00e9e comme entra\u00eenant un pr\u00e9judice \u00e9conomique pour le titulaire des droits d&#039;auteur. En contrepartie, une taxe est instaur\u00e9e sur les \u00e9quipements, appareils et supports permettant la reproduction. Cette compensation existe dans notre l\u00e9gislation depuis 1987. La nouveaut\u00e9 r\u00e9side dans son extension au domaine num\u00e9rique.<\/p>\n<h2>Si une copie num\u00e9rique est r\u00e9alis\u00e9e et envoy\u00e9e par courriel, cela constitue-t-il une violation de droits ?<\/h2>\n<p>L&#039;envoi par courriel de contenu prot\u00e9g\u00e9 par le droit d&#039;auteur \u00e0 plusieurs destinataires peut \u00eatre consid\u00e9r\u00e9 comme une \u201c\u00a0mise \u00e0 disposition du public\u00a0\u201d au sens juridique du terme et requiert l&#039;autorisation du titulaire des droits. Si le contenu est envoy\u00e9 individuellement et que la copie num\u00e9rique a \u00e9t\u00e9 r\u00e9alis\u00e9e l\u00e9galement, il peut s&#039;agir d&#039;une extension ou d&#039;une diffusion de la reproduction, ce qui ne constitue pas un nouvel acte d&#039;exploitation et est donc \u00e9galement licite.<\/p>\n<h2>Le contenu peut-il \u00eatre h\u00e9berg\u00e9 librement sur Internet\u00a0?<\/h2>\n<p>Pas toujours. Uniquement si la personne qui met en ligne le contenu en est le titulaire des droits ou y est autoris\u00e9e. Dans le cas contraire, le droit d&#039;auteur doit \u00eatre respect\u00e9.<\/p>\n<p>Le t\u00e9l\u00e9chargement de contenu prot\u00e9g\u00e9 sur un serveur connect\u00e9 \u00e0 un r\u00e9seau de diffusion ouvert constitue un acte d\u2019exploitation des droits de propri\u00e9t\u00e9 intellectuelle ; plus pr\u00e9cis\u00e9ment, il s\u2019agit d\u2019un cas de \u201c mise \u00e0 disposition interactive \u201d envisag\u00e9e par la loi comme un acte de communication publique (l\u2019un des quatre droits d\u2019exploitation fondamentaux qui appartiennent exclusivement \u00e0 son titulaire).<\/p>\n<h2>Quel type de contenu peut \u00eatre h\u00e9berg\u00e9 dans une salle de classe virtuelle\u00a0?<\/h2>\n<p>Une salle de classe virtuelle n&#039;est g\u00e9n\u00e9ralement pas un r\u00e9seau public ouvert, mais plut\u00f4t un r\u00e9seau \u00e0 acc\u00e8s restreint ou un intranet. Cependant, le contenu qui y est t\u00e9l\u00e9charg\u00e9 constitue une diffusion interactive et, par cons\u00e9quent, une \u201c\u00a0communication publique\u00a0\u201d au sens juridique du terme. En cons\u00e9quence, et sans pr\u00e9judice des exceptions l\u00e9gales, son utilisation requiert l&#039;autorisation du propri\u00e9taire.<\/p>\n<p>Les ressources p\u00e9dagogiques que les enseignants mettent \u00e0 la disposition des \u00e9l\u00e8ves dans leur classe virtuelle sont soumises au droit d&#039;auteur, au m\u00eame titre que tout autre contenu relevant de la propri\u00e9t\u00e9 intellectuelle.<\/p>\n<h2>Le contenu accessible sur Internet peut-il \u00eatre utilis\u00e9 librement\u00a0?<\/h2>\n<p>La simple consultation de contenus sur Internet ne constitue g\u00e9n\u00e9ralement pas une violation des droits de propri\u00e9t\u00e9 intellectuelle. Cependant, toute utilisation ult\u00e9rieure de ces contenus, m\u00eame librement accessibles, doit respecter les conditions du titulaire des droits. Si le contenu est prot\u00e9g\u00e9 par le symbole du droit d&#039;auteur \u00a9 accompagn\u00e9 de la mention \u201c\u00a0Tous droits r\u00e9serv\u00e9s\u00a0\u201d, son utilisation est soumise aux conditions pr\u00e9vues par la loi.<\/p>\n<p>Toutefois, les contenus assortis de licences d&#039;utilisation plus permissives, dites libres ou ouvertes, sont de plus en plus fr\u00e9quents. Dans ces cas, les souhaits du titulaire des droits concernant les utilisations autoris\u00e9es et les conditions \u00e9tablies doivent \u00eatre respect\u00e9s.<\/p>\n<p>Les licences Creative Commons en sont un exemple.<\/p>\n<h2>Comment la protection des mesures technologiques affecte-t-elle les droits de propri\u00e9t\u00e9 intellectuelle\u00a0?<\/h2>\n<p>La r\u00e9glementation relative aux mesures techniques de protection vise \u00e0 garantir au titulaire des droits la ma\u00eetrise des droits d&#039;exploitation de son \u0153uvre. Elle s&#039;applique aussi bien aux dispositifs techniques qu&#039;aux m\u00e9canismes de gestion des droits. La loi pr\u00e9voit des poursuites judiciaires contre toute atteinte ou contournement de ces mesures.<\/p>\n<p>DRMS signifie Syst\u00e8mes de gestion des droits d&#039;auteur num\u00e9riques.<\/p>\n<h2>Existe-t-il des restrictions d&#039;utilisation concernant les ressources \u00e9lectroniques auxquelles la biblioth\u00e8que est abonn\u00e9e\u00a0?<\/h2>\n<p>Les ressources \u00e9lectroniques (revues, bases de donn\u00e9es, livres num\u00e9riques) accessibles aux membres de l&#039;ULL via le site web de la biblioth\u00e8que sont soumises \u00e0 un contrat priv\u00e9 avec l&#039;\u00e9diteur ou le fournisseur. Ces licences contiennent des conditions d&#039;utilisation obligatoires pour tous les utilisateurs. Par exemple, elles peuvent interdire le t\u00e9l\u00e9chargement massif de donn\u00e9es ou d&#039;enregistrements. Veuillez consulter les politiques d&#039;utilisation des \u00e9diteurs, g\u00e9n\u00e9ralement disponibles sur leurs sites web, et pour toute question, n&#039;h\u00e9sitez pas \u00e0 contacter le personnel sp\u00e9cialis\u00e9 de la biblioth\u00e8que.<\/p>\n<h2>Existe-t-il des restrictions concernant le contenu pouvant \u00eatre fourni aux sites web personnels\u00a0?<\/h2>\n<p>Les sites web personnels sont des plateformes d&#039;acc\u00e8s \u00e0 du contenu num\u00e9rique et sont trait\u00e9s de la m\u00eame mani\u00e8re que tout site web public. Du point de vue de la propri\u00e9t\u00e9 intellectuelle, les r\u00e8gles g\u00e9n\u00e9rales de protection et d&#039;exclusivit\u00e9 s&#039;appliquent.<\/p>\n<p>Dans ce contexte, la question se pose souvent de savoir ce que le propri\u00e9taire d&#039;un site web personnel peut et ne peut pas faire des r\u00e9sultats de ses recherches, notamment s&#039;ils ont d\u00e9j\u00e0 \u00e9t\u00e9 publi\u00e9s sous forme d&#039;articles dans une revue. La r\u00e9ponse d\u00e9pend de l&#039;accord sign\u00e9 avec l&#039;\u00e9diteur, des droits c\u00e9d\u00e9s et des droits r\u00e9serv\u00e9s.<\/p>\n<p>En cas de doute, vous pouvez consulter le site web de <a href=\"http:\/\/www.sherpa.ac.uk\/romeo.php\" target=\"_blank\" rel=\"noopener\">SHERPA\/RoMEO<\/a>, o\u00f9 est expliqu\u00e9e la politique de droits d&#039;auteur des principaux \u00e9diteurs de magazines \u00e9trangers.<\/p>\n<h2>Dans le cas des \u0153uvres publi\u00e9es, est-il possible de les rendre \u00e9galement publiques dans une archive num\u00e9rique institutionnelle\u00a0?<\/h2>\n<p>Cela d\u00e9pend \u00e9galement du contrat de droit d&#039;auteur sign\u00e9 avec l&#039;\u00e9diteur. Un nombre croissant d&#039;\u00e9diteurs scientifiques autorisent le d\u00e9p\u00f4t des travaux dans une archive institutionnelle, m\u00eame s&#039;ils peuvent imposer des p\u00e9riodes d&#039;embargo et\/ou des versions autoris\u00e9es. En cas de doute, consultez le site web de l&#039;\u00e9diteur. <a href=\"http:\/\/www.sherpa.ac.uk\/romeo.php\" target=\"_blank\" rel=\"noopener\">SHERPA\/RoMEO<\/a>.<\/p>\n<p>Pour les publications non scientifiques et les \u00e9diteurs espagnols, en l&#039;absence de contrat, la gestion des autorisations implique n\u00e9cessairement, pour le moment, un contact direct avec l&#039;\u00e9diteur concern\u00e9.<\/p>\n<p>Voir aussi le tutoriel : \u00ab<a href=\"https:\/\/www.youtube.com\/watch?v=IzIIQkmdQ24\" target=\"_blank\" rel=\"noopener\">Contr\u00f4lez vos droits, facilitez l&#039;acc\u00e8s libre<\/a>\u00bb<\/p>\n<hr \/>\n<p>Contenu adapt\u00e9 de <a href=\"http:\/\/www.uc3m.es\/portal\/page\/portal\/biblioteca\/aprende_usar\/preguntas_propiedad_derechos_autor\/propiedad_intelectual_y_nuevas_tecnologias\" target=\"_blank\" rel=\"noopener\">Immobilier et nouvelles technologies<\/a>, Universit\u00e9 Carlos III de Madrid<\/p>","protected":false},"excerpt":{"rendered":"<p>&nbsp; La irrupci\u00f3n de las nuevas tecnolog\u00edas en la sociedad de la informaci\u00f3n y del conocimiento ha revolucionado los modos y maneras de crear y difundir contenidos, y de acceder a ellos y compartirlos. Las normas reguladoras de la propiedad intelectual aplicables a entornos anal\u00f3gicos se han visto obligadas a adaptarse a los nuevos entornos&#8230;<\/p>","protected":false},"author":37,"featured_media":0,"parent":0,"menu_order":0,"comment_status":"closed","ping_status":"closed","template":"","meta":{"_acf_changed":false,"footnotes":""},"class_list":["post-6815","page","type-page","status-publish","hentry"],"acf":[],"_links":{"self":[{"href":"https:\/\/www.ull.es\/servicios\/biblioteca\/fr\/wp-json\/wp\/v2\/pages\/6815","targetHints":{"allow":["GET"]}}],"collection":[{"href":"https:\/\/www.ull.es\/servicios\/biblioteca\/fr\/wp-json\/wp\/v2\/pages"}],"about":[{"href":"https:\/\/www.ull.es\/servicios\/biblioteca\/fr\/wp-json\/wp\/v2\/types\/page"}],"author":[{"embeddable":true,"href":"https:\/\/www.ull.es\/servicios\/biblioteca\/fr\/wp-json\/wp\/v2\/users\/37"}],"replies":[{"embeddable":true,"href":"https:\/\/www.ull.es\/servicios\/biblioteca\/fr\/wp-json\/wp\/v2\/comments?post=6815"}],"version-history":[{"count":7,"href":"https:\/\/www.ull.es\/servicios\/biblioteca\/fr\/wp-json\/wp\/v2\/pages\/6815\/revisions"}],"predecessor-version":[{"id":10366,"href":"https:\/\/www.ull.es\/servicios\/biblioteca\/fr\/wp-json\/wp\/v2\/pages\/6815\/revisions\/10366"}],"wp:attachment":[{"href":"https:\/\/www.ull.es\/servicios\/biblioteca\/fr\/wp-json\/wp\/v2\/media?parent=6815"}],"curies":[{"name":"wp","href":"https:\/\/api.w.org\/{rel}","templated":true}]}}