{"id":6817,"date":"2018-07-05T11:13:04","date_gmt":"2018-07-05T11:13:04","guid":{"rendered":"https:\/\/www.ull.es\/servicios\/biblioteca\/?page_id=6817"},"modified":"2024-05-09T13:30:31","modified_gmt":"2024-05-09T13:30:31","slug":"el-acceso-abierto-a-la-informacion","status":"publish","type":"page","link":"https:\/\/www.ull.es\/servicios\/biblioteca\/fr\/el-acceso-abierto-a-la-informacion\/","title":{"rendered":"libre acc\u00e8s \u00e0 l&#039;information"},"content":{"rendered":"<p><img loading=\"lazy\" decoding=\"async\" class=\"alignnone size-medium wp-image-6818\" src=\"https:\/\/www.ull.es\/servicios\/biblioteca\/wp-content\/uploads\/sites\/13\/2018\/07\/OAlogo-300x108-300x108.jpg\" alt=\"Logo Open Access\" width=\"300\" height=\"108\" \/><\/p>\n<p>L&#039;acc\u00e8s ouvert est une initiative qui permet un acc\u00e8s imm\u00e9diat \u2013 sans inscription, abonnement ni paiement \u2013 \u00e0 des ressources num\u00e9riques \u00e9ducatives, universitaires, scientifiques ou autres. Cela signifie que toute personne peut lire, t\u00e9l\u00e9charger, copier, diffuser, imprimer, rechercher ou cr\u00e9er un lien vers le texte int\u00e9gral de documents issus de la recherche, de l&#039;enseignement ou d&#039;activit\u00e9s artistiques.<\/p>\n<p>L\u2019objectif est d\u2019\u00e9liminer les barri\u00e8res \u00e9conomiques, juridiques et technologiques qui entravent l\u2019acc\u00e8s \u00e0 la production intellectuelle et, par cons\u00e9quent, d\u2019assurer une plus grande accessibilit\u00e9 aux documents et une plus grande visibilit\u00e9 aux auteurs, puisque les documents librement accessibles sont plus fr\u00e9quemment consult\u00e9s et plus susceptibles d\u2019\u00eatre cit\u00e9s.<\/p>\n<p>De plus, les connaissances et les progr\u00e8s scientifiques et techniques sont diffus\u00e9s aussi largement que possible, permettant ainsi \u00e0 la soci\u00e9t\u00e9 de b\u00e9n\u00e9ficier des fruits des investissements r\u00e9alis\u00e9s dans la recherche scientifique.<\/p>\n<p>Il <a href=\"https:\/\/www.horizonteeuropa.es\/\" target=\"_blank\" rel=\"noopener\">Programme-cadre de l&#039;Union europ\u00e9enne pour la recherche et l&#039;innovation Horizon Europe<\/a> Il est stipul\u00e9 que les b\u00e9n\u00e9ficiaires de financements europ\u00e9ens doivent garantir le libre acc\u00e8s \u00e0 toutes les publications scientifiques \u00e9valu\u00e9es par les pairs et relatives aux r\u00e9sultats du projet. \u00c0 cette fin, ils doivent garantir, au minimum, que les publications soient consultables en ligne, t\u00e9l\u00e9chargeables et imprimables. De plus, ils doivent faciliter l&#039;acc\u00e8s libre aux donn\u00e9es utilis\u00e9es dans la recherche, en veillant \u00e0 ce qu&#039;elles soient faciles \u00e0 localiser, accessibles, interop\u00e9rables et r\u00e9utilisables.<\/p>\n<p>Pour sa part, le <a href=\"https:\/\/www.boe.es\/buscar\/act.php?id=BOE-A-2022-14581\" target=\"_blank\" rel=\"noopener\">Loi 17\/2022 du 5 septembre modifiant la loi 14\/2011 du 1er juin relative \u00e0 la science, \u00e0 la technologie et \u00e0 l&#039;innovation<\/a>, L&#039;article 37 stipule\u00a0:<br \/>\n<em>2. Les chercheurs du secteur public ou dont l&#039;activit\u00e9 de recherche est principalement financ\u00e9e par des fonds publics et qui choisissent de diffuser leurs r\u00e9sultats de recherche dans des publications scientifiques doivent d\u00e9poser, simultan\u00e9ment \u00e0 la date de publication, une copie de la version finale accept\u00e9e pour publication et les donn\u00e9es associ\u00e9es dans des archives institutionnelles ou th\u00e9matiques en libre acc\u00e8s.<\/em><\/p>\n<p>Les auteurs ont deux voies pour parvenir \u00e0 l&#039;acc\u00e8s libre\u00a0:<\/p>\n<ul>\n<li>Publier dans des revues en libre acc\u00e8s (voie dor\u00e9e), c\u2019est-\u00e0-dire des revues qui proposent l\u2019int\u00e9gralit\u00e9 de leur contenu en acc\u00e8s libre.<\/li>\n<li>Publier dans des revues qui n&#039;ont pas de politique d&#039;acc\u00e8s libre, mais h\u00e9berger ensuite les textes dans un d\u00e9p\u00f4t (voie verte)<\/li>\n<\/ul>\n<p>L&#039;acc\u00e8s ouvert est parfaitement compatible avec le droit d&#039;auteur et la propri\u00e9t\u00e9 intellectuelle, puisque c&#039;est le titulaire des droits qui d\u00e9cide et \u00e9tablit explicitement ce que les utilisateurs peuvent et ne peuvent pas faire de ses documents. Ceci est indiqu\u00e9 par l&#039;utilisation de licences telles que\u2026 <a href=\"https:\/\/creativecommons.org\/licenses\/?lang=es_ES\" target=\"_blank\" rel=\"noopener noreferrer\">Creative Commons<\/a>.<\/p>\n<p>D\u00e9couvrez ces infographies sur l&#039;acc\u00e8s ouvert cr\u00e9\u00e9es par <a href=\"https:\/\/www.rebiun.org\/\" target=\"_blank\" rel=\"noopener noreferrer\">REBIUN<\/a>:<\/p>\n<ul>\n<li><a href=\"https:\/\/www.rebiun.org\/sites\/default\/files\/2017-11\/BeneficiosAccesoAbierto.pdf\" target=\"_blank\" rel=\"noopener noreferrer\">Avantages de l&#039;acc\u00e8s ouvert pour l&#039;universit\u00e9<\/a><\/li>\n<li><a href=\"http:\/\/rebiun.xercode.es\/xmlui\/bitstream\/handle\/20.500.11967\/76\/ES_IIIPE_Linea2_SubgOA_Info4_resolucionmedia_2015.jpg\" target=\"_blank\" rel=\"noopener noreferrer\">Avantages de la publication dans les archives institutionnelles<\/a><\/li>\n<li><a href=\"https:\/\/www.rebiun.org\/acceso-abierto\/ventajas-de-los-repositorios-para-la-difusion-y-la-visibilidad-de-la-investigacion\" target=\"_blank\" rel=\"noopener noreferrer\">Avantages des archives ouvertes pour la diffusion et la visibilit\u00e9 de la recherche en sciences sociales et humaines<\/a><\/li>\n<li><a href=\"https:\/\/rebiun.org\/acceso-abierto\/versiones-de-los-articulos-cientificos-y-acceso-abierto\" target=\"_blank\" rel=\"noopener noreferrer\">Versions d&#039;articles scientifiques et acc\u00e8s libre<\/a><\/li>\n<li><a href=\"https:\/\/www.rebiun.org\/acceso-abierto\/como-cumplir-con-los-mandatos-de-acceso-abierto\" target=\"_blank\" rel=\"noopener noreferrer\">Comment se conformer aux exigences d&#039;acc\u00e8s ouvert<\/a><\/li>\n<li><a href=\"https:\/\/www.rebiun.org\/sites\/default\/files\/2017-11\/2015%20Infograf%C3%ADa3%20-%20Derechos%20de%20Autor%20frente%20a%20las%20Editoriales%20Castellano_0.jpg\" target=\"_blank\" rel=\"noopener noreferrer\">Prot\u00e9gez vos droits d&#039;auteur contre les \u00e9diteurs<\/a><\/li>\n<li><a href=\"https:\/\/www.rebiun.org\/sites\/default\/files\/2017-11\/Creative%20commonsESP.pdf\" target=\"_blank\" rel=\"noopener noreferrer\">Comment utiliser les licences Creative Commons<\/a><\/li>\n<li><a href=\"http:\/\/rebiun.xercode.es\/xmlui\/bitstream\/handle\/20.500.11967\/88\/Dominio%20p%c3%bablicoESP.pdf\" target=\"_blank\" rel=\"noopener noreferrer\">Lignes directrices pour l&#039;utilisation des \u0153uvres du domaine public en Espagne et dans d&#039;autres pays<\/a><\/li>\n<li><a href=\"https:\/\/www.rebiun.org\/sites\/default\/files\/2017-11\/2016%20Infograf%C3%ADa%208%20-%20Ciencia%20Abierta%20-%20Investigaci%C3%B3n%20Accesible%20Castellano_1.jpg\" target=\"_blank\" rel=\"noopener noreferrer\">Science ouverte : La recherche scientifique et les donn\u00e9es accessibles et ouvertes \u00e0 tous les citoyens<\/a><\/li>\n<li><a href=\"https:\/\/libapps-eu.s3.amazonaws.com\/customers\/3992\/images\/Cumplir_con_la_gesti%C3%B3n_de_datos_en_Horizonte_2020.jpg\" target=\"_blank\" rel=\"noopener noreferrer\">Comment se conformer aux exigences en mati\u00e8re de gestion et de publication des donn\u00e9es dans le cadre d&#039;Horizon 2020<\/a><\/li>\n<\/ul>\n<p>Voir aussi le\u00a0<a href=\"https:\/\/www.rebiun.org\/tutorial-multimedia\" target=\"_blank\" rel=\"noopener noreferrer\">Tutoriel : \u00ab Ma\u00eetrisez vos droits, facilitez l&#039;acc\u00e8s libre \u00bb<\/a><\/p>\n<p>Nous recommandons \u00e9galement de consulter le <a href=\"https:\/\/uc3m.libguides.com\/reas\/inicio\" target=\"_blank\" rel=\"noopener noreferrer\">Guide des ressources \u00e9ducatives libres<\/a> Pr\u00e9par\u00e9 par la Biblioth\u00e8que de l&#039;Universit\u00e9 Carlos III de Madrid.<\/p>","protected":false},"excerpt":{"rendered":"<p>El Acceso Abierto (en ingl\u00e9s, Open Access) es una iniciativa que permite el acceso inmediato, sin necesidad de registro, suscripci\u00f3n o pago -es decir sin restricciones- a material digital educativo, acad\u00e9mico, cient\u00edfico o de cualquier otro tipo. Esto significa que cualquier persona puede leer, descargar, copiar, distribuir, imprimir, buscar o enlazar los textos completos de&#8230;<\/p>","protected":false},"author":37,"featured_media":0,"parent":0,"menu_order":0,"comment_status":"closed","ping_status":"closed","template":"","meta":{"_acf_changed":false,"footnotes":""},"class_list":["post-6817","page","type-page","status-publish","hentry"],"acf":[],"_links":{"self":[{"href":"https:\/\/www.ull.es\/servicios\/biblioteca\/fr\/wp-json\/wp\/v2\/pages\/6817","targetHints":{"allow":["GET"]}}],"collection":[{"href":"https:\/\/www.ull.es\/servicios\/biblioteca\/fr\/wp-json\/wp\/v2\/pages"}],"about":[{"href":"https:\/\/www.ull.es\/servicios\/biblioteca\/fr\/wp-json\/wp\/v2\/types\/page"}],"author":[{"embeddable":true,"href":"https:\/\/www.ull.es\/servicios\/biblioteca\/fr\/wp-json\/wp\/v2\/users\/37"}],"replies":[{"embeddable":true,"href":"https:\/\/www.ull.es\/servicios\/biblioteca\/fr\/wp-json\/wp\/v2\/comments?post=6817"}],"version-history":[{"count":14,"href":"https:\/\/www.ull.es\/servicios\/biblioteca\/fr\/wp-json\/wp\/v2\/pages\/6817\/revisions"}],"predecessor-version":[{"id":11579,"href":"https:\/\/www.ull.es\/servicios\/biblioteca\/fr\/wp-json\/wp\/v2\/pages\/6817\/revisions\/11579"}],"wp:attachment":[{"href":"https:\/\/www.ull.es\/servicios\/biblioteca\/fr\/wp-json\/wp\/v2\/media?parent=6817"}],"curies":[{"name":"wp","href":"https:\/\/api.w.org\/{rel}","templated":true}]}}