{"id":6820,"date":"2018-07-05T11:13:56","date_gmt":"2018-07-05T11:13:56","guid":{"rendered":"https:\/\/www.ull.es\/servicios\/biblioteca\/?page_id=6820"},"modified":"2020-11-10T12:30:37","modified_gmt":"2020-11-10T12:30:37","slug":"enlazar-documentos-del-catalogo","status":"publish","type":"page","link":"https:\/\/www.ull.es\/servicios\/biblioteca\/fr\/enlazar-documentos-del-catalogo\/","title":{"rendered":"Liens vers les documents du catalogue"},"content":{"rendered":"<h2 class=\"wp-block-heading\">Liens vers les documents du catalogue<\/h2>\n\n\n<p>La biblioth\u00e8que universitaire vous informe que vous pouvez cr\u00e9er un lien vers les documents figurant dans le catalogue de la biblioth\u00e8que si vous souhaitez les citer dans une salle de classe virtuelle, un blog, un site web, etc.<\/p>\n<p>Ces liens bibliographiques vers le catalogue vous permettront d&#039;informer vos \u00e9tudiants si un document se trouve \u00e0 la biblioth\u00e8que, quelle biblioth\u00e8que en poss\u00e8de des exemplaires, la disponibilit\u00e9 de chaque exemplaire ou s&#039;il existe une version \u00e9lectronique.<\/p>\n<p>Comment cr\u00e9er un lien vers des documents trouv\u00e9s dans le catalogue de la biblioth\u00e8que\u00a0:<\/p>\n<p>1. Acc\u00e9dez \u00e0 <a href=\"http:\/\/absysnet.bbtk.ull.es\/\" target=\"_blank\" rel=\"noopener noreferrer\">Catalogue<\/a>&nbsp;et effectuer une recherche documentaire.<\/p>\n<p>2. Une fois localis\u00e9, vous trouverez un bouton \u00e0 la fin de l&#039;enregistrement avec le texte \u00ab Cliquer dessus affichera un lien vers le document qui ressemblera \u00e0 ceci\u00a0: http:\/\/absysnetweb.bbtk.ull.es\/cgi-bin\/abnetopac?ACC=DOSEARCH&amp;xsqf99=319956.titn.<\/p>\n<p>3. Copiez ce lien et collez-le dans votre salle de classe virtuelle, votre blog\u2026<\/p>\n<p><b>IMPORTANT : CETTE PROC\u00c9DURE N&#039;EST PAS N\u00c9CESSAIRE DANS LE CAS DES RECOMMANDATIONS BIBLIOGRAPHIQUES DANS LES GUIDES P\u00c9DAGOGIQUES, CAR CELLES-CI COMPRENNENT D\u00c9J\u00c0 UN LIEN AUTOMATIQUE VERS LE CATALOGUE DE LA BIBLIOTH\u00c8QUE.<\/b><\/p>\n<p>Si vous avez des questions ou des suggestions, vous pouvez nous \u00e9crire \u00e0 <a href=\"mailto:nolmedoc@ull.es\" target=\"_blank\" rel=\"noopener noreferrer\">nolmedoc@ull.es<\/a> ou appelez-nous au 922 31 92 98.<\/p>","protected":false},"excerpt":{"rendered":"<p>Enlazar documentos del cat\u00e1logo Desde la Biblioteca Universitaria le informamos que puede enlazar los documentos que aparecen en el cat\u00e1logo de la biblioteca, si est\u00e1 interesado en citarlos en el aula virtual, blog, p\u00e1gina web, etc. Estos enlaces bibliogr\u00e1ficos al cat\u00e1logo permitir\u00e1n que usted pueda dar a conocer a sus alumnos si un documento se&#8230;<\/p>","protected":false},"author":37,"featured_media":0,"parent":0,"menu_order":0,"comment_status":"closed","ping_status":"closed","template":"","meta":{"_acf_changed":false,"footnotes":""},"class_list":["post-6820","page","type-page","status-publish","hentry"],"acf":[],"_links":{"self":[{"href":"https:\/\/www.ull.es\/servicios\/biblioteca\/fr\/wp-json\/wp\/v2\/pages\/6820","targetHints":{"allow":["GET"]}}],"collection":[{"href":"https:\/\/www.ull.es\/servicios\/biblioteca\/fr\/wp-json\/wp\/v2\/pages"}],"about":[{"href":"https:\/\/www.ull.es\/servicios\/biblioteca\/fr\/wp-json\/wp\/v2\/types\/page"}],"author":[{"embeddable":true,"href":"https:\/\/www.ull.es\/servicios\/biblioteca\/fr\/wp-json\/wp\/v2\/users\/37"}],"replies":[{"embeddable":true,"href":"https:\/\/www.ull.es\/servicios\/biblioteca\/fr\/wp-json\/wp\/v2\/comments?post=6820"}],"version-history":[{"count":4,"href":"https:\/\/www.ull.es\/servicios\/biblioteca\/fr\/wp-json\/wp\/v2\/pages\/6820\/revisions"}],"predecessor-version":[{"id":8824,"href":"https:\/\/www.ull.es\/servicios\/biblioteca\/fr\/wp-json\/wp\/v2\/pages\/6820\/revisions\/8824"}],"wp:attachment":[{"href":"https:\/\/www.ull.es\/servicios\/biblioteca\/fr\/wp-json\/wp\/v2\/media?parent=6820"}],"curies":[{"name":"wp","href":"https:\/\/api.w.org\/{rel}","templated":true}]}}