{"id":6829,"date":"2018-07-05T11:17:21","date_gmt":"2018-07-05T11:17:21","guid":{"rendered":"https:\/\/www.ull.es\/servicios\/biblioteca\/?page_id=6829"},"modified":"2020-11-10T12:31:23","modified_gmt":"2020-11-10T12:31:23","slug":"redes-sociales-cientificas","status":"publish","type":"page","link":"https:\/\/www.ull.es\/servicios\/biblioteca\/fr\/redes-sociales-cientificas\/","title":{"rendered":"r\u00e9seaux sociaux scientifiques"},"content":{"rendered":"<h2 class=\"wp-block-heading\">r\u00e9seaux sociaux scientifiques<\/h2>\n\n\n<p>Les r\u00e9seaux sociaux scientifiques permettent aux chercheurs du monde entier de se connecter et d&#039;\u00e9changer des informations sur leurs domaines de recherche. Parmi les avantages de l&#039;utilisation de ces outils, on peut citer\u00a0:<\/p>\n<ul>\n<li>\u00c9tablissez des r\u00e9seaux avec d&#039;autres sp\u00e9cialistes et int\u00e9grez un groupe de chercheurs ayant un profil similaire.<\/li>\n<li>Publier du contenu scientifique et accro\u00eetre la diffusion, la visibilit\u00e9 et l&#039;impact des travaux scientifiques.<\/li>\n<li>Acc\u00e9dez \u00e0 des informations actualis\u00e9es sur une zone sp\u00e9cifique.<\/li>\n<\/ul>\n<p>Trois des plus importants sont :<\/p>\n<p><a href=\"http:\/\/academia.edu\/\" target=\"_blank\" rel=\"noopener noreferrer\"><strong>Academia.edu<\/strong><\/a> Elle met en relation des professeurs et des chercheurs partageant les m\u00eames int\u00e9r\u00eats. Chaque chercheur peut cr\u00e9er son profil, l&#039;enrichir de ses publications et les t\u00e9l\u00e9charger sur le r\u00e9seau pour consultation et t\u00e9l\u00e9chargement. L&#039;Universit\u00e9 de La Laguna dispose d&#039;une page regroupant tous les comptes li\u00e9s \u00e0 notre institution sur ce r\u00e9seau social (<a href=\"https:\/\/ull.academia.edu\/\" target=\"_blank\" rel=\"noopener noreferrer\">lien<\/a>).<\/p>\n<p><a href=\"http:\/\/www.researchgate.net\/\" target=\"_blank\" rel=\"noopener noreferrer\"><strong>ResearchGate<\/strong><\/a> Son objectif est de faciliter l&#039;acc\u00e8s au savoir et d&#039;accro\u00eetre la visibilit\u00e9 de la recherche. Les utilisateurs de ce r\u00e9seau social peuvent partager leurs travaux en texte int\u00e9gral. Il int\u00e8gre un moteur de recherche s\u00e9mantique permettant de consulter des bases de donn\u00e9es telles que PubMed, CiteSeer, arXiv, BioMed et la biblioth\u00e8que de la NASA.<\/p>\n<p><a href=\"https:\/\/www.mendeley.com\/groups\/7061311\/universidad-de-la-laguna\/\" target=\"_blank\" rel=\"noopener noreferrer\"><strong>Mendeley<\/strong><\/a> Mendeley est \u00e0 la fois un r\u00e9seau social et un gestionnaire de r\u00e9f\u00e9rences bibliographiques. Il permet aux chercheurs d&#039;organiser leurs travaux, de collaborer avec d&#039;autres scientifiques et de se tenir inform\u00e9s des derni\u00e8res publications dans leur domaine. L&#039;Universit\u00e9 de La Laguna poss\u00e8de un compte institutionnel sur Mendeley. Vous pouvez vous y inscrire en suivant les instructions disponibles sur la plateforme. <a href=\"https:\/\/www.ull.es\/servicios\/biblioteca\/fr\/servicios\/gestores-bibliograficos\/\" target=\"_blank\" rel=\"noopener noreferrer\">dans ce lien<\/a>.<\/p>\n<p>D\u00e9couvrez d&#039;autres r\u00e9seaux sociaux scientifiques et des informations d\u00e9taill\u00e9es sur ces trois-l\u00e0 sur le blog. <a href=\"http:\/\/socialmediaeninvestigacion.com\/category\/redes-sociales-cientificas\/\" target=\"_blank\" rel=\"noopener\">Les m\u00e9dias sociaux dans la recherche<\/a>.<\/p>","protected":false},"excerpt":{"rendered":"<p>R\u00e9seaux sociaux scientifiques\u00a0: Les r\u00e9seaux sociaux scientifiques permettent aux chercheurs du monde entier d\u2019\u00e9changer des informations sur leurs domaines de recherche. L\u2019utilisation de ces outils pr\u00e9sente plusieurs avantages\u00a0: cr\u00e9ation de r\u00e9seaux avec d\u2019autres sp\u00e9cialistes et int\u00e9gration \u00e0 un groupe de chercheurs aux profils similaires\u00a0; publication de contenu scientifique\u00a0; et\u2026<\/p>","protected":false},"author":37,"featured_media":0,"parent":0,"menu_order":0,"comment_status":"closed","ping_status":"closed","template":"","meta":{"_acf_changed":false,"footnotes":""},"class_list":["post-6829","page","type-page","status-publish","hentry"],"acf":[],"_links":{"self":[{"href":"https:\/\/www.ull.es\/servicios\/biblioteca\/fr\/wp-json\/wp\/v2\/pages\/6829","targetHints":{"allow":["GET"]}}],"collection":[{"href":"https:\/\/www.ull.es\/servicios\/biblioteca\/fr\/wp-json\/wp\/v2\/pages"}],"about":[{"href":"https:\/\/www.ull.es\/servicios\/biblioteca\/fr\/wp-json\/wp\/v2\/types\/page"}],"author":[{"embeddable":true,"href":"https:\/\/www.ull.es\/servicios\/biblioteca\/fr\/wp-json\/wp\/v2\/users\/37"}],"replies":[{"embeddable":true,"href":"https:\/\/www.ull.es\/servicios\/biblioteca\/fr\/wp-json\/wp\/v2\/comments?post=6829"}],"version-history":[{"count":4,"href":"https:\/\/www.ull.es\/servicios\/biblioteca\/fr\/wp-json\/wp\/v2\/pages\/6829\/revisions"}],"predecessor-version":[{"id":8825,"href":"https:\/\/www.ull.es\/servicios\/biblioteca\/fr\/wp-json\/wp\/v2\/pages\/6829\/revisions\/8825"}],"wp:attachment":[{"href":"https:\/\/www.ull.es\/servicios\/biblioteca\/fr\/wp-json\/wp\/v2\/media?parent=6829"}],"curies":[{"name":"wp","href":"https:\/\/api.w.org\/{rel}","templated":true}]}}