{"id":6851,"date":"2018-07-05T11:45:12","date_gmt":"2018-07-05T11:45:12","guid":{"rendered":"https:\/\/www.ull.es\/servicios\/biblioteca\/?page_id=6851"},"modified":"2018-07-05T11:45:12","modified_gmt":"2018-07-05T11:45:12","slug":"prestamo-para-alumnado-de-grado","status":"publish","type":"page","link":"https:\/\/www.ull.es\/servicios\/biblioteca\/fr\/prestamo-para-alumnado-de-grado\/","title":{"rendered":"Pr\u00eat pour les \u00e9tudiants de premier cycle"},"content":{"rendered":"<p>Le nombre d&#039;ouvrages que les \u00e9tudiants de premier cycle peuvent emprunter et la dur\u00e9e pendant laquelle ils peuvent les conserver sont les suivants\u00a0:<\/p>\n<table cellspacing=\"1\" cellpadding=\"1\" align=\"left\">\n<tbody>\n<tr>\n<td style=\"text-align: left\"><strong>Type de copie<\/strong><\/td>\n<td style=\"text-align: center\"><strong>Nombre maximal d&#039;exemplaires<\/strong><\/td>\n<td style=\"text-align: center\"><strong>Nombre maximal de jours<\/strong><\/td>\n<\/tr>\n<tr>\n<td>Pr\u00eat \u00e9tranger<\/td>\n<td style=\"text-align: center\">7<\/td>\n<td style=\"text-align: center\">15<\/td>\n<\/tr>\n<tr>\n<td>Utilisation privil\u00e9gi\u00e9e par les \u00e9tudiants<\/td>\n<td style=\"text-align: center\">7<\/td>\n<td style=\"text-align: center\">15<\/td>\n<\/tr>\n<tr>\n<td>Livres fr\u00e9quemment utilis\u00e9s<\/td>\n<td style=\"text-align: center\">3<\/td>\n<td style=\"text-align: center\">3<\/td>\n<\/tr>\n<\/tbody>\n<\/table>\n<p>&nbsp;<\/p>\n<p>&nbsp;<\/p>\n<p>&nbsp;<\/p>\n<p><a title=\"Pr\u00eat immobilier\" href=\"https:\/\/www.ull.es\/servicios\/biblioteca\/fr\/servicios\/prestamo-domiciliario\/\" target=\"_blank\" rel=\"noopener\">Plus d&#039;informations sur les pr\u00eats immobiliers<\/a><\/p>","protected":false},"excerpt":{"rendered":"<p>Le nombre de documents que les \u00e9tudiants de premier cycle peuvent emprunter et la dur\u00e9e du pr\u00eat sont les suivants\u00a0: Type de document Nombre maximal de documents Dur\u00e9e maximale du pr\u00eat Emprunt externe 7 15 Usage prioritaire pour les \u00e9tudiants 7 15 Livres fr\u00e9quemment utilis\u00e9s 3 3 Plus d\u2019informations sur\u2026<\/p>","protected":false},"author":37,"featured_media":0,"parent":0,"menu_order":0,"comment_status":"closed","ping_status":"closed","template":"","meta":{"_acf_changed":false,"footnotes":""},"class_list":["post-6851","page","type-page","status-publish","hentry"],"acf":[],"_links":{"self":[{"href":"https:\/\/www.ull.es\/servicios\/biblioteca\/fr\/wp-json\/wp\/v2\/pages\/6851","targetHints":{"allow":["GET"]}}],"collection":[{"href":"https:\/\/www.ull.es\/servicios\/biblioteca\/fr\/wp-json\/wp\/v2\/pages"}],"about":[{"href":"https:\/\/www.ull.es\/servicios\/biblioteca\/fr\/wp-json\/wp\/v2\/types\/page"}],"author":[{"embeddable":true,"href":"https:\/\/www.ull.es\/servicios\/biblioteca\/fr\/wp-json\/wp\/v2\/users\/37"}],"replies":[{"embeddable":true,"href":"https:\/\/www.ull.es\/servicios\/biblioteca\/fr\/wp-json\/wp\/v2\/comments?post=6851"}],"version-history":[{"count":1,"href":"https:\/\/www.ull.es\/servicios\/biblioteca\/fr\/wp-json\/wp\/v2\/pages\/6851\/revisions"}],"predecessor-version":[{"id":6852,"href":"https:\/\/www.ull.es\/servicios\/biblioteca\/fr\/wp-json\/wp\/v2\/pages\/6851\/revisions\/6852"}],"wp:attachment":[{"href":"https:\/\/www.ull.es\/servicios\/biblioteca\/fr\/wp-json\/wp\/v2\/media?parent=6851"}],"curies":[{"name":"wp","href":"https:\/\/api.w.org\/{rel}","templated":true}]}}