{"id":7309,"date":"2018-09-04T08:23:26","date_gmt":"2018-09-04T08:23:26","guid":{"rendered":"https:\/\/www.ull.es\/servicios\/biblioteca\/?page_id=7309"},"modified":"2026-03-26T07:57:43","modified_gmt":"2026-03-26T07:57:43","slug":"asesoramiento-sobre-propiedad-intelectual","status":"publish","type":"page","link":"https:\/\/www.ull.es\/servicios\/biblioteca\/fr\/asesoramiento-sobre-propiedad-intelectual\/","title":{"rendered":"Conseils en mati\u00e8re de propri\u00e9t\u00e9 intellectuelle"},"content":{"rendered":"<div class=\"wp-block-stackable-columns alignfull stk-block-columns stk-block stk-16a94b8\" data-block-id=\"16a94b8\"><style>.stk-16a94b8 {margin-bottom:75px !important;}@media screen and (max-width: 767px){.stk-16a94b8 {padding-top:0px !important;padding-right:0px !important;padding-bottom:0px !important;padding-left:0px !important;}}<\/style><div class=\"stk-row stk-inner-blocks stk-block-content stk-content-align stk-16a94b8-column alignfull\">\n<div class=\"wp-block-stackable-column stk-block-column stk-column stk-block stk-dfe9b01 stk-block-background stk--has-background-overlay\" data-v=\"4\" data-block-id=\"dfe9b01\"><style>.stk-dfe9b01 {background-image:url(https:\/\/www.ull.es\/servicios\/biblioteca\/wp-content\/uploads\/sites\/13\/2022\/01\/web-1.jpg) !important;}.stk-dfe9b01:before{background-color:#000000 !important;opacity:0.3 !important;}@media screen and (max-width: 767px){.stk-dfe9b01 {padding-top:0px !important;padding-right:0px !important;padding-bottom:0px !important;padding-left:0px !important;}.stk-dfe9b01-container{min-height:320px !important;}}<\/style><div class=\"stk-column-wrapper stk-block-column__content stk-container stk-dfe9b01-container stk--no-background stk--no-padding\"><div class=\"stk-block-content stk-inner-blocks stk-dfe9b01-inner-blocks\">\n<div class=\"wp-block-stackable-columns alignfull stk-block-columns stk-block stk-3bf239f\" data-block-id=\"3bf239f\"><style>@media screen and (max-width: 1023px){.stk-3bf239f {padding-left:0px !important;}}<\/style><div class=\"stk-row stk-inner-blocks stk-block-content stk-content-align stk-3bf239f-column alignfull\">\n<div class=\"wp-block-stackable-column stk-block-column stk-column stk-block stk-f66584c\" data-v=\"4\" data-block-id=\"f66584c\"><div class=\"stk-column-wrapper stk-block-column__content stk-container stk-f66584c-container stk--no-background stk--no-padding\"><div class=\"stk-block-content stk-inner-blocks stk-f66584c-inner-blocks\">\n<div class=\"wp-block-stackable-heading stk-block-heading stk-block-heading--v2 stk-block stk-1bb54e9\" id=\"biblioteca\" data-block-id=\"1bb54e9\"><style>.stk-1bb54e9 {padding-top:110px !important;padding-right:25px !important;padding-bottom:75px !important;padding-left:380px !important;}.stk-1bb54e9 .stk-block-heading__text{font-size:35px !important;color:#ffffff !important;font-weight:400 !important;}@media screen and (max-width: 1023px){.stk-1bb54e9 {padding-left:55px !important;}.stk-1bb54e9 .stk-block-heading__text{font-size:35px !important;}}@media screen and (max-width: 767px){.stk-1bb54e9 {padding-right:95px !important;padding-left:25px !important;}.stk-1bb54e9 .stk-block-heading__text{font-size:33px !important;}}<\/style><h2 class=\"stk-block-heading__text has-text-color has-text-align-left has-text-align-left-tablet has-text-align-left-mobile\">Biblioth\u00e8que<\/h2><\/div>\n<\/div><\/div><\/div>\n<\/div><\/div>\n<\/div><\/div><\/div>\n<\/div><\/div>\n\n\n\n<div class=\"wp-block-stackable-columns alignfull stk-block-columns stk-block stk-646b6b6\" data-block-id=\"646b6b6\"><style>.stk-646b6b6 {margin-top:45px !important;}.stk-646b6b6-column{max-width:1140px !important;min-width:auto !important;margin-right:auto !important;margin-left:auto !important;--stk-column-gap:35px !important;}@media screen and (max-width: 1023px){.stk-646b6b6-column{max-width:725px !important;min-width:auto !important;margin-right:auto !important;margin-left:auto !important;}}@media screen and (max-width: 767px){.stk-646b6b6-column{max-width:375px !important;min-width:auto !important;margin-right:auto !important;margin-left:auto !important;}}<\/style><div class=\"stk-row stk-inner-blocks has-text-align-left stk-block-content stk-content-align stk-646b6b6-column alignfull\">\n<div class=\"wp-block-stackable-column stk-block-column stk-column stk-block stk-3e896f3\" data-v=\"4\" data-block-id=\"3e896f3\"><style>.stk-3e896f3-container{margin-top:0px !important;margin-right:0px !important;margin-bottom:0px !important;margin-left:0px !important;}@media screen and (min-width: 768px){.stk-3e896f3 {flex:var(--stk-flex-grow, 1) 1 calc(65% - var(--stk-column-gap, 0px) * 1 \/ 2 ) !important;}}@media screen and (max-width: 767px){.stk-3e896f3 {margin-bottom:24px !important;}}<\/style><div class=\"stk-column-wrapper stk-block-column__content stk-container stk-3e896f3-container stk--no-background stk--no-padding\"><div class=\"stk-block-content stk-inner-blocks stk-3e896f3-inner-blocks\">\n<div class=\"wp-block-stackable-heading stk-block-heading stk-block-heading--v2 stk-block stk-5209636\" id=\"asesoramiento-sobre-propiedad-intelectual\" data-block-id=\"5209636\"><style>.stk-5209636 {margin-bottom:12px !important;}.stk-5209636 .stk-block-heading__text{font-size:35px !important;color:#5c068c !important;font-weight:400 !important;}@media screen and (max-width: 1023px){.stk-5209636 .stk-block-heading__text{font-size:35px !important;}}<\/style><h2 class=\"stk-block-heading__text has-text-color\">Conseils en mati\u00e8re de propri\u00e9t\u00e9 intellectuelle<\/h2><\/div>\n\n\n\n<p class=\"has-16-font-size\">L\u2019Universit\u00e9 de La Laguna (ULL) est un \u00e9tablissement d\u2019enseignement sup\u00e9rieur dont l\u2019activit\u00e9 est ax\u00e9e sur la production de connaissances, impliquant la consommation et la production d\u2019une quantit\u00e9 consid\u00e9rable d\u2019informations. La plupart de ces informations, issues d\u2019activit\u00e9s intellectuelles, sont soumises \u00e0 la propri\u00e9t\u00e9 intellectuelle et aux droits d\u2019auteur. Cela soul\u00e8ve de nombreuses questions quant \u00e0 leur gestion, leur utilisation \u00e9thique, leur protection juridique, etc.<\/p>\n\n\n\n<p>Pour tenter de r\u00e9pondre \u00e0 ces questions, l&#039;ULL met \u00e0 la disposition de ses utilisateurs un service de conseil en la mati\u00e8re.<\/p>\n\n\n\n<h3 class=\"wp-block-heading\">Objectifs<\/h3>\n\n\n\n<ul class=\"wp-block-list\">\n<li>Fournir des conseils sur les questions relatives \u00e0 la gestion de la propri\u00e9t\u00e9 intellectuelle \u00e0 tous les membres de la communaut\u00e9 universitaire par le biais des diff\u00e9rents canaux de communication.<\/li>\n\n\n\n<li>Cr\u00e9er un forum de d\u00e9bat pour discuter et \u00e9tablir des lignes directrices communes pour l&#039;action et des proc\u00e9dures de travail uniformes dans le domaine de la gestion des connaissances et de la propri\u00e9t\u00e9 intellectuelle.<\/li>\n\n\n\n<li>Identifier les probl\u00e8mes li\u00e9s aux droits de propri\u00e9t\u00e9 intellectuelle qui affectent les projets d\u00e9velopp\u00e9s \u00e0 l&#039;universit\u00e9 ou par des membres de la communaut\u00e9 universitaire dans les domaines de l&#039;enseignement, de la gestion et de la recherche.<\/li>\n\n\n\n<li>Mesures et politiques de soutien contribuant \u00e0 la bonne gestion des informations consomm\u00e9es et produites par tous les membres de l&#039;institution<\/li>\n<\/ul>\n\n\n\n<h3 class=\"wp-block-heading\">Composition<\/h3>\n\n\n\n<p>Le groupe consultatif sur la propri\u00e9t\u00e9 intellectuelle est compos\u00e9 de personnes issues de diff\u00e9rents domaines du personnel d&#039;enseignement et de recherche (PDI) et du personnel administratif et de service (PAS) de l&#039;ULL, avec des profils divers qui apportent diff\u00e9rents points de vue sur le sujet.<\/p>\n\n\n\n<h3 class=\"wp-block-heading\">Services offerts<\/h3>\n\n\n\n<ul class=\"wp-block-list\">\n<li>Conseils en mati\u00e8re de propri\u00e9t\u00e9 intellectuelle et de gestion des connaissances.<\/li>\n\n\n\n<li>Pr\u00e9paration de rapports sur la propri\u00e9t\u00e9 intellectuelle et<br>questions li\u00e9es \u00e0 la gestion des connaissances.<\/li>\n<\/ul>\n\n\n\n<h3 class=\"wp-block-heading\">Consultations<\/h3>\n\n\n\n<p>Si vous avez une question concernant la propri\u00e9t\u00e9 intellectuelle, veuillez,&nbsp;<a href=\"https:\/\/docs.google.com\/forms\/d\/e\/1FAIpQLScPbhY11JqJa57h3Gz5I5e6xfoiRKkRscBXobKyKhK0ByorXQ\/viewform?usp=sf_link\" target=\"_blank\" rel=\"noreferrer noopener\">Veuillez remplir ce formulaire<\/a>.<\/p>\n\n\n\n<p class=\"has-16-font-size\">Nous nous efforcerons de vous r\u00e9pondre dans un d\u00e9lai maximum de cinq jours ouvrables.<\/p>\n<\/div><\/div><\/div>\n\n\n\n<div class=\"wp-block-stackable-column stk-block-column stk-column stk-block stk-57f460e\" data-v=\"4\" data-block-id=\"57f460e\"><style>.stk-57f460e-container{margin-top:0px !important;margin-right:0px !important;margin-bottom:0px !important;margin-left:0px !important;}@media screen and (min-width: 768px){.stk-57f460e {flex:var(--stk-flex-grow, 1) 1 calc(35% - var(--stk-column-gap, 0px) * 1 \/ 2 ) !important;}}<\/style><div class=\"stk-column-wrapper stk-block-column__content stk-container stk-57f460e-container stk--no-background stk--no-padding\"><div class=\"stk-block-content stk-inner-blocks stk-57f460e-inner-blocks\">\n<div class=\"wp-block-stackable-columns stk-block-columns stk-block stk-33506ee\" data-block-id=\"33506ee\"><style>.stk-33506ee {border-style:solid !important;border-color:#eeeeee !important;border-top-width:1px !important;border-right-width:1px !important;border-bottom-width:1px !important;border-left-width:1px !important;}<\/style><div class=\"stk-row stk-inner-blocks stk-block-content stk-content-align stk-33506ee-column\">\n<div class=\"wp-block-stackable-column stk-block-column stk-column stk-block stk-f985361\" data-v=\"4\" data-block-id=\"f985361\"><style>.stk-f985361-container{margin-top:0px !important;margin-right:0px !important;margin-bottom:0px !important;margin-left:0px !important;}.stk-f985361 {padding-top:0px !important;padding-right:0px !important;padding-bottom:0px !important;padding-left:0px !important;}<\/style><div class=\"stk-column-wrapper stk-block-column__content stk-container stk-f985361-container stk--no-background stk--no-padding\"><div class=\"stk-block-content stk-inner-blocks stk-f985361-inner-blocks\">\n<ul class=\"widget-box\">\n<li class='contacto-header'>Coordonn\u00e9es<\/li><li><i class=\"fa fa-map-marker\"><\/i> Chemin La Hornera, s\/n. Biblioth\u00e8que g\u00e9n\u00e9rale et sciences humaines. P.O. Bo\u00eete 456. Code postal 38200. San Crist\u00f3bal de La Laguna. Santa Cruz de T\u00e9n\u00e9rife.<\/li>        <li>\n\t    <a id=\"islpronto_link\" href=\"https:\/\/www.ull.es\/servicios\/biblioteca\/fr\/soporte\/stic\/Form\/Render\/3\/?token=T7fY26okpMJYqgSNcHx0kD4YFX7uu7M6MFgtRxEH\"><img decoding=\"async\" src=\"https:\/\/support.webs.ull.es\/isl\/bbtk\/islpronto-chat.jpg\" id=\"islpronto_image\" border=\"0\" \/><\/a>\n            <script src=\"\/\/soporte.stic.ull.es\/live\/islpronto\/public\/chat.js?d=bbtk&amp;lang=es\"><\/script>\n        <\/li>\n    <li><i class=\"fa fa-phone\"><\/i> (+34) 922 31 78 30<\/li><li><i class=\"fa fa-envelope\"><\/i>  <a href=\"mailto:bull@ull.es\">bull@ull.es<\/a><\/li><li><i class=\"fa fa-clock-o\"><\/i> De 8h30 \u00e0 20h30.<\/li><li><i class=\"fa fa-list-ul\"><\/i><a href=\"http:\/\/riull.ull.es\/xmlui\/bitstream\/handle\/915\/3870\/CS_biblioteca.pdf\"> Charte de service<\/a><\/li><li><i class=\"fa fa-pencil-square-o\"><\/i><a href=\"https:\/\/encuestas.ull.es\/index.php?r=survey\/index&sid=36865&lang=es\"> Enqu\u00eate de satisfaction<\/a><\/li><li><i class=\"fa fa-archive\"><\/i><a href=\"https:\/\/sede.ull.es\/ecivilis-site\/catalog\/showProcedure\/484\"> Proc\u00e9dure pour les plaintes, suggestions et compliments<\/a><\/li>\n<\/ul>\n\n\n<\/div><\/div><\/div>\n<\/div><\/div>\n<\/div><\/div><\/div>\n<\/div><\/div>","protected":false},"excerpt":{"rendered":"<p>Biblioteca Asesoramiento sobre propiedad intelectual La ULL es un centro de educaci\u00f3n superior cuya actividad se centra en la generaci\u00f3n de conocimiento, lo que implica el consumo y producci\u00f3n de ingentes cantidades de informaci\u00f3n, la mayor parte de la cual, como resultado de la actividad intelectual, est\u00e1 sujeta a la normativa de propiedad intelectual y&#8230;<\/p>","protected":false},"author":37,"featured_media":0,"parent":0,"menu_order":0,"comment_status":"closed","ping_status":"closed","template":"templates\/template-frontpage.php","meta":{"_acf_changed":false,"footnotes":""},"class_list":["post-7309","page","type-page","status-publish","hentry"],"acf":[],"_links":{"self":[{"href":"https:\/\/www.ull.es\/servicios\/biblioteca\/fr\/wp-json\/wp\/v2\/pages\/7309","targetHints":{"allow":["GET"]}}],"collection":[{"href":"https:\/\/www.ull.es\/servicios\/biblioteca\/fr\/wp-json\/wp\/v2\/pages"}],"about":[{"href":"https:\/\/www.ull.es\/servicios\/biblioteca\/fr\/wp-json\/wp\/v2\/types\/page"}],"author":[{"embeddable":true,"href":"https:\/\/www.ull.es\/servicios\/biblioteca\/fr\/wp-json\/wp\/v2\/users\/37"}],"replies":[{"embeddable":true,"href":"https:\/\/www.ull.es\/servicios\/biblioteca\/fr\/wp-json\/wp\/v2\/comments?post=7309"}],"version-history":[{"count":16,"href":"https:\/\/www.ull.es\/servicios\/biblioteca\/fr\/wp-json\/wp\/v2\/pages\/7309\/revisions"}],"predecessor-version":[{"id":13323,"href":"https:\/\/www.ull.es\/servicios\/biblioteca\/fr\/wp-json\/wp\/v2\/pages\/7309\/revisions\/13323"}],"wp:attachment":[{"href":"https:\/\/www.ull.es\/servicios\/biblioteca\/fr\/wp-json\/wp\/v2\/media?parent=7309"}],"curies":[{"name":"wp","href":"https:\/\/api.w.org\/{rel}","templated":true}]}}