{"id":8559,"date":"2020-03-23T13:45:33","date_gmt":"2020-03-23T13:45:33","guid":{"rendered":"https:\/\/www.ull.es\/servicios\/biblioteca\/?page_id=8559"},"modified":"2023-01-17T13:34:38","modified_gmt":"2023-01-17T13:34:38","slug":"servicios-2","status":"publish","type":"page","link":"https:\/\/www.ull.es\/servicios\/biblioteca\/fr\/servicios-2\/","title":{"rendered":"Servicios de la Biblioteca"},"content":{"rendered":"<p>[vc_row][vc_column][vc_column_text]<\/p>\r\n<h1>Servicios de la Biblioteca<\/h1>\r\n<p>Horario general de atenci\u00f3n al p\u00fablico: de lunes a viernes, de 8:15 a 20.45 h. Consulte el horario espec\u00edfico en cada biblioteca.<\/p>\r\n<!-- \/wp:post-content -->\r\n<p><!-- wp:paragraph --><strong>\u00a0Servicios que ofrecemos:<\/strong><\/p>\r\n<!-- \/wp:paragraph -->\r\n\r\n<!-- wp:paragraph \/-->\r\n\r\n<!-- wp:list -->\r\n<ul>\r\n<li>Consulta en sala y pr\u00e9stamo de libros y port\u00e1tiles.<\/li>\r\n<li><span style=\"font-weight: 400\">Libre acceso a la colecci\u00f3n (salvo fondos de acceso restringido)<\/span><\/li>\r\n<li>Informaci\u00f3n presencial y telef\u00f3nica.<\/li>\r\n<li>SEA (Servicio de Env\u00edo de Art\u00edculos). Si necesitas un art\u00edculo de una revista en papel, te lo escaneamos\u00a0 y\u00a0 enviamos a tu correo. Consulta la siguiente <a href=\"https:\/\/www.ull.es\/servicios\/biblioteca\/servicios\/servicio-envio-articulos\/\" target=\"_blank\" rel=\"noopener\">informaci\u00f3n<\/a>.<\/li>\r\n<li>Pr\u00e9stamo Intercampus. Si necesitas una obra que est\u00e9 en una biblioteca de un campus diferente al de tu centro, puedes solicitar que te la enviemos por correo interno. Consulta la siguiente <a href=\"https:\/\/www.ull.es\/servicios\/biblioteca\/servicios\/prestamo-intercampus\/\" target=\"_blank\" rel=\"noopener\">informaci\u00f3n<\/a>.<\/li>\r\n<li><a href=\"https:\/\/www.ull.es\/servicios\/biblioteca\/servicios\/bibliolab\/\" target=\"_blank\" rel=\"noopener\">BiblioLab<\/a><\/li>\r\n<li>Uso de despachos de trabajo (carrels)<\/li>\r\n<li>Exposiciones<\/li>\r\n<\/ul>\r\n<!-- \/wp:list -->\r\n<p><!-- wp:paragraph --><strong>\u00a0 Nuestros servicios online:<\/strong><\/p>\r\n<!-- \/wp:paragraph -->\r\n<p><!-- wp:paragraph --><strong>\u00a0\u00a0\u00a0\u00a0\u00a0\u00a0\u00a0\u00a0\u00a0\u00a0\u00a0\u00a0\u00a0\u00a0<em>Informaci\u00f3n y atenci\u00f3n<\/em><\/strong><\/p>\r\n<!-- \/wp:paragraph -->\r\n\r\n<!-- wp:list -->\r\n<ul>\r\n<li><a href=\"https:\/\/www.ull.es\/servicios\/biblioteca\/servicios\/servicio-atencion-online\/\" target=\"_blank\" rel=\"noopener\">Chat<\/a><\/li>\r\n<li>Correo electr\u00f3nico <a href=\"mailto:bull@ull.es\" target=\"_blank\" rel=\"noopener\">bull@ull.es<\/a>\u00a0<\/li>\r\n<li><a href=\"https:\/\/www.ull.es\/servicios\/biblioteca\/\" target=\"_blank\" rel=\"noopener\">P\u00e1gina web\u00a0<\/a><\/li>\r\n<li><a href=\"https:\/\/sede.ull.es\/ecivilis-site\/catalog\/showProcedure\/484\" target=\"_blank\" rel=\"noopener\">Quejas, sugerencias y felicitaciones<\/a>\u00a0<\/li>\r\n<li>Redes sociales: <a href=\"https:\/\/www.facebook.com\/BibliotecaULL\/\" target=\"_blank\" rel=\"noopener\">Facebook<\/a>, <a href=\"https:\/\/twitter.com\/BibliotecaULL\" target=\"_blank\" rel=\"noopener\">Twitter <\/a>e <a href=\"https:\/\/www.instagram.com\/bibliotecaull\/\" target=\"_blank\" rel=\"noopener\">Instagram<\/a><\/li>\r\n<\/ul>\r\n<!-- \/wp:list -->\r\n<p><!-- wp:paragraph --><strong>\u00a0\u00a0\u00a0\u00a0\u00a0\u00a0\u00a0\u00a0\u00a0\u00a0\u00a0\u00a0\u00a0\u00a0\u00a0<em>\u00a0Apoyo a la docencia, investigaci\u00f3n y aprendizaje<\/em><\/strong><\/p>\r\n<!-- \/wp:paragraph -->\r\n\r\n<!-- wp:list -->\r\n<ul>\r\n<li>Bibliograf\u00eda recomendada disponible en el cat\u00e1logo, con m\u00e1s de 1.700 libros electr\u00f3nicos accesibles online.\r\n<ul>\r\n<li><a href=\"https:\/\/absysnet.bbtk.ull.es\/cgi-bin\/abnetopac?ACC=254&amp;xsterm=tcg\" target=\"_blank\" rel=\"noopener\">Titulaciones de grado<\/a><\/li>\r\n<li><a href=\"https:\/\/absysnet.bbtk.ull.es\/cgi-bin\/abnetopac?ACC=254&amp;xsterm=tcm\" target=\"_blank\" rel=\"noopener\">Titulaciones de m\u00e1ster<\/a>\u00a0\u00a0<\/li>\r\n<\/ul>\r\n<\/li>\r\n<li><a href=\"https:\/\/www.ull.es\/servicios\/biblioteca\/servicios\/libro-e\/\" target=\"_blank\" rel=\"noopener\">Libro\u00e9. Pr\u00e9stamo de libros electr\u00f3nicos<\/a><\/li>\r\n<li><a href=\"https:\/\/www.ull.es\/servicios\/biblioteca\/servicios\/puntoq\/\" target=\"_blank\" rel=\"noopener\">PuntoQ<\/a>, herramienta de b\u00fasqueda con m\u00e1s de 500.000 libros electr\u00f3nicos y m\u00e1s de 60.000 t\u00edtulos de revistas electr\u00f3nicas.<\/li>\r\n<li><a href=\"https:\/\/www.ull.es\/servicios\/biblioteca\/servicios\/repositorio\/\" target=\"_blank\" rel=\"noopener\">Repositorio<\/a> y <a href=\"https:\/\/docs.google.com\/presentation\/d\/e\/2PACX-1vS_DO43uwJlcztXnINyNZW-nw8Nc8C_BOSUURRQz3xf-4-EqTjRJdSxq8xLhIfEbcr_ViETYxWEz8Ya\/pub?start=false&amp;loop=false&amp;delayms=3000&amp;slide=id.g1ba9fe6746_0_0\" target=\"_blank\" rel=\"noopener\">Autoarchivo<\/a>\u00a0\u00a0<\/li>\r\n<li><a href=\"https:\/\/www.ull.es\/servicios\/biblioteca\/servicios\/prensa-canaria-digitalizada\/\" target=\"_blank\" rel=\"noopener\">Prensa canaria digitalizada<\/a><\/li>\r\n<li><a href=\"https:\/\/www.ull.es\/servicios\/biblioteca\/servicios\/patrimonio-bibliografico-lacunense\/\" target=\"_blank\" rel=\"noopener\">Patrimonio Bibliogr\u00e1fico\u00a0 Lacunense<\/a><\/li>\r\n<li><a href=\"https:\/\/www.ull.es\/revistas\/\" target=\"_blank\" rel=\"noopener\">Portal de revistas ULL<\/a><\/li>\r\n<li><a href=\"https:\/\/www.ull.es\/servicios\/biblioteca\/servicios\/formacion\/\" target=\"_blank\" rel=\"noopener\">Formaci\u00f3n virtual<\/a>\u00a0<\/li>\r\n<li><a href=\"https:\/\/www.ull.es\/servicios\/biblioteca\/asesoramiento-al-pdi\/\" target=\"_blank\" rel=\"noopener\">Apoyo a la investigaci\u00f3n<\/a><\/li>\r\n<li><a href=\"https:\/\/www.ull.es\/servicios\/biblioteca\/antiplagio\/\" target=\"_blank\" rel=\"noopener\">Antiplagio<\/a><\/li>\r\n<li><a href=\"https:\/\/www.ull.es\/servicios\/biblioteca\/asesoramiento-sobre-propiedad-intelectual\/\" target=\"_blank\" rel=\"noopener\">Asesoramiento en propiedad Intelectual<\/a>\u00a0<\/li>\r\n<li><a href=\"https:\/\/www.ull.es\/servicios\/biblioteca\/servicios\/prestamo-interbibliotecario\/\" target=\"_blank\" rel=\"noopener\">Pr\u00e9stamo Interbibliotecario<\/a><\/li>\r\n<li><a href=\"https:\/\/www.ull.es\/servicios\/biblioteca\/servicios\/registro-de-doi\/\" target=\"_blank\" rel=\"noopener\">Registro de DOI<\/a><\/li>\r\n<\/ul>\r\n<!-- \/wp:list -->\r\n<p>[\/vc_column_text][\/vc_column][\/vc_row]<\/p>","protected":false},"excerpt":{"rendered":"<p>[vc_row][vc_column][vc_column_text] Servicios de la Biblioteca Horario general de atenci\u00f3n al p\u00fablico: de lunes a viernes, de 8:15 a 20.45 h. Consulte el horario espec\u00edfico en cada biblioteca. \u00a0Servicios que ofrecemos: Consulta en sala y pr\u00e9stamo de libros y port\u00e1tiles. Libre acceso a la colecci\u00f3n (salvo fondos de acceso restringido) Informaci\u00f3n presencial y telef\u00f3nica. SEA (Servicio&#8230;<\/p>\n","protected":false},"author":37,"featured_media":0,"parent":0,"menu_order":0,"comment_status":"closed","ping_status":"closed","template":"","meta":{"_acf_changed":false,"footnotes":""},"class_list":["post-8559","page","type-page","status-publish","hentry"],"acf":[],"_links":{"self":[{"href":"https:\/\/www.ull.es\/servicios\/biblioteca\/fr\/wp-json\/wp\/v2\/pages\/8559","targetHints":{"allow":["GET"]}}],"collection":[{"href":"https:\/\/www.ull.es\/servicios\/biblioteca\/fr\/wp-json\/wp\/v2\/pages"}],"about":[{"href":"https:\/\/www.ull.es\/servicios\/biblioteca\/fr\/wp-json\/wp\/v2\/types\/page"}],"author":[{"embeddable":true,"href":"https:\/\/www.ull.es\/servicios\/biblioteca\/fr\/wp-json\/wp\/v2\/users\/37"}],"replies":[{"embeddable":true,"href":"https:\/\/www.ull.es\/servicios\/biblioteca\/fr\/wp-json\/wp\/v2\/comments?post=8559"}],"version-history":[{"count":51,"href":"https:\/\/www.ull.es\/servicios\/biblioteca\/fr\/wp-json\/wp\/v2\/pages\/8559\/revisions"}],"predecessor-version":[{"id":10440,"href":"https:\/\/www.ull.es\/servicios\/biblioteca\/fr\/wp-json\/wp\/v2\/pages\/8559\/revisions\/10440"}],"wp:attachment":[{"href":"https:\/\/www.ull.es\/servicios\/biblioteca\/fr\/wp-json\/wp\/v2\/media?parent=8559"}],"curies":[{"name":"wp","href":"https:\/\/api.w.org\/{rel}","templated":true}]}}