{"id":9516,"date":"2021-09-30T12:25:19","date_gmt":"2021-09-30T12:25:19","guid":{"rendered":"https:\/\/www.ull.es\/servicios\/biblioteca\/?page_id=9516"},"modified":"2024-09-16T08:27:25","modified_gmt":"2024-09-16T08:27:25","slug":"biblioteca-digital","status":"publish","type":"page","link":"https:\/\/www.ull.es\/servicios\/biblioteca\/fr\/biblioteca-digital\/","title":{"rendered":"Biblioth\u00e8que num\u00e9rique"},"content":{"rendered":"<h1>Biblioth\u00e8que num\u00e9rique<\/h1>\n<p><a href=\"https:\/\/www.ull.es\/servicios\/biblioteca\/fr\/servicios\/puntoq\/\" target=\"_blank\" rel=\"noopener\">Point Q<\/a><\/p>\n<p><a href=\"https:\/\/www.ull.es\/servicios\/biblioteca\/fr\/servicios\/bases-datos\/\" target=\"_blank\" rel=\"noopener\">Bases de donn\u00e9es<\/a><\/p>\n<p><a href=\"https:\/\/www.ull.es\/servicios\/biblioteca\/fr\/servicios\/repositorio\/\" target=\"_blank\" rel=\"noopener\">D\u00e9p\u00f4t institutionnel<\/a><\/p>\n<p><a href=\"https:\/\/www.ull.es\/servicios\/biblioteca\/fr\/servicios\/datos-de-investigacion\/\" target=\"_blank\" rel=\"noopener\">d\u00e9p\u00f4t de donn\u00e9es de recherche<\/a><\/p>\n<p><a href=\"https:\/\/www.ull.es\/servicios\/biblioteca\/fr\/servicios\/prensa-canaria-digitalizada\/\" target=\"_blank\" rel=\"noopener\">presse num\u00e9ris\u00e9e des \u00eeles Canaries<\/a><\/p>\n<p><a href=\"https:\/\/www.ull.es\/servicios\/biblioteca\/fr\/servicios\/patrimonio-bibliografico-lacunense\/\" target=\"_blank\" rel=\"noopener\">Patrimoine bibliographique de Lacun<\/a><\/p>\n<p><a href=\"https:\/\/www.ull.es\/servicios\/biblioteca\/fr\/revistas\/\" target=\"_blank\" rel=\"noopener\">Revues de l&#039;ULL<\/a><\/p>\n<p><a href=\"https:\/\/portalciencia.ull.es\/\" target=\"_blank\" rel=\"noopener\">Portail de recherche<\/a><\/p>","protected":false},"excerpt":{"rendered":"<p>Biblioteca digital Punto Q Bases de datos Repositorio Institucional Repositorio de datos de investigaci\u00f3n Prensa canaria digitalizada Patrimonio Bibliogr\u00e1fico Lacunense Revistas ULL Portal de la Investigaci\u00f3n<\/p>","protected":false},"author":37,"featured_media":0,"parent":0,"menu_order":0,"comment_status":"closed","ping_status":"closed","template":"","meta":{"_acf_changed":false,"footnotes":""},"class_list":["post-9516","page","type-page","status-publish","hentry"],"acf":[],"_links":{"self":[{"href":"https:\/\/www.ull.es\/servicios\/biblioteca\/fr\/wp-json\/wp\/v2\/pages\/9516","targetHints":{"allow":["GET"]}}],"collection":[{"href":"https:\/\/www.ull.es\/servicios\/biblioteca\/fr\/wp-json\/wp\/v2\/pages"}],"about":[{"href":"https:\/\/www.ull.es\/servicios\/biblioteca\/fr\/wp-json\/wp\/v2\/types\/page"}],"author":[{"embeddable":true,"href":"https:\/\/www.ull.es\/servicios\/biblioteca\/fr\/wp-json\/wp\/v2\/users\/37"}],"replies":[{"embeddable":true,"href":"https:\/\/www.ull.es\/servicios\/biblioteca\/fr\/wp-json\/wp\/v2\/comments?post=9516"}],"version-history":[{"count":3,"href":"https:\/\/www.ull.es\/servicios\/biblioteca\/fr\/wp-json\/wp\/v2\/pages\/9516\/revisions"}],"predecessor-version":[{"id":11729,"href":"https:\/\/www.ull.es\/servicios\/biblioteca\/fr\/wp-json\/wp\/v2\/pages\/9516\/revisions\/11729"}],"wp:attachment":[{"href":"https:\/\/www.ull.es\/servicios\/biblioteca\/fr\/wp-json\/wp\/v2\/media?parent=9516"}],"curies":[{"name":"wp","href":"https:\/\/api.w.org\/{rel}","templated":true}]}}