{"id":11561,"date":"2024-04-29T12:47:38","date_gmt":"2024-04-29T12:47:38","guid":{"rendered":"https:\/\/www.ull.es\/servicios\/biblioteca\/?page_id=11561"},"modified":"2024-04-29T13:29:17","modified_gmt":"2024-04-29T13:29:17","slug":"fuentes-de-informacion-para-la-investigacion","status":"publish","type":"page","link":"https:\/\/www.ull.es\/servicios\/biblioteca\/fuentes-de-informacion-para-la-investigacion\/","title":{"rendered":"Fuentes de informaci\u00f3n para la investigaci\u00f3n"},"content":{"rendered":"<h1>Fuentes de informaci\u00f3n para la investigaci\u00f3n<\/h1>\n<p>La Universidad de La Laguna ofrece a sus usuarios acceso a bases de datos bibliogr\u00e1ficas de las diferentes \u00e1reas de conocimiento.<\/p>\n<p><strong>Bases de datos multidisciplinares<\/strong>.<\/p>\n<p>Las m\u00e1s importantes son las siguientes:<\/p>\n<ul>\n<li><a href=\"https:\/\/www-recursoscientificos-fecyt-es.accedys2.bbtk.ull.es\/\" target=\"_blank\" rel=\"noopener\">Web Of Science (WOS)<\/a>: Plataforma que recoge las referencias de las principales publicaciones cient\u00edficas de cualquier disciplina del conocimiento, tanto cient\u00edfico como tecnol\u00f3gico, human\u00edstico y sociol\u00f3gicos desde 1945, esenciales para el apoyo a la investigaci\u00f3n y para el reconocimiento de los esfuerzos y avances realizados por la comunidad cient\u00edfica y tecnol\u00f3gica.<\/li>\n<li><a href=\"http:\/\/search.ebscohost.com.accedys2.bbtk.ull.es\/login.aspx?authtype=ip,uid&amp;profile=ehost&amp;defaultdb=eoah\" target=\"_blank\" rel=\"noopener\">EBSCOHost<\/a>: Proporciona el texto completo de 8.500 publicaciones, de los cuales m\u00e1s de 4.600 t\u00edtulos est\u00e1n arbitrados. Recoge documentos a texto completo en formato pdf desde 1875.<\/li>\n<li><a href=\"https:\/\/www-scopus-com.accedys2.bbtk.ull.es\/\" target=\"_blank\" rel=\"noopener\">Scopus<\/a>: Base de datos de medicina, ciencias, tecnolog\u00eda y ciencias sociales que contiene toda la literatura relevante.<\/li>\n<li><a href=\"https:\/\/dialnet.unirioja.es\/\" target=\"_blank\" rel=\"noopener\">Dialnet<\/a>: Portal que recopila y da acceso a la producci\u00f3n cient\u00edfica hispana. Contiene documentos publicados en Espa\u00f1a en cualquier lengua, en espa\u00f1ol en cualquier pa\u00eds o sobre temas hisp\u00e1nicos. Incluye art\u00edculos de revista, cap\u00edtulos de monograf\u00edas colectivas, tesis doctorales, libros etc.<\/li>\n<\/ul>\n<p><strong>Bases de datos por \u00e1rea<\/strong><\/p>\n<ul>\n<li><a href=\"https:\/\/ull-es.libguides.com\/az.php?s=127934\" target=\"_blank\" rel=\"noopener\">Arte y Humanidades<\/a><\/li>\n<li><a href=\"https:\/\/ull-es.libguides.com\/az.php?s=127939\" target=\"_blank\" rel=\"noopener\">Biolog\u00eda<\/a><\/li>\n<li><a href=\"https:\/\/ull-es.libguides.com\/az.php?s=128091\" target=\"_blank\" rel=\"noopener\">Canarias<\/a><\/li>\n<li><a href=\"https:\/\/ull-es.libguides.com\/az.php?s=127935\" target=\"_blank\" rel=\"noopener\">Ciencias<\/a><\/li>\n<li><a href=\"https:\/\/ull-es.libguides.com\/az.php?s=127936&amp;p=1\" target=\"_blank\" rel=\"noopener\">Ciencias de la Salud<\/a><\/li>\n<li><a href=\"https:\/\/ull-es.libguides.com\/az.php?s=128081\" target=\"_blank\" rel=\"noopener\">Ciencias Pol\u00edticas, Sociales y de la Comunicaci\u00f3n<\/a><\/li>\n<li><a href=\"https:\/\/ull-es.libguides.com\/az.php?s=128078\" target=\"_blank\" rel=\"noopener\">Derecho y Relaciones Laborales<\/a><\/li>\n<li><a href=\"https:\/\/ull-es.libguides.com\/az.php?s=128093\" target=\"_blank\" rel=\"noopener\">Documentaci\u00f3n<\/a><\/li>\n<li><a href=\"https:\/\/ull-es.libguides.com\/az.php?s=128079\" target=\"_blank\" rel=\"noopener\">Econom\u00eda, Empresa y Turismo<\/a><\/li>\n<li><a href=\"https:\/\/ull-es.libguides.com\/az.php?s=127946&amp;p=1\" target=\"_blank\" rel=\"noopener\">Educaci\u00f3n<\/a><\/li>\n<li><a href=\"https:\/\/ull-es.libguides.com\/az.php?s=127943\" target=\"_blank\" rel=\"noopener\">Farmacia<\/a><\/li>\n<li><a href=\"https:\/\/ull-es.libguides.com\/az.php?s=128082\" target=\"_blank\" rel=\"noopener\">Filolog\u00eda<\/a><\/li>\n<li><a href=\"https:\/\/ull-es.libguides.com\/az.php?s=128077\" target=\"_blank\" rel=\"noopener\">Ingenier\u00eda<\/a><\/li>\n<li><a href=\"https:\/\/ull-es.libguides.com\/az.php?s=127938\" target=\"_blank\" rel=\"noopener\">Matem\u00e1ticas<\/a><\/li>\n<li><a href=\"https:\/\/ull-es.libguides.com\/az.php?s=128092\" target=\"_blank\" rel=\"noopener\">Patentes<\/a><\/li>\n<li><a href=\"https:\/\/ull-es.libguides.com\/az.php?s=127945\" target=\"_blank\" rel=\"noopener\">Psicolog\u00eda<\/a><\/li>\n<li><a href=\"https:\/\/ull-es.libguides.com\/az.php?s=127940\" target=\"_blank\" rel=\"noopener\">Qu\u00edmica<\/a><\/li>\n<\/ul>\n","protected":false},"excerpt":{"rendered":"<p>Fuentes de informaci\u00f3n para la investigaci\u00f3n La Universidad de La Laguna ofrece a sus usuarios acceso a bases de datos bibliogr\u00e1ficas de las diferentes \u00e1reas de conocimiento. Bases de datos multidisciplinares. Las m\u00e1s importantes son las siguientes: Web Of Science (WOS): Plataforma que recoge las referencias de las principales publicaciones cient\u00edficas de cualquier disciplina del&#8230;<\/p>\n","protected":false},"author":37,"featured_media":0,"parent":0,"menu_order":0,"comment_status":"closed","ping_status":"closed","template":"","meta":{"_acf_changed":false,"footnotes":""},"class_list":["post-11561","page","type-page","status-publish","hentry"],"acf":[],"_links":{"self":[{"href":"https:\/\/www.ull.es\/servicios\/biblioteca\/wp-json\/wp\/v2\/pages\/11561","targetHints":{"allow":["GET"]}}],"collection":[{"href":"https:\/\/www.ull.es\/servicios\/biblioteca\/wp-json\/wp\/v2\/pages"}],"about":[{"href":"https:\/\/www.ull.es\/servicios\/biblioteca\/wp-json\/wp\/v2\/types\/page"}],"author":[{"embeddable":true,"href":"https:\/\/www.ull.es\/servicios\/biblioteca\/wp-json\/wp\/v2\/users\/37"}],"replies":[{"embeddable":true,"href":"https:\/\/www.ull.es\/servicios\/biblioteca\/wp-json\/wp\/v2\/comments?post=11561"}],"version-history":[{"count":5,"href":"https:\/\/www.ull.es\/servicios\/biblioteca\/wp-json\/wp\/v2\/pages\/11561\/revisions"}],"predecessor-version":[{"id":11566,"href":"https:\/\/www.ull.es\/servicios\/biblioteca\/wp-json\/wp\/v2\/pages\/11561\/revisions\/11566"}],"wp:attachment":[{"href":"https:\/\/www.ull.es\/servicios\/biblioteca\/wp-json\/wp\/v2\/media?parent=11561"}],"curies":[{"name":"wp","href":"https:\/\/api.w.org\/{rel}","templated":true}]}}