{"id":6162,"date":"2018-06-11T13:58:28","date_gmt":"2018-06-11T13:58:28","guid":{"rendered":"http:\/\/biblioteca.bigmountain.studio\/?page_id=6162"},"modified":"2026-03-27T13:38:03","modified_gmt":"2026-03-27T13:38:03","slug":"informacion-ubicacion-y-contacto","status":"publish","type":"page","link":"https:\/\/www.ull.es\/servicios\/biblioteca\/informacion-ubicacion-y-contacto\/","title":{"rendered":"Informaci\u00f3n, ubicaci\u00f3n y contacto"},"content":{"rendered":"\n<div class=\"wp-block-stackable-columns alignfull stk-block-columns stk-block stk-16a94b8\" data-block-id=\"16a94b8\"><style>.stk-16a94b8 {margin-bottom:75px !important;}@media screen and (max-width: 767px){.stk-16a94b8 {padding-top:0px !important;padding-right:0px !important;padding-bottom:0px !important;padding-left:0px !important;}}<\/style><div class=\"stk-row stk-inner-blocks stk-block-content stk-content-align stk-16a94b8-column alignfull\">\n<div class=\"wp-block-stackable-column stk-block-column stk-column stk-block stk-dfe9b01 stk-block-background stk--has-background-overlay\" data-v=\"4\" data-block-id=\"dfe9b01\"><style>.stk-dfe9b01 {background-image:url(https:\/\/www.ull.es\/servicios\/biblioteca\/wp-content\/uploads\/sites\/13\/2022\/01\/web-1.jpg) !important;}.stk-dfe9b01:before{background-color:#000000 !important;opacity:0.3 !important;}@media screen and (max-width: 767px){.stk-dfe9b01 {padding-top:0px !important;padding-right:0px !important;padding-bottom:0px !important;padding-left:0px !important;}.stk-dfe9b01-container{min-height:320px !important;}}<\/style><div class=\"stk-column-wrapper stk-block-column__content stk-container stk-dfe9b01-container stk--no-background stk--no-padding\"><div class=\"stk-block-content stk-inner-blocks stk-dfe9b01-inner-blocks\">\n<div class=\"wp-block-stackable-columns alignfull stk-block-columns stk-block stk-3bf239f\" data-block-id=\"3bf239f\"><style>@media screen and (max-width: 1023px){.stk-3bf239f {padding-left:0px !important;}}<\/style><div class=\"stk-row stk-inner-blocks stk-block-content stk-content-align stk-3bf239f-column alignfull\">\n<div class=\"wp-block-stackable-column stk-block-column stk-column stk-block stk-f66584c\" data-v=\"4\" data-block-id=\"f66584c\"><div class=\"stk-column-wrapper stk-block-column__content stk-container stk-f66584c-container stk--no-background stk--no-padding\"><div class=\"stk-block-content stk-inner-blocks stk-f66584c-inner-blocks\">\n<div class=\"wp-block-stackable-heading stk-block-heading stk-block-heading--v2 stk-block stk-1bb54e9\" id=\"biblioteca\" data-block-id=\"1bb54e9\"><style>.stk-1bb54e9 {padding-top:110px !important;padding-right:25px !important;padding-bottom:75px !important;padding-left:380px !important;}.stk-1bb54e9 .stk-block-heading__text{font-size:35px !important;color:#ffffff !important;font-weight:400 !important;}@media screen and (max-width: 1023px){.stk-1bb54e9 {padding-left:55px !important;}.stk-1bb54e9 .stk-block-heading__text{font-size:35px !important;}}@media screen and (max-width: 767px){.stk-1bb54e9 {padding-right:95px !important;padding-left:25px !important;}.stk-1bb54e9 .stk-block-heading__text{font-size:33px !important;}}<\/style><h2 class=\"stk-block-heading__text has-text-color has-text-align-left has-text-align-left-tablet has-text-align-left-mobile\">Biblioteca<\/h2><\/div>\n<\/div><\/div><\/div>\n<\/div><\/div>\n<\/div><\/div><\/div>\n<\/div><\/div>\n\n\n\n<div class=\"wp-block-stackable-columns alignfull stk-block-columns stk-block stk-646b6b6\" data-block-id=\"646b6b6\"><style>.stk-646b6b6 {margin-top:45px !important;}.stk-646b6b6-column{max-width:1140px !important;min-width:auto !important;margin-right:auto !important;margin-left:auto !important;--stk-column-gap:35px !important;}@media screen and (max-width: 1023px){.stk-646b6b6-column{max-width:725px !important;min-width:auto !important;margin-right:auto !important;margin-left:auto !important;}}@media screen and (max-width: 767px){.stk-646b6b6-column{max-width:375px !important;min-width:auto !important;margin-right:auto !important;margin-left:auto !important;}}<\/style><div class=\"stk-row stk-inner-blocks has-text-align-left stk-block-content stk-content-align stk-646b6b6-column alignfull\">\n<div class=\"wp-block-stackable-column stk-block-column stk-column stk-block stk-3e896f3\" data-v=\"4\" data-block-id=\"3e896f3\"><style>.stk-3e896f3-container{margin-top:0px !important;margin-right:0px !important;margin-bottom:0px !important;margin-left:0px !important;}@media screen and (min-width: 768px){.stk-3e896f3 {flex:var(--stk-flex-grow, 1) 1 calc(65% - var(--stk-column-gap, 0px) * 1 \/ 2 ) !important;}}@media screen and (max-width: 767px){.stk-3e896f3 {margin-bottom:24px !important;}}<\/style><div class=\"stk-column-wrapper stk-block-column__content stk-container stk-3e896f3-container stk--no-background stk--no-padding\"><div class=\"stk-block-content stk-inner-blocks stk-3e896f3-inner-blocks\">\n<div class=\"wp-block-stackable-heading stk-block-heading stk-block-heading--v2 stk-block stk-5209636\" id=\"presentacion\" data-block-id=\"5209636\"><style>.stk-5209636 {margin-bottom:12px !important;}.stk-5209636 .stk-block-heading__text{font-size:35px !important;color:#5c068c !important;font-weight:400 !important;}@media screen and (max-width: 1023px){.stk-5209636 .stk-block-heading__text{font-size:35px !important;}}<\/style><h2 class=\"stk-block-heading__text has-text-color\">Presentaci\u00f3n<\/h2><\/div>\n\n\n\n<div class=\"wp-block-stackable-text stk-block-text stk-block stk-b3a6708\" id=\"presentacion\" data-block-id=\"b3a6708\"><style>.stk-b3a6708 .stk-block-text__text{font-size:16px !important;}@media screen and (max-width: 1023px){.stk-b3a6708 .stk-block-text__text{font-size:16px !important;}}<\/style><p class=\"stk-block-text__text\">La Biblioteca de la Universidad de La Laguna es un servicio de apoyo al estudio, la docencia y la investigaci\u00f3n, y est\u00e1 constituida por un conjunto de recursos humanos y materiales organizados para ayudar a las personas usuarias en el proceso de transformar la informaci\u00f3n en conocimiento. Tiene como misi\u00f3n facilitar el acceso y la difusi\u00f3n de los recursos de informaci\u00f3n bibliogr\u00e1fica y documental, a fin de contribuir a la consecuci\u00f3n de los objetivos de la Universidad.<\/p><\/div>\n\n\n\n<div class=\"wp-block-stackable-heading stk-block-heading stk-block-heading--v2 stk-block stk-35530ba\" id=\"servicios-que-ofrece\" data-block-id=\"35530ba\"><style>.stk-35530ba {margin-bottom:12px !important;}.stk-35530ba .stk-block-heading__text{font-size:35px !important;color:#5c068c !important;font-weight:400 !important;}@media screen and (max-width: 1023px){.stk-35530ba .stk-block-heading__text{font-size:35px !important;}}<\/style><h2 class=\"stk-block-heading__text has-text-color\">Servicios que ofrece<\/h2><\/div>\n\n\n\n<div class=\"wp-block-stackable-icon-list stk-block-icon-list stk-block stk-a0704ed\" data-block-id=\"a0704ed\"><style>.stk-a0704ed {--stk-icon-list-icon-size:4px !important;margin-left:15px !important;}.stk-a0704ed .stk-block-icon-list-item__content{align-items:flex-start !important;}.stk-a0704ed ul .stk-block-icon-list-item__content .stk--inner-svg, .stk-a0704ed ol .stk-block-icon-list-item__content .stk-block-icon-list-item__marker{transform:translateY(12px) !important;}.stk-a0704ed ul li, .stk-a0704ed ol li, .stk-a0704ed ul li span, .stk-a0704ed ol li span{font-size:16px !important;}@media screen and (max-width: 1023px){.stk-a0704ed ul li, .stk-a0704ed ol li, .stk-a0704ed ul li span, .stk-a0704ed ol li span{font-size:16px !important;}}<\/style><svg style=\"display:none\"><defs><g id=\"stk-icon-list__icon-svg-def-a0704ed\"><svg xmlns=\"http:\/\/www.w3.org\/2000\/svg\" viewBox=\"0 0 512 512\"><path d=\"M256 512A256 256 0 1 0 256 0a256 256 0 1 0 0 512z\" \/><\/svg><\/g><\/defs><\/svg><ul class=\"stk-block-icon-list__ul stk-block-icon-list--column\">\n<li class=\"wp-block-stackable-icon-list-item stk-block-icon-list-item stk-block stk-ec46ab9\" data-block-id=\"ec46ab9\"><div class=\"stk-block-icon-list-item__content\"><span class=\"stk--svg-wrapper\"><div class=\"stk--inner-svg\"><svg aria-hidden=\"true\" width=\"32\" height=\"32\"><use xlink:href=\"#stk-icon-list__icon-svg-def-a0704ed\"><\/use><\/svg><\/div><\/span><span class=\"stk-block-icon-list-item__text\">Informaci\u00f3n a las personas usuarias: respuesta a consultas generales y especializadas sobre fondos y servicios prestados por la Biblioteca.<\/span><\/div><\/li>\n\n\n\n<li class=\"wp-block-stackable-icon-list-item stk-block-icon-list-item stk-block stk-7acbc0d\" data-block-id=\"7acbc0d\"><div class=\"stk-block-icon-list-item__content\"><span class=\"stk--svg-wrapper\"><div class=\"stk--inner-svg\"><svg aria-hidden=\"true\" width=\"32\" height=\"32\"><use xlink:href=\"#stk-icon-list__icon-svg-def-a0704ed\"><\/use><\/svg><\/div><\/span><span class=\"stk-block-icon-list-item__text\">Recursos electr\u00f3nicos: herramientas e instrumentos de b\u00fasqueda, localizaci\u00f3n y acceso a documentos y recursos electr\u00f3nicos (cat\u00e1logos, metabuscadores, bases de datos, prensa digital, gu\u00edas, tutoriales, etc.) y material en formato electr\u00f3nico (libros, revistas, prensa \u2026).<\/span><\/div><\/li>\n\n\n\n<li class=\"wp-block-stackable-icon-list-item stk-block-icon-list-item stk-block stk-430c257\" data-block-id=\"430c257\"><div class=\"stk-block-icon-list-item__content\"><span class=\"stk--svg-wrapper\"><div class=\"stk--inner-svg\"><svg aria-hidden=\"true\" width=\"32\" height=\"32\"><use xlink:href=\"#stk-icon-list__icon-svg-def-a0704ed\"><\/use><\/svg><\/div><\/span><span class=\"stk-block-icon-list-item__text\">Formaci\u00f3n: actividades formativas sobre el servicio, los recursos de la Biblioteca y la gesti\u00f3n de la informaci\u00f3n (b\u00fasqueda, selecci\u00f3n, evaluaci\u00f3n y uso).<\/span><\/div><\/li>\n\n\n\n<li class=\"wp-block-stackable-icon-list-item stk-block-icon-list-item stk-block stk-1f74d72\" data-block-id=\"1f74d72\"><div class=\"stk-block-icon-list-item__content\"><span class=\"stk--svg-wrapper\"><div class=\"stk--inner-svg\"><svg aria-hidden=\"true\" width=\"32\" height=\"32\"><use xlink:href=\"#stk-icon-list__icon-svg-def-a0704ed\"><\/use><\/svg><\/div><\/span><span class=\"stk-block-icon-list-item__text\">Consulta en sala.<\/span><\/div><\/li>\n\n\n\n<li class=\"wp-block-stackable-icon-list-item stk-block-icon-list-item stk-block stk-64851c2\" data-block-id=\"64851c2\"><div class=\"stk-block-icon-list-item__content\"><span class=\"stk--svg-wrapper\"><div class=\"stk--inner-svg\"><svg aria-hidden=\"true\" width=\"32\" height=\"32\"><use xlink:href=\"#stk-icon-list__icon-svg-def-a0704ed\"><\/use><\/svg><\/div><\/span><span class=\"stk-block-icon-list-item__text\">Pr\u00e9stamo domiciliario utilizando los mostradores de todos los puntos del servicio.<\/span><\/div><\/li>\n\n\n\n<li class=\"wp-block-stackable-icon-list-item stk-block-icon-list-item stk-block stk-29f4f7b\" data-block-id=\"29f4f7b\"><div class=\"stk-block-icon-list-item__content\"><span class=\"stk--svg-wrapper\"><div class=\"stk--inner-svg\"><svg aria-hidden=\"true\" width=\"32\" height=\"32\"><use xlink:href=\"#stk-icon-list__icon-svg-def-a0704ed\"><\/use><\/svg><\/div><\/span><span class=\"stk-block-icon-list-item__text\">Pr\u00e9stamo interbibliotecario: obtenci\u00f3n de documentos no disponibles en la Biblioteca.<\/span><\/div><\/li>\n\n\n\n<li class=\"wp-block-stackable-icon-list-item stk-block-icon-list-item stk-block stk-b353d05\" data-block-id=\"b353d05\"><div class=\"stk-block-icon-list-item__content\"><span class=\"stk--svg-wrapper\"><div class=\"stk--inner-svg\"><svg aria-hidden=\"true\" width=\"32\" height=\"32\"><use xlink:href=\"#stk-icon-list__icon-svg-def-a0704ed\"><\/use><\/svg><\/div><\/span><span class=\"stk-block-icon-list-item__text\">Selecci\u00f3n y adquisici\u00f3n de recursos de informaci\u00f3n: impresos y digitales sugeridos por los usuarios.<\/span><\/div><\/li>\n\n\n\n<li class=\"wp-block-stackable-icon-list-item stk-block-icon-list-item stk-block stk-3ab5e81\" data-block-id=\"3ab5e81\"><div class=\"stk-block-icon-list-item__content\"><span class=\"stk--svg-wrapper\"><div class=\"stk--inner-svg\"><svg aria-hidden=\"true\" width=\"32\" height=\"32\"><use xlink:href=\"#stk-icon-list__icon-svg-def-a0704ed\"><\/use><\/svg><\/div><\/span><span class=\"stk-block-icon-list-item__text\">Instalaciones y equipamiento: salas de lectura, espacios para trabajo en grupo, salas de conferencias y exposiciones, port\u00e1tiles en pr\u00e9stamo, reprograf\u00eda, etc.<\/span><\/div><\/li>\n\n\n\n<li class=\"wp-block-stackable-icon-list-item stk-block-icon-list-item stk-block stk-a44ecf9\" data-block-id=\"a44ecf9\"><div class=\"stk-block-icon-list-item__content\"><span class=\"stk--svg-wrapper\"><div class=\"stk--inner-svg\"><svg aria-hidden=\"true\" width=\"32\" height=\"32\"><use xlink:href=\"#stk-icon-list__icon-svg-def-a0704ed\"><\/use><\/svg><\/div><\/span><span class=\"stk-block-icon-list-item__text\">Extensi\u00f3n bibliotecaria: organizaci\u00f3n y difusi\u00f3n de exposiciones, visitas guiadas, conferencias, club de lectura, etc.<\/span><\/div><\/li>\n<\/ul><\/div>\n\n\n\n<div class=\"wp-block-stackable-heading stk-block-heading stk-block-heading--v2 stk-block stk-2e9b8f3\" id=\"direccion-y-administracion\" data-block-id=\"2e9b8f3\"><style>.stk-2e9b8f3 {margin-bottom:12px !important;}.stk-2e9b8f3 .stk-block-heading__text{font-size:35px !important;color:#5c068c !important;font-weight:400 !important;}@media screen and (max-width: 1023px){.stk-2e9b8f3 .stk-block-heading__text{font-size:35px !important;}}<\/style><h2 class=\"stk-block-heading__text has-text-color\">Direcci\u00f3n y administraci\u00f3n<\/h2><\/div>\n\n\n\n<div class=\"wp-block-stackable-text stk-block-text stk-block stk-3f949dc\" data-block-id=\"3f949dc\"><style>.stk-3f949dc .stk-block-text__text{font-size:16px !important;line-height:1.5em !important;}@media screen and (max-width: 1023px){.stk-3f949dc .stk-block-text__text{font-size:16px !important;}}<\/style><p class=\"stk-block-text__text\"><strong>Direcci\u00f3n<\/strong><br><br>Soledad Jacobe Mart\u00ednez. 922 317 928,\u00a0<a href=\"mailto:sjacobem@ull.es\" target=\"_blank\" rel=\"noreferrer noopener\" target=\"_blank\" rel=\"noopener\">sjacobem@ull.es<\/a><br><br><strong>Subdirecci\u00f3n de Nuevas Tecnolog\u00edas de la Informaci\u00f3n y Formato Electr\u00f3nico<\/strong><br><br>Inmaculada Rey Merino. 922 317 844,\u00a0<a href=\"mailto:ireyme@ull.es\" target=\"_blank\" rel=\"noreferrer noopener\" target=\"_blank\" rel=\"noopener\">ireyme@ull.es<\/a><br><br><strong>Subdirecci\u00f3n de Servicios, Administraci\u00f3n y Calidad<\/strong><br><br><br><strong>Secci\u00f3n de Arte y Humanidades<\/strong><br><br>F\u00e1tima Sainz Sainz. 922 317 840,\u00a0<a href=\"mailto:fsainz@ull.es\" target=\"_blank\" rel=\"noreferrer noopener\" target=\"_blank\" rel=\"noopener\">fsainz@ull.es<\/a>\u00a0(Jefa de Secci\u00f3n)<br><br><strong>Secci\u00f3n de Automatizaci\u00f3n<\/strong><br><br>Joaquina Larrod\u00e9 Garc\u00eda. 922 317 452,\u00a0<a href=\"mailto:jlarrode@ull.es\" target=\"_blank\" rel=\"noreferrer noopener\" target=\"_blank\" rel=\"noopener\">jlarrode@ull.es<\/a>\u00a0(Jefa de Secci\u00f3n)<br><br>Vacante (Responsable de Biblioteca digital)<br><br><strong>Secci\u00f3n de Ciencias de la Salud<\/strong><br><br>Mar\u00eda Jes\u00fas Moreno Lorenzo Tel. 922 319 298\u00a0<a href=\"mailto:mjmoreno@ull.es\" target=\"_blank\" rel=\"noreferrer noopener\" target=\"_blank\" rel=\"noopener\">mjmoreno@ull.es<\/a>\u00a0(Jefa de Secci\u00f3n)<br><br><strong>Secci\u00f3n de Ciencias Sociales y Jur\u00eddicas<\/strong><br><br>Silvia Molero Avil\u00e9s. 922317144,\u00a0<a href=\"mailto:sibemol@ull.es\" target=\"_blank\" rel=\"noreferrer noopener\" target=\"_blank\" rel=\"noopener\">sibemol@ull.es<\/a>\u00a0(Jefa de Secci\u00f3n)<br><br><strong>Secci\u00f3n de Ciencias y T\u00e9cnicas<\/strong><br><br>Delfina Galv\u00e1n Alonso. 922 318 117,\u00a0<a href=\"mailto:degalva@ull.es\" target=\"_blank\" rel=\"noreferrer noopener\" target=\"_blank\" rel=\"noopener\">degalva@ull.es<\/a>\u00a0(Jefa de Secci\u00f3n)<br><br>Josefina del Carmen Padilla Hern\u00e1ndez. 922 318 115\u00a0<a href=\"mailto:jpadilla@ull.es\" target=\"_blank\" rel=\"noreferrer noopener\" target=\"_blank\" rel=\"noopener\">jpadilla@ull.es<\/a>\u00a0(Administrativa)<br><br><strong>Secci\u00f3n de Coordinaci\u00f3n<\/strong><br><br>Jos\u00e9 Manuel Erbez Rodr\u00edguez. 922 317 625,\u00a0<a href=\"mailto:jerbez@ull.es\" target=\"_blank\" rel=\"noreferrer noopener\" target=\"_blank\" rel=\"noopener\">jerbez@ull.es<\/a>\u00a0(Jefe de Secci\u00f3n)<br><br>Margarita D\u00edaz P\u00e9rez . 922 317 829,\u00a0<a href=\"mailto:mardiper@ull.es\" target=\"_blank\" rel=\"noreferrer noopener\" target=\"_blank\" rel=\"noopener\">mardiper@ull.es<\/a>\u00a0(Administrativa)<br><br><strong>Secci\u00f3n de Fondos Especiales y Digitalizaci\u00f3n<\/strong><br><br>Dolores Carmen Garc\u00eda-Ramos Medina. 922 317 815,\u00a0\u00a0<a href=\"mailto:dcgaram@ull.es\" target=\"_blank\" rel=\"noreferrer noopener\" target=\"_blank\" rel=\"noopener\">dcgaram@ull.es<\/a>\u00a0(Jefa de Secci\u00f3n)<br><br>Nancy Mendoza Arteaga. 922 317 827,\u00a0<a href=\"mailto:namendo@ull.es\" target=\"_blank\" rel=\"noreferrer noopener\" target=\"_blank\" rel=\"noopener\">namendo@ull.es<\/a>\u00a0(Administrativa)<br><br><strong>Negociado de Administraci\u00f3n<\/strong><br><br>Isabel de las Casas Arteaga 922 317 860\u00a0<a href=\"mailto:iscasas@ull.es\" target=\"_blank\" rel=\"noreferrer noopener\" target=\"_blank\" rel=\"noopener\">iscasas@ull.es<\/a>\u00a0(Jefa de Negociado)<br><br>Luis \u00c1lvarez Morales. 922 317 976,\u00a0<a href=\"mailto:luidalmo@ull.es\" target=\"_blank\" rel=\"noreferrer noopener\" target=\"_blank\" rel=\"noopener\">luidalmo@ull.es<\/a>\u00a0(Colaborador)<\/p><\/div>\n<\/div><\/div><\/div>\n\n\n\n<div class=\"wp-block-stackable-column stk-block-column stk-column stk-block stk-57f460e\" data-v=\"4\" data-block-id=\"57f460e\"><style>.stk-57f460e-container{margin-top:0px !important;margin-right:0px !important;margin-bottom:0px !important;margin-left:0px !important;}@media screen and (min-width: 768px){.stk-57f460e {flex:var(--stk-flex-grow, 1) 1 calc(35% - var(--stk-column-gap, 0px) * 1 \/ 2 ) !important;}}<\/style><div class=\"stk-column-wrapper stk-block-column__content stk-container stk-57f460e-container stk--no-background stk--no-padding\"><div class=\"stk-block-content stk-inner-blocks stk-57f460e-inner-blocks\">\n<div class=\"wp-block-stackable-button-group stk-block-button-group stk-block stk-db36400\" data-block-id=\"db36400\"><style>.stk-db36400 .stk-button-group{flex-direction:column !important;align-items:stretch !important;}.stk-db36400 .stk-block{flex-basis:auto !important;}.stk-db36400 .stk-block-button, .stk-db36400 .stk-block-icon-button{flex:1 0 0% !important;}.stk-db36400 {margin-bottom:40px !important;}<\/style><div class=\"stk-row stk-inner-blocks has-text-align-left stk-block-content stk-button-group\">\n<div class=\"wp-block-stackable-button stk-block-button has-text-align-left o-anim-hover stk-block stk-d38c9ed\" data-block-id=\"d38c9ed\"><style>.stk-d38c9ed .stk-button{background:#5c068c !important;}.stk-d38c9ed .stk-button .stk--inner-svg svg:last-child{margin-inline-start:50px !important;}.stk-d38c9ed .stk-button__inner-text{color:#ffffff !important;}<\/style><a class=\"stk-link stk-button stk--hover-effect-darken\" href=\"https:\/\/www.ull.es\/servicios\/biblioteca\/historia\/\" target=\"_blank\" rel=\"noreferrer noopener\" target=\"_blank\" rel=\"noopener\"><span class=\"has-text-color stk-button__inner-text\">Historia<\/span><\/a><\/div>\n\n\n\n<div class=\"wp-block-stackable-button stk-block-button has-text-align-left stk-block stk-335c579\" data-block-id=\"335c579\"><style>.stk-335c579 .stk-button{background:#5c068c !important;}.stk-335c579 .stk-button .stk--inner-svg svg:last-child{margin-inline-start:62px !important;}.stk-335c579 .stk-button__inner-text{color:#ffffff !important;}<\/style><a class=\"stk-link stk-button stk--hover-effect-darken\" href=\"https:\/\/www.ull.es\/servicios\/biblioteca\/documentacion\/\" target=\"_blank\" rel=\"noreferrer noopener\" target=\"_blank\" rel=\"noopener\"><span class=\"has-text-color stk-button__inner-text\">Documentaci\u00f3n<\/span><\/a><\/div>\n<\/div><\/div>\n\n\n\n<div class=\"wp-block-stackable-columns stk-block-columns stk-block stk-33506ee\" data-block-id=\"33506ee\"><style>.stk-33506ee {border-style:solid !important;border-color:#eeeeee !important;border-top-width:1px !important;border-right-width:1px !important;border-bottom-width:1px !important;border-left-width:1px !important;}<\/style><div class=\"stk-row stk-inner-blocks stk-block-content stk-content-align stk-33506ee-column\">\n<div class=\"wp-block-stackable-column stk-block-column stk-column stk-block stk-f985361\" data-v=\"4\" data-block-id=\"f985361\"><style>.stk-f985361-container{margin-top:0px !important;margin-right:0px !important;margin-bottom:0px !important;margin-left:0px !important;}.stk-f985361 {padding-top:0px !important;padding-right:0px !important;padding-bottom:0px !important;padding-left:0px !important;}<\/style><div class=\"stk-column-wrapper stk-block-column__content stk-container stk-f985361-container stk--no-background stk--no-padding\"><div class=\"stk-block-content stk-inner-blocks stk-f985361-inner-blocks\">\n<ul class=\"widget-box\">\n<li class='contacto-header'>Informaci\u00f3n de contacto<\/li><li><i class=\"fa fa-map-marker\"><\/i> Camino La Hornera, s\/n. Biblioteca General y de Humanidades. Apartado 456. C\u00f3digo postal 38200. San Crist\u00f3bal de La Laguna. S\/C de Tenerife.<\/li>        <li>\n\t    <a id=\"islpronto_link\" href=\"https:\/\/www.ull.es\/soporte\/stic\/Form\/Render\/3?token=T7fY26okpMJYqgSNcHx0kD4YFX7uu7M6MFgtRxEH\"><img decoding=\"async\" src=\"https:\/\/support.webs.ull.es\/isl\/bbtk\/islpronto-chat.jpg\" id=\"islpronto_image\" border=\"0\" \/><\/a>\n            <script src=\"\/\/soporte.stic.ull.es\/live\/islpronto\/public\/chat.js?d=bbtk&amp;lang=es\"><\/script>\n        <\/li>\n    <li><i class=\"fa fa-phone\"><\/i> (+34) 922 31 78 30<\/li><li><i class=\"fa fa-envelope\"><\/i>  <a href=mailto:bull@ull.es>bull@ull.es<\/a><\/li><li><i class=\"fa fa-clock-o\"><\/i> De 08:30 a 20:30h.<\/li><li><i class=\"fa fa-list-ul\"><\/i><a href=\"http:\/\/riull.ull.es\/xmlui\/bitstream\/handle\/915\/3870\/CS_biblioteca.pdf\"> Carta de servicios<\/a><\/li><li><i class=\"fa fa-pencil-square-o\"><\/i><a href=\"https:\/\/encuestas.ull.es\/index.php?r=survey\/index&sid=36865&lang=es\"> Encuesta de satisfacci\u00f3n<\/a><\/li><li><i class=\"fa fa-archive\"><\/i><a href=\"https:\/\/sede.ull.es\/ecivilis-site\/catalog\/showProcedure\/484\"> Procedimiento para quejas, sugerencias y felicitaciones<\/a><\/li>\n<\/ul>\n\n\n<\/div><\/div><\/div>\n<\/div><\/div>\n<\/div><\/div><\/div>\n<\/div><\/div>\n","protected":false},"excerpt":{"rendered":"<p>Biblioteca Presentaci\u00f3n La Biblioteca de la Universidad de La Laguna es un servicio de apoyo al estudio, la docencia y la investigaci\u00f3n, y est\u00e1 constituida por un conjunto de recursos humanos y materiales organizados para ayudar a las personas usuarias en el proceso de transformar la informaci\u00f3n en conocimiento. Tiene como misi\u00f3n facilitar el acceso&#8230;<\/p>\n","protected":false},"author":1,"featured_media":0,"parent":0,"menu_order":0,"comment_status":"closed","ping_status":"closed","template":"templates\/template-frontpage.php","meta":{"_acf_changed":false,"footnotes":""},"class_list":["post-6162","page","type-page","status-publish","hentry"],"acf":[],"_links":{"self":[{"href":"https:\/\/www.ull.es\/servicios\/biblioteca\/wp-json\/wp\/v2\/pages\/6162","targetHints":{"allow":["GET"]}}],"collection":[{"href":"https:\/\/www.ull.es\/servicios\/biblioteca\/wp-json\/wp\/v2\/pages"}],"about":[{"href":"https:\/\/www.ull.es\/servicios\/biblioteca\/wp-json\/wp\/v2\/types\/page"}],"author":[{"embeddable":true,"href":"https:\/\/www.ull.es\/servicios\/biblioteca\/wp-json\/wp\/v2\/users\/1"}],"replies":[{"embeddable":true,"href":"https:\/\/www.ull.es\/servicios\/biblioteca\/wp-json\/wp\/v2\/comments?post=6162"}],"version-history":[{"count":72,"href":"https:\/\/www.ull.es\/servicios\/biblioteca\/wp-json\/wp\/v2\/pages\/6162\/revisions"}],"predecessor-version":[{"id":13394,"href":"https:\/\/www.ull.es\/servicios\/biblioteca\/wp-json\/wp\/v2\/pages\/6162\/revisions\/13394"}],"wp:attachment":[{"href":"https:\/\/www.ull.es\/servicios\/biblioteca\/wp-json\/wp\/v2\/media?parent=6162"}],"curies":[{"name":"wp","href":"https:\/\/api.w.org\/{rel}","templated":true}]}}