{"id":6432,"date":"2018-06-28T08:17:29","date_gmt":"2018-06-28T08:17:29","guid":{"rendered":"http:\/\/biblioteca.bigmountain.studio\/?page_id=6432"},"modified":"2026-03-18T15:25:45","modified_gmt":"2026-03-18T15:25:45","slug":"sede","status":"publish","type":"page","link":"https:\/\/www.ull.es\/servicios\/biblioteca\/sede\/","title":{"rendered":"Bibliotecas"},"content":{"rendered":"\n<div class=\"wp-block-stackable-columns alignfull stk-block-columns stk-block stk-16a94b8\" data-block-id=\"16a94b8\"><style>.stk-16a94b8 {margin-bottom:75px !important;}@media screen and (max-width: 767px){.stk-16a94b8 {padding-top:0px !important;padding-right:0px !important;padding-bottom:0px !important;padding-left:0px !important;}}<\/style><div class=\"stk-row stk-inner-blocks stk-block-content stk-content-align stk-16a94b8-column alignfull\">\n<div class=\"wp-block-stackable-column stk-block-column stk-column stk-block stk-dfe9b01 stk-block-background stk--has-background-overlay\" data-v=\"4\" data-block-id=\"dfe9b01\"><style>.stk-dfe9b01 {background-image:url(https:\/\/www.ull.es\/servicios\/biblioteca\/wp-content\/uploads\/sites\/13\/2022\/01\/web-1.jpg) !important;}.stk-dfe9b01:before{background-color:#000000 !important;opacity:0.3 !important;}@media screen and (max-width: 767px){.stk-dfe9b01 {padding-top:0px !important;padding-right:0px !important;padding-bottom:0px !important;padding-left:0px !important;}.stk-dfe9b01-container{min-height:320px !important;}}<\/style><div class=\"stk-column-wrapper stk-block-column__content stk-container stk-dfe9b01-container stk--no-background stk--no-padding\"><div class=\"stk-block-content stk-inner-blocks stk-dfe9b01-inner-blocks\">\n<div class=\"wp-block-stackable-columns alignfull stk-block-columns stk-block stk-3bf239f\" data-block-id=\"3bf239f\"><style>@media screen and (max-width: 1023px){.stk-3bf239f {padding-left:0px !important;}}<\/style><div class=\"stk-row stk-inner-blocks stk-block-content stk-content-align stk-3bf239f-column alignfull\">\n<div class=\"wp-block-stackable-column stk-block-column stk-column stk-block stk-f66584c\" data-v=\"4\" data-block-id=\"f66584c\"><div class=\"stk-column-wrapper stk-block-column__content stk-container stk-f66584c-container stk--no-background stk--no-padding\"><div class=\"stk-block-content stk-inner-blocks stk-f66584c-inner-blocks\">\n<div class=\"wp-block-stackable-heading stk-block-heading stk-block-heading--v2 stk-block stk-1bb54e9\" id=\"biblioteca\" data-block-id=\"1bb54e9\"><style>.stk-1bb54e9 {padding-top:110px !important;padding-right:25px !important;padding-bottom:75px !important;padding-left:380px !important;}.stk-1bb54e9 .stk-block-heading__text{font-size:35px !important;color:#ffffff !important;font-weight:400 !important;}@media screen and (max-width: 1023px){.stk-1bb54e9 {padding-left:55px !important;}.stk-1bb54e9 .stk-block-heading__text{font-size:35px !important;}}@media screen and (max-width: 767px){.stk-1bb54e9 {padding-right:95px !important;padding-left:25px !important;}.stk-1bb54e9 .stk-block-heading__text{font-size:33px !important;}}<\/style><h2 class=\"stk-block-heading__text has-text-color has-text-align-left has-text-align-left-tablet has-text-align-left-mobile\">Biblioteca<\/h2><\/div>\n<\/div><\/div><\/div>\n<\/div><\/div>\n<\/div><\/div><\/div>\n<\/div><\/div>\n\n\n\n<div class=\"wp-block-stackable-columns alignfull stk-block-columns stk-block stk-646b6b6\" data-block-id=\"646b6b6\"><style>.stk-646b6b6 {margin-top:45px !important;}.stk-646b6b6-column{max-width:1140px !important;min-width:auto !important;margin-right:auto !important;margin-left:auto !important;--stk-column-gap:35px !important;}@media screen and (max-width: 1023px){.stk-646b6b6-column{max-width:725px !important;min-width:auto !important;margin-right:auto !important;margin-left:auto !important;}}@media screen and (max-width: 767px){.stk-646b6b6-column{max-width:375px !important;min-width:auto !important;margin-right:auto !important;margin-left:auto !important;}}<\/style><div class=\"stk-row stk-inner-blocks has-text-align-left stk-block-content stk-content-align stk-646b6b6-column alignfull\">\n<div class=\"wp-block-stackable-column stk-block-column stk-column stk-block stk-3e896f3\" data-v=\"4\" data-block-id=\"3e896f3\"><style>.stk-3e896f3-container{margin-top:0px !important;margin-right:0px !important;margin-bottom:0px !important;margin-left:0px !important;}.stk-3e896f3-inner-blocks{row-gap:12px !important;}@media screen and (min-width: 768px){.stk-3e896f3 {flex:var(--stk-flex-grow, 1) 1 calc(65% - var(--stk-column-gap, 0px) * 1 \/ 2 ) !important;}}@media screen and (max-width: 767px){.stk-3e896f3 {margin-bottom:24px !important;}}<\/style><div class=\"stk-column-wrapper stk-block-column__content stk-container stk-3e896f3-container stk--no-background stk--no-padding\"><div class=\"stk-block-content stk-inner-blocks stk-3e896f3-inner-blocks\">\n<div class=\"wp-block-stackable-heading stk-block-heading stk-block-heading--v2 stk-block stk-5209636\" id=\"bibliotecas\" data-block-id=\"5209636\"><style>.stk-5209636 {margin-bottom:12px !important;}.stk-5209636 .stk-block-heading__text{font-size:35px !important;color:#5c068c !important;font-weight:400 !important;}@media screen and (max-width: 1023px){.stk-5209636 .stk-block-heading__text{font-size:35px !important;}}<\/style><h2 class=\"stk-block-heading__text has-text-color\">Bibliotecas<\/h2><\/div>\n\n\n\n<div class=\"wp-block-stackable-columns stk-block-columns stk-block stk-2dc7c7c\" data-block-id=\"2dc7c7c\"><div class=\"stk-row stk-inner-blocks stk-block-content stk-content-align stk-2dc7c7c-column\">\n<div class=\"wp-block-stackable-column stk-block-column stk-column stk--hide-tablet stk--hide-mobile stk-block stk-1fd38de\" data-v=\"4\" data-block-id=\"1fd38de\"><div class=\"stk-column-wrapper stk-block-column__content stk-container stk-1fd38de-container stk--no-background stk--no-padding\"><div class=\"stk-block-content stk-inner-blocks stk-1fd38de-inner-blocks\">\n<iframe loading=\"lazy\" src=\"https:\/\/www.google.com\/maps\/d\/embed?mid=1FdvXljkHHf8sSyyItmdo7WWF4y8&#038;hl=es\" width=\"640\" height=\"300\"><\/iframe>\n<\/div><\/div><\/div>\n\n\n\n<div class=\"wp-block-stackable-column stk-block-column stk-column stk--hide-desktop stk--hide-mobile stk-block stk-49b23da\" data-v=\"4\" data-block-id=\"49b23da\"><div class=\"stk-column-wrapper stk-block-column__content stk-container stk-49b23da-container stk--no-background stk--no-padding\"><div class=\"stk-block-content stk-inner-blocks stk-49b23da-inner-blocks\">\n<iframe loading=\"lazy\" src=\"https:\/\/www.google.com\/maps\/d\/embed?mid=1FdvXljkHHf8sSyyItmdo7WWF4y8&amp;hl=es\" width=\"448\" height=\"300\" style=\"pointer-events: none;\"><\/iframe>\n<\/div><\/div><\/div>\n\n\n\n<div class=\"wp-block-stackable-column stk-block-column stk-column stk--hide-desktop stk--hide-tablet stk-block stk-8cd0222\" data-v=\"4\" data-block-id=\"8cd0222\"><div class=\"stk-column-wrapper stk-block-column__content stk-container stk-8cd0222-container stk--no-background stk--no-padding\"><div class=\"stk-block-content stk-inner-blocks stk-8cd0222-inner-blocks\">\n<iframe loading=\"lazy\" src=\"https:\/\/www.google.com\/maps\/d\/embed?mid=1FdvXljkHHf8sSyyItmdo7WWF4y8&amp;hl=es\" width=\"364\" height=\"300\" style=\"pointer-events: none;\"><\/iframe>\n<\/div><\/div><\/div>\n<\/div><\/div>\n\n\n\n<div class=\"wp-block-stackable-heading stk-block-heading stk-block-heading--v2 stk-block stk-d432c49\" id=\"sedes\" data-block-id=\"d432c49\"><style>.stk-d432c49 {margin-top:24px !important;margin-bottom:4px !important;}.stk-d432c49 .stk-block-heading__text{font-size:26px !important;}@media screen and (max-width: 1023px){.stk-d432c49 .stk-block-heading__text{font-size:26px !important;}}<\/style><h2 class=\"stk-block-heading__text\">Sedes<\/h2><\/div>\n\n\n\n<ul>\n<li><a title=\"Arquitectura T\u00e9cnica\" href=\"https:\/\/www.ull.es\/servicios\/biblioteca\/sede\/arquitectura-tecnica-e-ingenieria-civil\/\" target=\"_blank\" rel=\"noopener\" target=\"_blank\" rel=\"noopener\">Arquitectura T\u00e9cnica e Ingenier\u00eda Civil<\/a><\/li>\n<li><a title=\"Bellas Artes\" href=\"https:\/\/www.ull.es\/servicios\/biblioteca\/sede\/bellas-artes\/\" target=\"_blank\" rel=\"noopener\" target=\"_blank\" rel=\"noopener\">Bellas Artes<\/a><\/li>\n<li><a href=\"https:\/\/www.ull.es\/servicios\/biblioteca\/sede\/biblioteca-general-y-de-humanidades\/\" target=\"_blank\" rel=\"noopener\" target=\"_blank\" rel=\"noopener\">Biblioteca General y de Humanidades<\/a>\n<ul>\n<li>Planta 0:\n<ul>\n<li><a href=\"https:\/\/www.ull.es\/servicios\/biblioteca\/sede\/espacio-igualdad-bgyh\/\" target=\"_blank\" rel=\"noopener\" target=\"_blank\" rel=\"noopener\">Espacio de Igualdad de Humanidades<\/a><\/li>\n<li><a href=\"https:\/\/www.ull.es\/eventos\/fondo-antiguo\/\" target=\"_blank\" rel=\"noopener\" target=\"_blank\" rel=\"noopener\">Fondo antiguo<\/a><\/li>\n<\/ul>\n<\/li>\n<li>Planta 1:\n<ul>\n<li><a href=\"https:\/\/www.ull.es\/servicios\/biblioteca\/sede\/canarias\/\" target=\"_blank\" rel=\"noopener\" target=\"_blank\" rel=\"noopener\">Canarias<\/a><\/li>\n<\/ul>\n<\/li>\n<li>Planta 2\n<ul>\n<li><a href=\"https:\/\/www.ull.es\/servicios\/biblioteca\/sede\/biblioteconomia-y-documentacion\/\" target=\"_blank\" rel=\"noopener\" target=\"_blank\" rel=\"noopener\">Biblioteconom\u00eda y Documentaci\u00f3n<\/a><\/li>\n<li><a href=\"https:\/\/www.ull.es\/servicios\/biblioteca\/sede\/cartoteca-mediateca\/\" target=\"_blank\" rel=\"noopener\" target=\"_blank\" rel=\"noopener\">Cartoteca y Mediateca<\/a><\/li>\n<li><a href=\"https:\/\/www.ull.es\/servicios\/biblioteca\/sede\/hemeroteca-humanidades\/\" target=\"_blank\" rel=\"noopener\" target=\"_blank\" rel=\"noopener\">Hemeroteca de Humanidades<\/a><\/li>\n<li><a href=\"https:\/\/www.ull.es\/servicios\/biblioteca\/servicios\/prestamo-interbibliotecario\/\" target=\"_blank\" rel=\"noopener\" target=\"_blank\" rel=\"noopener\">Pr\u00e9stamo Interbibliotecario<\/a><\/li>\n<li><a href=\"https:\/\/www.ull.es\/servicios\/biblioteca\/sede\/tesis\" target=\"_blank\" rel=\"noopener\" target=\"_blank\" rel=\"noopener\">Tesis<\/a><\/li>\n<\/ul>\n<\/li>\n<li>Planta 3\n<ul>\n<li><a href=\"https:\/\/www.ull.es\/servicios\/biblioteca\/sede\/geografia-historia\/\" target=\"_blank\" rel=\"noopener\" target=\"_blank\" rel=\"noopener\">Geograf\u00eda e Historia<\/a><\/li>\n<\/ul>\n<\/li>\n<li>Planta 4\n<ul>\n<li><a href=\"https:\/\/www.ull.es\/servicios\/biblioteca\/sede\/filologia\/\" target=\"_blank\" rel=\"noopener\" target=\"_blank\" rel=\"noopener\">Filolog\u00eda<\/a><\/li>\n<\/ul>\n<\/li>\n<li>Planta 5\n<ul>\n<li><a href=\"https:\/\/www.ull.es\/servicios\/biblioteca\/sede\/filosofia\/\" target=\"_blank\" rel=\"noopener\" target=\"_blank\" rel=\"noopener\">Filosof\u00eda<\/a><\/li>\n<li><a href=\"https:\/\/www.ull.es\/servicios\/biblioteca\/sede\/psicologia\/\" target=\"_blank\" rel=\"noopener\" target=\"_blank\" rel=\"noopener\">Psicolog\u00eda<\/a><\/li>\n<\/ul>\n<\/li>\n<\/ul>\n<\/li>\n<li><a href=\"https:\/\/www.ull.es\/servicios\/biblioteca\/sede\/ciencias-informacion\/\" target=\"_blank\" rel=\"noopener\" target=\"_blank\" rel=\"noopener\">Ciencias de la Informaci\u00f3n<\/a><\/li>\n<li><a href=\"https:\/\/www.ull.es\/servicios\/biblioteca\/sede\/ciencias-salud\/\" target=\"_blank\" rel=\"noopener\" target=\"_blank\" rel=\"noopener\">Ciencias de la Salud<\/a><\/li>\n<li><a href=\"https:\/\/www.ull.es\/servicios\/biblioteca\/sede\/derecho-ciencias-sociales\/\" target=\"_blank\" rel=\"noopener\" target=\"_blank\" rel=\"noopener\">Derecho y Ciencias Sociales<\/a><\/li>\n<li><a href=\"https:\/\/www.ull.es\/servicios\/biblioteca\/sede\/economia-empresa-turismo\/\" target=\"_blank\" rel=\"noopener\" target=\"_blank\" rel=\"noopener\">Econom\u00eda, Empresa y Turismo<\/a><\/li>\n<li><a href=\"https:\/\/www.ull.es\/servicios\/biblioteca\/sede\/educacion\/\" target=\"_blank\" rel=\"noopener\" target=\"_blank\" rel=\"noopener\">Educaci\u00f3n<\/a><\/li>\n<li><a href=\"https:\/\/www.ull.es\/servicios\/biblioteca\/sede\/farmacia\/\" target=\"_blank\" rel=\"noopener\" target=\"_blank\" rel=\"noopener\">Farmacia<\/a><\/li>\n<li><a href=\"https:\/\/www.ull.es\/servicios\/biblioteca\/sede\/ingenieria-agraria\/\" target=\"_blank\" rel=\"noopener\" target=\"_blank\" rel=\"noopener\">Ingenier\u00eda Agraria<\/a><\/li>\n<li><a href=\"https:\/\/www.ull.es\/servicios\/biblioteca\/sede\/ingenieriaytecnologia\/\" target=\"_blank\" rel=\"noopener\" target=\"_blank\" rel=\"noopener\">Ingenier\u00eda y Tecnolog\u00eda<\/a><\/li>\n<li><a href=\"https:\/\/www.ull.es\/servicios\/biblioteca\/sede\/matematicas-fisica-e-ingenieria-industrial\/\" target=\"_blank\" rel=\"noopener\" target=\"_blank\" rel=\"noopener\">Matem\u00e1ticas y F\u00edsica<\/a><\/li>\n<li><a href=\"https:\/\/www.ull.es\/servicios\/biblioteca\/sede\/nautica-maquinas-y-radioelectronica-naval\/\" target=\"_blank\" rel=\"noopener\" target=\"_blank\" rel=\"noopener\">N\u00e1utica<\/a><\/li>\n<li><a href=\"https:\/\/www.ull.es\/servicios\/biblioteca\/sede\/quimica-y-biologia\/\" target=\"_blank\" rel=\"noopener\" target=\"_blank\" rel=\"noopener\">Qu\u00edmica y Biolog\u00eda<\/a><\/li>\n<\/ul>\n\n\n\n<div class=\"wp-block-stackable-heading stk-block-heading stk-block-heading--v2 stk-block stk-80da80f\" id=\"servicios\" data-block-id=\"80da80f\"><style>.stk-80da80f {margin-bottom:5px !important;}.stk-80da80f .stk-block-heading__text{font-size:26px !important;}@media screen and (max-width: 1023px){.stk-80da80f .stk-block-heading__text{font-size:26px !important;}}<\/style><h2 class=\"stk-block-heading__text\">Servicios<\/h2><\/div>\n\n\n\n<div class=\"wp-block-stackable-heading stk-block-heading stk-block-heading--v2 stk-block stk-30d7392\" id=\"informacion-y-prestamos\" data-block-id=\"30d7392\"><style>.stk-30d7392 {margin-bottom:10px !important;}.stk-30d7392 .stk-block-heading__text{font-size:22px !important;}@media screen and (max-width: 1023px){.stk-30d7392 .stk-block-heading__text{font-size:22px !important;}}<\/style><h3 class=\"stk-block-heading__text\">Informaci\u00f3n y pr\u00e9stamos<\/h3><\/div>\n\n\n\n<div class=\"wp-block-stackable-icon-list stk-block-icon-list stk-block stk-cf493c5\" data-block-id=\"cf493c5\"><style>.stk-cf493c5 {--stk-icon-list-icon-size:4px !important;margin-left:15px !important;}.stk-cf493c5 .stk-block-icon-list-item__content{align-items:flex-start !important;}.stk-cf493c5 ul .stk-block-icon-list-item__content .stk--inner-svg, .stk-cf493c5 ol .stk-block-icon-list-item__content .stk-block-icon-list-item__marker{transform:translateY(11px) !important;}.stk-cf493c5 ul li, .stk-cf493c5 ol li, .stk-cf493c5 ul li span, .stk-cf493c5 ol li span{font-size:16px !important;}@media screen and (max-width: 1023px){.stk-cf493c5 ul li, .stk-cf493c5 ol li, .stk-cf493c5 ul li span, .stk-cf493c5 ol li span{font-size:16px !important;}}<\/style><svg style=\"display:none\"><defs><g id=\"stk-icon-list__icon-svg-def-cf493c5\"><svg xmlns=\"http:\/\/www.w3.org\/2000\/svg\" viewBox=\"0 0 512 512\"><path d=\"M256 512A256 256 0 1 0 256 0a256 256 0 1 0 0 512z\"\/><\/svg><\/g><\/defs><\/svg><ul class=\"stk-block-icon-list__ul stk-block-icon-list--column\">\n<li class=\"wp-block-stackable-icon-list-item stk-block-icon-list-item stk-block stk-4335741\" data-block-id=\"4335741\"><div class=\"stk-block-icon-list-item__content\"><span class=\"stk--svg-wrapper\"><div class=\"stk--inner-svg\"><svg aria-hidden=\"true\" width=\"32\" height=\"32\"><use xlink:href=\"#stk-icon-list__icon-svg-def-cf493c5\"><\/use><\/svg><\/div><\/span><span class=\"stk-block-icon-list-item__text\"><strong>Atenci\u00f3n en sala&nbsp;(ma\u00f1ana)<\/strong><br>Mar\u00eda Candelaria Morales M\u00e9ndez&nbsp;&nbsp;Tel. 922 317 830&nbsp;<a href=\"mailto:mcmorale@ull.edu.es\" target=\"_blank\" rel=\"noreferrer noopener\" target=\"_blank\" rel=\"noopener\">mcmorale@ull.es<\/a><br>Elena D\u00edaz Gonz\u00e1lez Tel. 922 317 830&nbsp;<a href=\"mailto:ediagonz@ull.es\" target=\"_blank\" rel=\"noreferrer noopener\" target=\"_blank\" rel=\"noopener\">ediagonz@ull.es<\/a><\/span><\/div><\/li>\n\n\n\n<li class=\"wp-block-stackable-icon-list-item stk-block-icon-list-item stk-block stk-21edb6a\" data-block-id=\"21edb6a\"><div class=\"stk-block-icon-list-item__content\"><span class=\"stk--svg-wrapper\"><div class=\"stk--inner-svg\"><svg aria-hidden=\"true\" width=\"32\" height=\"32\"><use xlink:href=\"#stk-icon-list__icon-svg-def-cf493c5\"><\/use><\/svg><\/div><\/span><span class=\"stk-block-icon-list-item__text\"><strong>Atenci\u00f3n en sala&nbsp;(tarde)<br><\/strong>Rafael Carlos Garc\u00eda Mendoza Tel. 922 317 830&nbsp;<a href=\"mailto:rccarmen@ull.edu.es\" target=\"_blank\" rel=\"noreferrer noopener\" target=\"_blank\" rel=\"noopener\">rccarmen@ull.edu.es<\/a><br>Carmen Marichal Darias Tel. 922 317 830&nbsp;<a href=\"mailto:cmdarias@ull.edu.es\" target=\"_blank\" rel=\"noreferrer noopener\" target=\"_blank\" rel=\"noopener\">cmdarias@ull.edu.es<\/a><\/span><\/div><\/li>\n<\/ul><\/div>\n\n\n\n<div class=\"wp-block-stackable-heading stk-block-heading stk-block-heading--v2 stk-block stk-4c4b012\" id=\"prestamo-interbibliotecario\" data-block-id=\"4c4b012\"><style>.stk-4c4b012 {margin-bottom:10px !important;}.stk-4c4b012 .stk-block-heading__text{font-size:22px !important;}@media screen and (max-width: 1023px){.stk-4c4b012 .stk-block-heading__text{font-size:22px !important;}}<\/style><h3 class=\"stk-block-heading__text\">Pr\u00e9stamo interbibliotecario<\/h3><\/div>\n\n\n\n<div class=\"wp-block-stackable-text stk-block-text stk-block stk-4265669\" data-block-id=\"4265669\"><style>.stk-4265669 .stk-block-text__text{font-size:16px !important;}@media screen and (max-width: 1023px){.stk-4265669 .stk-block-text__text{font-size:16px !important;}}<\/style><p class=\"stk-block-text__text\"><strong>Responsable:&nbsp;<\/strong>Concepci\u00f3n Gonz\u00e1lez Gil Tel. 922 317 834&nbsp;<a href=\"mailto:cgongil@ull.es\" target=\"_blank\" rel=\"noreferrer noopener\" target=\"_blank\" rel=\"noopener\">cgongil@ull.es<\/a><br><strong>Administraci\u00f3n:&nbsp;<\/strong>Isidro David Pacheco Hern\u00e1ndez. Tel. 922316502 \u2013 Ext.: 6832&nbsp;<a href=\"mailto:ipachech@ull.edu.es\" target=\"_blank\" rel=\"noreferrer noopener\" target=\"_blank\" rel=\"noopener\">ipachech@ull.es<\/a><br><strong>T\u00e9cnico (ma\u00f1ana):&nbsp;<\/strong>Rafael Portero \u00c1lvarez. Tel. 922316502 \u2013 Ext.: 6468&nbsp;<a href=\"mailto:rporal@ull.es\" target=\"_blank\" rel=\"noreferrer noopener\" target=\"_blank\" rel=\"noopener\">rporal@ull.es<\/a><br><br><a href=\"https:\/\/www.ull.es\/servicios\/biblioteca\/servicios\/prestamo-interbibliotecario\/\" target=\"_blank\" rel=\"noreferrer noopener\" target=\"_blank\" rel=\"noopener\">M\u00e1s informaci\u00f3n<\/a><\/p><\/div>\n\n\n\n<div class=\"wp-block-stackable-heading stk-block-heading stk-block-heading--v2 stk-block stk-e20f040\" id=\"reprografia-y-digitalizacion\" data-block-id=\"e20f040\"><style>.stk-e20f040 {margin-bottom:10px !important;}.stk-e20f040 .stk-block-heading__text{font-size:22px !important;}@media screen and (max-width: 1023px){.stk-e20f040 .stk-block-heading__text{font-size:22px !important;}}<\/style><h3 class=\"stk-block-heading__text\">Reprograf\u00eda y digitalizaci\u00f3n<\/h3><\/div>\n\n\n\n<div class=\"wp-block-stackable-icon-list stk-block-icon-list stk-block stk-44419d2\" data-block-id=\"44419d2\"><style>.stk-44419d2 {--stk-icon-list-icon-size:4px !important;margin-left:15px !important;}.stk-44419d2 .stk-block-icon-list-item__content{align-items:flex-start !important;}.stk-44419d2 ul .stk-block-icon-list-item__content .stk--inner-svg, .stk-44419d2 ol .stk-block-icon-list-item__content .stk-block-icon-list-item__marker{transform:translateY(11px) !important;}.stk-44419d2 ul li, .stk-44419d2 ol li, .stk-44419d2 ul li span, .stk-44419d2 ol li span{font-size:16px !important;}@media screen and (max-width: 1023px){.stk-44419d2 ul li, .stk-44419d2 ol li, .stk-44419d2 ul li span, .stk-44419d2 ol li span{font-size:16px !important;}}<\/style><svg style=\"display:none\"><defs><g id=\"stk-icon-list__icon-svg-def-44419d2\"><svg xmlns=\"http:\/\/www.w3.org\/2000\/svg\" viewBox=\"0 0 512 512\"><path d=\"M256 512A256 256 0 1 0 256 0a256 256 0 1 0 0 512z\"\/><\/svg><\/g><\/defs><\/svg><ul class=\"stk-block-icon-list__ul stk-block-icon-list--column\">\n<li class=\"wp-block-stackable-icon-list-item stk-block-icon-list-item stk-block stk-8fa163f\" data-block-id=\"8fa163f\"><div class=\"stk-block-icon-list-item__content\"><span class=\"stk--svg-wrapper\"><div class=\"stk--inner-svg\"><svg aria-hidden=\"true\" width=\"32\" height=\"32\"><use xlink:href=\"#stk-icon-list__icon-svg-def-44419d2\"><\/use><\/svg><\/div><\/span><span class=\"stk-block-icon-list-item__text\">Mar\u00eda del Carmen Lahuerta Hern\u00e1ndez Tel. 922 317 634 \/ 922 316 368&nbsp;<a href=\"mailto:jmsuarez@ull.edu.es\" target=\"_blank\" rel=\"noreferrer noopener\" target=\"_blank\" rel=\"noopener\">&nbsp;<\/a><a href=\"mailto:mclaher@ull.es\" target=\"_blank\" rel=\"noreferrer noopener\" target=\"_blank\" rel=\"noopener\">mclaher@ull.es<\/a><\/span><\/div><\/li>\n<\/ul><\/div>\n\n\n\n<div class=\"wp-block-stackable-heading stk-block-heading stk-block-heading--v2 stk-block stk-651a92e\" id=\"visita-guiadas\" data-block-id=\"651a92e\"><style>.stk-651a92e {margin-bottom:10px !important;}.stk-651a92e .stk-block-heading__text{font-size:26px !important;}@media screen and (max-width: 1023px){.stk-651a92e .stk-block-heading__text{font-size:26px !important;}}<\/style><h2 class=\"stk-block-heading__text\">Visita guiadas<\/h2><\/div>\n\n\n\n<div class=\"wp-block-stackable-text stk-block-text stk-block stk-3a5b0ee\" data-block-id=\"3a5b0ee\"><style>.stk-3a5b0ee .stk-block-text__text{font-size:16px !important;}@media screen and (max-width: 1023px){.stk-3a5b0ee .stk-block-text__text{font-size:16px !important;}}<\/style><p class=\"stk-block-text__text\">Cada biblioteca organiza visitas para dar a conocer su funcionamiento, sus fondos y los servicios de que dispone. Si desea concertar una cita,&nbsp;<a href=\"https:\/\/docs.google.com\/a\/ull.edu.es\/spreadsheet\/viewform?formkey=dDJQbTk4UHFiT1JMU29NWnVnUjdWNFE6MQ#gid=0\" target=\"_blank\" rel=\"noreferrer noopener\" target=\"_blank\" rel=\"noopener\">rellene este formulario<\/a>&nbsp;y nos pondremos en contacto con usted lo antes posible.<br><br><a href=\"https:\/\/youtu.be\/SdSWublxo_M\" target=\"_blank\" rel=\"noreferrer noopener\" target=\"_blank\" rel=\"noopener\">M\u00e1s informaci\u00f3n en este v\u00eddeo<\/a>.<\/p><\/div>\n<\/div><\/div><\/div>\n\n\n\n<div class=\"wp-block-stackable-column stk-block-column stk-column stk-block stk-57f460e\" data-v=\"4\" data-block-id=\"57f460e\"><style>.stk-57f460e-container{margin-top:0px !important;margin-right:0px !important;margin-bottom:0px !important;margin-left:0px !important;}@media screen and (min-width: 768px){.stk-57f460e {flex:var(--stk-flex-grow, 1) 1 calc(35% - var(--stk-column-gap, 0px) * 1 \/ 2 ) !important;}}<\/style><div class=\"stk-column-wrapper stk-block-column__content stk-container stk-57f460e-container stk--no-background stk--no-padding\"><div class=\"stk-block-content stk-inner-blocks stk-57f460e-inner-blocks\">\n<div class=\"wp-block-stackable-columns stk-block-columns stk-block stk-33506ee\" data-block-id=\"33506ee\"><style>.stk-33506ee {border-style:solid !important;border-color:#eeeeee !important;border-top-width:1px !important;border-right-width:1px !important;border-bottom-width:1px !important;border-left-width:1px !important;}<\/style><div class=\"stk-row stk-inner-blocks stk-block-content stk-content-align stk-33506ee-column\">\n<div class=\"wp-block-stackable-column stk-block-column stk-column stk-block stk-f985361\" data-v=\"4\" data-block-id=\"f985361\"><style>.stk-f985361-container{margin-top:0px !important;margin-right:0px !important;margin-bottom:0px !important;margin-left:0px !important;}.stk-f985361 {padding-top:0px !important;padding-right:0px !important;padding-bottom:0px !important;padding-left:0px !important;}<\/style><div class=\"stk-column-wrapper stk-block-column__content stk-container stk-f985361-container stk--no-background stk--no-padding\"><div class=\"stk-block-content stk-inner-blocks stk-f985361-inner-blocks\">\n<ul class=\"widget-box\">\n<li class='contacto-header'>Informaci\u00f3n de contacto<\/li><li><i class=\"fa fa-map-marker\"><\/i> Camino La Hornera, s\/n. Biblioteca General y de Humanidades. Apartado 456. C\u00f3digo postal 38200. San Crist\u00f3bal de La Laguna. S\/C de Tenerife.<\/li>        <li>\n\t    <a id=\"islpronto_link\" href=\"https:\/\/www.ull.es\/soporte\/stic\/Form\/Render\/3?token=T7fY26okpMJYqgSNcHx0kD4YFX7uu7M6MFgtRxEH\"><img decoding=\"async\" src=\"https:\/\/support.webs.ull.es\/isl\/bbtk\/islpronto-chat.jpg\" id=\"islpronto_image\" border=\"0\" \/><\/a>\n            <script src=\"\/\/soporte.stic.ull.es\/live\/islpronto\/public\/chat.js?d=bbtk&amp;lang=es\"><\/script>\n        <\/li>\n    <li><i class=\"fa fa-phone\"><\/i> (+34) 922 31 78 30<\/li><li><i class=\"fa fa-envelope\"><\/i>  <a href=mailto:bull@ull.es>bull@ull.es<\/a><\/li><li><i class=\"fa fa-clock-o\"><\/i> De 08:30 a 20:30h.<\/li><li><i class=\"fa fa-list-ul\"><\/i><a href=\"http:\/\/riull.ull.es\/xmlui\/bitstream\/handle\/915\/3870\/CS_biblioteca.pdf\"> Carta de servicios<\/a><\/li><li><i class=\"fa fa-pencil-square-o\"><\/i><a href=\"https:\/\/encuestas.ull.es\/index.php?r=survey\/index&sid=36865&lang=es\"> Encuesta de satisfacci\u00f3n<\/a><\/li><li><i class=\"fa fa-archive\"><\/i><a href=\"https:\/\/sede.ull.es\/ecivilis-site\/catalog\/showProcedure\/484\"> Procedimiento para quejas, sugerencias y felicitaciones<\/a><\/li>\n<\/ul>\n\n\n<\/div><\/div><\/div>\n<\/div><\/div>\n<\/div><\/div><\/div>\n<\/div><\/div>\n","protected":false},"excerpt":{"rendered":"<p>Biblioteca Bibliotecas Sedes Arquitectura T\u00e9cnica e Ingenier\u00eda Civil Bellas Artes Biblioteca General y de Humanidades Planta 0: Espacio de Igualdad de Humanidades Fondo antiguo Planta 1: Canarias Planta 2 Biblioteconom\u00eda y Documentaci\u00f3n Cartoteca y Mediateca Hemeroteca de Humanidades Pr\u00e9stamo Interbibliotecario Tesis Planta 3 Geograf\u00eda e Historia Planta 4 Filolog\u00eda Planta 5 Filosof\u00eda Psicolog\u00eda Ciencias de&#8230;<\/p>\n","protected":false},"author":1,"featured_media":0,"parent":0,"menu_order":0,"comment_status":"closed","ping_status":"closed","template":"templates\/template-frontpage.php","meta":{"_acf_changed":false,"footnotes":""},"class_list":["post-6432","page","type-page","status-publish","hentry"],"acf":[],"_links":{"self":[{"href":"https:\/\/www.ull.es\/servicios\/biblioteca\/wp-json\/wp\/v2\/pages\/6432","targetHints":{"allow":["GET"]}}],"collection":[{"href":"https:\/\/www.ull.es\/servicios\/biblioteca\/wp-json\/wp\/v2\/pages"}],"about":[{"href":"https:\/\/www.ull.es\/servicios\/biblioteca\/wp-json\/wp\/v2\/types\/page"}],"author":[{"embeddable":true,"href":"https:\/\/www.ull.es\/servicios\/biblioteca\/wp-json\/wp\/v2\/users\/1"}],"replies":[{"embeddable":true,"href":"https:\/\/www.ull.es\/servicios\/biblioteca\/wp-json\/wp\/v2\/comments?post=6432"}],"version-history":[{"count":88,"href":"https:\/\/www.ull.es\/servicios\/biblioteca\/wp-json\/wp\/v2\/pages\/6432\/revisions"}],"predecessor-version":[{"id":13234,"href":"https:\/\/www.ull.es\/servicios\/biblioteca\/wp-json\/wp\/v2\/pages\/6432\/revisions\/13234"}],"wp:attachment":[{"href":"https:\/\/www.ull.es\/servicios\/biblioteca\/wp-json\/wp\/v2\/media?parent=6432"}],"curies":[{"name":"wp","href":"https:\/\/api.w.org\/{rel}","templated":true}]}}