{"id":6817,"date":"2018-07-05T11:13:04","date_gmt":"2018-07-05T11:13:04","guid":{"rendered":"https:\/\/www.ull.es\/servicios\/biblioteca\/?page_id=6817"},"modified":"2024-05-09T13:30:31","modified_gmt":"2024-05-09T13:30:31","slug":"el-acceso-abierto-a-la-informacion","status":"publish","type":"page","link":"https:\/\/www.ull.es\/servicios\/biblioteca\/el-acceso-abierto-a-la-informacion\/","title":{"rendered":"El acceso abierto a la informaci\u00f3n"},"content":{"rendered":"<p><img loading=\"lazy\" decoding=\"async\" class=\"alignnone size-medium wp-image-6818\" src=\"https:\/\/www.ull.es\/servicios\/biblioteca\/wp-content\/uploads\/sites\/13\/2018\/07\/OAlogo-300x108-300x108.jpg\" alt=\"Logo Open Access\" width=\"300\" height=\"108\" \/><\/p>\n<p>El Acceso Abierto (en ingl\u00e9s, Open Access) es una iniciativa que permite el acceso inmediato, sin necesidad de registro, suscripci\u00f3n o pago -es decir sin restricciones- a material digital educativo, acad\u00e9mico, cient\u00edfico o de cualquier otro tipo. Esto significa que cualquier persona puede leer, descargar, copiar, distribuir, imprimir, buscar o enlazar los textos completos de los documentos producto de la actividad investigadora, docente o art\u00edstica.<\/p>\n<p>Con ello se pretende eliminar las barreras econ\u00f3micas, legales y tecnol\u00f3gicas que obstaculizan el acceso a la producci\u00f3n intelectual, y trata de obtener a cambio una mayor accesibilidad para los documentos y una mayor visibilidad para los\/as autores\/as, ya que los documentos que est\u00e1n disponibles libremente son m\u00e1s consultados y tienen m\u00e1s posibilidades de ser citados.<\/p>\n<p>Por otra parte, los conocimientos y avances cient\u00edfico-t\u00e9cnicos se distribuyen de la manera m\u00e1s amplia posible, devolviendo as\u00ed a la sociedad los frutos de las inversiones realizadas en investigaciones cient\u00edficas.<\/p>\n<p>El <a href=\"https:\/\/www.horizonteeuropa.es\/\" target=\"_blank\" rel=\"noopener\">Programa Marco de Investigaci\u00f3n e Innovaci\u00f3n de la Uni\u00f3n Europea Horizonte Europa<\/a> establece que las personas beneficiarias de las ayudas europeas deben asegurar el acceso abierto a todas las publicaciones cient\u00edficas revisadas por pares y relativas a los resultados conseguidos por el proyecto. Con esta finalidad, deben garantizar, como m\u00ednimo, que las publicaciones se puedan leer en l\u00ednea, descargarlas e imprimirlas. Asimismo, se debe faciltar el acceso libre a los datos empleados en la investigaci\u00f3n, haciendo que sean f\u00e1ciles de localizar, accessibles, interoperables y reusables<\/p>\n<p>Por su parte, la <a href=\"https:\/\/www.boe.es\/buscar\/act.php?id=BOE-A-2022-14581\" target=\"_blank\" rel=\"noopener\">Ley 17\/2022, de 5 de septiembre, por la que se modifica la Ley 14\/2011, de 1 de junio, de la Ciencia, la Tecnolog\u00eda y la Innovaci\u00f3n<\/a>, establece en su art. 37:<br \/>\n<em>2. El personal de investigaci\u00f3n del sector p\u00fablico o cuya actividad investigadora est\u00e9 financiada mayoritariamente con fondos p\u00fablicos y que opte por diseminar sus resultados de investigaci\u00f3n en publicaciones cient\u00edficas, deber\u00e1 depositar una copia de la versi\u00f3n final aceptada para publicaci\u00f3n y los datos asociados a las mismas en repositorios institucionales o tem\u00e1ticos de acceso abierto, de forma simult\u00e1nea a la fecha de publicaci\u00f3n<\/em><\/p>\n<p>Los\/as autores\/as tienen dos v\u00edas para llegar al Acceso Abierto:<\/p>\n<ul>\n<li>Publicar en revistas de Acceso Abierto (V\u00eda dorada), es decir, revistas que ofrecen todos sus contenidos en abierto.<\/li>\n<li>Publicar en revistas que no tienen pol\u00edticas de Acceso Abierto, pero alojar posteriormente los textos en un repositorio (V\u00eda verde)<\/li>\n<\/ul>\n<p>El acceso abierto es perfectamente compatible con los derechos de autor y la propiedad intelectual, ya que es la persona titular de esos derechos quien decide y establece expl\u00edcitamente qu\u00e9 es lo que los\/as usuarios\/as pueden y no pueden hacer con sus documentos. Esto se indica mediante el uso de licencias como <a href=\"https:\/\/creativecommons.org\/licenses\/?lang=es_ES\" target=\"_blank\" rel=\"noopener noreferrer\" target=\"_blank\" rel=\"noopener\">Creative Commons<\/a>.<\/p>\n<p>Consulte estas infograf\u00edas sobre el acceso abierto elaboradas por <a href=\"https:\/\/www.rebiun.org\/\" target=\"_blank\" rel=\"noopener noreferrer\" target=\"_blank\" rel=\"noopener\">REBIUN<\/a>:<\/p>\n<ul>\n<li><a href=\"https:\/\/www.rebiun.org\/sites\/default\/files\/2017-11\/BeneficiosAccesoAbierto.pdf\" target=\"_blank\" rel=\"noopener noreferrer\" target=\"_blank\" rel=\"noopener\">Beneficios del Acceso Abierto para la Universidad<\/a><\/li>\n<li><a href=\"http:\/\/rebiun.xercode.es\/xmlui\/bitstream\/handle\/20.500.11967\/76\/ES_IIIPE_Linea2_SubgOA_Info4_resolucionmedia_2015.jpg\" target=\"_blank\" rel=\"noopener noreferrer\" target=\"_blank\" rel=\"noopener\">Beneficios de publicar en los repositorios institucionales<\/a><\/li>\n<li><a href=\"https:\/\/www.rebiun.org\/acceso-abierto\/ventajas-de-los-repositorios-para-la-difusion-y-la-visibilidad-de-la-investigacion\" target=\"_blank\" rel=\"noopener noreferrer\" target=\"_blank\" rel=\"noopener\">Ventajas de los repositorios para la difusi\u00f3n y visibilidad de la investigaci\u00f3n en Ciencias Sociales y Humanidades<\/a><\/li>\n<li><a href=\"https:\/\/rebiun.org\/acceso-abierto\/versiones-de-los-articulos-cientificos-y-acceso-abierto\" target=\"_blank\" rel=\"noopener noreferrer\" target=\"_blank\" rel=\"noopener\">Versiones de los art\u00edculos cient\u00edficos y acceso abierto<\/a><\/li>\n<li><a href=\"https:\/\/www.rebiun.org\/acceso-abierto\/como-cumplir-con-los-mandatos-de-acceso-abierto\" target=\"_blank\" rel=\"noopener noreferrer\" target=\"_blank\" rel=\"noopener\">C\u00f3mo cumplir con los mandatos de acceso abierto<\/a><\/li>\n<li><a href=\"https:\/\/www.rebiun.org\/sites\/default\/files\/2017-11\/2015%20Infograf%C3%ADa3%20-%20Derechos%20de%20Autor%20frente%20a%20las%20Editoriales%20Castellano_0.jpg\" target=\"_blank\" rel=\"noopener noreferrer\" target=\"_blank\" rel=\"noopener\">Conserva tus derechos de autor frente a las editoriales<\/a><\/li>\n<li><a href=\"https:\/\/www.rebiun.org\/sites\/default\/files\/2017-11\/Creative%20commonsESP.pdf\" target=\"_blank\" rel=\"noopener noreferrer\" target=\"_blank\" rel=\"noopener\">C\u00f3mo usar las licencias Creative Commons<\/a><\/li>\n<li><a href=\"http:\/\/rebiun.xercode.es\/xmlui\/bitstream\/handle\/20.500.11967\/88\/Dominio%20p%c3%bablicoESP.pdf\" target=\"_blank\" rel=\"noopener noreferrer\" target=\"_blank\" rel=\"noopener\">Pautas para la utilizaci\u00f3n de obras en dominio p\u00fablico en Espa\u00f1a y en otros paises<\/a><\/li>\n<li><a href=\"https:\/\/www.rebiun.org\/sites\/default\/files\/2017-11\/2016%20Infograf%C3%ADa%208%20-%20Ciencia%20Abierta%20-%20Investigaci%C3%B3n%20Accesible%20Castellano_1.jpg\" target=\"_blank\" rel=\"noopener noreferrer\" target=\"_blank\" rel=\"noopener\">Ciencia Abierta: La investigaci\u00f3n y los datos cient\u00edficos accesibles y abiertos a todos los ciudadanos<\/a><\/li>\n<li><a href=\"https:\/\/libapps-eu.s3.amazonaws.com\/customers\/3992\/images\/Cumplir_con_la_gesti%C3%B3n_de_datos_en_Horizonte_2020.jpg\" target=\"_blank\" rel=\"noopener noreferrer\" target=\"_blank\" rel=\"noopener\">C\u00f3mo cumplir con los mandatos sobre gesti\u00f3n y publicaci\u00f3n de datos en Horizonte 2020<\/a><\/li>\n<\/ul>\n<p>Consulte tambi\u00e9n el\u00a0<a href=\"https:\/\/www.rebiun.org\/tutorial-multimedia\" target=\"_blank\" rel=\"noopener noreferrer\" target=\"_blank\" rel=\"noopener\">Tutorial:\u00a0\u00abControla tus derechos, facilita el acceso abierto\u00bb<\/a><\/p>\n<p>Tambi\u00e9n recomendamos consultar la <a href=\"https:\/\/uc3m.libguides.com\/reas\/inicio\" target=\"_blank\" rel=\"noopener noreferrer\" target=\"_blank\" rel=\"noopener\">Gu\u00eda de Recursos Educativos en Abierto<\/a> elaborada por la Biblioteca de la Universidad Carlos III de Madrid.<\/p>\n","protected":false},"excerpt":{"rendered":"<p>El Acceso Abierto (en ingl\u00e9s, Open Access) es una iniciativa que permite el acceso inmediato, sin necesidad de registro, suscripci\u00f3n o pago -es decir sin restricciones- a material digital educativo, acad\u00e9mico, cient\u00edfico o de cualquier otro tipo. Esto significa que cualquier persona puede leer, descargar, copiar, distribuir, imprimir, buscar o enlazar los textos completos de&#8230;<\/p>\n","protected":false},"author":37,"featured_media":0,"parent":0,"menu_order":0,"comment_status":"closed","ping_status":"closed","template":"","meta":{"_acf_changed":false,"footnotes":""},"class_list":["post-6817","page","type-page","status-publish","hentry"],"acf":[],"_links":{"self":[{"href":"https:\/\/www.ull.es\/servicios\/biblioteca\/wp-json\/wp\/v2\/pages\/6817","targetHints":{"allow":["GET"]}}],"collection":[{"href":"https:\/\/www.ull.es\/servicios\/biblioteca\/wp-json\/wp\/v2\/pages"}],"about":[{"href":"https:\/\/www.ull.es\/servicios\/biblioteca\/wp-json\/wp\/v2\/types\/page"}],"author":[{"embeddable":true,"href":"https:\/\/www.ull.es\/servicios\/biblioteca\/wp-json\/wp\/v2\/users\/37"}],"replies":[{"embeddable":true,"href":"https:\/\/www.ull.es\/servicios\/biblioteca\/wp-json\/wp\/v2\/comments?post=6817"}],"version-history":[{"count":14,"href":"https:\/\/www.ull.es\/servicios\/biblioteca\/wp-json\/wp\/v2\/pages\/6817\/revisions"}],"predecessor-version":[{"id":11579,"href":"https:\/\/www.ull.es\/servicios\/biblioteca\/wp-json\/wp\/v2\/pages\/6817\/revisions\/11579"}],"wp:attachment":[{"href":"https:\/\/www.ull.es\/servicios\/biblioteca\/wp-json\/wp\/v2\/media?parent=6817"}],"curies":[{"name":"wp","href":"https:\/\/api.w.org\/{rel}","templated":true}]}}