{"id":6820,"date":"2018-07-05T11:13:56","date_gmt":"2018-07-05T11:13:56","guid":{"rendered":"https:\/\/www.ull.es\/servicios\/biblioteca\/?page_id=6820"},"modified":"2020-11-10T12:30:37","modified_gmt":"2020-11-10T12:30:37","slug":"enlazar-documentos-del-catalogo","status":"publish","type":"page","link":"https:\/\/www.ull.es\/servicios\/biblioteca\/enlazar-documentos-del-catalogo\/","title":{"rendered":"Enlazar documentos del cat\u00e1logo"},"content":{"rendered":"\n<h2 class=\"wp-block-heading\">Enlazar documentos del cat\u00e1logo<\/h2>\n\n\n<p>Desde la Biblioteca Universitaria le informamos que puede enlazar los documentos que aparecen en el cat\u00e1logo de la biblioteca, si est\u00e1 interesado en citarlos en el aula virtual, blog, p\u00e1gina web, etc.<\/p>\n<p>Estos enlaces bibliogr\u00e1ficos al cat\u00e1logo permitir\u00e1n que usted pueda dar a conocer a sus alumnos si un documento se encuentra en la biblioteca, en qu\u00e9 biblioteca hay ejemplares, disponibilidad de cada uno o si existe una versi\u00f3n electr\u00f3nica.<\/p>\n<p>C\u00f3mo realizar el enlace a &nbsp;documentos que se encuentran en el cat\u00e1logo de la biblioteca:<\/p>\n<p>1.- Acceder al <a href=\"http:\/\/absysnet.bbtk.ull.es\/\" target=\"_blank\" rel=\"noopener noreferrer\" target=\"_blank\" rel=\"noopener\">Cat\u00e1logo<\/a>&nbsp;y realizar la b\u00fasqueda de un documento.<\/p>\n<p>2.- Una vez localizado, &nbsp;encontrar\u00e1 un bot\u00f3n al final del registro con el texto \u00ab&lt;Enlace permanente&gt;\u00bb. Al pulsarlo, aparece el enlace al documento que ser\u00e1 similar a \u00e9ste: http:\/\/absysnetweb.bbtk.ull.es\/cgi-bin\/abnetopac?ACC=DOSEARCH&amp;xsqf99=319956.titn.<\/p>\n<p>3.- Copie dicho enlace y p\u00e9guelo en su aula virtual, blog&#8230;<\/p>\n<p><b>IMPORTANTE: ESTE PROCEDIMIENTO NO ES NECESARIO EN EL CASO DE LAS RECOMENDACIONES BIBLIOGR\u00c1FICAS DE LAS GU\u00cdAS DOCENTES, PORQUE \u00c9STAS INCLUYEN YA UN ENLACE AUTOM\u00c1TICO AL CAT\u00c1LOGO DE LA BIBLIOTECA.<\/b><\/p>\n<p>Si tiene alguna duda o sugerencia, puede escribirnos a <a href=\"mailto:nolmedoc@ull.es\" target=\"_blank\" rel=\"noopener noreferrer\" target=\"_blank\" rel=\"noopener\">nolmedoc@ull.es<\/a> o llamarnos al 922 31 92 98.<\/p>","protected":false},"excerpt":{"rendered":"<p>Enlazar documentos del cat\u00e1logo Desde la Biblioteca Universitaria le informamos que puede enlazar los documentos que aparecen en el cat\u00e1logo de la biblioteca, si est\u00e1 interesado en citarlos en el aula virtual, blog, p\u00e1gina web, etc. Estos enlaces bibliogr\u00e1ficos al cat\u00e1logo permitir\u00e1n que usted pueda dar a conocer a sus alumnos si un documento se&#8230;<\/p>\n","protected":false},"author":37,"featured_media":0,"parent":0,"menu_order":0,"comment_status":"closed","ping_status":"closed","template":"","meta":{"_acf_changed":false,"footnotes":""},"class_list":["post-6820","page","type-page","status-publish","hentry"],"acf":[],"_links":{"self":[{"href":"https:\/\/www.ull.es\/servicios\/biblioteca\/wp-json\/wp\/v2\/pages\/6820","targetHints":{"allow":["GET"]}}],"collection":[{"href":"https:\/\/www.ull.es\/servicios\/biblioteca\/wp-json\/wp\/v2\/pages"}],"about":[{"href":"https:\/\/www.ull.es\/servicios\/biblioteca\/wp-json\/wp\/v2\/types\/page"}],"author":[{"embeddable":true,"href":"https:\/\/www.ull.es\/servicios\/biblioteca\/wp-json\/wp\/v2\/users\/37"}],"replies":[{"embeddable":true,"href":"https:\/\/www.ull.es\/servicios\/biblioteca\/wp-json\/wp\/v2\/comments?post=6820"}],"version-history":[{"count":4,"href":"https:\/\/www.ull.es\/servicios\/biblioteca\/wp-json\/wp\/v2\/pages\/6820\/revisions"}],"predecessor-version":[{"id":8824,"href":"https:\/\/www.ull.es\/servicios\/biblioteca\/wp-json\/wp\/v2\/pages\/6820\/revisions\/8824"}],"wp:attachment":[{"href":"https:\/\/www.ull.es\/servicios\/biblioteca\/wp-json\/wp\/v2\/media?parent=6820"}],"curies":[{"name":"wp","href":"https:\/\/api.w.org\/{rel}","templated":true}]}}