{"id":6822,"date":"2018-07-05T11:14:52","date_gmt":"2018-07-05T11:14:52","guid":{"rendered":"https:\/\/www.ull.es\/servicios\/biblioteca\/?page_id=6822"},"modified":"2024-08-27T08:40:13","modified_gmt":"2024-08-27T08:40:13","slug":"normalizacion-de-la-firma","status":"publish","type":"page","link":"https:\/\/www.ull.es\/servicios\/biblioteca\/normalizacion-de-la-firma\/","title":{"rendered":"Normalizaci\u00f3n de la firma"},"content":{"rendered":"\r\n<h2 class=\"wp-block-heading\">Normalizaci\u00f3n de la firma<\/h2>\r\n\r\n<p>La correcta consignaci\u00f3n del lugar de trabajo favorece la visibilidad de los centros e instituciones en la comunidad cient\u00edfica internacional, as\u00ed como la fiabilidad de indicadores bibliom\u00e9tricos sobre productividad, impacto, ranking, etc., de pa\u00edses, instituciones, regiones y provincias. Por esta raz\u00f3n, se proponen las siguientes recomendaciones:<\/p>\r\n<p>&nbsp;<\/p>\r\n<ul>\r\n<li>Los\/as autores\/as deben incluir siempre su afiliaci\u00f3n institucional y hacerlo en espa\u00f1ol: \u201cUniversidad de La Laguna\u201d.<\/li>\r\n<\/ul>\r\n<ul>\r\n<li>Se debe incluir, en este orden: el nombre del grupo (si procede), o departamento (si procede), centro o instituto (nombre completo y acr\u00f3nimo, si existe), instituci\u00f3n de la que depende (nombre completo y acr\u00f3nimo, si existe), direcci\u00f3n postal, ciudad, y pa\u00eds.<\/li>\r\n<\/ul>\r\n<ul>\r\n<li>Se recomienda firmemente incluir el nombre del centro o instituto en el idioma original, que es lo correcto desde un punto de vista ling\u00fc\u00edstico. Incluir el nombre del centro traducido al ingl\u00e9s es una pr\u00e1ctica com\u00fan para facilitar la visibilidad internacional de su centro. Sin embargo, para evitar la proliferaci\u00f3n de variantes y nombres no homologados, se recomienda hacerlo s\u00f3lo si el centro cuenta con un nombre normalizado previamente aceptado por la instituci\u00f3n y siempre acompa\u00f1ado de las siglas correspondientes al nombre del centro en la lengua original para garantizar su adecuada identificaci\u00f3n.<\/li>\r\n<\/ul>\r\n<ul>\r\n<li>En el caso de los centros\/unidades mixtas dependientes de varias instituciones es recomendable especificar el nombre del centro y las instituciones de las que depende.<\/li>\r\n<\/ul>\r\n<ul>\r\n<li>En el caso de personal investigador del sector hospitalario, que adem\u00e1s sea profesorado universitario, se recomienda incluir ambas instituciones.<\/li>\r\n<\/ul>\r\n<p>&nbsp;<\/p>\r\n<p>Ejemplos:<\/p>\r\n<p style=\"padding-left: 30px\">Departamento de Econom\u00eda Aplicada, Facultad de Ciencias Econ\u00f3micas y Empresariales, Universidad de La Laguna (ULL). Campus de Guajara. 38071 La Laguna (Tenerife), Espa\u00f1a.<\/p>\r\n<p style=\"padding-left: 30px\">Instituto Universitario de Bio-Org\u00e1nica \u201cAntonio Gonz\u00e1lez\u201d (IUBO). Universidad de La Laguna (ULL). Avenida Astrof\u00edsico Francisco S\u00e1nchez, 2. 38206 La Laguna (Tenerife), Espa\u00f1a.<\/p>\r\n<p style=\"padding-left: 30px\">Instituto de Astrof\u00edsica de Canarias (IAC), Centro Superior de Investigaciones Cient\u00edficas (CSIC), Universidad de La Laguna (ULL), C\/ V\u00eda L\u00e1ctea, s\/n, 38205 &#8211; La Laguna (Tenerife). Espa\u00f1a<\/p>\r\n<p style=\"padding-left: 30px\">Hospital Universitario de Canarias (HUC), Universidad de La Laguna (ULL), Santa Cruz de Tenerife, Espa\u00f1a<\/p>\r\n<p>&nbsp;<\/p>\r\n<p><em>Recomendaciones aprobadas por <a href=\"https:\/\/riull.ull.es\/xmlui\/bitstream\/handle\/915\/9353\/20152212_AcuerdosConsejoDeGobierno.pdf?sequence=1&amp;isAllowed=y\" target=\"_blank\" rel=\"noopener noreferrer\" target=\"_blank\" rel=\"noopener\">Acuerdo del Consejo de Gobierno de la ULL de 22 de diciembre de 2015<\/a>. <\/em>Adaptado del documento: <em><a href=\"https:\/\/www.recursoscientificos.fecyt.es\/sites\/default\/files\/2015_02_16_normalizacion_nombre_autor.pdf\" target=\"_blank\" rel=\"noopener noreferrer\" target=\"_blank\" rel=\"noopener\">Propuesta de manual de ayuda a los investigadores espa\u00f1oles para la normalizaci\u00f3n del nombre de autores e instituciones en las publicaciones cient\u00edficas. Versi\u00f3n 17\/01\/07<\/a>. <\/em>Documento elaborado para la FECYT por los grupos de investigaci\u00f3n EC3 de la Universidad de Granada y An\u00e1lisis Cuantitativos de Ciencia y Tecnolog\u00eda del CINDOCCSIC.<\/p>\r\n<hr \/>\r\n<p><a href=\"https:\/\/www.iralis.org\/\" target=\"_blank\" rel=\"noopener noreferrer\" target=\"_blank\" rel=\"noopener\">IraLis (International Registry for Authors Links to Identify Scientists)<\/a>, es un sistema de estandarizaci\u00f3n de las firmas de los\/as autores\/as cient\u00edficos\/as que tiene como objetivo crear un registro de autoridades. Intenta:<\/p>\r\n<ul>\r\n<li>Concienciar a los\/as autores\/as de la importancia de firmar siempre de la misma forma pensando en c\u00f3mo los referenciar\u00e1n las bases de datos internacionales, los archivos OAI y los robots de b\u00fasqueda, que est\u00e1n bajo la influencia de la cultura y los h\u00e1bitos ingleses.<\/li>\r\n<\/ul>\r\n<ul>\r\n<li>Redactar criterios de firma normalizada para ser indexado\/a correctamente y distinguirse de otros\/as autores\/as con nombres iguales.<\/li>\r\n<\/ul>\r\n<ul>\r\n<li>Producir una base de datos con todas las variantes de firma utilizadas por cada autor\/a. El registro incluye las que puede haber usado el\/la autor\/a, as\u00ed como las que haya interpretado la entidad productora, agregadora, etc., de las diversas fuentes de informaci\u00f3n.<\/li>\r\n<\/ul>\r\n<ul>\r\n<li>Realizar b\u00fasquedas bibliogr\u00e1ficas autom\u00e1ticas usando las variantes de firma.<\/li>\r\n<\/ul>\r\n<div>Cada autor\/a, en la opci\u00f3n \u00abRegistre su IraLIS\u00bb podr\u00e1 rellenar un formulario, introduciendo sus variantes, su \u00e1rea tem\u00e1tica en JCR o ANEP y su ResearchID (si ya dispone de este identificador).<\/div>\r\n<ul>\r\n<li>\u00a0<a href=\"https:\/\/www.iralis.org\/criterios-de-firma\" target=\"_blank\" rel=\"noopener noreferrer\" target=\"_blank\" rel=\"noopener\">Criterios de IraLIS para firmar trabajos cient\u00edficos<\/a><\/li>\r\n<li><a href=\"https:\/\/www.iralis.org\/registre-su-iralis\" target=\"_blank\" rel=\"noopener noreferrer\" target=\"_blank\" rel=\"noopener\">Registrarse en IraLIS<br \/><\/a><\/li>\r\n<\/ul>\r\n<div>Adem\u00e1s de estos consejos, es muy importante la normalizaci\u00f3n que se consigue mediante su curriculum vitae y las <a href=\"https:\/\/www.ull.es\/servicios\/biblioteca\/perfiles-investigacion\/\" target=\"_blank\" rel=\"noopener\">herramientas para definir el perfil del personal investigador<\/a>.<\/div>","protected":false},"excerpt":{"rendered":"<p>Normalizaci\u00f3n de la firma La correcta consignaci\u00f3n del lugar de trabajo favorece la visibilidad de los centros e instituciones en la comunidad cient\u00edfica internacional, as\u00ed como la fiabilidad de indicadores bibliom\u00e9tricos sobre productividad, impacto, ranking, etc., de pa\u00edses, instituciones, regiones y provincias. Por esta raz\u00f3n, se proponen las siguientes recomendaciones: &nbsp; Los\/as autores\/as deben incluir&#8230;<\/p>\n","protected":false},"author":37,"featured_media":0,"parent":0,"menu_order":0,"comment_status":"closed","ping_status":"closed","template":"","meta":{"_acf_changed":false,"footnotes":""},"class_list":["post-6822","page","type-page","status-publish","hentry"],"acf":[],"_links":{"self":[{"href":"https:\/\/www.ull.es\/servicios\/biblioteca\/wp-json\/wp\/v2\/pages\/6822","targetHints":{"allow":["GET"]}}],"collection":[{"href":"https:\/\/www.ull.es\/servicios\/biblioteca\/wp-json\/wp\/v2\/pages"}],"about":[{"href":"https:\/\/www.ull.es\/servicios\/biblioteca\/wp-json\/wp\/v2\/types\/page"}],"author":[{"embeddable":true,"href":"https:\/\/www.ull.es\/servicios\/biblioteca\/wp-json\/wp\/v2\/users\/37"}],"replies":[{"embeddable":true,"href":"https:\/\/www.ull.es\/servicios\/biblioteca\/wp-json\/wp\/v2\/comments?post=6822"}],"version-history":[{"count":9,"href":"https:\/\/www.ull.es\/servicios\/biblioteca\/wp-json\/wp\/v2\/pages\/6822\/revisions"}],"predecessor-version":[{"id":11713,"href":"https:\/\/www.ull.es\/servicios\/biblioteca\/wp-json\/wp\/v2\/pages\/6822\/revisions\/11713"}],"wp:attachment":[{"href":"https:\/\/www.ull.es\/servicios\/biblioteca\/wp-json\/wp\/v2\/media?parent=6822"}],"curies":[{"name":"wp","href":"https:\/\/api.w.org\/{rel}","templated":true}]}}