{"id":6829,"date":"2018-07-05T11:17:21","date_gmt":"2018-07-05T11:17:21","guid":{"rendered":"https:\/\/www.ull.es\/servicios\/biblioteca\/?page_id=6829"},"modified":"2020-11-10T12:31:23","modified_gmt":"2020-11-10T12:31:23","slug":"redes-sociales-cientificas","status":"publish","type":"page","link":"https:\/\/www.ull.es\/servicios\/biblioteca\/redes-sociales-cientificas\/","title":{"rendered":"Redes sociales cient\u00edficas"},"content":{"rendered":"\n<h2 class=\"wp-block-heading\">Redes sociales cient\u00edficas<\/h2>\n\n\n<p>Las redes sociales cient\u00edficas permiten a investigadores de todo el mundo relacionarse e intercambiar informaci\u00f3n sobre sus campos de investigaci\u00f3n. Entre los beneficios del uso de estas herramientas se encuentran:<\/p>\n<ul>\n<li>Establecer redes de contactos con otros especialistas y formar parte de un grupo de investigadores con perfil similar.<\/li>\n<li>Publicar contenidos cient\u00edficos y obtener mayor difusi\u00f3n, visibilidad e impacto de los trabajos cient\u00edficos.<\/li>\n<li>Acceder a informaci\u00f3n actualizada sobre un \u00e1rea determinada.<\/li>\n<\/ul>\n<p>Tres de las m\u00e1s destacadas son:<\/p>\n<p><a href=\"http:\/\/academia.edu\/\" target=\"_blank\" rel=\"noopener noreferrer\" target=\"_blank\" rel=\"noopener\"><strong>Academia.edu<\/strong><\/a> pone en contacto a profesores e investigadores que comparten los mismos intereses. Cada investigador puede crear su perfil, enriquecerlo con sus publicaciones y subir estas a la red para permitir su consulta y descarga. La Universidad de La Laguna tiene una p\u00e1gina con todas las cuentas vinculadas a nuestra instituci\u00f3n en esta red social (<a href=\"https:\/\/ull.academia.edu\/\" target=\"_blank\" rel=\"noopener noreferrer\" target=\"_blank\" rel=\"noopener\">enlace<\/a>).<\/p>\n<p><a href=\"http:\/\/www.researchgate.net\/\" target=\"_blank\" rel=\"noopener noreferrer\" target=\"_blank\" rel=\"noopener\"><strong>ResearchGate<\/strong><\/a> tiene como objetivo facilitar el acceso al conocimiento as\u00ed como dar mayor visibilidad a las investigaciones. Los usuarios de esta red social pueden compartir sus trabajos a texto completo. Cuenta con un motor de b\u00fasqueda sem\u00e1ntica que hace posible consultar bases de datos como PubMed, CiteSeer, arXiv, BioMed o la biblioteca de la NASA.<\/p>\n<p><a href=\"https:\/\/www.mendeley.com\/groups\/7061311\/universidad-de-la-laguna\/\" target=\"_blank\" rel=\"noopener noreferrer\" target=\"_blank\" rel=\"noopener\"><strong>Mendeley<\/strong><\/a> es a la vez una red social y un gestor de referencias bibliogr\u00e1ficas. Esto permite a los investigadores organizar su trabajo al tiempo que pueden colaborar con otros cient\u00edficos y conocer las \u00faltimas publicaciones en su \u00e1rea de inter\u00e9s. La Universidad de La Laguna tiene una cuenta institucional en Mendeley. Puede sumarse a ella siguiendo las instrucciones que encontrar\u00e1 <a href=\"https:\/\/www.ull.es\/servicios\/biblioteca\/servicios\/gestores-bibliograficos\/\" target=\"_blank\" rel=\"noopener noreferrer\" target=\"_blank\" rel=\"noopener\">en este enlace<\/a>.<\/p>\n<p>Descubra m\u00e1s redes sociales cient\u00edficas e informaci\u00f3n detallada sobre estas tres en el blog <a href=\"http:\/\/socialmediaeninvestigacion.com\/category\/redes-sociales-cientificas\/\" target=\"_blank\" rel=\"noopener\">Social Media en Investigaci\u00f3n<\/a>.<\/p>","protected":false},"excerpt":{"rendered":"<p>Redes sociales cient\u00edficas Las redes sociales cient\u00edficas permiten a investigadores de todo el mundo relacionarse e intercambiar informaci\u00f3n sobre sus campos de investigaci\u00f3n. Entre los beneficios del uso de estas herramientas se encuentran: Establecer redes de contactos con otros especialistas y formar parte de un grupo de investigadores con perfil similar. Publicar contenidos cient\u00edficos y&#8230;<\/p>\n","protected":false},"author":37,"featured_media":0,"parent":0,"menu_order":0,"comment_status":"closed","ping_status":"closed","template":"","meta":{"_acf_changed":false,"footnotes":""},"class_list":["post-6829","page","type-page","status-publish","hentry"],"acf":[],"_links":{"self":[{"href":"https:\/\/www.ull.es\/servicios\/biblioteca\/wp-json\/wp\/v2\/pages\/6829","targetHints":{"allow":["GET"]}}],"collection":[{"href":"https:\/\/www.ull.es\/servicios\/biblioteca\/wp-json\/wp\/v2\/pages"}],"about":[{"href":"https:\/\/www.ull.es\/servicios\/biblioteca\/wp-json\/wp\/v2\/types\/page"}],"author":[{"embeddable":true,"href":"https:\/\/www.ull.es\/servicios\/biblioteca\/wp-json\/wp\/v2\/users\/37"}],"replies":[{"embeddable":true,"href":"https:\/\/www.ull.es\/servicios\/biblioteca\/wp-json\/wp\/v2\/comments?post=6829"}],"version-history":[{"count":4,"href":"https:\/\/www.ull.es\/servicios\/biblioteca\/wp-json\/wp\/v2\/pages\/6829\/revisions"}],"predecessor-version":[{"id":8825,"href":"https:\/\/www.ull.es\/servicios\/biblioteca\/wp-json\/wp\/v2\/pages\/6829\/revisions\/8825"}],"wp:attachment":[{"href":"https:\/\/www.ull.es\/servicios\/biblioteca\/wp-json\/wp\/v2\/media?parent=6829"}],"curies":[{"name":"wp","href":"https:\/\/api.w.org\/{rel}","templated":true}]}}