{"id":6851,"date":"2018-07-05T11:45:12","date_gmt":"2018-07-05T11:45:12","guid":{"rendered":"https:\/\/www.ull.es\/servicios\/biblioteca\/?page_id=6851"},"modified":"2018-07-05T11:45:12","modified_gmt":"2018-07-05T11:45:12","slug":"prestamo-para-alumnado-de-grado","status":"publish","type":"page","link":"https:\/\/www.ull.es\/servicios\/biblioteca\/prestamo-para-alumnado-de-grado\/","title":{"rendered":"Pr\u00e9stamo para alumnado de grado"},"content":{"rendered":"<p>El n\u00famero de obras que pueden retirar en pr\u00e9stamo el alumnado de grado\u00a0y el tiempo por el que pueden tenerlas son los siguientes:<\/p>\n<table cellspacing=\"1\" cellpadding=\"1\" align=\"left\">\n<tbody>\n<tr>\n<td style=\"text-align: left\"><strong>Tipo de ejemplar<\/strong><\/td>\n<td style=\"text-align: center\"><strong>N\u00ba m\u00e1ximo de ejemplares<\/strong><\/td>\n<td style=\"text-align: center\"><strong>N\u00ba m\u00e1ximo de d\u00edas<\/strong><\/td>\n<\/tr>\n<tr>\n<td>Pr\u00e9stamo exterior<\/td>\n<td style=\"text-align: center\">7<\/td>\n<td style=\"text-align: center\">15<\/td>\n<\/tr>\n<tr>\n<td>Uso preferente alumnado<\/td>\n<td style=\"text-align: center\">7<\/td>\n<td style=\"text-align: center\">15<\/td>\n<\/tr>\n<tr>\n<td>Libros de uso frecuente<\/td>\n<td style=\"text-align: center\">3<\/td>\n<td style=\"text-align: center\">3<\/td>\n<\/tr>\n<\/tbody>\n<\/table>\n<p>&nbsp;<\/p>\n<p>&nbsp;<\/p>\n<p>&nbsp;<\/p>\n<p><a title=\"Pr\u00e9stamo domiciliario\" href=\"https:\/\/www.ull.es\/servicios\/biblioteca\/servicios\/prestamo-domiciliario\/\" target=\"_blank\" rel=\"noopener\">M\u00e1s informaci\u00f3n sobre el pr\u00e9stamo domiciliario<\/a><\/p>\n","protected":false},"excerpt":{"rendered":"<p>El n\u00famero de obras que pueden retirar en pr\u00e9stamo el alumnado de grado\u00a0y el tiempo por el que pueden tenerlas son los siguientes: Tipo de ejemplar N\u00ba m\u00e1ximo de ejemplares N\u00ba m\u00e1ximo de d\u00edas Pr\u00e9stamo exterior 7 15 Uso preferente alumnado 7 15 Libros de uso frecuente 3 3 &nbsp; &nbsp; &nbsp; M\u00e1s informaci\u00f3n sobre&#8230;<\/p>\n","protected":false},"author":37,"featured_media":0,"parent":0,"menu_order":0,"comment_status":"closed","ping_status":"closed","template":"","meta":{"_acf_changed":false,"footnotes":""},"class_list":["post-6851","page","type-page","status-publish","hentry"],"acf":[],"_links":{"self":[{"href":"https:\/\/www.ull.es\/servicios\/biblioteca\/wp-json\/wp\/v2\/pages\/6851","targetHints":{"allow":["GET"]}}],"collection":[{"href":"https:\/\/www.ull.es\/servicios\/biblioteca\/wp-json\/wp\/v2\/pages"}],"about":[{"href":"https:\/\/www.ull.es\/servicios\/biblioteca\/wp-json\/wp\/v2\/types\/page"}],"author":[{"embeddable":true,"href":"https:\/\/www.ull.es\/servicios\/biblioteca\/wp-json\/wp\/v2\/users\/37"}],"replies":[{"embeddable":true,"href":"https:\/\/www.ull.es\/servicios\/biblioteca\/wp-json\/wp\/v2\/comments?post=6851"}],"version-history":[{"count":1,"href":"https:\/\/www.ull.es\/servicios\/biblioteca\/wp-json\/wp\/v2\/pages\/6851\/revisions"}],"predecessor-version":[{"id":6852,"href":"https:\/\/www.ull.es\/servicios\/biblioteca\/wp-json\/wp\/v2\/pages\/6851\/revisions\/6852"}],"wp:attachment":[{"href":"https:\/\/www.ull.es\/servicios\/biblioteca\/wp-json\/wp\/v2\/media?parent=6851"}],"curies":[{"name":"wp","href":"https:\/\/api.w.org\/{rel}","templated":true}]}}