{"id":16,"date":"2019-06-20T13:17:21","date_gmt":"2019-06-20T11:17:21","guid":{"rendered":"https:\/\/www.ull.es\/servicios\/negociado-pruebas-acceso\/?page_id=13"},"modified":"2026-03-04T10:50:31","modified_gmt":"2026-03-04T09:50:31","slug":"inicio","status":"publish","type":"page","link":"https:\/\/www.ull.es\/servicios\/comite-seguridad-salud\/en\/","title":{"rendered":"Start"},"content":{"rendered":"<div class=\"wp-block-stackable-columns alignfull stk-block-columns stk-block stk-16a94b8\" data-block-id=\"16a94b8\"><style>.stk-16a94b8 {margin-bottom:76px !important;}@media screen and (max-width: 767px){.stk-16a94b8 {padding-top:0px !important;padding-right:0px !important;padding-bottom:0px !important;padding-left:0px !important;}}<\/style><div class=\"stk-row stk-inner-blocks stk-block-content stk-content-align stk-16a94b8-column alignfull\">\n<div class=\"wp-block-stackable-column stk-block-column stk-column stk-block stk-dfe9b01 stk-block-background stk--has-background-overlay\" data-v=\"4\" data-block-id=\"dfe9b01\"><style>.stk-dfe9b01 {background-image:url(https:\/\/www.ull.es\/servicios\/comite-seguridad-salud\/wp-content\/uploads\/sites\/28\/2019\/07\/08-Comite-de-Seguridad-y-Salud.jpg) !important;}.stk-dfe9b01:before{background-color:#000000 !important;opacity:0.3 !important;}@media screen and (max-width: 767px){.stk-dfe9b01 {padding-top:0px !important;padding-right:0px !important;padding-bottom:0px !important;padding-left:0px !important;}.stk-dfe9b01-container{min-height:320px !important;}}<\/style><div class=\"stk-column-wrapper stk-block-column__content stk-container stk-dfe9b01-container stk--no-background stk--no-padding\"><div class=\"stk-block-content stk-inner-blocks stk-dfe9b01-inner-blocks\">\n<div class=\"wp-block-stackable-columns alignfull stk-block-columns stk-block stk-3bf239f\" data-block-id=\"3bf239f\"><style>@media screen and (max-width: 1023px){.stk-3bf239f {padding-left:0px !important;}}<\/style><div class=\"stk-row stk-inner-blocks stk-block-content stk-content-align stk-3bf239f-column alignfull\">\n<div class=\"wp-block-stackable-column stk-block-column stk-column stk-block stk-f66584c\" data-v=\"4\" data-block-id=\"f66584c\"><div class=\"stk-column-wrapper stk-block-column__content stk-container stk-f66584c-container stk--no-background stk--no-padding\"><div class=\"stk-block-content stk-inner-blocks stk-f66584c-inner-blocks\">\n<div class=\"wp-block-stackable-heading stk-block-heading stk-block-heading--v2 stk-block stk-1bb54e9\" id=\"comite-de-seguridad-y-salud\" data-block-id=\"1bb54e9\"><style>.stk-1bb54e9 {padding-top:110px !important;padding-right:25px !important;padding-bottom:75px !important;padding-left:420px !important;}.stk-1bb54e9 .stk-block-heading__text{font-size:35px !important;color:#ffffff !important;font-weight:400 !important;}@media screen and (max-width: 1023px){.stk-1bb54e9 {padding-left:55px !important;}.stk-1bb54e9 .stk-block-heading__text{font-size:35px !important;}}@media screen and (max-width: 767px){.stk-1bb54e9 {padding-right:75px !important;padding-left:25px !important;}.stk-1bb54e9 .stk-block-heading__text{font-size:33px !important;}}<\/style><h2 class=\"stk-block-heading__text has-text-color has-text-align-left has-text-align-left-tablet has-text-align-left-mobile\">Safety and Health Committee<\/h2><\/div>\n<\/div><\/div><\/div>\n<\/div><\/div>\n<\/div><\/div><\/div>\n<\/div><\/div>\n\n\n\n<div class=\"wp-block-stackable-columns alignfull stk-block-columns stk-block stk-a768426\" data-block-id=\"a768426\"><style>.stk-a768426 {margin-bottom:56px !important;}<\/style><div class=\"stk-row stk-inner-blocks stk-block-content stk-content-align stk-a768426-column alignfull\">\n<div class=\"wp-block-stackable-column stk-block-column stk-column stk-block stk-7a93856\" data-v=\"4\" data-block-id=\"7a93856\"><style>.stk-7a93856 {padding-right:405px !important;padding-left:405px !important;}@media screen and (max-width: 1023px){.stk-7a93856 {padding-right:50px !important;padding-left:50px !important;}}@media screen and (max-width: 767px){.stk-7a93856 {padding-right:20px !important;padding-left:20px !important;}}<\/style><div class=\"stk-column-wrapper stk-block-column__content stk-container stk-7a93856-container stk--no-background stk--no-padding\"><div class=\"stk-block-content stk-inner-blocks stk-7a93856-inner-blocks\">\n<div class=\"wp-block-stackable-text stk-block-text stk-block stk-42f4015\" data-block-id=\"42f4015\"><style>.stk-42f4015 .stk-block-text__text{font-size:16px !important;}@media screen and (max-width: 1023px){.stk-42f4015 .stk-block-text__text{font-size:16px !important;}}<\/style><p class=\"stk-block-text__text has-text-align-left\">The Health and Safety Committee is the joint and collegiate body for participation intended for the regular and periodic consultation of the actions of the University of La Laguna in matters of occupational risk prevention.<\/p><\/div>\n<\/div><\/div><\/div>\n<\/div><\/div>\n\n\n\n<div class=\"wp-block-stackable-columns alignfull stk-block-columns stk-block stk-a2ef681\" data-block-id=\"a2ef681\"><style>.stk-a2ef681 {margin-bottom:56px !important;}<\/style><div class=\"stk-row stk-inner-blocks stk-block-content stk-content-align stk-a2ef681-column alignfull\">\n<div class=\"wp-block-stackable-column stk-block-column stk-column stk-block stk-10c85f6\" data-v=\"4\" data-block-id=\"10c85f6\"><style>.stk-10c85f6 {padding-right:405px !important;padding-left:405px !important;}@media screen and (max-width: 1023px){.stk-10c85f6 {padding-right:55px !important;padding-left:55px !important;}}@media screen and (max-width: 767px){.stk-10c85f6 {padding-right:20px !important;padding-left:20px !important;}}<\/style><div class=\"stk-column-wrapper stk-block-column__content stk-container stk-10c85f6-container stk--no-background stk--no-padding\"><div class=\"stk-block-content stk-inner-blocks stk-10c85f6-inner-blocks\">\n<div class=\"wp-block-stackable-heading stk-block-heading stk-block-heading--v2 stk-block stk-9191e66\" id=\"enlaces-de-interes\" data-block-id=\"9191e66\"><style>.stk-9191e66 {margin-bottom:20px !important;}.stk-9191e66 .stk-block-heading__text{font-size:26px !important;color:#5c068c !important;}@media screen and (max-width: 1023px){.stk-9191e66 .stk-block-heading__text{font-size:26px !important;}}<\/style><h2 class=\"stk-block-heading__text has-text-color\">Links of interest<\/h2><\/div>\n\n\n\n<p style=\"margin-bottom: 0px; margin-left: 30px;\"><i class=\"fa fa-external-link\"><\/i><a\n        href=\"https:\/\/www.ull.es\/servicios\/comite-seguridad-salud\/en\/la-universidad\/servicios-universitarios\/servicio-de-prevencion-de-riesgos-laborales\/\">\n        Basic regulations on occupational safety and health<\/a><\/p>\n<p style=\"margin-bottom: 0px; margin-left: 30px;\"><i class=\"fa fa-external-link\"><\/i><a\n        href=\"https:\/\/drive.google.com\/open?id=1GflYpXmmwz2dAp3TAXJjmH7g40GNk_KL\"> Model for organizing resources for the prevention of occupational risks<\/a><\/p>\n<p style=\"margin-bottom: 0px; margin-left: 30px;\"> <i class=\"fa fa-external-link\"><\/i><a\n        href=\"https:\/\/riull.ull.es\/xmlui\/bitstream\/handle\/915\/11289\/reglamento-comite-seguridad.pdf\">\n        Regulations of the Safety and Health Committee<\/a><\/p>\n<p style=\"margin-bottom: 0px; margin-left: 30px;\"> <i class=\"fa fa-external-link\"><\/i><a\n        href=\"https:\/\/docs.google.com\/document\/d\/e\/2PACX-1vQ_ZP1sbP3IMI0Z7_tB9hNEgmuYV2oeDHOKHyOw86VIXOCGb5FTRDhFJFp2c8WcbZIRry1OmoNAHbou\/pub\">\n        Members of the Safety and Health Committee<\/a><\/p>\n<\/div><\/div><\/div>\n<\/div><\/div>","protected":false},"excerpt":{"rendered":"<p>Comit\u00e9 de Seguridad y Salud El Comit\u00e9 de Seguridad y Salud es el \u00f3rgano paritario y colegiado de participaci\u00f3n destinado a la consulta regular y peri\u00f3dica de las actuaciones de la Universidad de La Laguna en materia de prevenci\u00f3n de riesgos laborales. Enlaces de inter\u00e9s Normativa b\u00e1sica de seguridad y salud laboral Modelo de organizaci\u00f3n&#8230;<\/p>","protected":false},"author":49,"featured_media":0,"parent":0,"menu_order":0,"comment_status":"closed","ping_status":"closed","template":"templates\/template-frontpage.php","meta":{"_acf_changed":false,"footnotes":""},"class_list":["post-16","page","type-page","status-publish","hentry"],"acf":[],"_links":{"self":[{"href":"https:\/\/www.ull.es\/servicios\/comite-seguridad-salud\/en\/wp-json\/wp\/v2\/pages\/16","targetHints":{"allow":["GET"]}}],"collection":[{"href":"https:\/\/www.ull.es\/servicios\/comite-seguridad-salud\/en\/wp-json\/wp\/v2\/pages"}],"about":[{"href":"https:\/\/www.ull.es\/servicios\/comite-seguridad-salud\/en\/wp-json\/wp\/v2\/types\/page"}],"author":[{"embeddable":true,"href":"https:\/\/www.ull.es\/servicios\/comite-seguridad-salud\/en\/wp-json\/wp\/v2\/users\/49"}],"replies":[{"embeddable":true,"href":"https:\/\/www.ull.es\/servicios\/comite-seguridad-salud\/en\/wp-json\/wp\/v2\/comments?post=16"}],"version-history":[{"count":9,"href":"https:\/\/www.ull.es\/servicios\/comite-seguridad-salud\/en\/wp-json\/wp\/v2\/pages\/16\/revisions"}],"predecessor-version":[{"id":64,"href":"https:\/\/www.ull.es\/servicios\/comite-seguridad-salud\/en\/wp-json\/wp\/v2\/pages\/16\/revisions\/64"}],"wp:attachment":[{"href":"https:\/\/www.ull.es\/servicios\/comite-seguridad-salud\/en\/wp-json\/wp\/v2\/media?parent=16"}],"curies":[{"name":"wp","href":"https:\/\/api.w.org\/{rel}","templated":true}]}}