{"id":87,"date":"2019-08-07T11:16:34","date_gmt":"2019-08-07T11:16:34","guid":{"rendered":"https:\/\/www.ull.es\/servicios\/comunicacion\/?page_id=87"},"modified":"2026-03-17T11:07:37","modified_gmt":"2026-03-17T11:07:37","slug":"informacion","status":"publish","type":"page","link":"https:\/\/www.ull.es\/servicios\/comunicacion\/informacion\/","title":{"rendered":"Informaci\u00f3n"},"content":{"rendered":"\n<div class=\"wp-block-stackable-columns alignfull stk-block-columns stk--hide-mobile stk-block stk-0af3d61\" data-block-id=\"0af3d61\"><style>.stk-0af3d61 {margin-top:-150px !important;margin-bottom:80px !important;}<\/style><div class=\"stk-row stk-inner-blocks stk-block-content stk-content-align stk-0af3d61-column alignfull\">\n<div class=\"wp-block-stackable-column stk-block-column stk-column stk-block stk-14afd3b\" data-v=\"4\" data-block-id=\"14afd3b\"><div class=\"stk-column-wrapper stk-block-column__content stk-container stk-14afd3b-container stk--no-background stk--no-padding\"><div class=\"stk-block-content stk-inner-blocks stk-14afd3b-inner-blocks\">\n<div class=\"wp-block-stackable-image alignfull stk-block-image stk-block stk-6a37533\" data-block-id=\"6a37533\"><style>.stk-6a37533 {margin-bottom:0px !important;}.stk-6a37533 .stk-img-wrapper{width:100% !important;}.stk-6a37533 .stk-img-wrapper img{object-position:52% 100% !important;}<\/style><figure><span class=\"stk-img-wrapper stk-image--shape-stretch\"><img loading=\"lazy\" decoding=\"async\" class=\"stk-img wp-image-3418\" src=\"https:\/\/www.ull.es\/servicios\/deportes\/wp-content\/uploads\/sites\/10\/2026\/02\/ProgramacionDeportivaTrimestral.png\" width=\"1600\" height=\"625\"\/><\/span><\/figure><\/div>\n\n\n\n<div class=\"wp-block-stackable-heading stk-block-heading stk-block-heading--v2 stk-block stk-4f7eeed\" id=\"gabinete-de-br-comunicacion\" data-block-id=\"4f7eeed\"><style>.stk-4f7eeed {box-shadow:0px 0px 0px 0px #000000 !important;margin-top:-15% !important;margin-left:18% !important;}.stk-4f7eeed .stk-block-heading__text{font-size:56px !important;color:#fffffe !important;font-weight:bold !important;font-family:\"Argentum Sans\", Sans-serif !important;letter-spacing:4px !important;}@media screen and (max-width: 1023px){.stk-4f7eeed {margin-top:-25% !important;}.stk-4f7eeed .stk-block-heading__text{font-size:50px !important;}}<\/style><h2 class=\"stk-block-heading__text has-text-color\">Gabinete de<br>Comunicaci\u00f3n<\/h2><\/div>\n<\/div><\/div><\/div>\n<\/div><\/div>\n\n\n\n<div class=\"wp-block-stackable-columns alignfull stk-block-columns stk--hide-desktop stk--hide-tablet stk-block stk-a316a3e\" data-block-id=\"a316a3e\"><style>.stk-a316a3e {margin-bottom:80px !important;}<\/style><div class=\"stk-row stk-inner-blocks stk-block-content stk-content-align stk-a316a3e-column alignfull\">\n<div class=\"wp-block-stackable-column stk-block-column stk-column stk-block stk-ca1bdc8\" data-v=\"4\" data-block-id=\"ca1bdc8\"><div class=\"stk-column-wrapper stk-block-column__content stk-container stk-ca1bdc8-container stk--no-background stk--no-padding\"><div class=\"stk-block-content stk-inner-blocks stk-ca1bdc8-inner-blocks\">\n<div class=\"wp-block-stackable-image alignfull stk-block-image stk-block stk-323a8ac\" data-block-id=\"323a8ac\"><style>.stk-323a8ac {margin-bottom:0px !important;}.stk-323a8ac .stk-img-wrapper{width:100% !important;--stk-gradient-overlay:0.3 !important;}.stk-323a8ac .stk-img-wrapper::after{background-image:linear-gradient(360deg,rgb(255,255,255) 0%,rgb(0,0,0) 100%) !important;}<\/style><figure><span class=\"stk-img-wrapper stk-image--shape-stretch\"><img loading=\"lazy\" decoding=\"async\" class=\"stk-img wp-image-3515\" src=\"https:\/\/www.ull.es\/servicios\/deportes\/wp-content\/uploads\/sites\/10\/2026\/02\/ProgramacionDeportivaTrimestral_movil.png\" width=\"791\" height=\"625\"\/><\/span><\/figure><\/div>\n\n\n\n<div class=\"wp-block-stackable-heading stk-block-heading stk-block-heading--v2 stk-block stk-59b3d61\" id=\"gabinete-de-br-comunicacion\" data-block-id=\"59b3d61\"><style>.stk-59b3d61 {box-shadow:0px 0px 0px 0px #000000 !important;margin-top:-30% !important;margin-left:10% !important;}.stk-59b3d61 .stk-block-heading__text{font-size:24px !important;color:#fffffe !important;font-weight:bold !important;font-family:\"Argentum Sans\", Sans-serif !important;letter-spacing:4px !important;}@media screen and (max-width: 1023px){.stk-59b3d61 .stk-block-heading__text{font-size:24px !important;}}<\/style><h2 class=\"stk-block-heading__text has-text-color\">Gabinete de<br>Comunicaci\u00f3n<\/h2><\/div>\n<\/div><\/div><\/div>\n<\/div><\/div>\n\n\n\n<div class=\"wp-block-stackable-columns alignwide stk-block-columns stk-block stk-df1bb33\" data-block-id=\"df1bb33\"><style>.stk-df1bb33 {margin-top:150px !important;margin-bottom:45px !important;}@media screen and (max-width: 767px){.stk-df1bb33 {margin-top:35px !important;}}<\/style><div class=\"stk-row stk-inner-blocks stk-block-content stk-content-align stk-df1bb33-column alignwide\">\n<div class=\"wp-block-stackable-column stk-block-column stk-column stk-block stk-40092b7\" data-v=\"4\" data-block-id=\"40092b7\"><style>@media screen and (min-width: 768px){.stk-40092b7 {flex:var(--stk-flex-grow, 1) 1 calc(70% - var(--stk-column-gap, 0px) * 1 \/ 2 ) !important;}}@media screen and (min-width: 768px) and (max-width: 1023px){.stk-40092b7 {flex:var(--stk-flex-grow, 1) 1 calc(100% - var(--stk-column-gap, 0px) * 0 \/ 1 ) !important;}}<\/style><div class=\"stk-column-wrapper stk-block-column__content stk-container stk-40092b7-container stk--no-background stk--no-padding\"><div class=\"stk-block-content stk-inner-blocks stk-40092b7-inner-blocks\">\n<div class=\"shortcode-descripcion\">\n    <p>La misi\u00f3n principal del Gabinete de Comunicaci\u00f3n es difundir las actividades universitarias y promocionar la imagen y reconocimiento p\u00fablico de la Universidad de La Laguna a trav\u00e9s de medios de comunicaci\u00f3n, redes sociales y otros canales, creando valor a\u00f1adido. Tambi\u00e9n atiende a la cohesi\u00f3n interna mediante la difusi\u00f3n de informaciones relevantes para la comunidad universitaria.<\/p><\/div>\n\n\n\n\n\n<style>\n    .shortcode-equipo {\n        margin-top: 40px;\n    }\n    .shortcode-equipo h2 {\n        margin-bottom: 10px !important;\n    }\n<\/style>\n\n<div class=\"shortcode-equipo\">\n    <h2>Responsable del servicio<\/h2><dl><dt><strong>Jefa del Gabinete de Comunicaci\u00f3n<\/strong><\/dt><dd><a href='https:\/\/www.ull.es\/directorio\/search\/?busqueda=C\u00e1ndida Gonz\u00e1lez Afonso' target='_blank'>C\u00e1ndida Gonz\u00e1lez Afonso<\/a><\/dd><\/dl><\/div>\n\n\n\n\n    <style>\n        .shortcode-servicios {\n            margin-top: 40px;\n        }\n\n        .shortcode-servicios h2 {\n            margin-bottom: 10px !important;\n        }\n    <\/style>\n\n    <div class=\"shortcode-servicios\">\n        <h2>Servicios que ofrece al usuario<\/h2>        <ul>\n            <li>Elaboraci\u00f3n de notas de prensa.<\/li><li>Gesti\u00f3n de las redes sociales institucionales<\/li><li>Convocatorias de actos y ruedas de prensa.<\/li><li>Gesti\u00f3n de entrevistas y reportajes.<\/li><li>Actualizaci\u00f3n y mantenimiento de la web institucional.<\/li><li>Elaboraci\u00f3n y gesti\u00f3n de las campa\u00f1as promocionales y creatividad gr\u00e1fica.<\/li><li>Elaboraci\u00f3n de p\u00e1ginas web especiales.<\/li><li>Asesoramiento a la comunidad universitaria sobre difusi\u00f3n de noticias y actividades<\/li><li>Asesoramiento a medios sobre actualidad universitaria<\/li><li>Producciones audiovisuales para redes sociales, eventos y otros fines informativos<\/li><li>Organizaci\u00f3n de actos.<\/li><li>Gesti\u00f3n del uso de los espacios universitarios por parte de terceros (productoras de cine y otros).<\/li><li>Gesti\u00f3n de la marca y de la imagen de la universidad.<\/li><li>Publicaciones corporativas.<\/li>        <\/ul>\n    <\/div>\n\n\n\n\n\n<\/div><\/div><\/div>\n\n\n\n<div class=\"wp-block-stackable-column stk-block-column stk-column stk-block stk-e9a2fd1\" data-v=\"4\" data-block-id=\"e9a2fd1\"><style>@media screen and (min-width: 768px){.stk-e9a2fd1 {flex:var(--stk-flex-grow, 1) 1 calc(30% - var(--stk-column-gap, 0px) * 1 \/ 2 ) !important;}}@media screen and (min-width: 768px) and (max-width: 1023px){.stk-e9a2fd1 {flex:var(--stk-flex-grow, 1) 1 calc(100% - var(--stk-column-gap, 0px) * 0 \/ 1 ) !important;}}<\/style><div class=\"stk-column-wrapper stk-block-column__content stk-container stk-e9a2fd1-container stk--no-background stk--no-padding\"><div class=\"stk-block-content stk-inner-blocks stk-e9a2fd1-inner-blocks\">\n<div class=\"wp-block-stackable-image stk-block-image stk-block stk-65baefc\" data-block-id=\"65baefc\"><figure><span class=\"stk-img-wrapper stk-image--shape-stretch\"><img loading=\"lazy\" decoding=\"async\" class=\"stk-img wp-image-95\" src=\"https:\/\/www.ull.es\/servicios\/comunicacion\/wp-content\/uploads\/sites\/6\/2019\/08\/12-gabinete-de-gomunicacion.jpeg\" width=\"400\" height=\"240\" srcset=\"https:\/\/www.ull.es\/servicios\/comunicacion\/wp-content\/uploads\/sites\/6\/2019\/08\/12-gabinete-de-gomunicacion.jpeg 400w, https:\/\/www.ull.es\/servicios\/comunicacion\/wp-content\/uploads\/sites\/6\/2019\/08\/12-gabinete-de-gomunicacion-300x180.jpeg 300w, https:\/\/www.ull.es\/servicios\/comunicacion\/wp-content\/uploads\/sites\/6\/2019\/08\/12-gabinete-de-gomunicacion-375x225.jpeg 375w\" sizes=\"auto, (max-width: 400px) 100vw, 400px\" \/><\/span><\/figure><\/div>\n\n\n\n<ul class=\"widget-box\">\n<li class='contacto-header'>Informaci\u00f3n de contacto<\/li><li><i class=\"fa fa-map-marker\"><\/i> C\/ Padre Herrera, s\/n. Edificio Rectorado. 38200. San Crist\u00f3bal de La Laguna. S\/C de Tenerife<\/li><li><i class=\"fa fa-phone\"><\/i> (+34) 922 31 94 62<\/li><li><i class=\"fa fa-envelope\"><\/i>  <a href=mailto:gaprsa@ull.es>gaprsa@ull.es<\/a><\/li><li><i class=\"fa fa-pencil-square-o\"><\/i><a href=\"https:\/\/encuestas.ull.es\/index.php?r=survey\/index&sid=479645&lang=es\"> Encuesta de satisfacci\u00f3n<\/a><\/li><li><i class=\"fa fa-archive\"><\/i><a href=\"https:\/\/sede.ull.es\/ecivilis-site\/catalog\/showProcedure\/484\"> Procedimiento para quejas, sugerencias y felicitaciones<\/a><\/li>\n<\/ul>\n\n\n\n\n\n<\/div><\/div><\/div>\n<\/div><\/div>\n","protected":false},"excerpt":{"rendered":"<p>Gabinete deComunicaci\u00f3n Gabinete deComunicaci\u00f3n<\/p>\n","protected":false},"author":12,"featured_media":95,"parent":0,"menu_order":0,"comment_status":"closed","ping_status":"closed","template":"templates\/template-frontpage.php","meta":{"_acf_changed":false,"footnotes":""},"class_list":["post-87","page","type-page","status-publish","has-post-thumbnail","hentry"],"acf":[],"_links":{"self":[{"href":"https:\/\/www.ull.es\/servicios\/comunicacion\/wp-json\/wp\/v2\/pages\/87","targetHints":{"allow":["GET"]}}],"collection":[{"href":"https:\/\/www.ull.es\/servicios\/comunicacion\/wp-json\/wp\/v2\/pages"}],"about":[{"href":"https:\/\/www.ull.es\/servicios\/comunicacion\/wp-json\/wp\/v2\/types\/page"}],"author":[{"embeddable":true,"href":"https:\/\/www.ull.es\/servicios\/comunicacion\/wp-json\/wp\/v2\/users\/12"}],"replies":[{"embeddable":true,"href":"https:\/\/www.ull.es\/servicios\/comunicacion\/wp-json\/wp\/v2\/comments?post=87"}],"version-history":[{"count":9,"href":"https:\/\/www.ull.es\/servicios\/comunicacion\/wp-json\/wp\/v2\/pages\/87\/revisions"}],"predecessor-version":[{"id":376,"href":"https:\/\/www.ull.es\/servicios\/comunicacion\/wp-json\/wp\/v2\/pages\/87\/revisions\/376"}],"wp:featuredmedia":[{"embeddable":true,"href":"https:\/\/www.ull.es\/servicios\/comunicacion\/wp-json\/wp\/v2\/media\/95"}],"wp:attachment":[{"href":"https:\/\/www.ull.es\/servicios\/comunicacion\/wp-json\/wp\/v2\/media?parent=87"}],"curies":[{"name":"wp","href":"https:\/\/api.w.org\/{rel}","templated":true}]}}