{"id":15,"date":"2018-05-14T08:46:59","date_gmt":"2018-05-14T08:46:59","guid":{"rendered":"https:\/\/www.ull.es\/servicios\/contratacion-patrimonio\/?page_id=15"},"modified":"2026-03-12T14:34:38","modified_gmt":"2026-03-12T14:34:38","slug":"informacion-ubicacion-y-contacto","status":"publish","type":"page","link":"https:\/\/www.ull.es\/servicios\/contratacion-patrimonio\/fr\/informacion-ubicacion-y-contacto\/","title":{"rendered":"Informations, localisation et contact"},"content":{"rendered":"<div class=\"wp-block-stackable-columns alignfull stk-block-columns stk-block stk-16a94b8\" data-block-id=\"16a94b8\"><style>.stk-16a94b8 {margin-bottom:40px !important;}@media screen and (max-width: 767px){.stk-16a94b8 {padding-top:0px !important;padding-right:0px !important;padding-bottom:0px !important;padding-left:0px !important;}}<\/style><div class=\"stk-row stk-inner-blocks stk-block-content stk-content-align stk-16a94b8-column alignfull\">\n<div class=\"wp-block-stackable-column stk-block-column stk-column stk-block stk-dfe9b01 stk-block-background stk--has-background-overlay\" data-v=\"4\" data-block-id=\"dfe9b01\"><style>.stk-dfe9b01 {background-image:url(https:\/\/www.ull.es\/servicios\/contratacion-patrimonio\/wp-content\/uploads\/sites\/8\/2019\/08\/30-Servicio-de-Contratacion-y-Patrimonio.jpg) !important;}.stk-dfe9b01:before{background-color:#000000 !important;opacity:0.3 !important;}@media screen and (max-width: 767px){.stk-dfe9b01 {padding-top:0px !important;padding-right:0px !important;padding-bottom:0px !important;padding-left:0px !important;}.stk-dfe9b01-container{min-height:320px !important;}}<\/style><div class=\"stk-column-wrapper stk-block-column__content stk-container stk-dfe9b01-container stk--no-background stk--no-padding\"><div class=\"stk-block-content stk-inner-blocks stk-dfe9b01-inner-blocks\">\n<div class=\"wp-block-stackable-columns alignfull stk-block-columns stk-block stk-3bf239f\" data-block-id=\"3bf239f\"><style>@media screen and (max-width: 1023px){.stk-3bf239f {padding-left:0px !important;}}<\/style><div class=\"stk-row stk-inner-blocks stk-block-content stk-content-align stk-3bf239f-column alignfull\">\n<div class=\"wp-block-stackable-column stk-block-column stk-column stk-block stk-f66584c\" data-v=\"4\" data-block-id=\"f66584c\"><div class=\"stk-column-wrapper stk-block-column__content stk-container stk-f66584c-container stk--no-background stk--no-padding\"><div class=\"stk-block-content stk-inner-blocks stk-f66584c-inner-blocks\">\n<div class=\"wp-block-stackable-heading stk-block-heading stk-block-heading--v2 stk-block stk-1bb54e9\" id=\"servicio-de-contratacion-y-patrimonio\" data-block-id=\"1bb54e9\"><style>.stk-1bb54e9 {padding-top:110px !important;padding-right:25px !important;padding-bottom:75px !important;padding-left:420px !important;}.stk-1bb54e9 .stk-block-heading__text{font-size:35px !important;color:#ffffff !important;font-weight:400 !important;}@media screen and (max-width: 1023px){.stk-1bb54e9 {padding-left:55px !important;}.stk-1bb54e9 .stk-block-heading__text{font-size:35px !important;}}@media screen and (max-width: 767px){.stk-1bb54e9 {padding-top:110px !important;padding-right:75px !important;padding-left:25px !important;}.stk-1bb54e9 .stk-block-heading__text{font-size:33px !important;}}<\/style><h2 class=\"stk-block-heading__text has-text-color has-text-align-left has-text-align-left-tablet has-text-align-left-mobile\">Service d&#039;approvisionnement et de gestion des actifs<\/h2><\/div>\n<\/div><\/div><\/div>\n<\/div><\/div>\n<\/div><\/div><\/div>\n<\/div><\/div>\n\n\n\n<div class=\"wp-block-stackable-columns stk-block-columns stk-block stk-82fea45\" data-block-id=\"82fea45\"><div class=\"stk-row stk-inner-blocks stk-block-content stk-content-align stk-82fea45-column\">\n<div class=\"wp-block-stackable-column stk-block-column stk-column stk-block stk-a8e0640\" data-v=\"4\" data-block-id=\"a8e0640\"><style>@media screen and (min-width: 768px){.stk-a8e0640 {flex:var(--stk-flex-grow, 1) 1 calc(70% - var(--stk-column-gap, 0px) * 1 \/ 2 ) !important;}}@media screen and (min-width: 768px) and (max-width: 1023px){.stk-a8e0640 {flex:var(--stk-flex-grow, 1) 1 calc(100% - var(--stk-column-gap, 0px) * 0 \/ 1 ) !important;}}<\/style><div class=\"stk-column-wrapper stk-block-column__content stk-container stk-a8e0640-container stk--no-background stk--no-padding\"><div class=\"stk-block-content stk-inner-blocks stk-a8e0640-inner-blocks\">\n<div class=\"wp-block-stackable-heading stk-block-heading stk-block-heading--v2 stk-block stk-3351b77\" id=\"presentacion\" data-block-id=\"3351b77\"><style>.stk-3351b77 .stk-block-heading__text{color:#5c068c !important;font-weight:400 !important;}<\/style><h1 class=\"stk-block-heading__text has-text-color\">Pr\u00e9sentation<\/h1><\/div>\n\n\n\n<div class=\"shortcode-descripcion\">\n    <p>Le Service des achats et des actifs de l&#039;Universit\u00e9 de La Laguna (ULL) est une unit\u00e9 administrative rattach\u00e9e \u00e0 la Direction g\u00e9n\u00e9rale, charg\u00e9e de la gestion des achats et des actifs de l&#039;Universit\u00e9. En mati\u00e8re d&#039;achats, il assure le conseil et la gestion des contrats de travaux, de fournitures et de tous types de services n\u00e9cessaires \u00e0 l&#039;enseignement, \u00e0 la recherche et aux activit\u00e9s connexes. Il assure \u00e9galement le suivi des contrats sign\u00e9s, traite les incidents, r\u00e9clamations et plaintes, et fournit les informations contractuelles aux instances universitaires et aux organismes de contr\u00f4le externes. Concernant les actifs, il est responsable du traitement des transactions (locations, ventes, cessions, concessions, etc.) et de la tenue de l&#039;inventaire des biens meubles et immeubles appartenant \u00e0 l&#039;Universit\u00e9.<\/p><\/div>\n\n\n\n\n\n<style>\n    .shortcode-equipo {\n        margin-top: 40px;\n    }\n    .shortcode-equipo h2 {\n        margin-bottom: 10px !important;\n    }\n<\/style>\n\n<div class=\"shortcode-equipo\">\n    <h2>Responsable du service<\/h2><dl><dt><strong>Chef du service des achats et du patrimoine<\/strong><\/dt><dd><a href='https:\/\/www.ull.es\/servicios\/contratacion-patrimonio\/fr\/directorio\/search\/?busqueda=Mar\u00eda Keyla Gonz\u00e1lez Quintero' target='_blank'>Mar\u00eda Keyla Gonz\u00e1lez Quintero<\/a><\/dd><\/dl><\/div>\n\n\n\n\n\n\n\n<\/div><\/div><\/div>\n\n\n\n<div class=\"wp-block-stackable-column stk-block-column stk-column stk-block stk-c0a4fc3\" data-v=\"4\" data-block-id=\"c0a4fc3\"><style>@media screen and (min-width: 768px){.stk-c0a4fc3 {flex:var(--stk-flex-grow, 1) 1 calc(30% - var(--stk-column-gap, 0px) * 1 \/ 2 ) !important;}}@media screen and (min-width: 768px) and (max-width: 1023px){.stk-c0a4fc3 {flex:var(--stk-flex-grow, 1) 1 calc(100% - var(--stk-column-gap, 0px) * 0 \/ 1 ) !important;}}<\/style><div class=\"stk-column-wrapper stk-block-column__content stk-container stk-c0a4fc3-container stk--no-background stk--no-padding\"><div class=\"stk-block-content stk-inner-blocks stk-c0a4fc3-inner-blocks\">\n<div class=\"wp-block-stackable-icon-label stk-block-icon-label stk-block stk-3554b95 stk-block-background\" id=\"strong-a-href-http-www-universia-es-universia-a-strong\" data-block-id=\"3554b95\"><style>.stk-3554b95 .stk-inner-blocks{gap:15px !important;}.stk-3554b95 {background-color:#5c068c !important;border-color:#e4e4e4 !important;border-top-width:0px !important;border-right-width:0px !important;border-bottom-width:1px !important;border-left-width:0px !important;padding-top:5px !important;padding-right:5px !important;padding-bottom:25px !important;padding-left:10px !important;margin-bottom:5px !important;}.stk-3554b95:hover{background-color:#5c068c !important;}.stk-3554b95:before{background-color:#5c068c !important;}.stk-3554b95:hover:before{background-color:#5c068c !important;}<\/style><div class=\"stk-row stk-inner-blocks stk-block-content\">\n<div class=\"wp-block-stackable-heading stk-block-heading stk-block-heading--v2 stk-block stk-cab26f7\" id=\"a-href-https-www-ull-es-portal-normativa-gestion-span-style-color-fffffe-class-stk-highlight-consultar-normativa-span-a\" data-block-id=\"cab26f7\"><style>.stk-cab26f7 {padding-top:15px !important;padding-bottom:25px !important;padding-left:15px !important;}.stk-cab26f7 .stk-block-heading__text{font-size:22px !important;}@media screen and (max-width: 1023px){.stk-cab26f7 .stk-block-heading__text{font-size:22px !important;}}<\/style><h4 class=\"stk-block-heading__text\"><a href=\"https:\/\/www.ull.es\/servicios\/contratacion-patrimonio\/fr\/portal\/normativa\/gestion\/\" target=\"_blank\" rel=\"noopener\"><span style=\"color: #fffffe;\" class=\"stk-highlight\">Consultez la r\u00e9glementation<\/span><\/a><\/h4><\/div>\n\n\n\n<div class=\"wp-block-stackable-icon stk-block-icon has-text-align-left stk-block stk-a98a3f5\" data-block-id=\"a98a3f5\"><style>.stk-a98a3f5 {padding-right:10px !important;padding-bottom:5px !important;}.stk-a98a3f5 .stk--svg-wrapper .stk--inner-svg svg:last-child{height:16px !important;width:16px !important;}.stk-a98a3f5 .stk--svg-wrapper .stk--inner-svg svg:last-child, .stk-a98a3f5 .stk--svg-wrapper .stk--inner-svg svg:last-child :is(g, path, rect, polygon, ellipse){fill:#fffffe !important;}<\/style><span class=\"stk--svg-wrapper\"><div class=\"stk--inner-svg\"><svg style=\"height:0;width:0\"><defs><lineargradient id=\"linear-gradient-a98a3f5\" x1=\"0\" x2=\"100%\" y1=\"0\" y2=\"0\"><stop offset=\"0%\" style=\"stop-opacity:1;stop-color:var(--linear-gradient-a-98-a-3-f-5-color-1)\"><\/stop><stop offset=\"100%\" style=\"stop-opacity:1;stop-color:var(--linear-gradient-a-98-a-3-f-5-color-2)\"><\/stop><\/lineargradient><\/defs><\/svg><svg xmlns=\"http:\/\/www.w3.org\/2000\/svg\" viewbox=\"0 0 320 512\" aria-hidden=\"true\" width=\"32\" height=\"32\"><path d=\"M310.6 233.4c12.5 12.5 12.5 32.8 0 45.3l-192 192c-12.5 12.5-32.8 12.5-45.3 0s-12.5-32.8 0-45.3L242.7 256 73.4 86.6c-12.5-12.5-12.5-32.8 0-45.3s32.8-12.5 45.3 0l192 192z\"\/><\/svg><\/div><\/span><\/div>\n<\/div><\/div>\n\n\n\n<div class=\"wp-block-stackable-spacer stk-block-spacer stk--no-padding stk-block stk-b624bf6\" data-block-id=\"b624bf6\"><\/div>\n\n\n\n<ul class=\"widget-box\">\n<li class='contacto-header'>Coordonn\u00e9es<\/li><li><i class=\"fa fa-map-marker\"><\/i> C\/ Padre Herrera, s\/n. B\u00e2timent du Rectorat. P.O. Bo\u00eete 456. Code postal 38200. San Crist\u00f3bal de La Laguna. Santa Cruz de T\u00e9n\u00e9rife<\/li><li><i class=\"fa fa-phone\"><\/i> (+34) 922 31 83 12<\/li><li><i class=\"fa fa-envelope\"><\/i>  <a href=\"mailto:servcontr@ull.es\">servcontr@ull.es<\/a><\/li><li><i class=\"fa fa-clock-o\"><\/i> De 8h30 \u00e0 14h30 du lundi au vendredi<\/li><li><i class=\"fa fa-pencil-square-o\"><\/i><a href=\"https:\/\/encuestas.ull.es\/index.php?r=survey\/index&sid=43596&lang=es\"> Enqu\u00eate de satisfaction<\/a><\/li><li><i class=\"fa fa-archive\"><\/i><a href=\"https:\/\/sede.ull.es\/ecivilis-site\/catalog\/showProcedure\/484\"> Proc\u00e9dure pour les plaintes, suggestions et compliments<\/a><\/li>\n<\/ul>\n\n\n\n\n\n<div class=\"wp-block-stackable-spacer stk-block-spacer stk--no-padding stk-block stk-59afaed\" data-block-id=\"59afaed\"><\/div>\n\n\n\n    \n<style>\n    .google-maps {\n        position: relative;\n        padding-bottom: 75%;\n        height: 0;\n        overflow: hidden;\n    }\n    .google-maps iframe {\n        position: absolute;\n        top: 0;\n        left: 0;\n        width: 100% !important;\n        height: 100% !important;\n    }\n<\/style>\n\n\n<div class=\"google-maps\">\n    <iframe src=\"https:\/\/www.openstreetmap.org\/export\/embed.html?bbox=-16.315806825965%2C28.480752346613%2C-16.309663016375%2C28.486564568893&amp;layer=mapnik&amp;marker=28.484935302353300%2C-16.31298065185540\" style=\"border: 1px solid black\"><\/iframe>\n<\/div>\n\n<div class=\"btn-widget\">\n    <a href=\"https:\/\/www.openstreetmap.org\/directions?engine=graphhopper_car&from=&to=28.484935302353300%2C-16.31298065185540#map=17\/28.484935302353300\/-16.31298065185540\">Comment s&#039;y rendre<\/a>  \n<\/div>\n\n  <\/body>\n<\/html>\n\n\n<\/div><\/div><\/div>\n<\/div><\/div>","protected":false},"excerpt":{"rendered":"<p>Pr\u00e9sentation du service d&#039;approvisionnement et de gestion des actifs\u00a0: consulter la r\u00e9glementation<\/p>","protected":false},"author":1,"featured_media":0,"parent":0,"menu_order":0,"comment_status":"closed","ping_status":"closed","template":"templates\/template-frontpage.php","meta":{"_acf_changed":false,"footnotes":""},"class_list":["post-15","page","type-page","status-publish","hentry"],"acf":[],"_links":{"self":[{"href":"https:\/\/www.ull.es\/servicios\/contratacion-patrimonio\/fr\/wp-json\/wp\/v2\/pages\/15","targetHints":{"allow":["GET"]}}],"collection":[{"href":"https:\/\/www.ull.es\/servicios\/contratacion-patrimonio\/fr\/wp-json\/wp\/v2\/pages"}],"about":[{"href":"https:\/\/www.ull.es\/servicios\/contratacion-patrimonio\/fr\/wp-json\/wp\/v2\/types\/page"}],"author":[{"embeddable":true,"href":"https:\/\/www.ull.es\/servicios\/contratacion-patrimonio\/fr\/wp-json\/wp\/v2\/users\/1"}],"replies":[{"embeddable":true,"href":"https:\/\/www.ull.es\/servicios\/contratacion-patrimonio\/fr\/wp-json\/wp\/v2\/comments?post=15"}],"version-history":[{"count":14,"href":"https:\/\/www.ull.es\/servicios\/contratacion-patrimonio\/fr\/wp-json\/wp\/v2\/pages\/15\/revisions"}],"predecessor-version":[{"id":173,"href":"https:\/\/www.ull.es\/servicios\/contratacion-patrimonio\/fr\/wp-json\/wp\/v2\/pages\/15\/revisions\/173"}],"wp:attachment":[{"href":"https:\/\/www.ull.es\/servicios\/contratacion-patrimonio\/fr\/wp-json\/wp\/v2\/media?parent=15"}],"curies":[{"name":"wp","href":"https:\/\/api.w.org\/{rel}","templated":true}]}}