{"id":24,"date":"2018-05-14T09:16:34","date_gmt":"2018-05-14T09:16:34","guid":{"rendered":"https:\/\/www.ull.es\/servicios\/contratacion-patrimonio\/?page_id=24"},"modified":"2026-03-12T14:34:50","modified_gmt":"2026-03-12T14:34:50","slug":"patrimonio","status":"publish","type":"page","link":"https:\/\/www.ull.es\/servicios\/contratacion-patrimonio\/fr\/patrimonio\/","title":{"rendered":"Patrimoine"},"content":{"rendered":"<div class=\"wp-block-stackable-columns alignfull stk-block-columns stk-block stk-16a94b8\" data-block-id=\"16a94b8\"><style>.stk-16a94b8 {margin-bottom:40px !important;}@media screen and (max-width: 767px){.stk-16a94b8 {padding-top:0px !important;padding-right:0px !important;padding-bottom:0px !important;padding-left:0px !important;}}<\/style><div class=\"stk-row stk-inner-blocks stk-block-content stk-content-align stk-16a94b8-column alignfull\">\n<div class=\"wp-block-stackable-column stk-block-column stk-column stk-block stk-dfe9b01 stk-block-background stk--has-background-overlay\" data-v=\"4\" data-block-id=\"dfe9b01\"><style>.stk-dfe9b01 {background-image:url(https:\/\/www.ull.es\/servicios\/contratacion-patrimonio\/wp-content\/uploads\/sites\/8\/2019\/08\/30-Servicio-de-Contratacion-y-Patrimonio.jpg) !important;}.stk-dfe9b01:before{background-color:#000000 !important;opacity:0.3 !important;}@media screen and (max-width: 767px){.stk-dfe9b01 {padding-top:0px !important;padding-right:0px !important;padding-bottom:0px !important;padding-left:0px !important;}.stk-dfe9b01-container{min-height:320px !important;}}<\/style><div class=\"stk-column-wrapper stk-block-column__content stk-container stk-dfe9b01-container stk--no-background stk--no-padding\"><div class=\"stk-block-content stk-inner-blocks stk-dfe9b01-inner-blocks\">\n<div class=\"wp-block-stackable-columns alignfull stk-block-columns stk-block stk-3bf239f\" data-block-id=\"3bf239f\"><style>@media screen and (max-width: 1023px){.stk-3bf239f {padding-left:0px !important;}}<\/style><div class=\"stk-row stk-inner-blocks stk-block-content stk-content-align stk-3bf239f-column alignfull\">\n<div class=\"wp-block-stackable-column stk-block-column stk-column stk-block stk-f66584c\" data-v=\"4\" data-block-id=\"f66584c\"><div class=\"stk-column-wrapper stk-block-column__content stk-container stk-f66584c-container stk--no-background stk--no-padding\"><div class=\"stk-block-content stk-inner-blocks stk-f66584c-inner-blocks\">\n<div class=\"wp-block-stackable-heading stk-block-heading stk-block-heading--v2 stk-block stk-1bb54e9\" id=\"servicio-de-contratacion-y-patrimonio\" data-block-id=\"1bb54e9\"><style>.stk-1bb54e9 {padding-top:110px !important;padding-right:25px !important;padding-bottom:75px !important;padding-left:420px !important;}.stk-1bb54e9 .stk-block-heading__text{font-size:35px !important;color:#ffffff !important;font-weight:400 !important;}@media screen and (max-width: 1023px){.stk-1bb54e9 {padding-left:55px !important;}.stk-1bb54e9 .stk-block-heading__text{font-size:35px !important;}}@media screen and (max-width: 767px){.stk-1bb54e9 {padding-top:110px !important;padding-right:75px !important;padding-left:25px !important;}.stk-1bb54e9 .stk-block-heading__text{font-size:33px !important;}}<\/style><h2 class=\"stk-block-heading__text has-text-color has-text-align-left has-text-align-left-tablet has-text-align-left-mobile\">Service d&#039;approvisionnement et de gestion des actifs<\/h2><\/div>\n<\/div><\/div><\/div>\n<\/div><\/div>\n<\/div><\/div><\/div>\n<\/div><\/div>\n\n\n\n<div class=\"wp-block-stackable-columns stk-block-columns stk-block stk-82fea45\" data-block-id=\"82fea45\"><div class=\"stk-row stk-inner-blocks stk-block-content stk-content-align stk-82fea45-column\">\n<div class=\"wp-block-stackable-column stk-block-column stk-column stk-block stk-a8e0640\" data-v=\"4\" data-block-id=\"a8e0640\"><style>@media screen and (min-width: 768px){.stk-a8e0640 {flex:var(--stk-flex-grow, 1) 1 calc(70% - var(--stk-column-gap, 0px) * 1 \/ 2 ) !important;}}@media screen and (min-width: 768px) and (max-width: 1023px){.stk-a8e0640 {flex:var(--stk-flex-grow, 1) 1 calc(100% - var(--stk-column-gap, 0px) * 0 \/ 1 ) !important;}}<\/style><div class=\"stk-column-wrapper stk-block-column__content stk-container stk-a8e0640-container stk--no-background stk--no-padding\"><div class=\"stk-block-content stk-inner-blocks stk-a8e0640-inner-blocks\">\n<div class=\"wp-block-stackable-heading stk-block-heading stk-block-heading--v2 stk-block stk-3351b77\" id=\"patrimonio\" data-block-id=\"3351b77\"><style>.stk-3351b77 .stk-block-heading__text{color:#5c068c !important;font-weight:400 !important;}<\/style><h1 class=\"stk-block-heading__text has-text-color\">Patrimoine<\/h1><\/div>\n\n\n\n<p>Le Service assure la maintenance et le contr\u00f4le de l&#039;inventaire des actifs et des droits de l&#039;Universit\u00e9 de La Laguna (transfert, cession, radiation d&#039;actifs, etc.).<\/p>\n\n\n\n<p>Les donn\u00e9es les plus importantes sont rassembl\u00e9es dans les sections suivantes\u00a0:<\/p>\n\n\n\n<p><strong>Immobilier<\/strong><\/p>\n\n\n\n<ul class=\"wp-block-list\">\n<li><a href=\"http:\/\/riull.ull.es\/xmlui\/bitstream\/item\/3843\/anchieta.pdf\" target=\"_blank\" rel=\"noreferrer noopener\">Campus Anchieta<\/a><\/li>\n\n\n\n<li><a href=\"http:\/\/riull.ull.es\/xmlui\/bitstream\/item\/3844\/guajara.pdf\" target=\"_blank\" rel=\"noreferrer noopener\">Campus de Guajara<\/a><\/li>\n\n\n\n<li><a href=\"http:\/\/riull.ull.es\/xmlui\/bitstream\/item\/3845\/central.pdf\" target=\"_blank\" rel=\"noreferrer noopener\">Campus central<\/a><\/li>\n\n\n\n<li><a href=\"http:\/\/riull.ull.es\/xmlui\/bitstream\/item\/3846\/ciencias_salud.pdf\" target=\"_blank\" rel=\"noreferrer noopener\">Campus des sciences de la sant\u00e9<\/a><\/li>\n\n\n\n<li><a href=\"http:\/\/riull.ull.es\/xmlui\/bitstream\/item\/3847\/santa_cruz.pdf\" target=\"_blank\" rel=\"noreferrer noopener\">Campus de Santa Cruz<\/a><\/li>\n<\/ul>\n\n\n\n<p><strong>Patrimoine<\/strong><\/p>\n\n\n\n<ul class=\"wp-block-list\">\n<li><a href=\"https:\/\/drive.google.com\/open?id=1DcTl72WYOm4zERJj2k-idiJb7z1Zo7Wt\" target=\"_blank\" rel=\"noreferrer noopener\">V\u00e9hicules officiels<\/a><\/li>\n\n\n\n<li><a href=\"https:\/\/drive.google.com\/open?id=1pCCZnOaC2EObRTHrx6-POZhIFT5E4BEn\" target=\"_blank\" rel=\"noreferrer noopener\">Transf\u00e9r\u00e9 \u00e0 des tiers<\/a><\/li>\n<\/ul>\n\n\n\n<p><strong>Inventaire des actifs et des droits<\/strong><\/p>\n\n\n\n<ul class=\"wp-block-list\">\n<li><a href=\"https:\/\/drive.google.com\/open?id=19XejU7mwGjqVj1d0-2mNYDxmuV--sK2Q\" target=\"_blank\" rel=\"noreferrer noopener\">Campus central<\/a><\/li>\n\n\n\n<li><a href=\"https:\/\/drive.google.com\/open?id=1BX0KLYDhPIHR_osGy0QJES3otIeqZPnz\" target=\"_blank\" rel=\"noreferrer noopener\">Campus de la sant\u00e9<\/a><\/li>\n\n\n\n<li><a href=\"https:\/\/drive.google.com\/open?id=1UBv7xm1XKMfnumYzAdA-dwwPvMbyA47F\" target=\"_blank\" rel=\"noreferrer noopener\">Campus Anchieta<\/a><\/li>\n\n\n\n<li><a href=\"https:\/\/drive.google.com\/open?id=1l_04pK2gKJttZ5w7QHucKMXzc3fq3T_S\" target=\"_blank\" rel=\"noreferrer noopener\">Campus de Guajara<\/a><\/li>\n\n\n\n<li><a href=\"https:\/\/drive.google.com\/open?id=1l9ANCps_mb8Cq2HpBx3OqRPIMf023VaD\" target=\"_blank\" rel=\"noreferrer noopener\">Campus de Santa Cruz<\/a><\/li>\n<\/ul>\n\n\n\n<p><strong>Lou\u00e9<\/strong><\/p>\n\n\n\n<p>L&#039;universit\u00e9 ne poss\u00e8de aucun bien lou\u00e9.<\/p>\n<\/div><\/div><\/div>\n\n\n\n<div class=\"wp-block-stackable-column stk-block-column stk-column stk-block stk-c0a4fc3\" data-v=\"4\" data-block-id=\"c0a4fc3\"><style>@media screen and (min-width: 768px){.stk-c0a4fc3 {flex:var(--stk-flex-grow, 1) 1 calc(30% - var(--stk-column-gap, 0px) * 1 \/ 2 ) !important;}}@media screen and (min-width: 768px) and (max-width: 1023px){.stk-c0a4fc3 {flex:var(--stk-flex-grow, 1) 1 calc(100% - var(--stk-column-gap, 0px) * 0 \/ 1 ) !important;}}<\/style><div class=\"stk-column-wrapper stk-block-column__content stk-container stk-c0a4fc3-container stk--no-background stk--no-padding\"><div class=\"stk-block-content stk-inner-blocks stk-c0a4fc3-inner-blocks\">\n<ul class=\"widget-box\">\n<li class='contacto-header'>Coordonn\u00e9es<\/li><li><i class=\"fa fa-map-marker\"><\/i> C\/ Padre Herrera, s\/n. B\u00e2timent du Rectorat. P.O. Bo\u00eete 456. Code postal 38200. San Crist\u00f3bal de La Laguna. Santa Cruz de T\u00e9n\u00e9rife<\/li><li><i class=\"fa fa-phone\"><\/i> (+34) 922 31 83 12<\/li><li><i class=\"fa fa-envelope\"><\/i>  <a href=\"mailto:servcontr@ull.es\">servcontr@ull.es<\/a><\/li><li><i class=\"fa fa-clock-o\"><\/i> De 8h30 \u00e0 14h30 du lundi au vendredi<\/li><li><i class=\"fa fa-pencil-square-o\"><\/i><a href=\"https:\/\/encuestas.ull.es\/index.php?r=survey\/index&sid=43596&lang=es\"> Enqu\u00eate de satisfaction<\/a><\/li><li><i class=\"fa fa-archive\"><\/i><a href=\"https:\/\/sede.ull.es\/ecivilis-site\/catalog\/showProcedure\/484\"> Proc\u00e9dure pour les plaintes, suggestions et compliments<\/a><\/li>\n<\/ul>\n\n\n<\/div><\/div><\/div>\n<\/div><\/div>","protected":false},"excerpt":{"rendered":"<p>Service d&#039;approvisionnement et de gestion des actifs. Ce service assure la maintenance et le contr\u00f4le de l&#039;inventaire des actifs et des droits de l&#039;Universit\u00e9 de La Laguna (transferts, cessions, etc.). Les donn\u00e9es les plus importantes sont regroup\u00e9es dans les sections suivantes\u00a0: Actifs immobiliers\u00a0; Inventaire des actifs et droits lou\u00e9s. L&#039;Universit\u00e9 ne\u2026<\/p>","protected":false},"author":1,"featured_media":0,"parent":0,"menu_order":0,"comment_status":"closed","ping_status":"closed","template":"templates\/template-frontpage.php","meta":{"_acf_changed":false,"footnotes":""},"class_list":["post-24","page","type-page","status-publish","hentry"],"acf":[],"_links":{"self":[{"href":"https:\/\/www.ull.es\/servicios\/contratacion-patrimonio\/fr\/wp-json\/wp\/v2\/pages\/24","targetHints":{"allow":["GET"]}}],"collection":[{"href":"https:\/\/www.ull.es\/servicios\/contratacion-patrimonio\/fr\/wp-json\/wp\/v2\/pages"}],"about":[{"href":"https:\/\/www.ull.es\/servicios\/contratacion-patrimonio\/fr\/wp-json\/wp\/v2\/types\/page"}],"author":[{"embeddable":true,"href":"https:\/\/www.ull.es\/servicios\/contratacion-patrimonio\/fr\/wp-json\/wp\/v2\/users\/1"}],"replies":[{"embeddable":true,"href":"https:\/\/www.ull.es\/servicios\/contratacion-patrimonio\/fr\/wp-json\/wp\/v2\/comments?post=24"}],"version-history":[{"count":7,"href":"https:\/\/www.ull.es\/servicios\/contratacion-patrimonio\/fr\/wp-json\/wp\/v2\/pages\/24\/revisions"}],"predecessor-version":[{"id":174,"href":"https:\/\/www.ull.es\/servicios\/contratacion-patrimonio\/fr\/wp-json\/wp\/v2\/pages\/24\/revisions\/174"}],"wp:attachment":[{"href":"https:\/\/www.ull.es\/servicios\/contratacion-patrimonio\/fr\/wp-json\/wp\/v2\/media?parent=24"}],"curies":[{"name":"wp","href":"https:\/\/api.w.org\/{rel}","templated":true}]}}