{"id":15,"date":"2018-05-14T08:46:59","date_gmt":"2018-05-14T08:46:59","guid":{"rendered":"https:\/\/www.ull.es\/servicios\/contratacion-patrimonio\/?page_id=15"},"modified":"2026-03-12T14:34:38","modified_gmt":"2026-03-12T14:34:38","slug":"informacion-ubicacion-y-contacto","status":"publish","type":"page","link":"https:\/\/www.ull.es\/servicios\/contratacion-patrimonio\/informacion-ubicacion-y-contacto\/","title":{"rendered":"Informaci\u00f3n, ubicaci\u00f3n y contacto"},"content":{"rendered":"\n<div class=\"wp-block-stackable-columns alignfull stk-block-columns stk-block stk-16a94b8\" data-block-id=\"16a94b8\"><style>.stk-16a94b8 {margin-bottom:40px !important;}@media screen and (max-width: 767px){.stk-16a94b8 {padding-top:0px !important;padding-right:0px !important;padding-bottom:0px !important;padding-left:0px !important;}}<\/style><div class=\"stk-row stk-inner-blocks stk-block-content stk-content-align stk-16a94b8-column alignfull\">\n<div class=\"wp-block-stackable-column stk-block-column stk-column stk-block stk-dfe9b01 stk-block-background stk--has-background-overlay\" data-v=\"4\" data-block-id=\"dfe9b01\"><style>.stk-dfe9b01 {background-image:url(https:\/\/www.ull.es\/servicios\/contratacion-patrimonio\/wp-content\/uploads\/sites\/8\/2019\/08\/30-Servicio-de-Contratacion-y-Patrimonio.jpg) !important;}.stk-dfe9b01:before{background-color:#000000 !important;opacity:0.3 !important;}@media screen and (max-width: 767px){.stk-dfe9b01 {padding-top:0px !important;padding-right:0px !important;padding-bottom:0px !important;padding-left:0px !important;}.stk-dfe9b01-container{min-height:320px !important;}}<\/style><div class=\"stk-column-wrapper stk-block-column__content stk-container stk-dfe9b01-container stk--no-background stk--no-padding\"><div class=\"stk-block-content stk-inner-blocks stk-dfe9b01-inner-blocks\">\n<div class=\"wp-block-stackable-columns alignfull stk-block-columns stk-block stk-3bf239f\" data-block-id=\"3bf239f\"><style>@media screen and (max-width: 1023px){.stk-3bf239f {padding-left:0px !important;}}<\/style><div class=\"stk-row stk-inner-blocks stk-block-content stk-content-align stk-3bf239f-column alignfull\">\n<div class=\"wp-block-stackable-column stk-block-column stk-column stk-block stk-f66584c\" data-v=\"4\" data-block-id=\"f66584c\"><div class=\"stk-column-wrapper stk-block-column__content stk-container stk-f66584c-container stk--no-background stk--no-padding\"><div class=\"stk-block-content stk-inner-blocks stk-f66584c-inner-blocks\">\n<div class=\"wp-block-stackable-heading stk-block-heading stk-block-heading--v2 stk-block stk-1bb54e9\" id=\"servicio-de-contratacion-y-patrimonio\" data-block-id=\"1bb54e9\"><style>.stk-1bb54e9 {padding-top:110px !important;padding-right:25px !important;padding-bottom:75px !important;padding-left:420px !important;}.stk-1bb54e9 .stk-block-heading__text{font-size:35px !important;color:#ffffff !important;font-weight:400 !important;}@media screen and (max-width: 1023px){.stk-1bb54e9 {padding-left:55px !important;}.stk-1bb54e9 .stk-block-heading__text{font-size:35px !important;}}@media screen and (max-width: 767px){.stk-1bb54e9 {padding-top:110px !important;padding-right:75px !important;padding-left:25px !important;}.stk-1bb54e9 .stk-block-heading__text{font-size:33px !important;}}<\/style><h2 class=\"stk-block-heading__text has-text-color has-text-align-left has-text-align-left-tablet has-text-align-left-mobile\">Servicio de Contrataci\u00f3n y Patrimonio<\/h2><\/div>\n<\/div><\/div><\/div>\n<\/div><\/div>\n<\/div><\/div><\/div>\n<\/div><\/div>\n\n\n\n<div class=\"wp-block-stackable-columns stk-block-columns stk-block stk-82fea45\" data-block-id=\"82fea45\"><div class=\"stk-row stk-inner-blocks stk-block-content stk-content-align stk-82fea45-column\">\n<div class=\"wp-block-stackable-column stk-block-column stk-column stk-block stk-a8e0640\" data-v=\"4\" data-block-id=\"a8e0640\"><style>@media screen and (min-width: 768px){.stk-a8e0640 {flex:var(--stk-flex-grow, 1) 1 calc(70% - var(--stk-column-gap, 0px) * 1 \/ 2 ) !important;}}@media screen and (min-width: 768px) and (max-width: 1023px){.stk-a8e0640 {flex:var(--stk-flex-grow, 1) 1 calc(100% - var(--stk-column-gap, 0px) * 0 \/ 1 ) !important;}}<\/style><div class=\"stk-column-wrapper stk-block-column__content stk-container stk-a8e0640-container stk--no-background stk--no-padding\"><div class=\"stk-block-content stk-inner-blocks stk-a8e0640-inner-blocks\">\n<div class=\"wp-block-stackable-heading stk-block-heading stk-block-heading--v2 stk-block stk-3351b77\" id=\"presentacion\" data-block-id=\"3351b77\"><style>.stk-3351b77 .stk-block-heading__text{color:#5c068c !important;font-weight:400 !important;}<\/style><h1 class=\"stk-block-heading__text has-text-color\">Presentaci\u00f3n<\/h1><\/div>\n\n\n\n<div class=\"shortcode-descripcion\">\n    <p>El Servicio de Contrataci\u00f3n y Patrimonio de la ULL, es una unidad administrativa dependiente de la Gerencia cuya misi\u00f3n es llevar a cabo la gesti\u00f3n de la contrataci\u00f3n administrativa y del patrimonio de la Universidad. En materia de Contrataci\u00f3n administrativa le corresponde realizar las actividades precisas (asesoramiento y gesti\u00f3n) para la contrataci\u00f3n de las obras, suministros y todo tipo de servicios necesarios para la satisfacci\u00f3n de las necesidades de la Universidad en materia de\r\ndocencia, investigaci\u00f3n y actividades complementarias de las mismas. Realiza adem\u00e1s el seguimiento de los contratos suscritos, tramitando las incidencias, quejas y reclamaciones que se produzcan en relaci\u00f3n a los mismos y proporciona informaci\u00f3n contractual a los \u00f3rganos universitarios y a los \u00f3rganos externos de control. En su vertiente patrimonial, tiene\r\nencomendada la tramitaci\u00f3n de expedientes patrimoniales (arrendamiento, enajenaci\u00f3n, cesi\u00f3n, concesiones, etc.), as\u00ed como el permanente mantenimiento del inventario de bienes muebles e inmuebles propiedad de la Universidad.<\/p><\/div>\n\n\n\n\n\n<style>\n    .shortcode-equipo {\n        margin-top: 40px;\n    }\n    .shortcode-equipo h2 {\n        margin-bottom: 10px !important;\n    }\n<\/style>\n\n<div class=\"shortcode-equipo\">\n    <h2>Responsable del servicio<\/h2><dl><dt><strong>Jefa del Servicio de Contrataci\u00f3n y Patrimonio<\/strong><\/dt><dd><a href='https:\/\/www.ull.es\/directorio\/search\/?busqueda=Mar\u00eda Keyla Gonz\u00e1lez Quintero' target='_blank'>Mar\u00eda Keyla Gonz\u00e1lez Quintero<\/a><\/dd><\/dl><\/div>\n\n\n\n\n\n\n\n<\/div><\/div><\/div>\n\n\n\n<div class=\"wp-block-stackable-column stk-block-column stk-column stk-block stk-c0a4fc3\" data-v=\"4\" data-block-id=\"c0a4fc3\"><style>@media screen and (min-width: 768px){.stk-c0a4fc3 {flex:var(--stk-flex-grow, 1) 1 calc(30% - var(--stk-column-gap, 0px) * 1 \/ 2 ) !important;}}@media screen and (min-width: 768px) and (max-width: 1023px){.stk-c0a4fc3 {flex:var(--stk-flex-grow, 1) 1 calc(100% - var(--stk-column-gap, 0px) * 0 \/ 1 ) !important;}}<\/style><div class=\"stk-column-wrapper stk-block-column__content stk-container stk-c0a4fc3-container stk--no-background stk--no-padding\"><div class=\"stk-block-content stk-inner-blocks stk-c0a4fc3-inner-blocks\">\n<div class=\"wp-block-stackable-icon-label stk-block-icon-label stk-block stk-3554b95 stk-block-background\" id=\"strong-a-href-http-www-universia-es-universia-a-strong\" data-block-id=\"3554b95\"><style>.stk-3554b95 .stk-inner-blocks{gap:15px !important;}.stk-3554b95 {background-color:#5c068c !important;border-color:#e4e4e4 !important;border-top-width:0px !important;border-right-width:0px !important;border-bottom-width:1px !important;border-left-width:0px !important;padding-top:5px !important;padding-right:5px !important;padding-bottom:25px !important;padding-left:10px !important;margin-bottom:5px !important;}.stk-3554b95:hover{background-color:#5c068c !important;}.stk-3554b95:before{background-color:#5c068c !important;}.stk-3554b95:hover:before{background-color:#5c068c !important;}<\/style><div class=\"stk-row stk-inner-blocks stk-block-content\">\n<div class=\"wp-block-stackable-heading stk-block-heading stk-block-heading--v2 stk-block stk-cab26f7\" id=\"a-href-https-www-ull-es-portal-normativa-gestion-span-style-color-fffffe-class-stk-highlight-consultar-normativa-span-a\" data-block-id=\"cab26f7\"><style>.stk-cab26f7 {padding-top:15px !important;padding-bottom:25px !important;padding-left:15px !important;}.stk-cab26f7 .stk-block-heading__text{font-size:22px !important;}@media screen and (max-width: 1023px){.stk-cab26f7 .stk-block-heading__text{font-size:22px !important;}}<\/style><h4 class=\"stk-block-heading__text\"><a href=\"https:\/\/www.ull.es\/portal\/normativa\/gestion\/\" target=\"_blank\" rel=\"noopener\"><span style=\"color: #fffffe;\" class=\"stk-highlight\">Consultar normativa<\/span><\/a><\/h4><\/div>\n\n\n\n<div class=\"wp-block-stackable-icon stk-block-icon has-text-align-left stk-block stk-a98a3f5\" data-block-id=\"a98a3f5\"><style>.stk-a98a3f5 {padding-right:10px !important;padding-bottom:5px !important;}.stk-a98a3f5 .stk--svg-wrapper .stk--inner-svg svg:last-child{height:16px !important;width:16px !important;}.stk-a98a3f5 .stk--svg-wrapper .stk--inner-svg svg:last-child, .stk-a98a3f5 .stk--svg-wrapper .stk--inner-svg svg:last-child :is(g, path, rect, polygon, ellipse){fill:#fffffe !important;}<\/style><span class=\"stk--svg-wrapper\"><div class=\"stk--inner-svg\"><svg style=\"height:0;width:0\"><defs><linearGradient id=\"linear-gradient-a98a3f5\" x1=\"0\" x2=\"100%\" y1=\"0\" y2=\"0\"><stop offset=\"0%\" style=\"stop-opacity:1;stop-color:var(--linear-gradient-a-98-a-3-f-5-color-1)\"><\/stop><stop offset=\"100%\" style=\"stop-opacity:1;stop-color:var(--linear-gradient-a-98-a-3-f-5-color-2)\"><\/stop><\/linearGradient><\/defs><\/svg><svg xmlns=\"http:\/\/www.w3.org\/2000\/svg\" viewBox=\"0 0 320 512\" aria-hidden=\"true\" width=\"32\" height=\"32\"><path d=\"M310.6 233.4c12.5 12.5 12.5 32.8 0 45.3l-192 192c-12.5 12.5-32.8 12.5-45.3 0s-12.5-32.8 0-45.3L242.7 256 73.4 86.6c-12.5-12.5-12.5-32.8 0-45.3s32.8-12.5 45.3 0l192 192z\"\/><\/svg><\/div><\/span><\/div>\n<\/div><\/div>\n\n\n\n<div class=\"wp-block-stackable-spacer stk-block-spacer stk--no-padding stk-block stk-b624bf6\" data-block-id=\"b624bf6\"><\/div>\n\n\n\n<ul class=\"widget-box\">\n<li class='contacto-header'>Informaci\u00f3n de contacto<\/li><li><i class=\"fa fa-map-marker\"><\/i> C\/ Padre Herrera, s\/n. Edificio Rectorado. Apartado 456. C\u00f3digo postal 38200. San Crist\u00f3bal de La Laguna. S\/C de Tenerife<\/li><li><i class=\"fa fa-phone\"><\/i> (+34) 922 31 83 12<\/li><li><i class=\"fa fa-envelope\"><\/i>  <a href=mailto:servcontr@ull.es>servcontr@ull.es<\/a><\/li><li><i class=\"fa fa-clock-o\"><\/i> De 08:30 a 14:30h. L - V<\/li><li><i class=\"fa fa-pencil-square-o\"><\/i><a href=\"https:\/\/encuestas.ull.es\/index.php?r=survey\/index&sid=43596&lang=es\"> Encuesta de satisfacci\u00f3n<\/a><\/li><li><i class=\"fa fa-archive\"><\/i><a href=\"https:\/\/sede.ull.es\/ecivilis-site\/catalog\/showProcedure\/484\"> Procedimiento para quejas, sugerencias y felicitaciones<\/a><\/li>\n<\/ul>\n\n\n\n\n\n<div class=\"wp-block-stackable-spacer stk-block-spacer stk--no-padding stk-block stk-59afaed\" data-block-id=\"59afaed\"><\/div>\n\n\n\n    \n<style>\n    .google-maps {\n        position: relative;\n        padding-bottom: 75%;\n        height: 0;\n        overflow: hidden;\n    }\n    .google-maps iframe {\n        position: absolute;\n        top: 0;\n        left: 0;\n        width: 100% !important;\n        height: 100% !important;\n    }\n<\/style>\n\n\n<div class=\"google-maps\">\n    <iframe src=\"https:\/\/www.openstreetmap.org\/export\/embed.html?bbox=-16.315806825965%2C28.480752346613%2C-16.309663016375%2C28.486564568893&amp;layer=mapnik&amp;marker=28.484935302353300%2C-16.31298065185540\" style=\"border: 1px solid black\"><\/iframe>\n<\/div>\n\n<div class=\"btn-widget\">\n    <a href=\"https:\/\/www.openstreetmap.org\/directions?engine=graphhopper_car&from=&to=28.484935302353300%2C-16.31298065185540#map=17\/28.484935302353300\/-16.31298065185540\">C\u00f3mo llegar<\/a>  \n<\/div>\n\n  <\/body>\n<\/html>\n\n\n<\/div><\/div><\/div>\n<\/div><\/div>\n","protected":false},"excerpt":{"rendered":"<p>Servicio de Contrataci\u00f3n y Patrimonio Presentaci\u00f3n Consultar normativa<\/p>\n","protected":false},"author":1,"featured_media":0,"parent":0,"menu_order":0,"comment_status":"closed","ping_status":"closed","template":"templates\/template-frontpage.php","meta":{"_acf_changed":false,"footnotes":""},"class_list":["post-15","page","type-page","status-publish","hentry"],"acf":[],"_links":{"self":[{"href":"https:\/\/www.ull.es\/servicios\/contratacion-patrimonio\/wp-json\/wp\/v2\/pages\/15","targetHints":{"allow":["GET"]}}],"collection":[{"href":"https:\/\/www.ull.es\/servicios\/contratacion-patrimonio\/wp-json\/wp\/v2\/pages"}],"about":[{"href":"https:\/\/www.ull.es\/servicios\/contratacion-patrimonio\/wp-json\/wp\/v2\/types\/page"}],"author":[{"embeddable":true,"href":"https:\/\/www.ull.es\/servicios\/contratacion-patrimonio\/wp-json\/wp\/v2\/users\/1"}],"replies":[{"embeddable":true,"href":"https:\/\/www.ull.es\/servicios\/contratacion-patrimonio\/wp-json\/wp\/v2\/comments?post=15"}],"version-history":[{"count":14,"href":"https:\/\/www.ull.es\/servicios\/contratacion-patrimonio\/wp-json\/wp\/v2\/pages\/15\/revisions"}],"predecessor-version":[{"id":173,"href":"https:\/\/www.ull.es\/servicios\/contratacion-patrimonio\/wp-json\/wp\/v2\/pages\/15\/revisions\/173"}],"wp:attachment":[{"href":"https:\/\/www.ull.es\/servicios\/contratacion-patrimonio\/wp-json\/wp\/v2\/media?parent=15"}],"curies":[{"name":"wp","href":"https:\/\/api.w.org\/{rel}","templated":true}]}}