{"id":89,"date":"2018-06-13T08:58:55","date_gmt":"2018-06-13T08:58:55","guid":{"rendered":"https:\/\/www.ull.es\/servicios\/deportes\/?page_id=89"},"modified":"2026-03-02T16:28:38","modified_gmt":"2026-03-02T16:28:38","slug":"ventajas-corporativas","status":"publish","type":"page","link":"https:\/\/www.ull.es\/servicios\/deportes\/en\/ventajas-corporativas\/","title":{"rendered":"Corporate advantages"},"content":{"rendered":"<div class=\"wp-block-stackable-columns alignfull stk-block-columns stk--hide-mobile stk-block stk-0af3d61\" data-block-id=\"0af3d61\"><style>.stk-0af3d61 {margin-bottom:100px !important;}<\/style><div class=\"stk-row stk-inner-blocks stk-block-content stk-content-align stk-0af3d61-column alignfull\">\n<div class=\"wp-block-stackable-column stk-block-column stk-column stk-block stk-14afd3b\" data-v=\"4\" data-block-id=\"14afd3b\"><div class=\"stk-column-wrapper stk-block-column__content stk-container stk-14afd3b-container stk--no-background stk--no-padding\"><div class=\"stk-block-content stk-inner-blocks stk-14afd3b-inner-blocks\">\n<div class=\"wp-block-stackable-image alignfull stk-block-image stk-block stk-6a37533\" data-block-id=\"6a37533\"><style>.stk-6a37533 {margin-bottom:0px !important;}.stk-6a37533 .stk-img-wrapper{width:100% !important;}<\/style><figure><span class=\"stk-img-wrapper stk-image--shape-stretch\"><img loading=\"lazy\" decoding=\"async\" class=\"stk-img wp-image-3955\" src=\"https:\/\/www.ull.es\/servicios\/deportes\/wp-content\/uploads\/sites\/10\/2026\/02\/Entidades-colaboradoras.png\" width=\"1600\" height=\"463\" srcset=\"https:\/\/www.ull.es\/servicios\/deportes\/wp-content\/uploads\/sites\/10\/2026\/02\/Entidades-colaboradoras.png 1600w, https:\/\/www.ull.es\/servicios\/deportes\/wp-content\/uploads\/sites\/10\/2026\/02\/Entidades-colaboradoras-300x87.png 300w, https:\/\/www.ull.es\/servicios\/deportes\/wp-content\/uploads\/sites\/10\/2026\/02\/Entidades-colaboradoras-1024x296.png 1024w, https:\/\/www.ull.es\/servicios\/deportes\/wp-content\/uploads\/sites\/10\/2026\/02\/Entidades-colaboradoras-768x222.png 768w, https:\/\/www.ull.es\/servicios\/deportes\/wp-content\/uploads\/sites\/10\/2026\/02\/Entidades-colaboradoras-1536x444.png 1536w, https:\/\/www.ull.es\/servicios\/deportes\/wp-content\/uploads\/sites\/10\/2026\/02\/Entidades-colaboradoras-18x5.png 18w, https:\/\/www.ull.es\/servicios\/deportes\/wp-content\/uploads\/sites\/10\/2026\/02\/Entidades-colaboradoras-200x58.png 200w, https:\/\/www.ull.es\/servicios\/deportes\/wp-content\/uploads\/sites\/10\/2026\/02\/Entidades-colaboradoras-375x109.png 375w, https:\/\/www.ull.es\/servicios\/deportes\/wp-content\/uploads\/sites\/10\/2026\/02\/Entidades-colaboradoras-750x217.png 750w, https:\/\/www.ull.es\/servicios\/deportes\/wp-content\/uploads\/sites\/10\/2026\/02\/Entidades-colaboradoras-1140x330.png 1140w\" sizes=\"auto, (max-width: 1600px) 100vw, 1600px\" \/><\/span><\/figure><\/div>\n\n\n\n<div class=\"wp-block-stackable-heading stk-block-heading stk-block-heading--v2 stk-block stk-4f7eeed\" id=\"ventajas-corporativas\" data-block-id=\"4f7eeed\"><style>.stk-4f7eeed {box-shadow:0px 0px 0px 0px #000000 !important;margin-top:-9% !important;margin-bottom:3% !important;margin-left:18% !important;}.stk-4f7eeed .stk-block-heading__text{font-size:56px !important;color:#fffffe !important;line-height:1.2em !important;font-weight:bold !important;font-family:\"Argentum Sans\", Sans-serif !important;letter-spacing:4px !important;}@media screen and (max-width: 1023px){.stk-4f7eeed {margin-top:-15% !important;}.stk-4f7eeed .stk-block-heading__text{font-size:50px !important;}}<\/style><h2 class=\"stk-block-heading__text has-text-color\">Corporate advantages<\/h2><\/div>\n<\/div><\/div><\/div>\n<\/div><\/div>\n\n\n\n<div class=\"wp-block-stackable-columns alignfull stk-block-columns stk--hide-desktop stk--hide-tablet stk-block stk-a316a3e\" data-block-id=\"a316a3e\"><style>.stk-a316a3e {margin-bottom:80px !important;}<\/style><div class=\"stk-row stk-inner-blocks stk-block-content stk-content-align stk-a316a3e-column alignfull\">\n<div class=\"wp-block-stackable-column stk-block-column stk-column stk-block stk-ca1bdc8\" data-v=\"4\" data-block-id=\"ca1bdc8\"><div class=\"stk-column-wrapper stk-block-column__content stk-container stk-ca1bdc8-container stk--no-background stk--no-padding\"><div class=\"stk-block-content stk-inner-blocks stk-ca1bdc8-inner-blocks\">\n<div class=\"wp-block-stackable-image alignfull stk-block-image stk-block stk-323a8ac\" data-block-id=\"323a8ac\"><style>.stk-323a8ac {margin-bottom:0px !important;}.stk-323a8ac .stk-img-wrapper{width:100% !important;--stk-gradient-overlay:0.3 !important;}.stk-323a8ac .stk-img-wrapper::after{background-image:linear-gradient(360deg,rgb(255,255,255) 0%,rgb(0,0,0) 100%) !important;}<\/style><figure><span class=\"stk-img-wrapper stk-image--shape-stretch\"><img loading=\"lazy\" decoding=\"async\" class=\"stk-img wp-image-3792\" src=\"https:\/\/www.ull.es\/servicios\/deportes\/wp-content\/uploads\/sites\/10\/2026\/02\/Entidades-Colaboradoras-Header-Movil.png\" width=\"955\" height=\"625\" srcset=\"https:\/\/www.ull.es\/servicios\/deportes\/wp-content\/uploads\/sites\/10\/2026\/02\/Entidades-Colaboradoras-Header-Movil.png 955w, https:\/\/www.ull.es\/servicios\/deportes\/wp-content\/uploads\/sites\/10\/2026\/02\/Entidades-Colaboradoras-Header-Movil-300x196.png 300w, https:\/\/www.ull.es\/servicios\/deportes\/wp-content\/uploads\/sites\/10\/2026\/02\/Entidades-Colaboradoras-Header-Movil-768x503.png 768w, https:\/\/www.ull.es\/servicios\/deportes\/wp-content\/uploads\/sites\/10\/2026\/02\/Entidades-Colaboradoras-Header-Movil-18x12.png 18w, https:\/\/www.ull.es\/servicios\/deportes\/wp-content\/uploads\/sites\/10\/2026\/02\/Entidades-Colaboradoras-Header-Movil-200x131.png 200w, https:\/\/www.ull.es\/servicios\/deportes\/wp-content\/uploads\/sites\/10\/2026\/02\/Entidades-Colaboradoras-Header-Movil-870x570.png 870w, https:\/\/www.ull.es\/servicios\/deportes\/wp-content\/uploads\/sites\/10\/2026\/02\/Entidades-Colaboradoras-Header-Movil-375x245.png 375w, https:\/\/www.ull.es\/servicios\/deportes\/wp-content\/uploads\/sites\/10\/2026\/02\/Entidades-Colaboradoras-Header-Movil-750x491.png 750w\" sizes=\"auto, (max-width: 955px) 100vw, 955px\" \/><\/span><\/figure><\/div>\n\n\n\n<div class=\"wp-block-stackable-heading stk-block-heading stk-block-heading--v2 stk-block stk-59b3d61\" id=\"ventajas-corporativas\" data-block-id=\"59b3d61\"><style>.stk-59b3d61 {box-shadow:0px 0px 0px 0px #000000 !important;margin-top:-30% !important;margin-left:10% !important;}.stk-59b3d61 .stk-block-heading__text{font-size:24px !important;color:#fffffe !important;font-weight:bold !important;font-family:\"Argentum Sans\", Sans-serif !important;letter-spacing:4px !important;}@media screen and (max-width: 1023px){.stk-59b3d61 .stk-block-heading__text{font-size:24px !important;}}<\/style><h2 class=\"stk-block-heading__text has-text-color\">Corporate advantages<\/h2><\/div>\n<\/div><\/div><\/div>\n<\/div><\/div>\n\n\n\n<div class=\"wp-block-stackable-columns alignwide stk-block-columns stk-block stk-d745c83\" data-block-id=\"d745c83\"><style>.stk-d745c83 {overflow:hidden !important;margin-bottom:70px !important;}@media screen and (max-width: 767px){.stk-d745c83 {padding-top:25px !important;padding-right:25px !important;padding-bottom:25px !important;padding-left:25px !important;}}<\/style><div class=\"stk-row stk-inner-blocks stk-block-content stk-content-align stk-d745c83-column alignwide\">\n<div class=\"wp-block-stackable-column stk-block-column stk-column stk-block stk-ced8763\" data-v=\"4\" data-block-id=\"ced8763\"><div class=\"stk-column-wrapper stk-block-column__content stk-container stk-ced8763-container stk--no-background stk--no-padding\"><div class=\"stk-block-content stk-inner-blocks stk-ced8763-inner-blocks\">\n<div class=\"wp-block-stackable-text stk-block-text stk-block stk-cad6ec6\" data-block-id=\"cad6ec6\"><p class=\"stk-block-text__text\">The University of La Laguna, through its Sports Service, has signed an agreement with the companies detailed in this section to establish common avenues of collaboration for the promotion of health, sport, and physical activity in general, and for the promotion and improvement of physical and emotional recovery for better health. The University Community will benefit from the various commercial advantages that these companies and institutions have made available to the ULL university community.<\/p><\/div>\n\n\n\n<p>The offers will be displayed for the duration of their validity period and will be removed once they expire. It is recommended to check this section periodically for any updates.<\/p>\n<\/div><\/div><\/div>\n<\/div><\/div>\n\n\n\n<div class=\"wp-block-stackable-columns alignwide stk-block-columns stk-block stk-af8b6cf\" data-block-id=\"af8b6cf\"><style>.stk-af8b6cf {overflow:hidden !important;margin-bottom:25px !important;}@media screen and (max-width: 1023px){.stk-af8b6cf {--stk-col-order-1:2 !important;--stk-col-order-2:1 !important;}}@media screen and (max-width: 767px){.stk-af8b6cf {padding-top:25px !important;padding-right:25px !important;padding-bottom:25px !important;padding-left:25px !important;margin-top:-50px !important;--stk-col-order-1:1 !important;--stk-col-order-2:2 !important;}}<\/style><div class=\"stk-row stk-inner-blocks stk-block-content stk-content-align stk-af8b6cf-column alignwide\">\n<div class=\"wp-block-stackable-column stk-block-column stk-column stk-block stk-3a90f11\" data-v=\"4\" data-block-id=\"3a90f11\"><div class=\"stk-column-wrapper stk-block-column__content stk-container stk-3a90f11-container stk--no-background stk--no-padding\"><div class=\"stk-block-content stk-inner-blocks stk-3a90f11-inner-blocks\">\n<div class=\"wp-block-stackable-columns stk-block-columns stk-block stk-1a40405\" data-block-id=\"1a40405\"><div class=\"stk-row stk-inner-blocks stk-block-content stk-content-align stk-1a40405-column\">\n<div class=\"wp-block-stackable-column stk-block-column stk-column stk-block stk-eb0f7a3\" data-v=\"4\" data-block-id=\"eb0f7a3\"><div class=\"stk-column-wrapper stk-block-column__content stk-container stk-eb0f7a3-container stk--no-background stk--no-padding\"><div class=\"stk-block-content stk-inner-blocks stk-eb0f7a3-inner-blocks\">\n<div class=\"wp-block-stackable-image stk-block-image stk-block stk-c21e0a4\" data-block-id=\"c21e0a4\"><figure><a class=\"stk-link\" href=\"https:\/\/drive.google.com\/file\/d\/1HwRr4ffr39GGXPaRQCheukOL0Y8CYZ0J\/view?usp=sharing\" target=\"_blank\" rel=\"noopener\"><span class=\"stk-img-wrapper stk-image--shape-stretch\"><img loading=\"lazy\" decoding=\"async\" class=\"stk-img wp-image-2051\" src=\"https:\/\/www.ull.es\/servicios\/deportes\/wp-content\/uploads\/sites\/10\/2022\/06\/canarias.jpg\" width=\"600\" height=\"357\" srcset=\"https:\/\/www.ull.es\/servicios\/deportes\/wp-content\/uploads\/sites\/10\/2022\/06\/canarias.jpg 600w, https:\/\/www.ull.es\/servicios\/deportes\/wp-content\/uploads\/sites\/10\/2022\/06\/canarias-300x179.jpg 300w, https:\/\/www.ull.es\/servicios\/deportes\/wp-content\/uploads\/sites\/10\/2022\/06\/canarias-375x223.jpg 375w\" sizes=\"auto, (max-width: 600px) 100vw, 600px\" \/><\/span><\/a><\/figure><\/div>\n<\/div><\/div><\/div>\n\n\n\n<div class=\"wp-block-stackable-column stk-block-column stk-column stk-block stk-ae5e2d1\" data-v=\"4\" data-block-id=\"ae5e2d1\"><div class=\"stk-column-wrapper stk-block-column__content stk-container stk-ae5e2d1-container stk--no-background stk--no-padding\"><div class=\"stk-block-content stk-inner-blocks stk-ae5e2d1-inner-blocks\">\n<div class=\"wp-block-stackable-image stk-block-image stk-block stk-224a3f4\" data-block-id=\"224a3f4\"><figure><a class=\"stk-link\" href=\"https:\/\/drive.google.com\/file\/d\/1pQQaEfpgF5Kxggz2Wucx7V9HoM4FaRH9\/view?usp=sharing\" target=\"_blank\" rel=\"noopener\"><span class=\"stk-img-wrapper stk-image--shape-stretch\"><img loading=\"lazy\" decoding=\"async\" class=\"stk-img wp-image-1951\" src=\"https:\/\/www.ull.es\/servicios\/deportes\/wp-content\/uploads\/sites\/10\/2022\/03\/LOGO-4-FITNESS.png\" width=\"502\" height=\"325\" srcset=\"https:\/\/www.ull.es\/servicios\/deportes\/wp-content\/uploads\/sites\/10\/2022\/03\/LOGO-4-FITNESS.png 502w, https:\/\/www.ull.es\/servicios\/deportes\/wp-content\/uploads\/sites\/10\/2022\/03\/LOGO-4-FITNESS-300x194.png 300w, https:\/\/www.ull.es\/servicios\/deportes\/wp-content\/uploads\/sites\/10\/2022\/03\/LOGO-4-FITNESS-375x243.png 375w\" sizes=\"auto, (max-width: 502px) 100vw, 502px\" \/><\/span><\/a><\/figure><\/div>\n<\/div><\/div><\/div>\n\n\n\n<div class=\"wp-block-stackable-column stk-block-column stk-column stk-block stk-1b5bf6b\" data-v=\"4\" data-block-id=\"1b5bf6b\"><div class=\"stk-column-wrapper stk-block-column__content stk-container stk-1b5bf6b-container stk--no-background stk--no-padding\"><div class=\"stk-block-content stk-inner-blocks stk-1b5bf6b-inner-blocks\">\n<div class=\"wp-block-stackable-image stk-block-image stk-block stk-13c833d\" data-block-id=\"13c833d\"><style>.stk-13c833d .stk-img-wrapper{width:225px !important;}<\/style><figure><span class=\"stk-img-wrapper stk-image--shape-stretch\"><img loading=\"lazy\" decoding=\"async\" class=\"stk-img wp-image-2747\" src=\"https:\/\/www.ull.es\/servicios\/deportes\/wp-content\/uploads\/sites\/10\/2024\/12\/15863_intersport-removebg-preview.png\" width=\"225\" height=\"224\" srcset=\"https:\/\/www.ull.es\/servicios\/deportes\/wp-content\/uploads\/sites\/10\/2024\/12\/15863_intersport-removebg-preview.png 225w, https:\/\/www.ull.es\/servicios\/deportes\/wp-content\/uploads\/sites\/10\/2024\/12\/15863_intersport-removebg-preview-150x150.png 150w, https:\/\/www.ull.es\/servicios\/deportes\/wp-content\/uploads\/sites\/10\/2024\/12\/15863_intersport-removebg-preview-50x50.png 50w\" sizes=\"auto, (max-width: 225px) 100vw, 225px\" \/><\/span><\/figure><\/div>\n<\/div><\/div><\/div>\n<\/div><\/div>\n<\/div><\/div><\/div>\n<\/div><\/div>","protected":false},"excerpt":{"rendered":"<p>Ventajas corporativas Ventajas corporativas La Universidad de La Laguna a trav\u00e9s del Servicio de Deportes, ha suscrito Convenio con las empresas que se detallan en esta secci\u00f3n para establecer v\u00edas comunes de colaboraci\u00f3n en aras del fomento y promoci\u00f3n de la salud, el deporte y de la actividad f\u00edsica-deportiva en general y para el fomento&#8230;<\/p>","protected":false},"author":1,"featured_media":0,"parent":0,"menu_order":0,"comment_status":"closed","ping_status":"closed","template":"templates\/template-frontpage.php","meta":{"_acf_changed":false,"footnotes":""},"class_list":["post-89","page","type-page","status-publish","hentry"],"acf":[],"_links":{"self":[{"href":"https:\/\/www.ull.es\/servicios\/deportes\/en\/wp-json\/wp\/v2\/pages\/89","targetHints":{"allow":["GET"]}}],"collection":[{"href":"https:\/\/www.ull.es\/servicios\/deportes\/en\/wp-json\/wp\/v2\/pages"}],"about":[{"href":"https:\/\/www.ull.es\/servicios\/deportes\/en\/wp-json\/wp\/v2\/types\/page"}],"author":[{"embeddable":true,"href":"https:\/\/www.ull.es\/servicios\/deportes\/en\/wp-json\/wp\/v2\/users\/1"}],"replies":[{"embeddable":true,"href":"https:\/\/www.ull.es\/servicios\/deportes\/en\/wp-json\/wp\/v2\/comments?post=89"}],"version-history":[{"count":18,"href":"https:\/\/www.ull.es\/servicios\/deportes\/en\/wp-json\/wp\/v2\/pages\/89\/revisions"}],"predecessor-version":[{"id":4099,"href":"https:\/\/www.ull.es\/servicios\/deportes\/en\/wp-json\/wp\/v2\/pages\/89\/revisions\/4099"}],"wp:attachment":[{"href":"https:\/\/www.ull.es\/servicios\/deportes\/en\/wp-json\/wp\/v2\/media?parent=89"}],"curies":[{"name":"wp","href":"https:\/\/api.w.org\/{rel}","templated":true}]}}