{"id":21,"date":"2018-06-08T09:45:16","date_gmt":"2018-06-08T09:45:16","guid":{"rendered":"https:\/\/www.ull.es\/servicios\/deportes\/?page_id=21"},"modified":"2026-02-27T10:25:39","modified_gmt":"2026-02-27T10:25:39","slug":"informacion-ubicacion-y-contacto","status":"publish","type":"page","link":"https:\/\/www.ull.es\/servicios\/deportes\/fr\/informacion-ubicacion-y-contacto\/","title":{"rendered":"Informations, localisation et contact"},"content":{"rendered":"<div class=\"wp-block-stackable-columns alignfull stk-block-columns stk--hide-mobile stk-block stk-0af3d61\" data-block-id=\"0af3d61\"><style>.stk-0af3d61 {margin-bottom:100px !important;}<\/style><div class=\"stk-row stk-inner-blocks stk-block-content stk-content-align stk-0af3d61-column alignfull\">\n<div class=\"wp-block-stackable-column stk-block-column stk-column stk-block stk-14afd3b\" data-v=\"4\" data-block-id=\"14afd3b\"><div class=\"stk-column-wrapper stk-block-column__content stk-container stk-14afd3b-container stk--no-background stk--no-padding\"><div class=\"stk-block-content stk-inner-blocks stk-14afd3b-inner-blocks\">\n<div class=\"wp-block-stackable-image alignfull stk-block-image stk-block stk-6a37533\" data-block-id=\"6a37533\"><style>.stk-6a37533 {margin-bottom:0px !important;}.stk-6a37533 .stk-img-wrapper{width:100% !important;}<\/style><figure><span class=\"stk-img-wrapper stk-image--shape-stretch\"><img loading=\"lazy\" decoding=\"async\" class=\"stk-img wp-image-3928\" src=\"https:\/\/www.ull.es\/servicios\/deportes\/wp-content\/uploads\/sites\/10\/2026\/02\/Informacion-ubicacion-y-contacto.png\" width=\"1600\" height=\"463\" srcset=\"https:\/\/www.ull.es\/servicios\/deportes\/wp-content\/uploads\/sites\/10\/2026\/02\/Informacion-ubicacion-y-contacto.png 1600w, https:\/\/www.ull.es\/servicios\/deportes\/wp-content\/uploads\/sites\/10\/2026\/02\/Informacion-ubicacion-y-contacto-300x87.png 300w, https:\/\/www.ull.es\/servicios\/deportes\/wp-content\/uploads\/sites\/10\/2026\/02\/Informacion-ubicacion-y-contacto-1024x296.png 1024w, https:\/\/www.ull.es\/servicios\/deportes\/wp-content\/uploads\/sites\/10\/2026\/02\/Informacion-ubicacion-y-contacto-768x222.png 768w, https:\/\/www.ull.es\/servicios\/deportes\/wp-content\/uploads\/sites\/10\/2026\/02\/Informacion-ubicacion-y-contacto-1536x444.png 1536w, https:\/\/www.ull.es\/servicios\/deportes\/wp-content\/uploads\/sites\/10\/2026\/02\/Informacion-ubicacion-y-contacto-18x5.png 18w, https:\/\/www.ull.es\/servicios\/deportes\/wp-content\/uploads\/sites\/10\/2026\/02\/Informacion-ubicacion-y-contacto-200x58.png 200w, https:\/\/www.ull.es\/servicios\/deportes\/wp-content\/uploads\/sites\/10\/2026\/02\/Informacion-ubicacion-y-contacto-375x109.png 375w, https:\/\/www.ull.es\/servicios\/deportes\/wp-content\/uploads\/sites\/10\/2026\/02\/Informacion-ubicacion-y-contacto-750x217.png 750w, https:\/\/www.ull.es\/servicios\/deportes\/wp-content\/uploads\/sites\/10\/2026\/02\/Informacion-ubicacion-y-contacto-1140x330.png 1140w\" sizes=\"auto, (max-width: 1600px) 100vw, 1600px\" \/><\/span><\/figure><\/div>\n\n\n\n<div class=\"wp-block-stackable-heading stk-block-heading stk-block-heading--v2 stk-block stk-4f7eeed\" id=\"informacion-ubicacion-br-y-contacto\" data-block-id=\"4f7eeed\"><style>.stk-4f7eeed {box-shadow:0px 0px 0px 0px #000000 !important;margin-top:-9% !important;margin-left:18% !important;}.stk-4f7eeed .stk-block-heading__text{font-size:56px !important;color:#fffffe !important;line-height:1.2em !important;font-weight:bold !important;font-family:\"Argentum Sans\", Sans-serif !important;letter-spacing:4px !important;}@media screen and (max-width: 1023px){.stk-4f7eeed .stk-block-heading__text{font-size:50px !important;}}<\/style><h2 class=\"stk-block-heading__text has-text-color\">Informations, localisation<br>et contact<\/h2><\/div>\n<\/div><\/div><\/div>\n<\/div><\/div>\n\n\n\n<div class=\"wp-block-stackable-columns alignfull stk-block-columns stk--hide-desktop stk--hide-tablet stk-block stk-a316a3e\" data-block-id=\"a316a3e\"><style>.stk-a316a3e {margin-bottom:80px !important;}<\/style><div class=\"stk-row stk-inner-blocks stk-block-content stk-content-align stk-a316a3e-column alignfull\">\n<div class=\"wp-block-stackable-column stk-block-column stk-column stk-block stk-ca1bdc8\" data-v=\"4\" data-block-id=\"ca1bdc8\"><div class=\"stk-column-wrapper stk-block-column__content stk-container stk-ca1bdc8-container stk--no-background stk--no-padding\"><div class=\"stk-block-content stk-inner-blocks stk-ca1bdc8-inner-blocks\">\n<div class=\"wp-block-stackable-image alignfull stk-block-image stk-block stk-323a8ac\" data-block-id=\"323a8ac\"><style>.stk-323a8ac {margin-bottom:0px !important;}.stk-323a8ac .stk-img-wrapper{width:100% !important;--stk-gradient-overlay:0.3 !important;}.stk-323a8ac .stk-img-wrapper::after{background-image:linear-gradient(360deg,rgb(255,255,255) 0%,rgb(0,0,0) 100%) !important;}<\/style><figure><span class=\"stk-img-wrapper stk-image--shape-stretch\"><img loading=\"lazy\" decoding=\"async\" class=\"stk-img wp-image-3539\" src=\"https:\/\/www.ull.es\/servicios\/deportes\/wp-content\/uploads\/sites\/10\/2026\/02\/Actividades_Deportivas-Contacto_movil.jpg\" width=\"753\" height=\"615\" srcset=\"https:\/\/www.ull.es\/servicios\/deportes\/wp-content\/uploads\/sites\/10\/2026\/02\/Actividades_Deportivas-Contacto_movil.jpg 753w, https:\/\/www.ull.es\/servicios\/deportes\/wp-content\/uploads\/sites\/10\/2026\/02\/Actividades_Deportivas-Contacto_movil-300x245.jpg 300w, https:\/\/www.ull.es\/servicios\/deportes\/wp-content\/uploads\/sites\/10\/2026\/02\/Actividades_Deportivas-Contacto_movil-15x12.jpg 15w, https:\/\/www.ull.es\/servicios\/deportes\/wp-content\/uploads\/sites\/10\/2026\/02\/Actividades_Deportivas-Contacto_movil-200x163.jpg 200w, https:\/\/www.ull.es\/servicios\/deportes\/wp-content\/uploads\/sites\/10\/2026\/02\/Actividades_Deportivas-Contacto_movil-375x306.jpg 375w, https:\/\/www.ull.es\/servicios\/deportes\/wp-content\/uploads\/sites\/10\/2026\/02\/Actividades_Deportivas-Contacto_movil-750x613.jpg 750w\" sizes=\"auto, (max-width: 753px) 100vw, 753px\" \/><\/span><\/figure><\/div>\n\n\n\n<div class=\"wp-block-stackable-heading stk-block-heading stk-block-heading--v2 stk-block stk-59b3d61\" id=\"informacion-ubicacion-y-contacto\" data-block-id=\"59b3d61\"><style>.stk-59b3d61 {box-shadow:0px 0px 0px 0px #000000 !important;margin-top:-30% !important;margin-left:10% !important;}.stk-59b3d61 .stk-block-heading__text{font-size:24px !important;color:#fffffe !important;font-weight:bold !important;font-family:\"Argentum Sans\", Sans-serif !important;letter-spacing:4px !important;}@media screen and (max-width: 1023px){.stk-59b3d61 .stk-block-heading__text{font-size:24px !important;}}<\/style><h2 class=\"stk-block-heading__text has-text-color\">Informations, localisation et contact<\/h2><\/div>\n<\/div><\/div><\/div>\n<\/div><\/div>\n\n\n\n<div class=\"wp-block-stackable-columns alignwide stk-block-columns stk-block stk-af8b6cf\" data-block-id=\"af8b6cf\"><style>.stk-af8b6cf {overflow:hidden !important;margin-bottom:70px !important;}@media screen and (max-width: 767px){.stk-af8b6cf {padding-top:25px !important;padding-right:25px !important;padding-bottom:25px !important;padding-left:25px !important;margin-top:-50px !important;}}<\/style><div class=\"stk-row stk-inner-blocks stk-block-content stk-content-align stk-af8b6cf-column alignwide\">\n<div class=\"wp-block-stackable-column stk-block-column stk-column stk-block stk-3a90f11\" data-v=\"4\" data-block-id=\"3a90f11\"><style>@media screen and (min-width: 768px){.stk-3a90f11 {flex:var(--stk-flex-grow, 1) 1 calc(60% - var(--stk-column-gap, 0px) * 1 \/ 2 ) !important;}}<\/style><div class=\"stk-column-wrapper stk-block-column__content stk-container stk-3a90f11-container stk--no-background stk--no-padding\"><div class=\"stk-block-content stk-inner-blocks stk-3a90f11-inner-blocks\">\n<div class=\"wp-block-stackable-heading stk-block-heading stk-block-heading--v2 stk-block stk-8434145\" id=\"responsable-del-servicio\" data-block-id=\"8434145\"><style>.stk-8434145 {margin-bottom:10px !important;}.stk-8434145 .stk-block-heading__text{font-size:32px !important;color:#515151 !important;font-weight:400 !important;font-family:\"Argentum Sans\", Sans-serif !important;}@media screen and (max-width: 1023px){.stk-8434145 .stk-block-heading__text{font-size:32px !important;}}<\/style><h2 class=\"stk-block-heading__text has-text-color\">Responsable du service<\/h2><\/div>\n\n\n\n<div class=\"wp-block-stackable-text stk-block-text stk-block stk-1b4a5cc\" data-block-id=\"1b4a5cc\"><style>.stk-1b4a5cc {margin-bottom:20px !important;}.stk-1b4a5cc .stk-block-text__text{color:#5c068d !important;font-weight:600 !important;}<\/style><p class=\"stk-block-text__text has-text-color\"><u><a href=\"https:\/\/www.ull.es\/directorio\/search\/?busqueda=Teresa%20Bego%C3%B1a%20L%C3%B3pez%20Rodr%C3%ADguez\" target=\"_blank\" rel=\"noopener\">T. Bego\u00f1a L\u00f3pez Rodr\u00edguez<\/a><\/u><\/p><\/div>\n\n\n\n<div class=\"wp-block-stackable-text stk-block-text stk-block stk-c9bb699\" data-block-id=\"c9bb699\"><style>.stk-c9bb699 .stk-block-text__text{color:#515151 !important;font-family:\"Argentum Sans\", Sans-serif !important;}<\/style><p class=\"stk-block-text__text has-text-color\">Le Service des sports de l&#039;Universit\u00e9 de La Laguna organise des activit\u00e9s physiques et sportives pratiques, \u00e9ducatives et de formation pour les membres de la communaut\u00e9 universitaire et le grand public. Il encourage la participation et adapte son offre d&#039;activit\u00e9s et d&#039;installations \u00e0 la demande dans les diff\u00e9rents domaines du sport et de l&#039;activit\u00e9 physique, contribuant ainsi au d\u00e9veloppement global de chacun et \u00e0 son bien-\u00eatre. Afin de devenir une r\u00e9f\u00e9rence en mati\u00e8re de gestion du sport aux \u00eeles Canaries, nos priorit\u00e9s incluent la conception et la mise en \u0153uvre d&#039;un mod\u00e8le de sport universitaire fond\u00e9 sur le principe du \u00ab\u00a0Sport pour tous\u00a0\u00bb. Ce mod\u00e8le vise \u00e0 am\u00e9liorer la sant\u00e9, la condition physique et la qualit\u00e9 de vie\u00a0; \u00e0 favoriser le d\u00e9veloppement des aptitudes et des comp\u00e9tences physiques fondamentales\u00a0; \u00e0 proposer une alternative pour les loisirs et les activit\u00e9s de temps libre\u00a0; et \u00e0 contribuer \u00e0 l&#039;\u00e9tablissement de relations sociales plus enrichissantes. Nous nous engageons \u00e0 am\u00e9liorer continuellement la qualit\u00e9 de nos programmes sportifs et \u00e0 obtenir et allouer les ressources n\u00e9cessaires \u00e0 la modernisation et \u00e0 l&#039;am\u00e9lioration de nos installations et \u00e9quipements, tant quantitativement que qualitativement, afin de poursuivre notre qu\u00eate d&#039;excellence dans les services que nous offrons \u00e0 la communaut\u00e9 universitaire et \u00e0 la soci\u00e9t\u00e9 en g\u00e9n\u00e9ral.<\/p><\/div>\n<\/div><\/div><\/div>\n\n\n\n<div class=\"wp-block-stackable-column stk-block-column stk-column stk-block stk-a96fc0c\" data-v=\"4\" data-block-id=\"a96fc0c\"><style>@media screen and (min-width: 768px){.stk-a96fc0c {flex:var(--stk-flex-grow, 1) 1 calc(40% - var(--stk-column-gap, 0px) * 1 \/ 2 ) !important;}}<\/style><div class=\"stk-column-wrapper stk-block-column__content stk-container stk-a96fc0c-container stk--no-background stk--no-padding\"><div class=\"stk-block-content stk-inner-blocks stk-a96fc0c-inner-blocks\">\n<div class=\"wp-block-stackable-image stk-block-image stk-block stk-c14e47b\" data-block-id=\"c14e47b\"><style>.stk-c14e47b .stk-img-wrapper{width:75% !important;}@media screen and (max-width: 767px){.stk-c14e47b .stk-img-wrapper{width:100% !important;}}<\/style><figure><span class=\"stk-img-wrapper stk-image--shape-stretch\"><img loading=\"lazy\" decoding=\"async\" class=\"stk-img wp-image-3048\" src=\"https:\/\/www.ull.es\/servicios\/deportes\/wp-content\/uploads\/sites\/10\/2026\/01\/Frame-906.png\" width=\"384\" height=\"408\" srcset=\"https:\/\/www.ull.es\/servicios\/deportes\/wp-content\/uploads\/sites\/10\/2026\/01\/Frame-906.png 384w, https:\/\/www.ull.es\/servicios\/deportes\/wp-content\/uploads\/sites\/10\/2026\/01\/Frame-906-282x300.png 282w, https:\/\/www.ull.es\/servicios\/deportes\/wp-content\/uploads\/sites\/10\/2026\/01\/Frame-906-11x12.png 11w, https:\/\/www.ull.es\/servicios\/deportes\/wp-content\/uploads\/sites\/10\/2026\/01\/Frame-906-200x213.png 200w, https:\/\/www.ull.es\/servicios\/deportes\/wp-content\/uploads\/sites\/10\/2026\/01\/Frame-906-375x398.png 375w\" sizes=\"auto, (max-width: 384px) 100vw, 384px\" \/><\/span><\/figure><\/div>\n<\/div><\/div><\/div>\n<\/div><\/div>\n\n\n\n<div class=\"wp-block-stackable-columns alignfull stk-block-columns stk-block stk-6588c50 stk-block-background\" data-block-id=\"6588c50\"><style>.stk-6588c50 {background-color:#f8f8f8 !important;margin-bottom:-75px !important;}.stk-6588c50:before{background-color:#f8f8f8 !important;}<\/style><div class=\"stk-row stk-inner-blocks stk-block-content stk-content-align stk-6588c50-column alignfull\">\n<div class=\"wp-block-stackable-column stk-block-column stk-column stk-block stk-b41a9d4\" data-v=\"4\" data-block-id=\"b41a9d4\"><style>.stk-b41a9d4 {margin-left:10% !important;}@media screen and (min-width: 768px){.stk-b41a9d4 {flex:var(--stk-flex-grow, 1) 1 calc(60% - var(--stk-column-gap, 0px) * 1 \/ 2 ) !important;}}@media screen and (max-width: 767px){.stk-b41a9d4-inner-blocks{align-items:center !important;}}<\/style><div class=\"stk-column-wrapper stk-block-column__content stk-container stk-b41a9d4-container stk--no-background stk--no-padding\"><div class=\"stk-block-content stk-inner-blocks stk-b41a9d4-inner-blocks\">\n<div class=\"wp-block-stackable-heading stk-block-heading stk-block-heading--v2 stk-block stk-aeff9b1\" id=\"servicios-que-ofrece-al-usuario\" data-block-id=\"aeff9b1\"><style>.stk-aeff9b1 {margin-bottom:10px !important;}.stk-aeff9b1 .stk-block-heading__text{font-size:32px !important;color:#515151 !important;font-weight:400 !important;font-family:\"Argentum Sans\", Sans-serif !important;}@media screen and (max-width: 1023px){.stk-aeff9b1 .stk-block-heading__text{font-size:32px !important;}}<\/style><h2 class=\"stk-block-heading__text has-text-color\">Services offerts \u00e0 l&#039;utilisateur<\/h2><\/div>\n\n\n\n<div class=\"wp-block-stackable-columns stk-block-columns stk-block stk-2692068\" data-block-id=\"2692068\"><div class=\"stk-row stk-inner-blocks stk-block-content stk-content-align stk-2692068-column\">\n<div class=\"wp-block-stackable-column stk-block-column stk-column stk-block stk-ced21f3\" data-v=\"4\" data-block-id=\"ced21f3\"><div class=\"stk-column-wrapper stk-block-column__content stk-container stk-ced21f3-container stk--no-background stk--no-padding\"><div class=\"stk-block-content stk-inner-blocks stk-ced21f3-inner-blocks\">\n<ul class=\"wp-block-list\">\n<li><strong><a href=\"https:\/\/www.ull.es\/servicios\/deportes\/actividades-deportivas\/\" data-type=\"page\" data-id=\"28\" target=\"_blank\" rel=\"noopener\"><span style=\"color: #5c068d;\" class=\"stk-highlight\">Activit\u00e9s sportives :<\/span><\/a><\/strong> &nbsp;Plus de 30 activit\u00e9s diff\u00e9rentes sont propos\u00e9es, incluant des sports conventionnels et f\u00e9d\u00e9r\u00e9s, ainsi que des activit\u00e9s corps-esprit, des loisirs et des sports pour tous les \u00e2ges. Toutes sont encadr\u00e9es par des moniteurs qualifi\u00e9s et sp\u00e9cialis\u00e9s.<\/li>\n\n\n\n<li><strong><a href=\"https:\/\/www.ull.es\/servicios\/deportes\/app-deportes\/\" target=\"_blank\" rel=\"noopener\"><span style=\"color: #5c068d;\" class=\"stk-highlight\">R\u00e9servations d&#039;installations\u00a0:<\/span><\/a><\/strong> &nbsp;Possibilit\u00e9 de louer diff\u00e9rents espaces, via le Web, pour la pratique de sports tels que l&#039;escalade, le tennis, le padel, le futsal, le basketball, etc.<\/li>\n\n\n\n<li><strong><span style=\"color: #5c068d;\" class=\"stk-highlight\">Affectation de <\/span><a href=\"https:\/\/www.ull.es\/servicios\/deportes\/instalaciones\/\" data-type=\"page\" data-id=\"96\" target=\"_blank\" rel=\"noopener\"><span style=\"color: #5c068d;\" class=\"stk-highlight\">installations et \u00e9quipements :<\/span><\/a><\/strong> &nbsp;L\u2019attribution de certaines aires de jeux et de certains \u00e9quipements \u00e0 usage individuel ou collectif d\u00e9pend de l\u2019occupation. Les demandes et autorisations doivent \u00eatre soumises en personne aux bureaux du Service ou en communiquant \u00e0 l\u2019adresse courriel suivante\u00a0:&nbsp;<strong><a href=\"mailto:deportes@ull.es\" target=\"_blank\" rel=\"noopener\"><span style=\"color: #5c068d;\" class=\"stk-highlight\">sports@ull.es.<\/span><\/a><\/strong><\/li>\n\n\n\n<li>Activit\u00e9s de formation : cours th\u00e9oriques et pratiques, ateliers et activit\u00e9s de formation li\u00e9s au sport et aux habitudes de vie saines.<\/li>\n\n\n\n<li>Comp\u00e9titions :&nbsp;<strong><a href=\"https:\/\/www.ull.es\/servicios\/deportes\/competiciones\/\" data-type=\"page\" data-id=\"64\" target=\"_blank\" rel=\"noopener\"><span style=\"color: #5c068d;\" class=\"stk-highlight\">comp\u00e9titions internes<\/span><\/a><\/strong>&nbsp;tels que le Troph\u00e9e du Recteur, le Tournoi Intercoll\u00e9gial, le Tournoi du M\u00e9c\u00e8ne, les Championnats Universitaires des \u00celes Canaries et les Championnats Universitaires Espagnols.<\/li>\n<\/ul>\n<\/div><\/div><\/div>\n<\/div><\/div>\n<\/div><\/div><\/div>\n\n\n\n<div class=\"wp-block-stackable-column stk-block-column stk-column stk-block stk-857590a\" data-v=\"4\" data-block-id=\"857590a\"><style>.stk-857590a {align-self:center !important;margin-right:10% !important;}@media screen and (min-width: 768px){.stk-857590a {flex:var(--stk-flex-grow, 1) 1 calc(40% - var(--stk-column-gap, 0px) * 1 \/ 2 ) !important;}}@media screen and (max-width: 767px){.stk-857590a-inner-blocks{align-items:center !important;}.stk-857590a {margin-right:0% !important;}}<\/style><div class=\"stk-column-wrapper stk-block-column__content stk-container stk-857590a-container stk--no-background stk--no-padding\"><div class=\"stk-block-content stk-inner-blocks stk-857590a-inner-blocks\">\n<ul class=\"widget-box\">\n<li class='contacto-header'>Coordonn\u00e9es<\/li><li><i class=\"fa fa-map-marker\"><\/i> Avenue \u00c1ngel Guimer\u00e1 Jorge, s\/n. Polideportivo Central ULL. Appartement 456. Code postal 38200. San Crist\u00f3bal de La Laguna. S\/C de T\u00e9n\u00e9rife<\/li><li><i class=\"fa fa-phone\"><\/i> (+34) 922 31 99 00<\/li><li><i class=\"fa fa-envelope\"><\/i>  <a href=\"mailto:deportes@ull.es\">deportes@ull.es<\/a><\/li><li><i class=\"fa fa-clock-o\"><\/i> De 9h00 \u00e0 14h00 du lundi au vendredi<\/li><li><i class=\"fa fa-list-ul\"><\/i><a href=\"http:\/\/riull.ull.es\/xmlui\/bitstream\/handle\/915\/3884\/CS_sdull.pdf\"> Charte de service<\/a><\/li><li><i class=\"fa fa-pencil-square-o\"><\/i><a href=\"https:\/\/encuestas.ull.es\/index.php?r=survey\/index&sid=52179&lang=es\"> Enqu\u00eate de satisfaction<\/a><\/li><li><i class=\"fa fa-archive\"><\/i><a href=\"https:\/\/sede.ull.es\/ecivilis-site\/catalog\/showProcedure\/484\"> Proc\u00e9dure pour les plaintes, suggestions et compliments<\/a><\/li>\n<\/ul>\n\n\n<\/div><\/div><\/div>\n<\/div><\/div>","protected":false},"excerpt":{"rendered":"<p>Informaci\u00f3n, ubicaci\u00f3ny contacto Informaci\u00f3n, ubicaci\u00f3n y contacto Responsable del servicio T. Bego\u00f1a L\u00f3pez Rodr\u00edguez El Servicio de Deportes de la Universidad de La Laguna organiza la oferta pr\u00e1ctica, educativa y formativa de las actividades f\u00edsico-deportivas, dirigida a los miembros de la comunidad universitaria y a la sociedad en general; fomentando la participaci\u00f3n y adaptando la&#8230;<\/p>","protected":false},"author":1,"featured_media":0,"parent":0,"menu_order":0,"comment_status":"closed","ping_status":"closed","template":"templates\/template-frontpage.php","meta":{"_acf_changed":false,"footnotes":""},"class_list":["post-21","page","type-page","status-publish","hentry"],"acf":[],"_links":{"self":[{"href":"https:\/\/www.ull.es\/servicios\/deportes\/fr\/wp-json\/wp\/v2\/pages\/21","targetHints":{"allow":["GET"]}}],"collection":[{"href":"https:\/\/www.ull.es\/servicios\/deportes\/fr\/wp-json\/wp\/v2\/pages"}],"about":[{"href":"https:\/\/www.ull.es\/servicios\/deportes\/fr\/wp-json\/wp\/v2\/types\/page"}],"author":[{"embeddable":true,"href":"https:\/\/www.ull.es\/servicios\/deportes\/fr\/wp-json\/wp\/v2\/users\/1"}],"replies":[{"embeddable":true,"href":"https:\/\/www.ull.es\/servicios\/deportes\/fr\/wp-json\/wp\/v2\/comments?post=21"}],"version-history":[{"count":42,"href":"https:\/\/www.ull.es\/servicios\/deportes\/fr\/wp-json\/wp\/v2\/pages\/21\/revisions"}],"predecessor-version":[{"id":4002,"href":"https:\/\/www.ull.es\/servicios\/deportes\/fr\/wp-json\/wp\/v2\/pages\/21\/revisions\/4002"}],"wp:attachment":[{"href":"https:\/\/www.ull.es\/servicios\/deportes\/fr\/wp-json\/wp\/v2\/media?parent=21"}],"curies":[{"name":"wp","href":"https:\/\/api.w.org\/{rel}","templated":true}]}}