{"id":669,"date":"2019-07-25T08:07:23","date_gmt":"2019-07-25T08:07:23","guid":{"rendered":"https:\/\/www.ull.es\/servicios\/deportes\/?page_id=669"},"modified":"2023-07-11T09:21:29","modified_gmt":"2023-07-11T09:21:29","slug":"intercentros-informacion","status":"publish","type":"page","link":"https:\/\/www.ull.es\/servicios\/deportes\/fr\/intercentros-informacion\/","title":{"rendered":"Troph\u00e9e du Recteur - \u00c9quipes inter-centres"},"content":{"rendered":"<p>[vc_row][vc_column][vc_column_text]<\/p>\n<h1>Trofeo Rector Intercentros Equipos<\/h1>\n<p>[\/vc_column_text][vc_empty_space][vc_column_text]<\/p>\n<h2>Informaci\u00f3n<\/h2>\n<p>[\/vc_column_text][vc_tta_accordion style=\u00bbflat\u00bb shape=\u00bbsquare\u00bb c_icon=\u00bbchevron\u00bb c_position=\u00bbright\u00bb active_section=\u00bb1&#8243; no_fill=\u00bbtrue\u00bb collapsible_all=\u00bbtrue\u00bb][vc_tta_section title=\u00bbInformaci\u00f3n\u00bb tab_id=\u00bbInformaci\u00f3n\u00bb][vc_column_text]<\/p>\n<p style=\"font-weight: 400;\"><strong>1\u00ba- El Trofeo Rector Intercentros<\/strong> es una modalidad de competici\u00f3n compuesta por equipos cuyos integrantes pueden estar formados por deportistas universitarios adscritos a una misma rama de conocimiento (Artes y Humanidades, Ciencias, Ciencias de la Salud, Ciencias Sociales y Jur\u00eddicas e Ingenier\u00eda y Arquitectura).<\/p>\n<p style=\"font-weight: 400;\">Las Residencias Universitarias y Colegios Mayores, colectivos de programas de intercambio de alumnos, as\u00ed como colectivos del Personal de Administraci\u00f3n y Servicios de la ULL en el Trofeo Rector Intercentros tienen la consideraci\u00f3n de centro de estudios, pudiendo ser integrantes de sus equipos los colegiales residentes de cada residencia o colegio mayor.<\/p>\n<p style=\"font-weight: 400;\">De igual forma recordarles que los equipos pueden contener como m\u00e1ximo a un integrante de ALUMNI ULL.<\/p>\n<p style=\"font-weight: 400;\"><strong>2\u00ba- Pr\u00e9stamo de material<\/strong>: El delegado o delegada del equipo local (equipo que aparece a la izquierda del calendario) deber\u00e1 solicitar en pr\u00e9stamo dos balones y un juego de petos, dejando en dep\u00f3sito la tarjeta universitaria hasta la devoluci\u00f3n del material. El lugar de recogida es en el cuarto de recepci\u00f3n\u00a0 ubicado a la entrada de las instalaciones del SDULL. En caso de p\u00e9rdida del bal\u00f3n sin consignarlo el \u00e1rbitro en el acta, es responsable el delegado o delegada en cuant\u00eda igual al valor del material prestado.<\/p>\n<p style=\"font-weight: 400;\"><strong>3\u00ba- Nuevas altas de deportistas<\/strong>: Se podr\u00e1n inscribir a nuevas personas hasta el d\u00eda de celebraci\u00f3n del \u00faltimo partido de\u00a0 la fase por grupos, el jugador o la jugadora ha de jugar al menos un partido durante la fase de grupos. Una persona que juegue un partido con un equipo ya no podr\u00e1 inscribirse de nuevo en otro.<\/p>\n<p style=\"font-weight: 400;\"><strong>4\u00ba Duraci\u00f3n de los partidos<\/strong>: Salvo las especificidades establecidas en la normativa de competici\u00f3n, es aplicable el Reglamento de la Federaci\u00f3n\u00a0 del deporte convocado.<\/p>\n<ul>\n<li style=\"font-weight: 400;\">F\u00fatbol 11: Primera fase y fase final incluida semifinales (dos tiempos de 40 minutos a reloj corrido) y en la Final (dos tiempos de 45 minutos). Se podr\u00e1n hacer cambios ilimitados. En la Fase final por eliminatorias en caso de empate no hay pr\u00f3rrogas, se dirimen con el lanzamiento de series de cinco penaltis.<\/li>\n<li style=\"font-weight: 400;\">F\u00fatbol siete y f\u00fatbol sala: Dos tiempos de 25 minutos a reloj corrido. Se pueden hacer un n\u00famero de cambios ilimitado. En la Fase final por eliminatorias en caso de empate no hay pr\u00f3rrogas, se dirimen con el lanzamiento de series de tres penaltis.<\/li>\n<li style=\"font-weight: 400;\">Baloncesto: Cuatro tiempos de 10 minutos a reloj parado. Se pueden hacer cambios ilimitados. En caso de empate se dirime con una pr\u00f3rroga de cinco minutos.<\/li>\n<li style=\"font-weight: 400;\">Voleibol Mixto: El partido se disputar\u00e1 al mejor de tres sets, los dos primeros sets a 25 tantos (con diferencia de dos tantos a favor de uno de los equipos en caso de empate). El \u00faltimo sets ser\u00e1 al mejor de 15 tantos.<\/li>\n<\/ul>\n<p style=\"font-weight: 400;\"><strong>5\u00ba- Puntuaci\u00f3n por juego Limpio<\/strong><\/p>\n<p style=\"font-weight: 400;\">Junto a la puntuaci\u00f3n por el resultado se bonificar\u00e1 el juego limpio:<\/p>\n<ul>\n<li style=\"font-weight: 400;\">F\u00fatbol sala, f\u00fatbol 11 y f\u00fatbol 7.\n<ul>\n<li style=\"font-weight: 400;\">Equipos que no tengan ninguna tarjeta amarilla: suman 1 punto.<\/li>\n<li style=\"font-weight: 400;\">Equipos que no tienen\u00a0 tarjetas rojas y\/o hasta tres amarillas: suman 2 puntos.<\/li>\n<\/ul>\n<\/li>\n<li style=\"font-weight: 400;\">Baloncesto:\n<ul>\n<li style=\"font-weight: 400;\">Equipos que no tengan ninguna sanci\u00f3n descalificante: 1 punto<\/li>\n<li style=\"font-weight: 400;\">Ninguna t\u00e9cnica: 1\u00a0 punto.<\/li>\n<\/ul>\n<\/li>\n<\/ul>\n<p style=\"font-weight: 400;\"><strong>CATEGOR\u00cdAS MIXTAS<\/strong><\/p>\n<ul>\n<li style=\"font-weight: 400;\">Voleibol Mixto: Equipos compuestos de 6 deportistas (3 jugadoras y 3 jugadores).<\/li>\n<li style=\"font-weight: 400;\">Baloncesto Mixto: Equipos compuestos de 5 deportistas (3 jugadoras y 2 jugadores).<\/li>\n<li style=\"font-weight: 400;\">F\u00fatbol 7 mixto: Equipos compuestos de 6 jugadores\/as de campo (3 jugadoras y 3 jugadores) y un portero o portera<\/li>\n<li style=\"font-weight: 400;\">F\u00fatbol Sala mixto: Equipos compuestos por 4 deportistas en pista\u00a0 (2 jugadoras y 2 jugadores) y un portero o portera.<\/li>\n<\/ul>\n<p style=\"font-weight: 400;\"><strong>CATEGOR\u00cdAS \u00daNICAS (no hay categor\u00eda masculina ni femenina)<\/strong><\/p>\n<p style=\"font-weight: 400;\">Bola canaria, F\u00fatbol 11 y Envite. Equipos compuestos por un n\u00famero de deportistas independientemente de su sexo, sin haber un m\u00ednimo de\u00a0 cada uno.<\/p>\n<p style=\"font-weight: 400;\"><strong>Consultar la puntuaci\u00f3n por juego limpio en la normativa de competiciones internas del SDULL.<\/strong><\/p>\n<p style=\"font-weight: 400;\"><strong>7\u00ba Lugar de juego<\/strong><\/p>\n<ul>\n<li style=\"font-weight: 400;\">Futbol sala masculino, femenino, mixto: Pabell\u00f3n Central del Servicio de Deportes de La ULL.<\/li>\n<li style=\"font-weight: 400;\">F\u00fatbol siete y f\u00fatbol 11: Campo de c\u00e9sped del SDULL.<\/li>\n<li style=\"font-weight: 400;\">Voleibol mixto: Pabell\u00f3n Verde del Servicio de Deportes de La\u00a0 ULL<\/li>\n<li style=\"font-weight: 400;\">Baloncesto masculino, femenino y mixto: Pabell\u00f3n Central de la ULL.<\/li>\n<\/ul>\n<p style=\"font-weight: 400;\"><strong>8\u00ba \u2013 Sistema de competici\u00f3n: Consiste en una fase de grupos y una fase de eliminatoria.<\/strong><\/p>\n<p style=\"font-weight: 400;\">Los horarios y emparejamientos de la\u00a0 fase de eliminatorias los publicaremos una vez finalice la fase de grupos, respetando la posici\u00f3n obtenida en la fase de grupos para que los mejores clasificados no se\u00a0 enfrenten entre s\u00ed.<\/p>\n<p style=\"font-weight: 400;\"><strong>9\u00ba Horarios, encuentros y no aplazamientos partidos.<\/strong><\/p>\n<p style=\"font-weight: 400;\">D\u00edas y horas de celebraci\u00f3n de la competici\u00f3n por deporte:<\/p>\n<ul>\n<li style=\"font-weight: 400;\">Baloncesto: (lunes a jueves de 14 a 17 horas )<\/li>\n<li style=\"font-weight: 400;\">F\u00fatbol 11, 7 y sala: (lunes a viernes de 9 a 14 horas)<\/li>\n<li style=\"font-weight: 400;\">Voleibol: (s\u00e1bados de 9 a 14 horas )<\/li>\n<\/ul>\n<p style=\"font-weight: 400;\"><strong>IMPORTANTE<\/strong>: Los encuentros del Trofeo Rector NO SE PERMITE LOS APLAZAMIENTOS DE LOS PARTIDOS.<\/p>\n<p style=\"font-weight: 400;\">Por tanto, antes de efectuar la inscripci\u00f3n de un equipo como persona\u00a0 delegada es importante conocer y transmitir al resto de componentes del equipo este apartado sobre la\u00a0 normativa de\u00a0 aplazamientos de los encuentros del Trofeo Rector.<\/p>\n<p style=\"font-weight: 400;\">Pago de la inscripci\u00f3n: Cuando se tenga el m\u00ednimo de personas confirmadas puedes pagar la inscripci\u00f3n del equipo, consulta las cuotas en la normativa de competici\u00f3n.<\/p>\n<p style=\"font-weight: 400;\"><strong>Participantes<\/strong><\/p>\n<p style=\"font-weight: 400;\">Podr\u00e1n tomar parte en estas Competiciones las personas de la Comunidad Universitaria de la Universidad de La Laguna.<\/p>\n<p style=\"font-weight: 400;\">Los equipos campeones se enfrentar\u00e1n al equipo campe\u00f3n del Trofeo Rector Intercentros para designar al ganador absoluto del Trofeo Rector.<\/p>\n<p style=\"font-weight: 400;\">Los y las campeonas de deportes individuales y de parejas del Trofeo Rector de Libre Asociaci\u00f3n y el equipo ganador del Trofeo Rector Absoluto de cada modalidad ser\u00e1n quienes disputen el Campeonato Universitario de Canarias.<\/p>\n<p style=\"font-weight: 400;\">Las disciplinas deportivas, que configuran la oferta final del Trofeo Rectoa en ambas modalidades, estar\u00e1n condicionadas a un n\u00famero m\u00ednimo de inscripciones.<\/p>\n<p style=\"font-weight: 400;\">La inscripci\u00f3n en la modalidad mixta de algunos deportes de equipo (5 \u00f3 m\u00e1s deportistas) podr\u00e1\u00a0 ser <strong>GRATUITA<\/strong>.<\/p>\n<p>[\/vc_column_text][\/vc_tta_section][\/vc_tta_accordion][\/vc_column][\/vc_row][vc_row][vc_column][\/vc_column][\/vc_row]<\/p>\n","protected":false},"excerpt":{"rendered":"<p>[vc_row][vc_column][vc_column_text] Trofeo Rector Intercentros Equipos [\/vc_column_text][vc_empty_space][vc_column_text] Informaci\u00f3n [\/vc_column_text][vc_tta_accordion style=\u00bbflat\u00bb shape=\u00bbsquare\u00bb c_icon=\u00bbchevron\u00bb c_position=\u00bbright\u00bb active_section=\u00bb1&#8243; no_fill=\u00bbtrue\u00bb collapsible_all=\u00bbtrue\u00bb][vc_tta_section title=\u00bbInformaci\u00f3n\u00bb tab_id=\u00bbInformaci\u00f3n\u00bb][vc_column_text] 1\u00ba- El Trofeo Rector Intercentros es una modalidad de competici\u00f3n compuesta por equipos cuyos integrantes pueden estar formados por deportistas universitarios adscritos a una misma rama de conocimiento (Artes y Humanidades, Ciencias, Ciencias de la Salud, Ciencias Sociales&#8230;<\/p>\n","protected":false},"author":46,"featured_media":0,"parent":0,"menu_order":0,"comment_status":"closed","ping_status":"closed","template":"","meta":{"_acf_changed":false,"footnotes":""},"class_list":["post-669","page","type-page","status-publish","hentry"],"acf":[],"_links":{"self":[{"href":"https:\/\/www.ull.es\/servicios\/deportes\/fr\/wp-json\/wp\/v2\/pages\/669","targetHints":{"allow":["GET"]}}],"collection":[{"href":"https:\/\/www.ull.es\/servicios\/deportes\/fr\/wp-json\/wp\/v2\/pages"}],"about":[{"href":"https:\/\/www.ull.es\/servicios\/deportes\/fr\/wp-json\/wp\/v2\/types\/page"}],"author":[{"embeddable":true,"href":"https:\/\/www.ull.es\/servicios\/deportes\/fr\/wp-json\/wp\/v2\/users\/46"}],"replies":[{"embeddable":true,"href":"https:\/\/www.ull.es\/servicios\/deportes\/fr\/wp-json\/wp\/v2\/comments?post=669"}],"version-history":[{"count":19,"href":"https:\/\/www.ull.es\/servicios\/deportes\/fr\/wp-json\/wp\/v2\/pages\/669\/revisions"}],"predecessor-version":[{"id":2433,"href":"https:\/\/www.ull.es\/servicios\/deportes\/fr\/wp-json\/wp\/v2\/pages\/669\/revisions\/2433"}],"wp:attachment":[{"href":"https:\/\/www.ull.es\/servicios\/deportes\/fr\/wp-json\/wp\/v2\/media?parent=669"}],"curies":[{"name":"wp","href":"https:\/\/api.w.org\/{rel}","templated":true}]}}