{"id":21,"date":"2018-06-08T09:45:16","date_gmt":"2018-06-08T09:45:16","guid":{"rendered":"https:\/\/www.ull.es\/servicios\/deportes\/?page_id=21"},"modified":"2026-02-27T10:25:39","modified_gmt":"2026-02-27T10:25:39","slug":"informacion-ubicacion-y-contacto","status":"publish","type":"page","link":"https:\/\/www.ull.es\/servicios\/deportes\/informacion-ubicacion-y-contacto\/","title":{"rendered":"Informaci\u00f3n, ubicaci\u00f3n y contacto"},"content":{"rendered":"\n<div class=\"wp-block-stackable-columns alignfull stk-block-columns stk--hide-mobile stk-block stk-0af3d61\" data-block-id=\"0af3d61\"><style>.stk-0af3d61 {margin-bottom:100px !important;}<\/style><div class=\"stk-row stk-inner-blocks stk-block-content stk-content-align stk-0af3d61-column alignfull\">\n<div class=\"wp-block-stackable-column stk-block-column stk-column stk-block stk-14afd3b\" data-v=\"4\" data-block-id=\"14afd3b\"><div class=\"stk-column-wrapper stk-block-column__content stk-container stk-14afd3b-container stk--no-background stk--no-padding\"><div class=\"stk-block-content stk-inner-blocks stk-14afd3b-inner-blocks\">\n<div class=\"wp-block-stackable-image alignfull stk-block-image stk-block stk-6a37533\" data-block-id=\"6a37533\"><style>.stk-6a37533 {margin-bottom:0px !important;}.stk-6a37533 .stk-img-wrapper{width:100% !important;}<\/style><figure><span class=\"stk-img-wrapper stk-image--shape-stretch\"><img loading=\"lazy\" decoding=\"async\" class=\"stk-img wp-image-3928\" src=\"https:\/\/www.ull.es\/servicios\/deportes\/wp-content\/uploads\/sites\/10\/2026\/02\/Informacion-ubicacion-y-contacto.png\" width=\"1600\" height=\"463\" srcset=\"https:\/\/www.ull.es\/servicios\/deportes\/wp-content\/uploads\/sites\/10\/2026\/02\/Informacion-ubicacion-y-contacto.png 1600w, https:\/\/www.ull.es\/servicios\/deportes\/wp-content\/uploads\/sites\/10\/2026\/02\/Informacion-ubicacion-y-contacto-300x87.png 300w, https:\/\/www.ull.es\/servicios\/deportes\/wp-content\/uploads\/sites\/10\/2026\/02\/Informacion-ubicacion-y-contacto-1024x296.png 1024w, https:\/\/www.ull.es\/servicios\/deportes\/wp-content\/uploads\/sites\/10\/2026\/02\/Informacion-ubicacion-y-contacto-768x222.png 768w, https:\/\/www.ull.es\/servicios\/deportes\/wp-content\/uploads\/sites\/10\/2026\/02\/Informacion-ubicacion-y-contacto-1536x444.png 1536w, https:\/\/www.ull.es\/servicios\/deportes\/wp-content\/uploads\/sites\/10\/2026\/02\/Informacion-ubicacion-y-contacto-18x5.png 18w, https:\/\/www.ull.es\/servicios\/deportes\/wp-content\/uploads\/sites\/10\/2026\/02\/Informacion-ubicacion-y-contacto-200x58.png 200w, https:\/\/www.ull.es\/servicios\/deportes\/wp-content\/uploads\/sites\/10\/2026\/02\/Informacion-ubicacion-y-contacto-375x109.png 375w, https:\/\/www.ull.es\/servicios\/deportes\/wp-content\/uploads\/sites\/10\/2026\/02\/Informacion-ubicacion-y-contacto-750x217.png 750w, https:\/\/www.ull.es\/servicios\/deportes\/wp-content\/uploads\/sites\/10\/2026\/02\/Informacion-ubicacion-y-contacto-1140x330.png 1140w\" sizes=\"auto, (max-width: 1600px) 100vw, 1600px\" \/><\/span><\/figure><\/div>\n\n\n\n<div class=\"wp-block-stackable-heading stk-block-heading stk-block-heading--v2 stk-block stk-4f7eeed\" id=\"informacion-ubicacion-br-y-contacto\" data-block-id=\"4f7eeed\"><style>.stk-4f7eeed {box-shadow:0px 0px 0px 0px #000000 !important;margin-top:-9% !important;margin-left:18% !important;}.stk-4f7eeed .stk-block-heading__text{font-size:56px !important;color:#fffffe !important;line-height:1.2em !important;font-weight:bold !important;font-family:\"Argentum Sans\", Sans-serif !important;letter-spacing:4px !important;}@media screen and (max-width: 1023px){.stk-4f7eeed .stk-block-heading__text{font-size:50px !important;}}<\/style><h2 class=\"stk-block-heading__text has-text-color\">Informaci\u00f3n, ubicaci\u00f3n<br>y contacto<\/h2><\/div>\n<\/div><\/div><\/div>\n<\/div><\/div>\n\n\n\n<div class=\"wp-block-stackable-columns alignfull stk-block-columns stk--hide-desktop stk--hide-tablet stk-block stk-a316a3e\" data-block-id=\"a316a3e\"><style>.stk-a316a3e {margin-bottom:80px !important;}<\/style><div class=\"stk-row stk-inner-blocks stk-block-content stk-content-align stk-a316a3e-column alignfull\">\n<div class=\"wp-block-stackable-column stk-block-column stk-column stk-block stk-ca1bdc8\" data-v=\"4\" data-block-id=\"ca1bdc8\"><div class=\"stk-column-wrapper stk-block-column__content stk-container stk-ca1bdc8-container stk--no-background stk--no-padding\"><div class=\"stk-block-content stk-inner-blocks stk-ca1bdc8-inner-blocks\">\n<div class=\"wp-block-stackable-image alignfull stk-block-image stk-block stk-323a8ac\" data-block-id=\"323a8ac\"><style>.stk-323a8ac {margin-bottom:0px !important;}.stk-323a8ac .stk-img-wrapper{width:100% !important;--stk-gradient-overlay:0.3 !important;}.stk-323a8ac .stk-img-wrapper::after{background-image:linear-gradient(360deg,rgb(255,255,255) 0%,rgb(0,0,0) 100%) !important;}<\/style><figure><span class=\"stk-img-wrapper stk-image--shape-stretch\"><img loading=\"lazy\" decoding=\"async\" class=\"stk-img wp-image-3539\" src=\"https:\/\/www.ull.es\/servicios\/deportes\/wp-content\/uploads\/sites\/10\/2026\/02\/Actividades_Deportivas-Contacto_movil.jpg\" width=\"753\" height=\"615\" srcset=\"https:\/\/www.ull.es\/servicios\/deportes\/wp-content\/uploads\/sites\/10\/2026\/02\/Actividades_Deportivas-Contacto_movil.jpg 753w, https:\/\/www.ull.es\/servicios\/deportes\/wp-content\/uploads\/sites\/10\/2026\/02\/Actividades_Deportivas-Contacto_movil-300x245.jpg 300w, https:\/\/www.ull.es\/servicios\/deportes\/wp-content\/uploads\/sites\/10\/2026\/02\/Actividades_Deportivas-Contacto_movil-15x12.jpg 15w, https:\/\/www.ull.es\/servicios\/deportes\/wp-content\/uploads\/sites\/10\/2026\/02\/Actividades_Deportivas-Contacto_movil-200x163.jpg 200w, https:\/\/www.ull.es\/servicios\/deportes\/wp-content\/uploads\/sites\/10\/2026\/02\/Actividades_Deportivas-Contacto_movil-375x306.jpg 375w, https:\/\/www.ull.es\/servicios\/deportes\/wp-content\/uploads\/sites\/10\/2026\/02\/Actividades_Deportivas-Contacto_movil-750x613.jpg 750w\" sizes=\"auto, (max-width: 753px) 100vw, 753px\" \/><\/span><\/figure><\/div>\n\n\n\n<div class=\"wp-block-stackable-heading stk-block-heading stk-block-heading--v2 stk-block stk-59b3d61\" id=\"informacion-ubicacion-y-contacto\" data-block-id=\"59b3d61\"><style>.stk-59b3d61 {box-shadow:0px 0px 0px 0px #000000 !important;margin-top:-30% !important;margin-left:10% !important;}.stk-59b3d61 .stk-block-heading__text{font-size:24px !important;color:#fffffe !important;font-weight:bold !important;font-family:\"Argentum Sans\", Sans-serif !important;letter-spacing:4px !important;}@media screen and (max-width: 1023px){.stk-59b3d61 .stk-block-heading__text{font-size:24px !important;}}<\/style><h2 class=\"stk-block-heading__text has-text-color\">Informaci\u00f3n, ubicaci\u00f3n y contacto<\/h2><\/div>\n<\/div><\/div><\/div>\n<\/div><\/div>\n\n\n\n<div class=\"wp-block-stackable-columns alignwide stk-block-columns stk-block stk-af8b6cf\" data-block-id=\"af8b6cf\"><style>.stk-af8b6cf {overflow:hidden !important;margin-bottom:70px !important;}@media screen and (max-width: 767px){.stk-af8b6cf {padding-top:25px !important;padding-right:25px !important;padding-bottom:25px !important;padding-left:25px !important;margin-top:-50px !important;}}<\/style><div class=\"stk-row stk-inner-blocks stk-block-content stk-content-align stk-af8b6cf-column alignwide\">\n<div class=\"wp-block-stackable-column stk-block-column stk-column stk-block stk-3a90f11\" data-v=\"4\" data-block-id=\"3a90f11\"><style>@media screen and (min-width: 768px){.stk-3a90f11 {flex:var(--stk-flex-grow, 1) 1 calc(60% - var(--stk-column-gap, 0px) * 1 \/ 2 ) !important;}}<\/style><div class=\"stk-column-wrapper stk-block-column__content stk-container stk-3a90f11-container stk--no-background stk--no-padding\"><div class=\"stk-block-content stk-inner-blocks stk-3a90f11-inner-blocks\">\n<div class=\"wp-block-stackable-heading stk-block-heading stk-block-heading--v2 stk-block stk-8434145\" id=\"responsable-del-servicio\" data-block-id=\"8434145\"><style>.stk-8434145 {margin-bottom:10px !important;}.stk-8434145 .stk-block-heading__text{font-size:32px !important;color:#515151 !important;font-weight:400 !important;font-family:\"Argentum Sans\", Sans-serif !important;}@media screen and (max-width: 1023px){.stk-8434145 .stk-block-heading__text{font-size:32px !important;}}<\/style><h2 class=\"stk-block-heading__text has-text-color\">Responsable del servicio<\/h2><\/div>\n\n\n\n<div class=\"wp-block-stackable-text stk-block-text stk-block stk-1b4a5cc\" data-block-id=\"1b4a5cc\"><style>.stk-1b4a5cc {margin-bottom:20px !important;}.stk-1b4a5cc .stk-block-text__text{color:#5c068d !important;font-weight:600 !important;}<\/style><p class=\"stk-block-text__text has-text-color\"><u><a href=\"https:\/\/www.ull.es\/directorio\/search\/?busqueda=Teresa%20Bego%C3%B1a%20L%C3%B3pez%20Rodr%C3%ADguez\" target=\"_blank\" rel=\"noopener\">T. Bego\u00f1a L\u00f3pez Rodr\u00edguez<\/a><\/u><\/p><\/div>\n\n\n\n<div class=\"wp-block-stackable-text stk-block-text stk-block stk-c9bb699\" data-block-id=\"c9bb699\"><style>.stk-c9bb699 .stk-block-text__text{color:#515151 !important;font-family:\"Argentum Sans\", Sans-serif !important;}<\/style><p class=\"stk-block-text__text has-text-color\">El Servicio de Deportes de la Universidad de La Laguna organiza la oferta pr\u00e1ctica, educativa y formativa de las actividades f\u00edsico-deportivas, dirigida a los miembros de la comunidad universitaria y a la sociedad en general; fomentando la participaci\u00f3n y adaptando la oferta de actividades e instalaciones a la demanda existente en los distintos \u00e1mbitos de la actividad f\u00edsica y el deporte, al objeto de contribuir a la educaci\u00f3n integral de la persona y favorecer su estado de bienestar. Para convertirnos en un referente de la gesti\u00f3n deportiva en Canarias, tenemos como prioridades dise\u00f1ar y crear un modelo de deporte universitario basado en el Deporte para todos cuyos objetivos son la mejora de la salud, de la condici\u00f3n f\u00edsica y de la calidad de vida; conseguir un mayor desarrollo de las cualidades y habilidades f\u00edsicas b\u00e1sicas, ser una alternativa a la ocupaci\u00f3n del tiempo libre y de ocio; pero tambi\u00e9n, un veh\u00edculo para el establecimiento de relaciones sociales m\u00e1s satisfactorias. La mejora continua de la calidad de nuestros programas deportivos y obtener y destinar los recursos necesarios y suficientes para modernizar y mejorar cuantitativa y cualitativamente nuestras instalaciones y equipamiento, para poder seguir avanzando hacia la b\u00fasqueda de la excelencia en los servicios que prestamos a la comunidad universitaria y a toda la sociedad en general.<\/p><\/div>\n<\/div><\/div><\/div>\n\n\n\n<div class=\"wp-block-stackable-column stk-block-column stk-column stk-block stk-a96fc0c\" data-v=\"4\" data-block-id=\"a96fc0c\"><style>@media screen and (min-width: 768px){.stk-a96fc0c {flex:var(--stk-flex-grow, 1) 1 calc(40% - var(--stk-column-gap, 0px) * 1 \/ 2 ) !important;}}<\/style><div class=\"stk-column-wrapper stk-block-column__content stk-container stk-a96fc0c-container stk--no-background stk--no-padding\"><div class=\"stk-block-content stk-inner-blocks stk-a96fc0c-inner-blocks\">\n<div class=\"wp-block-stackable-image stk-block-image stk-block stk-c14e47b\" data-block-id=\"c14e47b\"><style>.stk-c14e47b .stk-img-wrapper{width:75% !important;}@media screen and (max-width: 767px){.stk-c14e47b .stk-img-wrapper{width:100% !important;}}<\/style><figure><span class=\"stk-img-wrapper stk-image--shape-stretch\"><img loading=\"lazy\" decoding=\"async\" class=\"stk-img wp-image-3048\" src=\"https:\/\/www.ull.es\/servicios\/deportes\/wp-content\/uploads\/sites\/10\/2026\/01\/Frame-906.png\" width=\"384\" height=\"408\" srcset=\"https:\/\/www.ull.es\/servicios\/deportes\/wp-content\/uploads\/sites\/10\/2026\/01\/Frame-906.png 384w, https:\/\/www.ull.es\/servicios\/deportes\/wp-content\/uploads\/sites\/10\/2026\/01\/Frame-906-282x300.png 282w, https:\/\/www.ull.es\/servicios\/deportes\/wp-content\/uploads\/sites\/10\/2026\/01\/Frame-906-11x12.png 11w, https:\/\/www.ull.es\/servicios\/deportes\/wp-content\/uploads\/sites\/10\/2026\/01\/Frame-906-200x213.png 200w, https:\/\/www.ull.es\/servicios\/deportes\/wp-content\/uploads\/sites\/10\/2026\/01\/Frame-906-375x398.png 375w\" sizes=\"auto, (max-width: 384px) 100vw, 384px\" \/><\/span><\/figure><\/div>\n<\/div><\/div><\/div>\n<\/div><\/div>\n\n\n\n<div class=\"wp-block-stackable-columns alignfull stk-block-columns stk-block stk-6588c50 stk-block-background\" data-block-id=\"6588c50\"><style>.stk-6588c50 {background-color:#f8f8f8 !important;margin-bottom:-75px !important;}.stk-6588c50:before{background-color:#f8f8f8 !important;}<\/style><div class=\"stk-row stk-inner-blocks stk-block-content stk-content-align stk-6588c50-column alignfull\">\n<div class=\"wp-block-stackable-column stk-block-column stk-column stk-block stk-b41a9d4\" data-v=\"4\" data-block-id=\"b41a9d4\"><style>.stk-b41a9d4 {margin-left:10% !important;}@media screen and (min-width: 768px){.stk-b41a9d4 {flex:var(--stk-flex-grow, 1) 1 calc(60% - var(--stk-column-gap, 0px) * 1 \/ 2 ) !important;}}@media screen and (max-width: 767px){.stk-b41a9d4-inner-blocks{align-items:center !important;}}<\/style><div class=\"stk-column-wrapper stk-block-column__content stk-container stk-b41a9d4-container stk--no-background stk--no-padding\"><div class=\"stk-block-content stk-inner-blocks stk-b41a9d4-inner-blocks\">\n<div class=\"wp-block-stackable-heading stk-block-heading stk-block-heading--v2 stk-block stk-aeff9b1\" id=\"servicios-que-ofrece-al-usuario\" data-block-id=\"aeff9b1\"><style>.stk-aeff9b1 {margin-bottom:10px !important;}.stk-aeff9b1 .stk-block-heading__text{font-size:32px !important;color:#515151 !important;font-weight:400 !important;font-family:\"Argentum Sans\", Sans-serif !important;}@media screen and (max-width: 1023px){.stk-aeff9b1 .stk-block-heading__text{font-size:32px !important;}}<\/style><h2 class=\"stk-block-heading__text has-text-color\">Servicios que ofrece al usuario<\/h2><\/div>\n\n\n\n<div class=\"wp-block-stackable-columns stk-block-columns stk-block stk-2692068\" data-block-id=\"2692068\"><div class=\"stk-row stk-inner-blocks stk-block-content stk-content-align stk-2692068-column\">\n<div class=\"wp-block-stackable-column stk-block-column stk-column stk-block stk-ced21f3\" data-v=\"4\" data-block-id=\"ced21f3\"><div class=\"stk-column-wrapper stk-block-column__content stk-container stk-ced21f3-container stk--no-background stk--no-padding\"><div class=\"stk-block-content stk-inner-blocks stk-ced21f3-inner-blocks\">\n<ul class=\"wp-block-list\">\n<li><strong><a href=\"https:\/\/www.ull.es\/servicios\/deportes\/actividades-deportivas\/\" data-type=\"page\" data-id=\"28\" target=\"_blank\" rel=\"noopener\"><span style=\"color: #5c068d;\" class=\"stk-highlight\">Actividades deportivas:<\/span><\/a><\/strong> &nbsp;m\u00e1s de 30 actividades diferentes, tanto de deportes convencionales o federados, como actividades de cuerpo-mente, l\u00fadicas y de deporte para todos. Todas ellas dirigidas por un monitorado capacitado y especializado.<\/li>\n\n\n\n<li><strong><a href=\"https:\/\/www.ull.es\/servicios\/deportes\/app-deportes\/\" target=\"_blank\" rel=\"noopener\"><span style=\"color: #5c068d;\" class=\"stk-highlight\">Reservas de instalaciones:<\/span><\/a><\/strong> &nbsp;disponibilidad de alquilar distintos espacios, a trav\u00e9s de la Web, para la pr\u00e1ctica deportiva de la escalada, tenis, p\u00e1del, f\u00fatbol sala, baloncesto, etc.<\/li>\n\n\n\n<li><strong><span style=\"color: #5c068d;\" class=\"stk-highlight\">Cesi\u00f3n de <\/span><a href=\"https:\/\/www.ull.es\/servicios\/deportes\/instalaciones\/\" data-type=\"page\" data-id=\"96\" target=\"_blank\" rel=\"noopener\"><span style=\"color: #5c068d;\" class=\"stk-highlight\">instalaciones y material:<\/span><\/a><\/strong> &nbsp;cesi\u00f3n de determinados espacios de juego y materiales para el uso individual o en grupo, en funci\u00f3n de la ocupaci\u00f3n. La solicitud y autorizaci\u00f3n se realiza personalmente en las oficinas del Servicio o contactando con el correo&nbsp;<strong><a href=\"mailto:deportes@ull.es\" target=\"_blank\" rel=\"noopener\"><span style=\"color: #5c068d;\" class=\"stk-highlight\">deportes@ull.es.<\/span><\/a><\/strong><\/li>\n\n\n\n<li>Acciones Formativas: cursos te\u00f3rico-pr\u00e1cticos, talleres y acciones formativas relacionadas con el deporte y los h\u00e1bitos de vida saludable.<\/li>\n\n\n\n<li>Competiciones:&nbsp;<strong><a href=\"https:\/\/www.ull.es\/servicios\/deportes\/competiciones\/\" data-type=\"page\" data-id=\"64\" target=\"_blank\" rel=\"noopener\"><span style=\"color: #5c068d;\" class=\"stk-highlight\">competiciones internas<\/span><\/a><\/strong>&nbsp;como el Trofeo Rector, Torneo Intercolegial, del Patr\u00f3n, Campeonatos Universitarios de Canarias y Campeonatos de Espa\u00f1a Universitarios<\/li>\n<\/ul>\n<\/div><\/div><\/div>\n<\/div><\/div>\n<\/div><\/div><\/div>\n\n\n\n<div class=\"wp-block-stackable-column stk-block-column stk-column stk-block stk-857590a\" data-v=\"4\" data-block-id=\"857590a\"><style>.stk-857590a {align-self:center !important;margin-right:10% !important;}@media screen and (min-width: 768px){.stk-857590a {flex:var(--stk-flex-grow, 1) 1 calc(40% - var(--stk-column-gap, 0px) * 1 \/ 2 ) !important;}}@media screen and (max-width: 767px){.stk-857590a-inner-blocks{align-items:center !important;}.stk-857590a {margin-right:0% !important;}}<\/style><div class=\"stk-column-wrapper stk-block-column__content stk-container stk-857590a-container stk--no-background stk--no-padding\"><div class=\"stk-block-content stk-inner-blocks stk-857590a-inner-blocks\">\n<ul class=\"widget-box\">\n<li class='contacto-header'>Informaci\u00f3n de contacto<\/li><li><i class=\"fa fa-map-marker\"><\/i> Avenida \u00c1ngel Guimer\u00e1 Jorge, s\/n. Polideportivo Central ULL. Apartado 456. C\u00f3digo postal 38200. San Crist\u00f3bal de La Laguna. S\/C de Tenerife<\/li><li><i class=\"fa fa-phone\"><\/i> (+34) 922 31 99 00<\/li><li><i class=\"fa fa-envelope\"><\/i>  <a href=mailto:deportes@ull.es>deportes@ull.es<\/a><\/li><li><i class=\"fa fa-clock-o\"><\/i> De 09:00 a 14:00h. L - V<\/li><li><i class=\"fa fa-list-ul\"><\/i><a href=\"http:\/\/riull.ull.es\/xmlui\/bitstream\/handle\/915\/3884\/CS_sdull.pdf\"> Carta de servicios<\/a><\/li><li><i class=\"fa fa-pencil-square-o\"><\/i><a href=\"https:\/\/encuestas.ull.es\/index.php?r=survey\/index&sid=52179&lang=es\"> Encuesta de satisfacci\u00f3n<\/a><\/li><li><i class=\"fa fa-archive\"><\/i><a href=\"https:\/\/sede.ull.es\/ecivilis-site\/catalog\/showProcedure\/484\"> Procedimiento para quejas, sugerencias y felicitaciones<\/a><\/li>\n<\/ul>\n\n\n<\/div><\/div><\/div>\n<\/div><\/div>\n","protected":false},"excerpt":{"rendered":"<p>Informaci\u00f3n, ubicaci\u00f3ny contacto Informaci\u00f3n, ubicaci\u00f3n y contacto Responsable del servicio T. Bego\u00f1a L\u00f3pez Rodr\u00edguez El Servicio de Deportes de la Universidad de La Laguna organiza la oferta pr\u00e1ctica, educativa y formativa de las actividades f\u00edsico-deportivas, dirigida a los miembros de la comunidad universitaria y a la sociedad en general; fomentando la participaci\u00f3n y adaptando la&#8230;<\/p>\n","protected":false},"author":1,"featured_media":0,"parent":0,"menu_order":0,"comment_status":"closed","ping_status":"closed","template":"templates\/template-frontpage.php","meta":{"_acf_changed":false,"footnotes":""},"class_list":["post-21","page","type-page","status-publish","hentry"],"acf":[],"_links":{"self":[{"href":"https:\/\/www.ull.es\/servicios\/deportes\/wp-json\/wp\/v2\/pages\/21","targetHints":{"allow":["GET"]}}],"collection":[{"href":"https:\/\/www.ull.es\/servicios\/deportes\/wp-json\/wp\/v2\/pages"}],"about":[{"href":"https:\/\/www.ull.es\/servicios\/deportes\/wp-json\/wp\/v2\/types\/page"}],"author":[{"embeddable":true,"href":"https:\/\/www.ull.es\/servicios\/deportes\/wp-json\/wp\/v2\/users\/1"}],"replies":[{"embeddable":true,"href":"https:\/\/www.ull.es\/servicios\/deportes\/wp-json\/wp\/v2\/comments?post=21"}],"version-history":[{"count":42,"href":"https:\/\/www.ull.es\/servicios\/deportes\/wp-json\/wp\/v2\/pages\/21\/revisions"}],"predecessor-version":[{"id":4002,"href":"https:\/\/www.ull.es\/servicios\/deportes\/wp-json\/wp\/v2\/pages\/21\/revisions\/4002"}],"wp:attachment":[{"href":"https:\/\/www.ull.es\/servicios\/deportes\/wp-json\/wp\/v2\/media?parent=21"}],"curies":[{"name":"wp","href":"https:\/\/api.w.org\/{rel}","templated":true}]}}