{"id":105,"date":"2019-03-12T14:38:35","date_gmt":"2019-03-12T14:38:35","guid":{"rendered":"https:\/\/www.ull.es\/servicios\/dpd\/?page_id=105"},"modified":"2026-03-24T15:12:44","modified_gmt":"2026-03-24T15:12:44","slug":"normativa","status":"publish","type":"page","link":"https:\/\/www.ull.es\/servicios\/dpd\/fr\/normativa\/","title":{"rendered":"R\u00e8glements"},"content":{"rendered":"<div class=\"wp-block-stackable-columns alignfull stk-block-columns stk-block stk-16a94b8\" data-block-id=\"16a94b8\"><style>.stk-16a94b8 {margin-bottom:40px !important;}@media screen and (max-width: 767px){.stk-16a94b8 {padding-top:0px !important;padding-right:0px !important;padding-bottom:0px !important;padding-left:0px !important;}}<\/style><div class=\"stk-row stk-inner-blocks stk-block-content stk-content-align stk-16a94b8-column alignfull\">\n<div class=\"wp-block-stackable-column stk-block-column stk-column stk-block stk-dfe9b01 stk-block-background stk--has-background-overlay\" data-v=\"4\" data-block-id=\"dfe9b01\"><style>.stk-dfe9b01 {background-image:url(https:\/\/www.ull.es\/servicios\/dpd\/wp-content\/uploads\/sites\/14\/2018\/07\/imagen-servicio-52.jpg) !important;}.stk-dfe9b01:before{background-color:#000000 !important;opacity:0.3 !important;}@media screen and (max-width: 767px){.stk-dfe9b01 {padding-top:0px !important;padding-right:0px !important;padding-bottom:0px !important;padding-left:0px !important;}.stk-dfe9b01-container{min-height:320px !important;}}<\/style><div class=\"stk-column-wrapper stk-block-column__content stk-container stk-dfe9b01-container stk--no-background stk--no-padding\"><div class=\"stk-block-content stk-inner-blocks stk-dfe9b01-inner-blocks\">\n<div class=\"wp-block-stackable-columns alignfull stk-block-columns stk-block stk-3bf239f\" data-block-id=\"3bf239f\"><style>@media screen and (max-width: 1023px){.stk-3bf239f {padding-left:0px !important;}}<\/style><div class=\"stk-row stk-inner-blocks stk-block-content stk-content-align stk-3bf239f-column alignfull\">\n<div class=\"wp-block-stackable-column stk-block-column stk-column stk-block stk-f66584c\" data-v=\"4\" data-block-id=\"f66584c\"><div class=\"stk-column-wrapper stk-block-column__content stk-container stk-f66584c-container stk--no-background stk--no-padding\"><div class=\"stk-block-content stk-inner-blocks stk-f66584c-inner-blocks\">\n<div class=\"wp-block-stackable-heading stk-block-heading stk-block-heading--v2 stk-block stk-1bb54e9\" id=\"delegado-de-proteccion-de-datos\" data-block-id=\"1bb54e9\"><style>.stk-1bb54e9 {padding-top:110px !important;padding-right:25px !important;padding-bottom:75px !important;padding-left:440px !important;}.stk-1bb54e9 .stk-block-heading__text{font-size:35px !important;color:#ffffff !important;font-weight:400 !important;}@media screen and (max-width: 1023px){.stk-1bb54e9 {padding-left:55px !important;}.stk-1bb54e9 .stk-block-heading__text{font-size:35px !important;}}@media screen and (max-width: 767px){.stk-1bb54e9 {padding-top:110px !important;padding-right:75px !important;padding-left:25px !important;}.stk-1bb54e9 .stk-block-heading__text{font-size:33px !important;}}<\/style><h2 class=\"stk-block-heading__text has-text-color has-text-align-left has-text-align-left-tablet has-text-align-left-mobile\">D\u00e9l\u00e9gu\u00e9 \u00e0 la protection des donn\u00e9es<\/h2><\/div>\n<\/div><\/div><\/div>\n<\/div><\/div>\n<\/div><\/div><\/div>\n<\/div><\/div>\n\n\n\n<div class=\"wp-block-stackable-columns alignfull stk-block-columns stk-block stk-3b19840\" data-block-id=\"3b19840\"><style>.stk-3b19840 {margin-bottom:30px !important;}.stk-3b19840-column{max-width:1140px !important;min-width:auto !important;margin-right:auto !important;margin-left:auto !important;}@media screen and (max-width: 1023px){.stk-3b19840-column{max-width:725px !important;min-width:auto !important;margin-right:auto !important;margin-left:auto !important;}}@media screen and (max-width: 767px){.stk-3b19840-column{max-width:375px !important;min-width:auto !important;margin-right:auto !important;margin-left:auto !important;}}<\/style><div class=\"stk-row stk-inner-blocks stk-block-content stk-content-align stk-3b19840-column alignfull\">\n<div class=\"wp-block-stackable-column stk-block-column stk-column stk-block stk-5d9c63d\" data-v=\"4\" data-block-id=\"5d9c63d\"><div class=\"stk-column-wrapper stk-block-column__content stk-container stk-5d9c63d-container stk--no-background stk--no-padding\"><div class=\"stk-block-content stk-inner-blocks stk-5d9c63d-inner-blocks\">\n<div class=\"wp-block-stackable-heading stk-block-heading stk-block-heading--v2 stk-block stk-8cc90c3\" id=\"normativa-en-proteccion-de-datos\" data-block-id=\"8cc90c3\"><style>.stk-8cc90c3 {margin-bottom:20px !important;}.stk-8cc90c3 .stk-block-heading__text{font-size:35px !important;color:#5c068c !important;font-weight:400 !important;}@media screen and (max-width: 1023px){.stk-8cc90c3 .stk-block-heading__text{font-size:35px !important;}}<\/style><h2 class=\"stk-block-heading__text has-text-color has-text-align-left\">R\u00e8glement sur la protection des donn\u00e9es<\/h2><\/div>\n\n\n\n<div class=\"wp-block-stackable-heading stk-block-heading stk-block-heading--v2 stk-block stk-937a51f\" id=\"legislacion-de-la-union-europea\" data-block-id=\"937a51f\"><style>.stk-937a51f {margin-bottom:12px !important;}.stk-937a51f .stk-block-heading__text{font-size:26px !important;color:#5c068c !important;font-weight:700 !important;}@media screen and (max-width: 1023px){.stk-937a51f .stk-block-heading__text{font-size:26px !important;}}<\/style><h2 class=\"stk-block-heading__text has-text-color has-text-align-left\">l\u00e9gislation de l&#039;Union europ\u00e9enne<\/h2><\/div>\n\n\n\n<div class=\"wp-block-stackable-icon-list stk-block-icon-list stk-block stk-fdfecb4\" data-block-id=\"fdfecb4\"><style>.stk-fdfecb4 {--stk-icon-list-icon-size:4px !important;}.stk-fdfecb4 .stk-block-icon-list-item__content{align-items:flex-start !important;}.stk-fdfecb4 ul .stk-block-icon-list-item__content .stk--inner-svg, .stk-fdfecb4 ol .stk-block-icon-list-item__content .stk-block-icon-list-item__marker{transform:translateY(12px) !important;}@media screen and (max-width: 767px){.stk-fdfecb4 {margin-left:15px !important;}}<\/style><svg style=\"display:none\"><defs><g id=\"stk-icon-list__icon-svg-def-fdfecb4\"><svg xmlns=\"http:\/\/www.w3.org\/2000\/svg\" viewbox=\"0 0 512 512\"><path d=\"M256 512A256 256 0 1 0 256 0a256 256 0 1 0 0 512z\"\/><\/svg><\/g><\/defs><\/svg><ul class=\"stk-block-icon-list__ul stk-block-icon-list--column\">\n<li class=\"wp-block-stackable-icon-list-item stk-block-icon-list-item stk-block stk-5d6a33a\" data-block-id=\"5d6a33a\"><div class=\"stk-block-icon-list-item__content\"><span class=\"stk--svg-wrapper\"><div class=\"stk--inner-svg\"><svg aria-hidden=\"true\" width=\"32\" height=\"32\"><use xlink:href=\"#stk-icon-list__icon-svg-def-fdfecb4\"><\/use><\/svg><\/div><\/span><span class=\"stk-block-icon-list-item__text\"><a href=\"https:\/\/eur-lex.europa.eu\/legal-content\/ES\/TXT\/HTML\/?uri=CELEX:32016R0679&amp;from=ES\" target=\"_blank\" rel=\"noreferrer noopener\">RGPD<\/a>, R\u00e8glement (UE) 2016\/679 du Parlement europ\u00e9en et du Conseil du 27 avril 2016 relatif \u00e0 la protection des personnes physiques \u00e0 l\u2019\u00e9gard du traitement des donn\u00e9es \u00e0 caract\u00e8re personnel et \u00e0 la libre circulation de ces donn\u00e9es et abrogeant la directive 95\/46\/CE.<\/span><\/div><\/li>\n\n\n\n<li class=\"wp-block-stackable-icon-list-item stk-block-icon-list-item stk-block stk-7e41948\" data-block-id=\"7e41948\"><div class=\"stk-block-icon-list-item__content\"><span class=\"stk--svg-wrapper\"><div class=\"stk--inner-svg\"><svg aria-hidden=\"true\" width=\"32\" height=\"32\"><use xlink:href=\"#stk-icon-list__icon-svg-def-fdfecb4\"><\/use><\/svg><\/div><\/span><span class=\"stk-block-icon-list-item__text\"><a href=\"https:\/\/eur-lex.europa.eu\/legal-content\/ES\/TXT\/HTML\/?uri=CELEX:32016L0680&amp;from=ES\" target=\"_blank\" rel=\"noreferrer noopener\">Directive (UE) 2016\/680<\/a>&nbsp;R\u00e8glement (UE) 2008\/977 du Parlement europ\u00e9en et du Conseil du 27 avril 2016 relatif \u00e0 la protection des personnes physiques \u00e0 l\u2019\u00e9gard du traitement des donn\u00e9es \u00e0 caract\u00e8re personnel par les autorit\u00e9s comp\u00e9tentes aux fins de la pr\u00e9vention, de la recherche, de la constatation ou de la poursuite des infractions p\u00e9nales ou de l\u2019ex\u00e9cution des sanctions p\u00e9nales, et \u00e0 la libre circulation de ces donn\u00e9es, et abrogeant la d\u00e9cision-cadre 2008\/977<\/span><\/div><\/li>\n\n\n\n<li class=\"wp-block-stackable-icon-list-item stk-block-icon-list-item stk-block stk-b86ad6f\" data-block-id=\"b86ad6f\"><div class=\"stk-block-icon-list-item__content\"><span class=\"stk--svg-wrapper\"><div class=\"stk--inner-svg\"><svg aria-hidden=\"true\" width=\"32\" height=\"32\"><use xlink:href=\"#stk-icon-list__icon-svg-def-fdfecb4\"><\/use><\/svg><\/div><\/span><span class=\"stk-block-icon-list-item__text\"><a href=\"https:\/\/eur-lex.europa.eu\/legal-content\/ES\/TXT\/HTML\/?uri=CELEX:32013L0037&amp;qid=1553556926884&amp;from=ES\" target=\"_blank\" rel=\"noreferrer noopener\">Directive 2013\/37\/UE<\/a>&nbsp;R\u00e8glement (CE) n\u00b0 2003\/98\/CE du Parlement europ\u00e9en et du Conseil du 26 juin 2013 modifiant la directive 2003\/98\/CE relative \u00e0 la r\u00e9utilisation des informations du secteur public<\/span><\/div><\/li>\n<\/ul><\/div>\n<\/div><\/div><\/div>\n<\/div><\/div>\n\n\n\n<div class=\"wp-block-stackable-columns alignfull stk-block-columns stk-block stk-486895e\" data-block-id=\"486895e\"><style>.stk-486895e {margin-bottom:30px !important;}.stk-486895e-column{max-width:1140px !important;min-width:auto !important;margin-right:auto !important;margin-left:auto !important;}@media screen and (max-width: 1023px){.stk-486895e-column{max-width:725px !important;min-width:auto !important;margin-right:auto !important;margin-left:auto !important;}}@media screen and (max-width: 767px){.stk-486895e-column{max-width:375px !important;min-width:auto !important;margin-right:auto !important;margin-left:auto !important;}}<\/style><div class=\"stk-row stk-inner-blocks stk-block-content stk-content-align stk-486895e-column alignfull\">\n<div class=\"wp-block-stackable-column stk-block-column stk-column stk-block stk-12c7132\" data-v=\"4\" data-block-id=\"12c7132\"><div class=\"stk-column-wrapper stk-block-column__content stk-container stk-12c7132-container stk--no-background stk--no-padding\"><div class=\"stk-block-content stk-inner-blocks stk-12c7132-inner-blocks\">\n<div class=\"wp-block-stackable-heading stk-block-heading stk-block-heading--v2 stk-block stk-1124638\" id=\"legislacion-nacional\" data-block-id=\"1124638\"><style>.stk-1124638 {margin-bottom:12px !important;}.stk-1124638 .stk-block-heading__text{font-size:26px !important;color:#5c068c !important;font-weight:700 !important;}@media screen and (max-width: 1023px){.stk-1124638 .stk-block-heading__text{font-size:26px !important;}}<\/style><h2 class=\"stk-block-heading__text has-text-color has-text-align-left\">l\u00e9gislation nationale<\/h2><\/div>\n\n\n\n<div class=\"wp-block-stackable-icon-list stk-block-icon-list stk-block stk-4fb6ff4\" data-block-id=\"4fb6ff4\"><style>.stk-4fb6ff4 {--stk-icon-list-icon-size:4px !important;}.stk-4fb6ff4 .stk-block-icon-list-item__content{align-items:flex-start !important;}.stk-4fb6ff4 ul .stk-block-icon-list-item__content .stk--inner-svg, .stk-4fb6ff4 ol .stk-block-icon-list-item__content .stk-block-icon-list-item__marker{transform:translateY(12px) !important;}@media screen and (max-width: 767px){.stk-4fb6ff4 {margin-left:15px !important;}}<\/style><svg style=\"display:none\"><defs><g id=\"stk-icon-list__icon-svg-def-4fb6ff4\"><svg xmlns=\"http:\/\/www.w3.org\/2000\/svg\" viewbox=\"0 0 512 512\"><path d=\"M256 512A256 256 0 1 0 256 0a256 256 0 1 0 0 512z\"\/><\/svg><\/g><\/defs><\/svg><ul class=\"stk-block-icon-list__ul stk-block-icon-list--column\">\n<li class=\"wp-block-stackable-icon-list-item stk-block-icon-list-item stk-block stk-06a32a8\" data-block-id=\"06a32a8\"><div class=\"stk-block-icon-list-item__content\"><span class=\"stk--svg-wrapper\"><div class=\"stk--inner-svg\"><svg aria-hidden=\"true\" width=\"32\" height=\"32\"><use xlink:href=\"#stk-icon-list__icon-svg-def-4fb6ff4\"><\/use><\/svg><\/div><\/span><span class=\"stk-block-icon-list-item__text\"><a href=\"https:\/\/www.boe.es\/buscar\/act.php?id=BOE-A-1978-31229#a18\" target=\"_blank\" rel=\"noreferrer noopener\">Article 18<\/a>&nbsp;de la Constitution espagnole.<\/span><\/div><\/li>\n\n\n\n<li class=\"wp-block-stackable-icon-list-item stk-block-icon-list-item stk-block stk-95f478e\" data-block-id=\"95f478e\"><div class=\"stk-block-icon-list-item__content\"><span class=\"stk--svg-wrapper\"><div class=\"stk--inner-svg\"><svg aria-hidden=\"true\" width=\"32\" height=\"32\"><use xlink:href=\"#stk-icon-list__icon-svg-def-4fb6ff4\"><\/use><\/svg><\/div><\/span><span class=\"stk-block-icon-list-item__text\"><a href=\"https:\/\/boe.es\/buscar\/act.php?id=BOE-A-2018-16673\" target=\"_blank\" rel=\"noreferrer noopener\">Loi organique 3\/2018 du 5 d\u00e9cembre relative \u00e0 la protection des donn\u00e9es personnelles et \u00e0 la garantie des droits num\u00e9riques<\/a><\/span><\/div><\/li>\n\n\n\n<li class=\"wp-block-stackable-icon-list-item stk-block-icon-list-item stk-block stk-a1be2fe\" data-block-id=\"a1be2fe\"><div class=\"stk-block-icon-list-item__content\"><span class=\"stk--svg-wrapper\"><div class=\"stk--inner-svg\"><svg aria-hidden=\"true\" width=\"32\" height=\"32\"><use xlink:href=\"#stk-icon-list__icon-svg-def-4fb6ff4\"><\/use><\/svg><\/div><\/span><span class=\"stk-block-icon-list-item__text\"><a href=\"https:\/\/boe.es\/buscar\/act.php?id=BOE-A-2008-979\" target=\"_blank\" rel=\"noreferrer noopener\">D\u00e9cret royal 1720\/2007 du 21 d\u00e9cembre portant approbation du r\u00e8glement d&#039;ex\u00e9cution de la loi organique 15\/1999 du 13 d\u00e9cembre relative \u00e0 la protection des donn\u00e9es personnelles<\/a><\/span><\/div><\/li>\n\n\n\n<li class=\"wp-block-stackable-icon-list-item stk-block-icon-list-item stk-block stk-7b50b42\" data-block-id=\"7b50b42\"><div class=\"stk-block-icon-list-item__content\"><span class=\"stk--svg-wrapper\"><div class=\"stk--inner-svg\"><svg aria-hidden=\"true\" width=\"32\" height=\"32\"><use xlink:href=\"#stk-icon-list__icon-svg-def-4fb6ff4\"><\/use><\/svg><\/div><\/span><span class=\"stk-block-icon-list-item__text\"><a href=\"https:\/\/boe.gob.es\/buscar\/act.php?id=BOE-A-2001-24515\" target=\"_blank\" rel=\"noreferrer noopener\">Loi organique 6\/2001 du 21 d\u00e9cembre relative aux universit\u00e9s, modifi\u00e9e par la loi organique 4\/2007 du 12 avril<\/a>:<\/span><\/div><\/li>\n\n\n\n<li class=\"wp-block-stackable-icon-list-item stk-block-icon-list-item stk-block stk-03d8f15\" data-block-id=\"03d8f15\"><div class=\"stk-block-icon-list-item__content\"><span class=\"stk--svg-wrapper\"><div class=\"stk--inner-svg\"><svg aria-hidden=\"true\" width=\"32\" height=\"32\"><use xlink:href=\"#stk-icon-list__icon-svg-def-4fb6ff4\"><\/use><\/svg><\/div><\/span><span class=\"stk-block-icon-list-item__text\"><a href=\"https:\/\/www.boe.es\/buscar\/act.php?id=BOE-A-2014-4950\" target=\"_blank\" rel=\"noreferrer noopener\">Loi 9\/2014 du 9 mai, Loi g\u00e9n\u00e9rale sur les t\u00e9l\u00e9communications<\/a>.<\/span><\/div><\/li>\n\n\n\n<li class=\"wp-block-stackable-icon-list-item stk-block-icon-list-item stk-block stk-eb11405\" data-block-id=\"eb11405\"><div class=\"stk-block-icon-list-item__content\"><span class=\"stk--svg-wrapper\"><div class=\"stk--inner-svg\"><svg aria-hidden=\"true\" width=\"32\" height=\"32\"><use xlink:href=\"#stk-icon-list__icon-svg-def-4fb6ff4\"><\/use><\/svg><\/div><\/span><span class=\"stk-block-icon-list-item__text\"><a href=\"https:\/\/boe.es\/buscar\/act.php?id=BOE-A-2013-12887\" target=\"_blank\" rel=\"noreferrer noopener\">Loi 19\/2013 du 9 d\u00e9cembre relative \u00e0 la transparence, \u00e0 l&#039;acc\u00e8s \u00e0 l&#039;information publique et \u00e0 la bonne gouvernance<\/a>.<\/span><\/div><\/li>\n\n\n\n<li class=\"wp-block-stackable-icon-list-item stk-block-icon-list-item stk-block stk-ddf9c32\" data-block-id=\"ddf9c32\"><div class=\"stk-block-icon-list-item__content\"><span class=\"stk--svg-wrapper\"><div class=\"stk--inner-svg\"><svg aria-hidden=\"true\" width=\"32\" height=\"32\"><use xlink:href=\"#stk-icon-list__icon-svg-def-4fb6ff4\"><\/use><\/svg><\/div><\/span><span class=\"stk-block-icon-list-item__text\"><a href=\"https:\/\/www.boe.es\/buscar\/act.php?id=BOE-A-2010-1330\" target=\"_blank\" rel=\"noreferrer noopener\">D\u00e9cret royal 3\/2010 du 8 janvier portant r\u00e9glementation du dispositif national de s\u00e9curit\u00e9 dans le domaine de l&#039;administration \u00e9lectronique<\/a>.<\/span><\/div><\/li>\n\n\n\n<li class=\"wp-block-stackable-icon-list-item stk-block-icon-list-item stk-block stk-b751f6e\" data-block-id=\"b751f6e\"><div class=\"stk-block-icon-list-item__content\"><span class=\"stk--svg-wrapper\"><div class=\"stk--inner-svg\"><svg aria-hidden=\"true\" width=\"32\" height=\"32\"><use xlink:href=\"#stk-icon-list__icon-svg-def-4fb6ff4\"><\/use><\/svg><\/div><\/span><span class=\"stk-block-icon-list-item__text\"><a href=\"https:\/\/www.boe.es\/buscar\/act.php?id=BOE-A-2010-1331\" target=\"_blank\" rel=\"noreferrer noopener\">D\u00e9cret royal 4\/2010 du 8 janvier portant r\u00e9glementation du syst\u00e8me national d&#039;interop\u00e9rabilit\u00e9 dans le domaine de l&#039;administration \u00e9lectronique<\/a>.<\/span><\/div><\/li>\n\n\n\n<li class=\"wp-block-stackable-icon-list-item stk-block-icon-list-item stk-block stk-4f4e2d0\" data-block-id=\"4f4e2d0\"><div class=\"stk-block-icon-list-item__content\"><span class=\"stk--svg-wrapper\"><div class=\"stk--inner-svg\"><svg aria-hidden=\"true\" width=\"32\" height=\"32\"><use xlink:href=\"#stk-icon-list__icon-svg-def-4fb6ff4\"><\/use><\/svg><\/div><\/span><span class=\"stk-block-icon-list-item__text\"><a href=\"https:\/\/www.boe.es\/buscar\/act.php?id=BOE-A-2007-19814\" target=\"_blank\" rel=\"noreferrer noopener\">Loi 37\/2007 du 16 novembre relative \u00e0 la r\u00e9utilisation des informations du secteur public<\/a>.<\/span><\/div><\/li>\n\n\n\n<li class=\"wp-block-stackable-icon-list-item stk-block-icon-list-item stk-block stk-27f6a1d\" data-block-id=\"27f6a1d\"><div class=\"stk-block-icon-list-item__content\"><span class=\"stk--svg-wrapper\"><div class=\"stk--inner-svg\"><svg aria-hidden=\"true\" width=\"32\" height=\"32\"><use xlink:href=\"#stk-icon-list__icon-svg-def-4fb6ff4\"><\/use><\/svg><\/div><\/span><span class=\"stk-block-icon-list-item__text\"><a href=\"https:\/\/www.boe.es\/buscar\/act.php?id=BOE-A-2007-7786#davigesimaprimera\" target=\"_blank\" rel=\"noreferrer noopener\">Disposition additionnelle 21<\/a>&nbsp;de la loi organique 4\/2007 qui modifie la loi 6\/2001 du 21 d\u00e9cembre relative aux universit\u00e9s (consentement non n\u00e9cessaire des \u00e9tudiants pour la publication des notes).<\/span><\/div><\/li>\n\n\n\n<li class=\"wp-block-stackable-icon-list-item stk-block-icon-list-item stk-block stk-2fdba2a\" data-block-id=\"2fdba2a\"><div class=\"stk-block-icon-list-item__content\"><span class=\"stk--svg-wrapper\"><div class=\"stk--inner-svg\"><svg aria-hidden=\"true\" width=\"32\" height=\"32\"><use xlink:href=\"#stk-icon-list__icon-svg-def-4fb6ff4\"><\/use><\/svg><\/div><\/span><span class=\"stk-block-icon-list-item__text\"><a href=\"https:\/\/www.boe.es\/buscar\/act.php?id=BOE-A-2003-23399\" target=\"_blank\" rel=\"noreferrer noopener\">Loi 59\/2003 du 19 d\u00e9cembre relative aux signatures \u00e9lectroniques<\/a>.<\/span><\/div><\/li>\n<\/ul><\/div>\n<\/div><\/div><\/div>\n<\/div><\/div>\n\n\n\n<div class=\"wp-block-stackable-columns alignfull stk-block-columns stk-block stk-c1b8add\" data-block-id=\"c1b8add\"><style>.stk-c1b8add {margin-bottom:30px !important;}.stk-c1b8add-column{max-width:1140px !important;min-width:auto !important;margin-right:auto !important;margin-left:auto !important;}@media screen and (max-width: 1023px){.stk-c1b8add-column{max-width:725px !important;min-width:auto !important;margin-right:auto !important;margin-left:auto !important;}}@media screen and (max-width: 767px){.stk-c1b8add-column{max-width:375px !important;min-width:auto !important;margin-right:auto !important;margin-left:auto !important;}}<\/style><div class=\"stk-row stk-inner-blocks stk-block-content stk-content-align stk-c1b8add-column alignfull\">\n<div class=\"wp-block-stackable-column stk-block-column stk-column stk-block stk-f9d848c\" data-v=\"4\" data-block-id=\"f9d848c\"><div class=\"stk-column-wrapper stk-block-column__content stk-container stk-f9d848c-container stk--no-background stk--no-padding\"><div class=\"stk-block-content stk-inner-blocks stk-f9d848c-inner-blocks\">\n<div class=\"wp-block-stackable-heading stk-block-heading stk-block-heading--v2 stk-block stk-f171035\" id=\"legislacion-canaria\" data-block-id=\"f171035\"><style>.stk-f171035 {margin-bottom:12px !important;}.stk-f171035 .stk-block-heading__text{font-size:26px !important;color:#5c068c !important;font-weight:700 !important;}@media screen and (max-width: 1023px){.stk-f171035 .stk-block-heading__text{font-size:26px !important;}}<\/style><h2 class=\"stk-block-heading__text has-text-color has-text-align-left\">l\u00e9gislation des \u00eeles Canaries<\/h2><\/div>\n\n\n\n<div class=\"wp-block-stackable-icon-list stk-block-icon-list stk-block stk-af1cefa\" data-block-id=\"af1cefa\"><style>.stk-af1cefa {--stk-icon-list-icon-size:4px !important;}.stk-af1cefa .stk-block-icon-list-item__content{align-items:flex-start !important;}.stk-af1cefa ul .stk-block-icon-list-item__content .stk--inner-svg, .stk-af1cefa ol .stk-block-icon-list-item__content .stk-block-icon-list-item__marker{transform:translateY(12px) !important;}@media screen and (max-width: 767px){.stk-af1cefa {margin-left:15px !important;}}<\/style><svg style=\"display:none\"><defs><g id=\"stk-icon-list__icon-svg-def-af1cefa\"><svg xmlns=\"http:\/\/www.w3.org\/2000\/svg\" viewbox=\"0 0 512 512\"><path d=\"M256 512A256 256 0 1 0 256 0a256 256 0 1 0 0 512z\"\/><\/svg><\/g><\/defs><\/svg><ul class=\"stk-block-icon-list__ul stk-block-icon-list--column\">\n<li class=\"wp-block-stackable-icon-list-item stk-block-icon-list-item stk-block stk-e514965\" data-block-id=\"e514965\"><div class=\"stk-block-icon-list-item__content\"><span class=\"stk--svg-wrapper\"><div class=\"stk--inner-svg\"><svg aria-hidden=\"true\" width=\"32\" height=\"32\"><use xlink:href=\"#stk-icon-list__icon-svg-def-af1cefa\"><\/use><\/svg><\/div><\/span><span class=\"stk-block-icon-list-item__text\">Statut d&#039;autonomie des \u00eeles Canaries, approuv\u00e9 par la loi organique 1\/2018 du 5 novembre, r\u00e9formant le statut d&#039;autonomie des \u00eeles Canaries\u00a0:<\/span><\/div><\/li>\n\n\n\n<li class=\"wp-block-stackable-icon-list-item stk-block-icon-list-item stk-block stk-05aff04\" data-block-id=\"05aff04\"><div class=\"stk-block-icon-list-item__content\"><span class=\"stk--svg-wrapper\"><div class=\"stk--inner-svg\"><svg aria-hidden=\"true\" width=\"32\" height=\"32\"><use xlink:href=\"#stk-icon-list__icon-svg-def-af1cefa\"><\/use><\/svg><\/div><\/span><span class=\"stk-block-icon-list-item__text\"><a href=\"https:\/\/www.boe.es\/buscar\/act.php?id=BOE-A-2015-1114\" target=\"_blank\" rel=\"noreferrer noopener\">Loi 12\/2014 du 26 d\u00e9cembre relative \u00e0 la transparence et \u00e0 l&#039;acc\u00e8s \u00e0 l&#039;information publique<\/a>.<\/span><\/div><\/li>\n<\/ul><\/div>\n<\/div><\/div><\/div>\n<\/div><\/div>","protected":false},"excerpt":{"rendered":"<p>D\u00e9l\u00e9gu\u00e9 \u00e0 la protection des donn\u00e9es | R\u00e8glement sur la protection des donn\u00e9es | L\u00e9gislation de l&#039;Union europ\u00e9enne | L\u00e9gislation nationale | L\u00e9gislation des \u00eeles Canaries<\/p>","protected":false},"author":12,"featured_media":0,"parent":0,"menu_order":0,"comment_status":"closed","ping_status":"closed","template":"templates\/template-frontpage.php","meta":{"_acf_changed":false,"footnotes":""},"class_list":["post-105","page","type-page","status-publish","hentry"],"acf":[],"_links":{"self":[{"href":"https:\/\/www.ull.es\/servicios\/dpd\/fr\/wp-json\/wp\/v2\/pages\/105","targetHints":{"allow":["GET"]}}],"collection":[{"href":"https:\/\/www.ull.es\/servicios\/dpd\/fr\/wp-json\/wp\/v2\/pages"}],"about":[{"href":"https:\/\/www.ull.es\/servicios\/dpd\/fr\/wp-json\/wp\/v2\/types\/page"}],"author":[{"embeddable":true,"href":"https:\/\/www.ull.es\/servicios\/dpd\/fr\/wp-json\/wp\/v2\/users\/12"}],"replies":[{"embeddable":true,"href":"https:\/\/www.ull.es\/servicios\/dpd\/fr\/wp-json\/wp\/v2\/comments?post=105"}],"version-history":[{"count":12,"href":"https:\/\/www.ull.es\/servicios\/dpd\/fr\/wp-json\/wp\/v2\/pages\/105\/revisions"}],"predecessor-version":[{"id":584,"href":"https:\/\/www.ull.es\/servicios\/dpd\/fr\/wp-json\/wp\/v2\/pages\/105\/revisions\/584"}],"wp:attachment":[{"href":"https:\/\/www.ull.es\/servicios\/dpd\/fr\/wp-json\/wp\/v2\/media?parent=105"}],"curies":[{"name":"wp","href":"https:\/\/api.w.org\/{rel}","templated":true}]}}