{"id":29,"date":"2018-07-04T11:58:24","date_gmt":"2018-07-04T11:58:24","guid":{"rendered":"https:\/\/www.ull.es\/servicios\/dpd\/?page_id=29"},"modified":"2026-03-12T12:53:29","modified_gmt":"2026-03-12T12:53:29","slug":"informacion-ubicacion-y-contacto","status":"publish","type":"page","link":"https:\/\/www.ull.es\/servicios\/dpd\/fr\/informacion-ubicacion-y-contacto\/","title":{"rendered":"Informations, localisation et contact"},"content":{"rendered":"<div class=\"wp-block-stackable-columns alignfull stk-block-columns stk-block stk-16a94b8\" data-block-id=\"16a94b8\"><style>.stk-16a94b8 {margin-bottom:40px !important;}@media screen and (max-width: 767px){.stk-16a94b8 {padding-top:0px !important;padding-right:0px !important;padding-bottom:0px !important;padding-left:0px !important;}}<\/style><div class=\"stk-row stk-inner-blocks stk-block-content stk-content-align stk-16a94b8-column alignfull\">\n<div class=\"wp-block-stackable-column stk-block-column stk-column stk-block stk-dfe9b01 stk-block-background stk--has-background-overlay\" data-v=\"4\" data-block-id=\"dfe9b01\"><style>.stk-dfe9b01 {background-image:url(https:\/\/www.ull.es\/servicios\/dpd\/wp-content\/uploads\/sites\/14\/2018\/07\/imagen-servicio-52.jpg) !important;}.stk-dfe9b01:before{background-color:#000000 !important;opacity:0.3 !important;}@media screen and (max-width: 767px){.stk-dfe9b01 {padding-top:0px !important;padding-right:0px !important;padding-bottom:0px !important;padding-left:0px !important;}.stk-dfe9b01-container{min-height:320px !important;}}<\/style><div class=\"stk-column-wrapper stk-block-column__content stk-container stk-dfe9b01-container stk--no-background stk--no-padding\"><div class=\"stk-block-content stk-inner-blocks stk-dfe9b01-inner-blocks\">\n<div class=\"wp-block-stackable-columns alignfull stk-block-columns stk-block stk-3bf239f\" data-block-id=\"3bf239f\"><style>@media screen and (max-width: 1023px){.stk-3bf239f {padding-left:0px !important;}}<\/style><div class=\"stk-row stk-inner-blocks stk-block-content stk-content-align stk-3bf239f-column alignfull\">\n<div class=\"wp-block-stackable-column stk-block-column stk-column stk-block stk-f66584c\" data-v=\"4\" data-block-id=\"f66584c\"><div class=\"stk-column-wrapper stk-block-column__content stk-container stk-f66584c-container stk--no-background stk--no-padding\"><div class=\"stk-block-content stk-inner-blocks stk-f66584c-inner-blocks\">\n<div class=\"wp-block-stackable-heading stk-block-heading stk-block-heading--v2 stk-block stk-1bb54e9\" id=\"delegado-de-proteccion-de-datos\" data-block-id=\"1bb54e9\"><style>.stk-1bb54e9 {padding-top:110px !important;padding-right:25px !important;padding-bottom:75px !important;padding-left:440px !important;}.stk-1bb54e9 .stk-block-heading__text{font-size:35px !important;color:#ffffff !important;font-weight:400 !important;}@media screen and (max-width: 1023px){.stk-1bb54e9 {padding-left:55px !important;}.stk-1bb54e9 .stk-block-heading__text{font-size:35px !important;}}@media screen and (max-width: 767px){.stk-1bb54e9 {padding-top:110px !important;padding-right:75px !important;padding-left:25px !important;}.stk-1bb54e9 .stk-block-heading__text{font-size:33px !important;}}<\/style><h2 class=\"stk-block-heading__text has-text-color has-text-align-left has-text-align-left-tablet has-text-align-left-mobile\">D\u00e9l\u00e9gu\u00e9 \u00e0 la protection des donn\u00e9es<\/h2><\/div>\n<\/div><\/div><\/div>\n<\/div><\/div>\n<\/div><\/div><\/div>\n<\/div><\/div>\n\n\n\n<div class=\"wp-block-stackable-columns alignfull stk-block-columns stk-block stk-4262b06\" data-block-id=\"4262b06\"><style>.stk-4262b06-column{max-width:1140px !important;min-width:auto !important;margin-right:auto !important;margin-left:auto !important;}@media screen and (max-width: 1023px){.stk-4262b06-column{max-width:725px !important;min-width:auto !important;margin-right:auto !important;margin-left:auto !important;}}@media screen and (max-width: 767px){.stk-4262b06-column{max-width:375px !important;min-width:auto !important;margin-right:auto !important;margin-left:auto !important;}}<\/style><div class=\"stk-row stk-inner-blocks stk-block-content stk-content-align stk-4262b06-column alignfull\">\n<div class=\"wp-block-stackable-column stk-block-column stk-column stk-block stk-f78ab69\" data-v=\"4\" data-block-id=\"f78ab69\"><div class=\"stk-column-wrapper stk-block-column__content stk-container stk-f78ab69-container stk--no-background stk--no-padding\"><div class=\"stk-block-content stk-inner-blocks stk-f78ab69-inner-blocks\">\n<div class=\"wp-block-stackable-columns stk-block-columns stk-block stk-0f7b284\" data-block-id=\"0f7b284\"><style>.stk-0f7b284-column{--stk-column-gap:25px !important;}<\/style><div class=\"stk-row stk-inner-blocks stk-block-content stk-content-align stk-0f7b284-column\">\n<div class=\"wp-block-stackable-column stk-block-column stk-column stk-block stk-3738c56\" data-v=\"4\" data-block-id=\"3738c56\"><style>@media screen and (min-width: 768px){.stk-3738c56 {flex:var(--stk-flex-grow, 1) 1 calc(70% - var(--stk-column-gap, 0px) * 1 \/ 2 ) !important;}}<\/style><div class=\"stk-column-wrapper stk-block-column__content stk-container stk-3738c56-container stk--no-background stk--no-padding\"><div class=\"stk-block-content stk-inner-blocks stk-3738c56-inner-blocks\">\n<div class=\"shortcode-descripcion\">\n    <p>Le d\u00e9l\u00e9gu\u00e9 \u00e0 la protection des donn\u00e9es veille \u00e0 la protection des donn\u00e9es personnelles au sein de l&#039;Universit\u00e9 de La Laguna (ULL), conform\u00e9ment aux droits et libert\u00e9s fondamentaux de la personne. Ce r\u00f4le a \u00e9t\u00e9 cr\u00e9\u00e9 par le R\u00e8glement g\u00e9n\u00e9ral sur la protection des donn\u00e9es (RGPD), obligatoire pour toutes les administrations publiques et certaines entreprises depuis le 25 mai 2018. Ce r\u00e8glement est officiellement d\u00e9sign\u00e9 sous le nom de R\u00e8glement (UE) 2016\/679 du Parlement europ\u00e9en et du Conseil du 27 avril 2016 relatif \u00e0 la protection des personnes physiques \u00e0 l&#039;\u00e9gard du traitement des donn\u00e9es \u00e0 caract\u00e8re personnel et \u00e0 la libre circulation de ces donn\u00e9es, et abrogeant la directive 95\/46\/CE.<\/p><\/div>\n\n\n\n\n\n<style>\n    .shortcode-equipo {\n        margin-top: 40px;\n    }\n    .shortcode-equipo h2 {\n        margin-bottom: 10px !important;\n    }\n<\/style>\n\n<div class=\"shortcode-equipo\">\n    <h2>Responsable du service<\/h2><dl><dt><strong>D\u00e9l\u00e9gu\u00e9 \u00e0 la protection des donn\u00e9es<\/strong><\/dt><dd><a href='https:\/\/www.ull.es\/servicios\/dpd\/fr\/directorio\/search\/?busqueda=Israel Llavata' target='_blank'>Isra\u00ebl Llavata<\/a><\/dd><\/dl><\/div>\n\n\n\n\n    <style>\n        .shortcode-servicios {\n            margin-top: 40px;\n        }\n\n        .shortcode-servicios h2 {\n            margin-bottom: 10px !important;\n        }\n    <\/style>\n\n    <div class=\"shortcode-servicios\">\n        <h2>Services offerts \u00e0 l&#039;utilisateur<\/h2>        <ul>\n            <li>Comment en faire la demande\u00a0: en envoyant un courriel \u00e0 dpd@ull.es. Si la demande concerne une unit\u00e9 de gestion, il est recommand\u00e9 que le message soit envoy\u00e9 par le responsable de cette unit\u00e9 ou, le cas \u00e9ch\u00e9ant, par la personne exer\u00e7ant les fonctions techniques correspondantes, apr\u00e8s en avoir inform\u00e9 le responsable organisationnel ou fonctionnel concern\u00e9. Si la demande concerne un groupe de recherche ou un projet, il est recommand\u00e9 d\u2019adresser la communication au chercheur principal ou \u00e0 son repr\u00e9sentant d\u00e9sign\u00e9.<\/li><li>Soutien \u00e0 la conformit\u00e9 r\u00e9glementaire\u00a0: Le d\u00e9l\u00e9gu\u00e9 \u00e0 la protection des donn\u00e9es (DPD) veille \u00e0 garantir le droit fondamental \u00e0 la protection des donn\u00e9es et \u00e0 assurer la conformit\u00e9 r\u00e9glementaire \u00e0 l\u2019Universit\u00e9 de La Laguna. \u00c0 cette fin, et conform\u00e9ment aux proc\u00e9dures universitaires, le DPD accompagne les membres de la communaut\u00e9 universitaire qui exercent des fonctions administratives, p\u00e9dagogiques ou de recherche \u00e0 l\u2019Universit\u00e9 de La Laguna, et plus particuli\u00e8rement les responsables des facult\u00e9s, \u00e9coles, d\u00e9partements, instituts de recherche et des instances dirigeantes de l\u2019\u00e9tablissement.<\/li><li>\u00c0 l\u2019attention des personnes int\u00e9ress\u00e9es\u00a0: Conform\u00e9ment au R\u00e8glement g\u00e9n\u00e9ral sur la protection des donn\u00e9es (RGPD), les personnes int\u00e9ress\u00e9es peuvent contacter le d\u00e9l\u00e9gu\u00e9 \u00e0 la protection des donn\u00e9es pour toute question relative au traitement de leurs donn\u00e9es personnelles et \u00e0 l\u2019exercice de leurs droits.<\/li>        <\/ul>\n    <\/div>\n\n\n\n\n\n<\/div><\/div><\/div>\n\n\n\n<div class=\"wp-block-stackable-column stk-block-column stk-column stk-block stk-4ee8935\" data-v=\"4\" data-block-id=\"4ee8935\"><style>@media screen and (min-width: 768px){.stk-4ee8935 {flex:var(--stk-flex-grow, 1) 1 calc(30% - var(--stk-column-gap, 0px) * 1 \/ 2 ) !important;}}<\/style><div class=\"stk-column-wrapper stk-block-column__content stk-container stk-4ee8935-container stk--no-background stk--no-padding\"><div class=\"stk-block-content stk-inner-blocks stk-4ee8935-inner-blocks\">\n<div class=\"wp-block-stackable-columns stk-block-columns stk-block stk-08fb120\" data-block-id=\"08fb120\"><style>.stk-08fb120 {border-style:solid !important;border-color:#5c068c !important;border-top-width:2px !important;border-right-width:2px !important;border-bottom-width:2px !important;border-left-width:2px !important;padding-top:25px !important;padding-right:25px !important;padding-bottom:25px !important;padding-left:25px !important;}<\/style><div class=\"stk-row stk-inner-blocks stk-block-content stk-content-align stk-08fb120-column\">\n<div class=\"wp-block-stackable-column stk-block-column stk-column stk-block stk-4d938d3\" data-v=\"4\" data-block-id=\"4d938d3\"><div class=\"stk-column-wrapper stk-block-column__content stk-container stk-4d938d3-container stk--no-background stk--no-padding\"><div class=\"stk-block-content stk-inner-blocks stk-4d938d3-inner-blocks\">\n<div class=\"wp-block-stackable-heading stk-block-heading stk-block-heading--v2 stk-block stk-5b60642\" id=\"informacion-de-contacto\" data-block-id=\"5b60642\"><style>.stk-5b60642 {margin-bottom:10px !important;}.stk-5b60642 .stk-block-heading__text{font-size:15px !important;color:#5c068c !important;}@media screen and (max-width: 1023px){.stk-5b60642 .stk-block-heading__text{font-size:15px !important;}}<\/style><h5 class=\"stk-block-heading__text has-text-color has-text-align-center\">COORDONN\u00c9ES<\/h5><\/div>\n\n\n\n<ul class=\"widget-contacto\">\n    <li><i class=\"fa fa-map-marker\"><\/i> Pavillon du Gouvernement, C\/ Padre Herrera s\/n. P.O. Bo\u00eete postale 456, 38200. San Crist\u00f3bal de La Laguna. S\/C de T\u00e9n\u00e9rife.<\/li><li><i class=\"fa fa-address-book-o\"><\/i> <a target=\"_blank\" href=\"https:\/\/www.ull.es\/servicios\/dpd\/fr\/directorio\/search\/?busqueda=delegado-proteccion-de-datos\">Annuaire<\/a><\/li><li><i class=\"fa fa-envelope\"><\/i>  <a href=\"mailto:dpd@ull.es\">dpd@ull.es<\/a><\/li><li><i class=\"fa fa-globe\"><\/i><a href=\"https:\/\/www.ull.es\/servicios\/dpd\/fr\/\"> page web<\/a><\/li>\n<\/ul>\n\n<\/div><\/div><\/div>\n<\/div><\/div>\n\n\n\n    \n<style>\n    .google-maps {\n        position: relative;\n        padding-bottom: 75%;\n        height: 0;\n        overflow: hidden;\n    }\n    .google-maps iframe {\n        position: absolute;\n        top: 0;\n        left: 0;\n        width: 100% !important;\n        height: 100% !important;\n    }\n<\/style>\n\n\n<div class=\"google-maps\">\n    <iframe src=\"https:\/\/www.openstreetmap.org\/export\/embed.html?bbox=-16.315806825965%2C28.480752346613%2C-16.309663016375%2C28.486564568893&amp;layer=mapnik&amp;marker=28.484935302353300%2C-16.31298065185540\" style=\"border: 1px solid black\"><\/iframe>\n<\/div>\n\n<div class=\"btn-widget\">\n    <a href=\"https:\/\/www.openstreetmap.org\/directions?engine=graphhopper_car&from=&to=28.484935302353300%2C-16.31298065185540#map=17\/28.484935302353300\/-16.31298065185540\">Comment s&#039;y rendre<\/a>  \n<\/div>\n\n  <\/body>\n<\/html>\n\n\n<\/div><\/div><\/div>\n<\/div><\/div>\n<\/div><\/div><\/div>\n<\/div><\/div>","protected":false},"excerpt":{"rendered":"<p>D\u00e9l\u00e9gu\u00e9 \u00e0 la protection des donn\u00e9es COORDONN\u00c9ES<\/p>","protected":false},"author":1,"featured_media":0,"parent":0,"menu_order":0,"comment_status":"closed","ping_status":"closed","template":"templates\/template-frontpage.php","meta":{"_acf_changed":false,"footnotes":""},"class_list":["post-29","page","type-page","status-publish","hentry"],"acf":[],"_links":{"self":[{"href":"https:\/\/www.ull.es\/servicios\/dpd\/fr\/wp-json\/wp\/v2\/pages\/29","targetHints":{"allow":["GET"]}}],"collection":[{"href":"https:\/\/www.ull.es\/servicios\/dpd\/fr\/wp-json\/wp\/v2\/pages"}],"about":[{"href":"https:\/\/www.ull.es\/servicios\/dpd\/fr\/wp-json\/wp\/v2\/types\/page"}],"author":[{"embeddable":true,"href":"https:\/\/www.ull.es\/servicios\/dpd\/fr\/wp-json\/wp\/v2\/users\/1"}],"replies":[{"embeddable":true,"href":"https:\/\/www.ull.es\/servicios\/dpd\/fr\/wp-json\/wp\/v2\/comments?post=29"}],"version-history":[{"count":43,"href":"https:\/\/www.ull.es\/servicios\/dpd\/fr\/wp-json\/wp\/v2\/pages\/29\/revisions"}],"predecessor-version":[{"id":579,"href":"https:\/\/www.ull.es\/servicios\/dpd\/fr\/wp-json\/wp\/v2\/pages\/29\/revisions\/579"}],"wp:attachment":[{"href":"https:\/\/www.ull.es\/servicios\/dpd\/fr\/wp-json\/wp\/v2\/media?parent=29"}],"curies":[{"name":"wp","href":"https:\/\/api.w.org\/{rel}","templated":true}]}}