{"id":379,"date":"2019-05-16T08:28:56","date_gmt":"2019-05-16T08:28:56","guid":{"rendered":"https:\/\/www.ull.es\/servicios\/dpd\/?page_id=379"},"modified":"2026-03-11T15:29:58","modified_gmt":"2026-03-11T15:29:58","slug":"cursos","status":"publish","type":"page","link":"https:\/\/www.ull.es\/servicios\/dpd\/fr\/cursos\/","title":{"rendered":"Cours"},"content":{"rendered":"<div class=\"wp-block-stackable-columns alignfull stk-block-columns stk-block stk-16a94b8\" data-block-id=\"16a94b8\"><style>.stk-16a94b8 {margin-bottom:40px !important;}@media screen and (max-width: 767px){.stk-16a94b8 {padding-top:0px !important;padding-right:0px !important;padding-bottom:0px !important;padding-left:0px !important;}}<\/style><div class=\"stk-row stk-inner-blocks stk-block-content stk-content-align stk-16a94b8-column alignfull\">\n<div class=\"wp-block-stackable-column stk-block-column stk-column stk-block stk-dfe9b01 stk-block-background stk--has-background-overlay\" data-v=\"4\" data-block-id=\"dfe9b01\"><style>.stk-dfe9b01 {background-image:url(https:\/\/www.ull.es\/servicios\/dpd\/wp-content\/uploads\/sites\/14\/2026\/03\/suzzallo.jpg) !important;}.stk-dfe9b01:before{background-color:#000000 !important;opacity:0.3 !important;}@media screen and (max-width: 767px){.stk-dfe9b01 {padding-top:0px !important;padding-right:0px !important;padding-bottom:0px !important;padding-left:0px !important;}.stk-dfe9b01-container{min-height:320px !important;}}<\/style><div class=\"stk-column-wrapper stk-block-column__content stk-container stk-dfe9b01-container stk--no-background stk--no-padding\"><div class=\"stk-block-content stk-inner-blocks stk-dfe9b01-inner-blocks\">\n<div class=\"wp-block-stackable-columns alignfull stk-block-columns stk-block stk-3bf239f\" data-block-id=\"3bf239f\"><style>@media screen and (max-width: 1023px){.stk-3bf239f {padding-left:0px !important;}}<\/style><div class=\"stk-row stk-inner-blocks stk-block-content stk-content-align stk-3bf239f-column alignfull\">\n<div class=\"wp-block-stackable-column stk-block-column stk-column stk-block stk-f66584c\" data-v=\"4\" data-block-id=\"f66584c\"><div class=\"stk-column-wrapper stk-block-column__content stk-container stk-f66584c-container stk--no-background stk--no-padding\"><div class=\"stk-block-content stk-inner-blocks stk-f66584c-inner-blocks\">\n<div class=\"wp-block-stackable-heading stk-block-heading stk-block-heading--v2 stk-block stk-1bb54e9\" id=\"delegado-de-proteccion-de-datos\" data-block-id=\"1bb54e9\"><style>.stk-1bb54e9 {padding-top:25px !important;padding-right:25px !important;padding-bottom:25px !important;padding-left:355px !important;}.stk-1bb54e9 .stk-block-heading__text{font-size:35px !important;color:#ffffff !important;font-weight:700 !important;}@media screen and (max-width: 1023px){.stk-1bb54e9 {padding-left:55px !important;}.stk-1bb54e9 .stk-block-heading__text{font-size:35px !important;}}@media screen and (max-width: 767px){.stk-1bb54e9 {padding-top:110px !important;padding-right:75px !important;padding-left:25px !important;}.stk-1bb54e9 .stk-block-heading__text{font-size:33px !important;}}<\/style><h2 class=\"stk-block-heading__text has-text-color has-text-align-left has-text-align-left-tablet has-text-align-left-mobile\">D\u00e9l\u00e9gu\u00e9 \u00e0 la protection des donn\u00e9es<\/h2><\/div>\n<\/div><\/div><\/div>\n<\/div><\/div>\n<\/div><\/div><\/div>\n<\/div><\/div>\n\n\n<h1>Cours<\/h1>\n<h2 class=\"western\">Demande de session de formation<\/h2>\n<p align=\"justify\">Bien que ces pages servent de guide en mati\u00e8re de protection des donn\u00e9es, il est souvent tr\u00e8s utile de pouvoir aborder toute question de vive voix. C&#039;est pourquoi j&#039;encourage toute personne int\u00e9ress\u00e9e \u00e0 solliciter une visite du D\u00e9l\u00e9gu\u00e9 \u00e0 la protection des donn\u00e9es (DPO) pour obtenir des r\u00e9ponses \u00e0 ses interrogations. Les questions portent souvent sur un sujet pr\u00e9cis, et une consultation en personne permet d&#039;y r\u00e9pondre plus clairement qu&#039;un rapport \u00e9crit (que je r\u00e9dige ult\u00e9rieurement si n\u00e9cessaire).<\/p>\n<h3 class=\"western\">1. Indiquez la modalit\u00e9\u00a0:<\/h3>\n<p align=\"justify\">Les options peuvent \u00eatre\u00a0:<\/p>\n<ul>\n<li>\n<p align=\"justify\"><b>Chat:<\/b>\u00a0Une s\u00e9ance d&#039;introduction sur les principes fondamentaux de la protection des donn\u00e9es, leur mise en \u0153uvre \u00e0 l&#039;ULL et une s\u00e9ance de questions-r\u00e9ponses ; ou,<\/p>\n<\/li>\n<li>\n<p align=\"justify\"><b>Atelier<\/b>Nous travaillons sur la bonne utilisation d&#039;une ou plusieurs applications ou ressources de l&#039;ULL, telles que la messagerie \u00e9lectronique, les r\u00e9seaux sociaux, le campus virtuel, portal.ull.es,\u2026 ou la gestion de la confidentialit\u00e9, la pr\u00e9paration d&#039;une enqu\u00eate de recherche, la publication des notes, etc.<\/p>\n<\/li>\n<\/ul>\n<p align=\"justify\">La dur\u00e9e de l&#039;un ou l&#039;autre module est g\u00e9n\u00e9ralement comprise entre 60 et 90 minutes.<\/p>\n<h3 class=\"western\">2. D\u00e9terminer le public cible\u00a0:<\/h3>\n<p align=\"justify\">Bien que les principes soient les m\u00eames, les exemples et les hypoth\u00e8ses sur lesquels ils reposent sont tr\u00e8s diff\u00e9rents ; il est donc n\u00e9cessaire de pr\u00e9ciser le public cible\u00a0:<\/p>\n<ul>\n<li>\n<p align=\"justify\">corps \u00e9tudiant<\/p>\n<\/li>\n<li>\n<p align=\"justify\">PDI<\/p>\n<\/li>\n<li>\n<p align=\"justify\">PAS<\/p>\n<\/li>\n<\/ul>\n<p align=\"justify\">La dur\u00e9e et le contenu peuvent \u00eatre adapt\u00e9s au public.<\/p>\n<h3 class=\"western\">3. Choisissez une date approximative et contactez le DPD.<\/h3>\n<p align=\"justify\">Demandez votre formation en contactant le DPD.<\/p>","protected":false},"excerpt":{"rendered":"<p>Demande de formation pour devenir d\u00e9l\u00e9gu\u00e9 \u00e0 la protection des donn\u00e9es (DPO)\u00a0: Bien que ces pages constituent un guide sur la protection des donn\u00e9es, la possibilit\u00e9 d\u2019aborder toute question en personne s\u2019av\u00e8re tr\u00e8s utile. Par cons\u00e9quent, j\u2019encourage toutes les personnes int\u00e9ress\u00e9es \u00e0 solliciter la pr\u00e9sence du DPO afin de dissiper leurs doutes. Des questions se posent fr\u00e9quemment concernant\u2026<\/p>","protected":false},"author":46,"featured_media":0,"parent":0,"menu_order":0,"comment_status":"closed","ping_status":"closed","template":"templates\/template-frontpage.php","meta":{"_acf_changed":false,"footnotes":""},"class_list":["post-379","page","type-page","status-publish","hentry"],"acf":[],"_links":{"self":[{"href":"https:\/\/www.ull.es\/servicios\/dpd\/fr\/wp-json\/wp\/v2\/pages\/379","targetHints":{"allow":["GET"]}}],"collection":[{"href":"https:\/\/www.ull.es\/servicios\/dpd\/fr\/wp-json\/wp\/v2\/pages"}],"about":[{"href":"https:\/\/www.ull.es\/servicios\/dpd\/fr\/wp-json\/wp\/v2\/types\/page"}],"author":[{"embeddable":true,"href":"https:\/\/www.ull.es\/servicios\/dpd\/fr\/wp-json\/wp\/v2\/users\/46"}],"replies":[{"embeddable":true,"href":"https:\/\/www.ull.es\/servicios\/dpd\/fr\/wp-json\/wp\/v2\/comments?post=379"}],"version-history":[{"count":2,"href":"https:\/\/www.ull.es\/servicios\/dpd\/fr\/wp-json\/wp\/v2\/pages\/379\/revisions"}],"predecessor-version":[{"id":548,"href":"https:\/\/www.ull.es\/servicios\/dpd\/fr\/wp-json\/wp\/v2\/pages\/379\/revisions\/548"}],"wp:attachment":[{"href":"https:\/\/www.ull.es\/servicios\/dpd\/fr\/wp-json\/wp\/v2\/media?parent=379"}],"curies":[{"name":"wp","href":"https:\/\/api.w.org\/{rel}","templated":true}]}}