{"id":139,"date":"2019-03-12T14:53:04","date_gmt":"2019-03-12T14:53:04","guid":{"rendered":"https:\/\/www.ull.es\/servicios\/dpd\/?page_id=139"},"modified":"2026-03-12T15:08:00","modified_gmt":"2026-03-12T15:08:00","slug":"guias","status":"publish","type":"page","link":"https:\/\/www.ull.es\/servicios\/dpd\/guias\/","title":{"rendered":"Gu\u00edas"},"content":{"rendered":"\n<div class=\"wp-block-stackable-columns alignfull stk-block-columns stk-block stk-16a94b8\" data-block-id=\"16a94b8\"><style>.stk-16a94b8 {margin-bottom:40px !important;}@media screen and (max-width: 767px){.stk-16a94b8 {padding-top:0px !important;padding-right:0px !important;padding-bottom:0px !important;padding-left:0px !important;}}<\/style><div class=\"stk-row stk-inner-blocks stk-block-content stk-content-align stk-16a94b8-column alignfull\">\n<div class=\"wp-block-stackable-column stk-block-column stk-column stk-block stk-dfe9b01 stk-block-background stk--has-background-overlay\" data-v=\"4\" data-block-id=\"dfe9b01\"><style>.stk-dfe9b01 {background-image:url(https:\/\/www.ull.es\/servicios\/dpd\/wp-content\/uploads\/sites\/14\/2018\/07\/imagen-servicio-52.jpg) !important;}.stk-dfe9b01:before{background-color:#000000 !important;opacity:0.3 !important;}@media screen and (max-width: 767px){.stk-dfe9b01 {padding-top:0px !important;padding-right:0px !important;padding-bottom:0px !important;padding-left:0px !important;}.stk-dfe9b01-container{min-height:320px !important;}}<\/style><div class=\"stk-column-wrapper stk-block-column__content stk-container stk-dfe9b01-container stk--no-background stk--no-padding\"><div class=\"stk-block-content stk-inner-blocks stk-dfe9b01-inner-blocks\">\n<div class=\"wp-block-stackable-columns alignfull stk-block-columns stk-block stk-3bf239f\" data-block-id=\"3bf239f\"><style>@media screen and (max-width: 1023px){.stk-3bf239f {padding-left:0px !important;}}<\/style><div class=\"stk-row stk-inner-blocks stk-block-content stk-content-align stk-3bf239f-column alignfull\">\n<div class=\"wp-block-stackable-column stk-block-column stk-column stk-block stk-f66584c\" data-v=\"4\" data-block-id=\"f66584c\"><div class=\"stk-column-wrapper stk-block-column__content stk-container stk-f66584c-container stk--no-background stk--no-padding\"><div class=\"stk-block-content stk-inner-blocks stk-f66584c-inner-blocks\">\n<div class=\"wp-block-stackable-heading stk-block-heading stk-block-heading--v2 stk-block stk-1bb54e9\" id=\"delegado-de-proteccion-de-datos\" data-block-id=\"1bb54e9\"><style>.stk-1bb54e9 {padding-top:110px !important;padding-right:25px !important;padding-bottom:75px !important;padding-left:440px !important;}.stk-1bb54e9 .stk-block-heading__text{font-size:35px !important;color:#ffffff !important;font-weight:400 !important;}@media screen and (max-width: 1023px){.stk-1bb54e9 {padding-left:55px !important;}.stk-1bb54e9 .stk-block-heading__text{font-size:35px !important;}}@media screen and (max-width: 767px){.stk-1bb54e9 {padding-top:110px !important;padding-right:75px !important;padding-left:25px !important;}.stk-1bb54e9 .stk-block-heading__text{font-size:33px !important;}}<\/style><h2 class=\"stk-block-heading__text has-text-color has-text-align-left has-text-align-left-tablet has-text-align-left-mobile\">Delegado de Protecci\u00f3n de Datos<\/h2><\/div>\n<\/div><\/div><\/div>\n<\/div><\/div>\n<\/div><\/div><\/div>\n<\/div><\/div>\n\n\n\n<div class=\"wp-block-stackable-columns alignfull stk-block-columns stk-block stk-3b19840\" data-block-id=\"3b19840\"><style>.stk-3b19840 {margin-bottom:30px !important;}.stk-3b19840-column{max-width:1140px !important;min-width:auto !important;margin-right:auto !important;margin-left:auto !important;}@media screen and (max-width: 1023px){.stk-3b19840-column{max-width:725px !important;min-width:auto !important;margin-right:auto !important;margin-left:auto !important;}}@media screen and (max-width: 767px){.stk-3b19840-column{max-width:375px !important;min-width:auto !important;margin-right:auto !important;margin-left:auto !important;}}<\/style><div class=\"stk-row stk-inner-blocks stk-block-content stk-content-align stk-3b19840-column alignfull\">\n<div class=\"wp-block-stackable-column stk-block-column stk-column stk-block stk-5d9c63d\" data-v=\"4\" data-block-id=\"5d9c63d\"><div class=\"stk-column-wrapper stk-block-column__content stk-container stk-5d9c63d-container stk--no-background stk--no-padding\"><div class=\"stk-block-content stk-inner-blocks stk-5d9c63d-inner-blocks\">\n<div class=\"wp-block-stackable-heading stk-block-heading stk-block-heading--v2 stk-block stk-8cc90c3\" id=\"guias-en-proteccion-de-datos\" data-block-id=\"8cc90c3\"><style>.stk-8cc90c3 {margin-bottom:12px !important;}.stk-8cc90c3 .stk-block-heading__text{font-size:35px !important;color:#5c068c !important;font-weight:400 !important;}@media screen and (max-width: 1023px){.stk-8cc90c3 .stk-block-heading__text{font-size:35px !important;}}<\/style><h2 class=\"stk-block-heading__text has-text-color has-text-align-left\">Gu\u00edas en protecci\u00f3n de datos<\/h2><\/div>\n\n\n\n<div class=\"wp-block-stackable-icon-list stk-block-icon-list stk-block stk-f6d2c04\" data-block-id=\"f6d2c04\"><style>.stk-f6d2c04 {--stk-icon-list-icon-size:4px !important;}<\/style><svg style=\"display:none\"><defs><g id=\"stk-icon-list__icon-svg-def-f6d2c04\"><svg xmlns=\"http:\/\/www.w3.org\/2000\/svg\" viewBox=\"0 0 512 512\"><path d=\"M256 512A256 256 0 1 0 256 0a256 256 0 1 0 0 512z\"\/><\/svg><\/g><\/defs><\/svg><ul class=\"stk-block-icon-list__ul stk-block-icon-list--column\">\n<li class=\"wp-block-stackable-icon-list-item stk-block-icon-list-item stk-block stk-a86d9a1\" data-block-id=\"a86d9a1\"><div class=\"stk-block-icon-list-item__content\"><span class=\"stk--svg-wrapper\"><div class=\"stk--inner-svg\"><svg aria-hidden=\"true\" width=\"32\" height=\"32\"><use xlink:href=\"#stk-icon-list__icon-svg-def-f6d2c04\"><\/use><\/svg><\/div><\/span><span class=\"stk-block-icon-list-item__text\">Gu\u00eda para el ciudadano (AEPD) [<a href=\"https:\/\/www.aepd.es\/media\/guias\/guia-ciudadano.pdf\" target=\"_blank\" rel=\"noreferrer noopener\" target=\"_blank\" rel=\"noopener\">pdf<\/a>]<\/span><\/div><\/li>\n\n\n\n<li class=\"wp-block-stackable-icon-list-item stk-block-icon-list-item stk-block stk-cdbe8e6\" data-block-id=\"cdbe8e6\"><div class=\"stk-block-icon-list-item__content\"><span class=\"stk--svg-wrapper\"><div class=\"stk--inner-svg\"><svg aria-hidden=\"true\" width=\"32\" height=\"32\"><use xlink:href=\"#stk-icon-list__icon-svg-def-f6d2c04\"><\/use><\/svg><\/div><\/span><span class=\"stk-block-icon-list-item__text\">Gu\u00eda para centros educativos (AEPD) [<a href=\"http:\/\/www.tudecideseninternet.es\/agpd1\/images\/guias\/GuiaCentros\/GuiaCentrosEducativos.pdf\" target=\"_blank\" rel=\"noreferrer noopener\" target=\"_blank\" rel=\"noopener\">pdf<\/a>]<\/span><\/div><\/li>\n\n\n\n<li class=\"wp-block-stackable-icon-list-item stk-block-icon-list-item stk-block stk-248177c\" data-block-id=\"248177c\"><div class=\"stk-block-icon-list-item__content\"><span class=\"stk--svg-wrapper\"><div class=\"stk--inner-svg\"><svg aria-hidden=\"true\" width=\"32\" height=\"32\"><use xlink:href=\"#stk-icon-list__icon-svg-def-f6d2c04\"><\/use><\/svg><\/div><\/span><span class=\"stk-block-icon-list-item__text\">Gu\u00eda (AEPD) \u00abprofesores y alumnos que usan aplicaciones en la nube\u00bb [<a href=\"https:\/\/www.aepd.es\/media\/guias\/guia-orientaciones-apps-datos-alumnos.pdf\" target=\"_blank\" rel=\"noreferrer noopener\" target=\"_blank\" rel=\"noopener\">pdf<\/a>]<\/span><\/div><\/li>\n\n\n\n<li class=\"wp-block-stackable-icon-list-item stk-block-icon-list-item stk-block stk-9165f3f\" data-block-id=\"9165f3f\"><div class=\"stk-block-icon-list-item__content\"><span class=\"stk--svg-wrapper\"><div class=\"stk--inner-svg\"><svg aria-hidden=\"true\" width=\"32\" height=\"32\"><use xlink:href=\"#stk-icon-list__icon-svg-def-f6d2c04\"><\/use><\/svg><\/div><\/span><span class=\"stk-block-icon-list-item__text\">Gu\u00eda de privacidad y seguridad en internet \/AEPD) [<a href=\"https:\/\/www.aepd.es\/media\/guias\/guia-privacidad-y-seguridad-en-internet.pdf\" target=\"_blank\" rel=\"noreferrer noopener\" target=\"_blank\" rel=\"noopener\">pdf<\/a>]<\/span><\/div><\/li>\n\n\n\n<li class=\"wp-block-stackable-icon-list-item stk-block-icon-list-item stk-block stk-7dffe2c\" data-block-id=\"7dffe2c\"><div class=\"stk-block-icon-list-item__content\"><span class=\"stk--svg-wrapper\"><div class=\"stk--inner-svg\"><svg aria-hidden=\"true\" width=\"32\" height=\"32\"><use xlink:href=\"#stk-icon-list__icon-svg-def-f6d2c04\"><\/use><\/svg><\/div><\/span><span class=\"stk-block-icon-list-item__text\">Gu\u00eda para el cumplimiento del deber de informar (AEPD) [<a href=\"https:\/\/www.aepd.es\/media\/guias\/guia-modelo-clausula-informativa.pdf\" target=\"_blank\" rel=\"noreferrer noopener\" target=\"_blank\" rel=\"noopener\">pdf<\/a>]<\/span><\/div><\/li>\n\n\n\n<li class=\"wp-block-stackable-icon-list-item stk-block-icon-list-item stk-block stk-8358f9e\" data-block-id=\"8358f9e\"><div class=\"stk-block-icon-list-item__content\"><span class=\"stk--svg-wrapper\"><div class=\"stk--inner-svg\"><svg aria-hidden=\"true\" width=\"32\" height=\"32\"><use xlink:href=\"#stk-icon-list__icon-svg-def-f6d2c04\"><\/use><\/svg><\/div><\/span><span class=\"stk-block-icon-list-item__text\">Gu\u00eda para responsables de trataintos (AEPD) [<a href=\"https:\/\/www.aepd.es\/media\/guias\/guia-rgpd-para-responsables-de-tratamiento.pdf\" target=\"_blank\" rel=\"noreferrer noopener\" target=\"_blank\" rel=\"noopener\">pdf<\/a>]<\/span><\/div><\/li>\n\n\n\n<li class=\"wp-block-stackable-icon-list-item stk-block-icon-list-item stk-block stk-ea82f4b\" data-block-id=\"ea82f4b\"><div class=\"stk-block-icon-list-item__content\"><span class=\"stk--svg-wrapper\"><div class=\"stk--inner-svg\"><svg aria-hidden=\"true\" width=\"32\" height=\"32\"><use xlink:href=\"#stk-icon-list__icon-svg-def-f6d2c04\"><\/use><\/svg><\/div><\/span><span class=\"stk-block-icon-list-item__text\">Gu\u00eda para anonimizar (AEPD) [<a href=\"https:\/\/www.aepd.es\/media\/guias\/guia-orientaciones-procedimientos-anonimizacion.pdf\" target=\"_blank\" rel=\"noreferrer noopener\" target=\"_blank\" rel=\"noopener\">pdf<\/a>]<\/span><\/div><\/li>\n\n\n\n<li class=\"wp-block-stackable-icon-list-item stk-block-icon-list-item stk-block stk-3a9931c\" data-block-id=\"3a9931c\"><div class=\"stk-block-icon-list-item__content\"><span class=\"stk--svg-wrapper\"><div class=\"stk--inner-svg\"><svg aria-hidden=\"true\" width=\"32\" height=\"32\"><use xlink:href=\"#stk-icon-list__icon-svg-def-f6d2c04\"><\/use><\/svg><\/div><\/span><span class=\"stk-block-icon-list-item__text\">Acceso a todas las&nbsp;<a href=\"https:\/\/www.aepd.es\/guias\/index.html\" target=\"_blank\" rel=\"noreferrer noopener\" target=\"_blank\" rel=\"noopener\">Gu\u00edas de la AEPD<\/a>.<\/span><\/div><\/li>\n\n\n\n<li class=\"wp-block-stackable-icon-list-item stk-block-icon-list-item stk-block stk-92cd4b5\" data-block-id=\"92cd4b5\"><div class=\"stk-block-icon-list-item__content\"><span class=\"stk--svg-wrapper\"><div class=\"stk--inner-svg\"><svg aria-hidden=\"true\" width=\"32\" height=\"32\"><use xlink:href=\"#stk-icon-list__icon-svg-def-f6d2c04\"><\/use><\/svg><\/div><\/span><span class=\"stk-block-icon-list-item__text\">Gu\u00eda sobre la protecci\u00f3n de datos en la evaluaci\u00f3n en l\u00ednea&nbsp;[<a href=\"https:\/\/drive.google.com\/file\/d\/1Wxs7epxtFvsSUDINONcUYYGFCBScapom\/view?usp=sharing\" target=\"_blank\" rel=\"noreferrer noopener\" target=\"_blank\" rel=\"noopener\">pdf<\/a>]<\/span><\/div><\/li>\n<\/ul><\/div>\n\n\n\n<div class=\"wp-block-stackable-text stk-block-text stk-block stk-905aaae\" data-block-id=\"905aaae\"><p class=\"stk-block-text__text\">Consulte tambi\u00e9n la secci\u00f3n&nbsp;<a href=\"https:\/\/www.ull.es\/servicios\/dpd\/directrices\/\" target=\"_blank\" rel=\"noreferrer noopener\" target=\"_blank\" rel=\"noopener\">Directrices<\/a>&nbsp;y&nbsp;<a href=\"https:\/\/www.ull.es\/servicios\/dpd\/preguntas-frecuentes\/\" target=\"_blank\" rel=\"noreferrer noopener\" target=\"_blank\" rel=\"noopener\">Preguntas frecuentes<\/a>&nbsp;de esta web.<\/p><\/div>\n<\/div><\/div><\/div>\n<\/div><\/div>\n","protected":false},"excerpt":{"rendered":"<p>Delegado de Protecci\u00f3n de Datos Gu\u00edas en protecci\u00f3n de datos Consulte tambi\u00e9n la secci\u00f3n&nbsp;Directrices&nbsp;y&nbsp;Preguntas frecuentes&nbsp;de esta web.<\/p>\n","protected":false},"author":12,"featured_media":0,"parent":0,"menu_order":0,"comment_status":"closed","ping_status":"closed","template":"templates\/template-frontpage.php","meta":{"_acf_changed":false,"footnotes":""},"class_list":["post-139","page","type-page","status-publish","hentry"],"acf":[],"_links":{"self":[{"href":"https:\/\/www.ull.es\/servicios\/dpd\/wp-json\/wp\/v2\/pages\/139","targetHints":{"allow":["GET"]}}],"collection":[{"href":"https:\/\/www.ull.es\/servicios\/dpd\/wp-json\/wp\/v2\/pages"}],"about":[{"href":"https:\/\/www.ull.es\/servicios\/dpd\/wp-json\/wp\/v2\/types\/page"}],"author":[{"embeddable":true,"href":"https:\/\/www.ull.es\/servicios\/dpd\/wp-json\/wp\/v2\/users\/12"}],"replies":[{"embeddable":true,"href":"https:\/\/www.ull.es\/servicios\/dpd\/wp-json\/wp\/v2\/comments?post=139"}],"version-history":[{"count":13,"href":"https:\/\/www.ull.es\/servicios\/dpd\/wp-json\/wp\/v2\/pages\/139\/revisions"}],"predecessor-version":[{"id":582,"href":"https:\/\/www.ull.es\/servicios\/dpd\/wp-json\/wp\/v2\/pages\/139\/revisions\/582"}],"wp:attachment":[{"href":"https:\/\/www.ull.es\/servicios\/dpd\/wp-json\/wp\/v2\/media?parent=139"}],"curies":[{"name":"wp","href":"https:\/\/api.w.org\/{rel}","templated":true}]}}