{"id":2,"date":"2018-07-04T08:50:16","date_gmt":"2018-07-04T08:50:16","guid":{"rendered":"https:\/\/www.ull.es\/servicios\/dpd\/?page_id=2"},"modified":"2026-03-12T12:42:17","modified_gmt":"2026-03-12T12:42:17","slug":"inicio","status":"publish","type":"page","link":"https:\/\/www.ull.es\/servicios\/dpd\/","title":{"rendered":"Inicio"},"content":{"rendered":"\n<div class=\"wp-block-stackable-columns alignfull stk-block-columns stk-block stk-16a94b8\" data-block-id=\"16a94b8\"><style>.stk-16a94b8 {margin-bottom:40px !important;}@media screen and (max-width: 767px){.stk-16a94b8 {padding-top:0px !important;padding-right:0px !important;padding-bottom:0px !important;padding-left:0px !important;}}<\/style><div class=\"stk-row stk-inner-blocks stk-block-content stk-content-align stk-16a94b8-column alignfull\">\n<div class=\"wp-block-stackable-column stk-block-column stk-column stk-block stk-dfe9b01 stk-block-background stk--has-background-overlay\" data-v=\"4\" data-block-id=\"dfe9b01\"><style>.stk-dfe9b01 {background-image:url(https:\/\/www.ull.es\/servicios\/dpd\/wp-content\/uploads\/sites\/14\/2018\/07\/imagen-servicio-52.jpg) !important;}.stk-dfe9b01:before{background-color:#000000 !important;opacity:0.3 !important;}@media screen and (max-width: 767px){.stk-dfe9b01 {padding-top:0px !important;padding-right:0px !important;padding-bottom:0px !important;padding-left:0px !important;}.stk-dfe9b01-container{min-height:320px !important;}}<\/style><div class=\"stk-column-wrapper stk-block-column__content stk-container stk-dfe9b01-container stk--no-background stk--no-padding\"><div class=\"stk-block-content stk-inner-blocks stk-dfe9b01-inner-blocks\">\n<div class=\"wp-block-stackable-columns alignfull stk-block-columns stk-block stk-3bf239f\" data-block-id=\"3bf239f\"><style>@media screen and (max-width: 1023px){.stk-3bf239f {padding-left:0px !important;}}<\/style><div class=\"stk-row stk-inner-blocks stk-block-content stk-content-align stk-3bf239f-column alignfull\">\n<div class=\"wp-block-stackable-column stk-block-column stk-column stk-block stk-f66584c\" data-v=\"4\" data-block-id=\"f66584c\"><div class=\"stk-column-wrapper stk-block-column__content stk-container stk-f66584c-container stk--no-background stk--no-padding\"><div class=\"stk-block-content stk-inner-blocks stk-f66584c-inner-blocks\">\n<div class=\"wp-block-stackable-heading stk-block-heading stk-block-heading--v2 stk-block stk-1bb54e9\" id=\"delegado-de-proteccion-de-datos\" data-block-id=\"1bb54e9\"><style>.stk-1bb54e9 {padding-top:110px !important;padding-right:25px !important;padding-bottom:75px !important;padding-left:440px !important;}.stk-1bb54e9 .stk-block-heading__text{font-size:35px !important;color:#ffffff !important;font-weight:400 !important;}@media screen and (max-width: 1023px){.stk-1bb54e9 {padding-left:55px !important;}.stk-1bb54e9 .stk-block-heading__text{font-size:35px !important;}}@media screen and (max-width: 767px){.stk-1bb54e9 {padding-top:110px !important;padding-right:75px !important;padding-left:25px !important;}.stk-1bb54e9 .stk-block-heading__text{font-size:33px !important;}}<\/style><h2 class=\"stk-block-heading__text has-text-color has-text-align-left has-text-align-left-tablet has-text-align-left-mobile\">Delegado de Protecci\u00f3n de Datos<\/h2><\/div>\n<\/div><\/div><\/div>\n<\/div><\/div>\n<\/div><\/div><\/div>\n<\/div><\/div>\n\n\n\n<div class=\"wp-block-stackable-columns alignfull stk-block-columns stk-block stk-4a4994f\" data-block-id=\"4a4994f\"><style>.stk-4a4994f-column{max-width:1140px !important;min-width:auto !important;margin-right:auto !important;margin-left:auto !important;}@media screen and (max-width: 1023px){.stk-4a4994f-column{max-width:725px !important;min-width:auto !important;margin-right:auto !important;margin-left:auto !important;}}@media screen and (max-width: 767px){.stk-4a4994f {margin-top:-75px !important;}.stk-4a4994f-column{max-width:350px !important;min-width:auto !important;margin-right:auto !important;margin-left:auto !important;}}<\/style><div class=\"stk-row stk-inner-blocks stk-block-content stk-content-align stk-4a4994f-column alignfull\">\n<div class=\"wp-block-stackable-column stk-block-column stk-column stk-block stk-85aa878 stk-block-background\" data-v=\"4\" data-block-id=\"85aa878\"><style>.stk-85aa878 {background-color:#ffffff !important;}.stk-85aa878:before{background-color:#ffffff !important;}<\/style><div class=\"stk-column-wrapper stk-block-column__content stk-container stk-85aa878-container stk--no-background stk--no-padding\"><div class=\"stk-block-content stk-inner-blocks stk-85aa878-inner-blocks\">\n<div class=\"wp-block-stackable-text stk-block-text stk-block stk-f4bc92d\" data-block-id=\"f4bc92d\"><style>.stk-f4bc92d .stk-block-text__text{font-size:16px !important;}@media screen and (max-width: 1023px){.stk-f4bc92d .stk-block-text__text{font-size:16px !important;}}<\/style><p class=\"stk-block-text__text\">El Delegado de Protecci\u00f3n de Datos es la persona que contribuye a promover un adecuado cumplimiento del&nbsp;<a href=\"https:\/\/eur-lex.europa.eu\/legal-content\/ES\/TXT\/HTML\/?uri=CELEX:32016R0679&amp;from=ES#d1e3782-1-1\" target=\"_blank\" rel=\"noreferrer noopener\" target=\"_blank\" rel=\"noopener\">Reglamento General de Protecci\u00f3n de Datos<\/a>&nbsp;en la Universidad de la Laguna. Para ello la norma le atribuye las siguientes funciones:&nbsp;informar y asesorar sobre las obligaciones que derivan del Reglamento y de la legislaci\u00f3n nacional;&nbsp;supervisar el cumplimiento de la normativa y de las pol\u00edticas espec\u00edficas en materia de protecci\u00f3n de datos;&nbsp;ofrecer el asesoramiento que se le solicite acerca de la evaluaci\u00f3n de impacto relativa a la protecci\u00f3n de datos y supervisar su aplicaci\u00f3n 5;&nbsp;&nbsp;cooperar y actuar como punto de contacto con la autoridad de control (la Agencia Espa\u00f1ola de Protecci\u00f3n de Datos).&nbsp;El delegado de protecci\u00f3n de datos est\u00e1 al servicio de la comunidad universitaria, -PAS, Estudiantes y PDI-, y de cuantas personas se relacionen con la Universidad de la Laguna, como instrumento y soporte para la adecuada garant\u00eda del derecho fundamental a la protecci\u00f3n de datos.<\/p><\/div>\n<\/div><\/div><\/div>\n<\/div><\/div>\n\n\n\n<div class=\"wp-block-stackable-columns stk-block-columns stk-block stk-6b6a428\" data-block-id=\"6b6a428\"><style>.stk-6b6a428-column{max-width:1140px !important;min-width:auto !important;margin-right:auto !important;margin-left:auto !important;}@media screen and (max-width: 1023px){.stk-6b6a428-column{max-width:725px !important;min-width:auto !important;margin-right:auto !important;margin-left:auto !important;}}@media screen and (max-width: 767px){.stk-6b6a428-column{max-width:375px !important;min-width:auto !important;margin-right:auto !important;margin-left:auto !important;}}<\/style><div class=\"stk-row stk-inner-blocks stk-block-content stk-content-align stk-6b6a428-column\">\n<div class=\"wp-block-stackable-column stk-block-column stk-column stk-block stk-86722b3\" data-v=\"4\" data-block-id=\"86722b3\"><div class=\"stk-column-wrapper stk-block-column__content stk-container stk-86722b3-container stk--no-background stk--no-padding\"><div class=\"stk-block-content stk-inner-blocks stk-86722b3-inner-blocks\">\n<div class=\"wp-block-stackable-columns stk-block-columns stk-block stk-d4e91a5\" data-block-id=\"d4e91a5\"><style>.stk-d4e91a5-column{flex-wrap:wrap !important;--stk-flex-grow:0 !important;}<\/style><div class=\"stk-row stk-inner-blocks stk-block-content stk-content-align stk-d4e91a5-column\">\n<div class=\"wp-block-stackable-column stk-block-column stk-column stk-block stk-19a9906\" data-v=\"4\" data-block-id=\"19a9906\"><style>@media screen and (min-width: 768px){.stk-19a9906 {flex:var(--stk-flex-grow, 1) 1 calc(33.33% - var(--stk-column-gap, 0px) * 2 \/ 3 ) !important;}}<\/style><div class=\"stk-column-wrapper stk-block-column__content stk-container stk-19a9906-container stk--no-background stk--no-padding\"><div class=\"stk-block-content stk-inner-blocks stk-19a9906-inner-blocks\">\n<div class=\"wp-block-stackable-button-group stk-block-button-group stk-block stk-db36400\" data-block-id=\"db36400\"><div class=\"stk-row stk-inner-blocks stk-block-content stk-button-group\">\n<div class=\"wp-block-stackable-button stk-block-button stk-block stk-d38c9ed\" data-block-id=\"d38c9ed\"><style>.stk-d38c9ed , .stk-d38c9ed .stk-button{width:100% !important;}.stk-d38c9ed {flex:1 0 var(--stk-button-group-flex-wrap, 0) !important;}.stk-d38c9ed .stk-button{min-height:100px !important;padding-top:0px !important;padding-bottom:0px !important;background:#293645 !important;}.stk-d38c9ed .stk-button__inner-text{color:#ffffff !important;}<\/style><a class=\"stk-link stk-button stk--hover-effect-darken\" href=\"https:\/\/www.ull.es\/servicios\/dpd\/derechos\/\" target=\"_blank\" rel=\"noreferrer noopener\" target=\"_blank\" rel=\"noopener\"><span class=\"has-text-color stk-button__inner-text\">Derechos<\/span><\/a><\/div>\n<\/div><\/div>\n<\/div><\/div><\/div>\n\n\n\n<div class=\"wp-block-stackable-column stk-block-column stk-column stk-block stk-11f067d\" data-v=\"4\" data-block-id=\"11f067d\"><style>@media screen and (min-width: 768px){.stk-11f067d {flex:var(--stk-flex-grow, 1) 1 calc(33.33% - var(--stk-column-gap, 0px) * 2 \/ 3 ) !important;}}<\/style><div class=\"stk-column-wrapper stk-block-column__content stk-container stk-11f067d-container stk--no-background stk--no-padding\"><div class=\"stk-block-content stk-inner-blocks stk-11f067d-inner-blocks\">\n<div class=\"wp-block-stackable-button-group stk-block-button-group stk-block stk-619e072\" data-block-id=\"619e072\"><div class=\"stk-row stk-inner-blocks stk-block-content stk-button-group\">\n<div class=\"wp-block-stackable-button stk-block-button has-text-align-center stk-block stk-c1fc479\" data-block-id=\"c1fc479\"><style>.stk-c1fc479 , .stk-c1fc479 .stk-button{width:100% !important;}.stk-c1fc479 {flex:1 0 var(--stk-button-group-flex-wrap, 0) !important;}.stk-c1fc479 .stk-button{min-height:100px !important;padding-top:0px !important;padding-bottom:0px !important;background:#293645 !important;}.stk-c1fc479 .stk-button__inner-text{color:#ffffff !important;}<\/style><a class=\"stk-link stk-button stk--hover-effect-darken\" href=\"https:\/\/www.ull.es\/servicios\/dpd\/procedimientos\/\" target=\"_blank\" rel=\"noreferrer noopener\" target=\"_blank\" rel=\"noopener\"><span class=\"has-text-color stk-button__inner-text\">Registro de Actividades de Tratamiento<\/span><\/a><\/div>\n<\/div><\/div>\n<\/div><\/div><\/div>\n\n\n\n<div class=\"wp-block-stackable-column stk-block-column stk-column stk-block stk-96341e5\" data-v=\"4\" data-block-id=\"96341e5\"><style>@media screen and (min-width: 768px){.stk-96341e5 {flex:var(--stk-flex-grow, 1) 1 calc(33.33% - var(--stk-column-gap, 0px) * 2 \/ 3 ) !important;}}<\/style><div class=\"stk-column-wrapper stk-block-column__content stk-container stk-96341e5-container stk--no-background stk--no-padding\"><div class=\"stk-block-content stk-inner-blocks stk-96341e5-inner-blocks\">\n<div class=\"wp-block-stackable-button-group stk-block-button-group stk-block stk-5712f2e\" data-block-id=\"5712f2e\"><div class=\"stk-row stk-inner-blocks stk-block-content stk-button-group\">\n<div class=\"wp-block-stackable-button stk-block-button stk-block stk-355a787\" data-block-id=\"355a787\"><style>.stk-355a787 , .stk-355a787 .stk-button{width:100% !important;}.stk-355a787 {flex:1 0 var(--stk-button-group-flex-wrap, 0) !important;}.stk-355a787 .stk-button{min-height:100px !important;padding-top:0px !important;padding-bottom:0px !important;background:#293645 !important;}.stk-355a787 .stk-button__inner-text{color:#ffffff !important;}<\/style><a class=\"stk-link stk-button stk--hover-effect-darken\" href=\"https:\/\/www.ull.es\/servicios\/dpd\/cursos\/\" target=\"_blank\" rel=\"noreferrer noopener\" target=\"_blank\" rel=\"noopener\"><span class=\"has-text-color stk-button__inner-text\">Formaci\u00f3n<\/span><\/a><\/div>\n<\/div><\/div>\n<\/div><\/div><\/div>\n\n\n\n<div class=\"wp-block-stackable-column stk-block-column stk-column stk-block stk-604b051\" data-v=\"4\" data-block-id=\"604b051\"><style>@media screen and (min-width: 768px){.stk-604b051 {flex:var(--stk-flex-grow, 1) 1 calc(33.33% - var(--stk-column-gap, 0px) * 2 \/ 3 ) !important;}}<\/style><div class=\"stk-column-wrapper stk-block-column__content stk-container stk-604b051-container stk--no-background stk--no-padding\"><div class=\"stk-block-content stk-inner-blocks stk-604b051-inner-blocks\">\n<div class=\"wp-block-stackable-button-group stk-block-button-group stk-block stk-52f662b\" data-block-id=\"52f662b\"><div class=\"stk-row stk-inner-blocks stk-block-content stk-button-group\">\n<div class=\"wp-block-stackable-button stk-block-button stk-block stk-0711cd6\" data-block-id=\"0711cd6\"><style>.stk-0711cd6 , .stk-0711cd6 .stk-button{width:100% !important;}.stk-0711cd6 {flex:1 0 var(--stk-button-group-flex-wrap, 0) !important;}.stk-0711cd6 .stk-button{min-height:100px !important;padding-top:0px !important;padding-bottom:0px !important;background:#5c068c !important;}.stk-0711cd6 .stk-button__inner-text{color:#ffffff !important;}<\/style><a class=\"stk-link stk-button stk--hover-effect-darken\" href=\"https:\/\/www.ull.es\/servicios\/dpd\/informacion-ubicacion-y-contacto\/\" target=\"_blank\" rel=\"noreferrer noopener\" target=\"_blank\" rel=\"noopener\"><span class=\"has-text-color stk-button__inner-text\">Informaci\u00f3n<\/span><\/a><\/div>\n<\/div><\/div>\n<\/div><\/div><\/div>\n\n\n\n<div class=\"wp-block-stackable-column stk-block-column stk-column stk-block stk-3a54a5d\" data-v=\"4\" data-block-id=\"3a54a5d\"><style>@media screen and (min-width: 768px){.stk-3a54a5d {flex:var(--stk-flex-grow, 1) 1 calc(33.33% - var(--stk-column-gap, 0px) * 2 \/ 3 ) !important;}}<\/style><div class=\"stk-column-wrapper stk-block-column__content stk-container stk-3a54a5d-container stk--no-background stk--no-padding\"><div class=\"stk-block-content stk-inner-blocks stk-3a54a5d-inner-blocks\">\n<div class=\"wp-block-stackable-button-group stk-block-button-group stk-block stk-6932906\" data-block-id=\"6932906\"><div class=\"stk-row stk-inner-blocks stk-block-content stk-button-group\">\n<div class=\"wp-block-stackable-button stk-block-button stk-block stk-b528132\" data-block-id=\"b528132\"><style>.stk-b528132 , .stk-b528132 .stk-button{width:100% !important;}.stk-b528132 {flex:1 0 var(--stk-button-group-flex-wrap, 0) !important;}.stk-b528132 .stk-button{min-height:100px !important;padding-top:0px !important;padding-bottom:0px !important;background:#5c068c !important;}.stk-b528132 .stk-button__inner-text{color:#ffffff !important;}<\/style><a class=\"stk-link stk-button stk--hover-effect-darken\" href=\"https:\/\/www.ull.es\/servicios\/dpd\/guias\/\" target=\"_blank\" rel=\"noreferrer noopener\" target=\"_blank\" rel=\"noopener\"><span class=\"has-text-color stk-button__inner-text\">Gu\u00edas<\/span><\/a><\/div>\n<\/div><\/div>\n<\/div><\/div><\/div>\n\n\n\n<div class=\"wp-block-stackable-column stk-block-column stk-column stk-block stk-2425577\" data-v=\"4\" data-block-id=\"2425577\"><style>@media screen and (min-width: 768px){.stk-2425577 {flex:var(--stk-flex-grow, 1) 1 calc(33.33% - var(--stk-column-gap, 0px) * 2 \/ 3 ) !important;}}<\/style><div class=\"stk-column-wrapper stk-block-column__content stk-container stk-2425577-container stk--no-background stk--no-padding\"><div class=\"stk-block-content stk-inner-blocks stk-2425577-inner-blocks\">\n<div class=\"wp-block-stackable-button-group stk-block-button-group stk-block stk-b56479c\" data-block-id=\"b56479c\"><div class=\"stk-row stk-inner-blocks stk-block-content stk-button-group\">\n<div class=\"wp-block-stackable-button stk-block-button stk-block stk-09a6127\" data-block-id=\"09a6127\"><style>.stk-09a6127 , .stk-09a6127 .stk-button{width:100% !important;}.stk-09a6127 {flex:1 0 var(--stk-button-group-flex-wrap, 0) !important;}.stk-09a6127 .stk-button{min-height:100px !important;padding-top:0px !important;padding-bottom:0px !important;background:#5c068c !important;}.stk-09a6127 .stk-button__inner-text{color:#ffffff !important;}<\/style><a class=\"stk-link stk-button stk--hover-effect-darken\" href=\"https:\/\/www.ull.es\/servicios\/dpd\/procedimientos\/\" target=\"_blank\" rel=\"noreferrer noopener\" target=\"_blank\" rel=\"noopener\"><span class=\"has-text-color stk-button__inner-text\">Procedimientos<\/span><\/a><\/div>\n<\/div><\/div>\n<\/div><\/div><\/div>\n<\/div><\/div>\n<\/div><\/div><\/div>\n<\/div><\/div>\n","protected":false},"excerpt":{"rendered":"<p>Delegado de Protecci\u00f3n de Datos El Delegado de Protecci\u00f3n de Datos es la persona que contribuye a promover un adecuado cumplimiento del&nbsp;Reglamento General de Protecci\u00f3n de Datos&nbsp;en la Universidad de la Laguna. Para ello la norma le atribuye las siguientes funciones:&nbsp;informar y asesorar sobre las obligaciones que derivan del Reglamento y de la legislaci\u00f3n nacional;&nbsp;supervisar&#8230;<\/p>\n","protected":false},"author":1,"featured_media":191,"parent":0,"menu_order":0,"comment_status":"closed","ping_status":"closed","template":"templates\/template-frontpage.php","meta":{"_acf_changed":false,"footnotes":""},"class_list":["post-2","page","type-page","status-publish","has-post-thumbnail","hentry"],"acf":[],"_links":{"self":[{"href":"https:\/\/www.ull.es\/servicios\/dpd\/wp-json\/wp\/v2\/pages\/2","targetHints":{"allow":["GET"]}}],"collection":[{"href":"https:\/\/www.ull.es\/servicios\/dpd\/wp-json\/wp\/v2\/pages"}],"about":[{"href":"https:\/\/www.ull.es\/servicios\/dpd\/wp-json\/wp\/v2\/types\/page"}],"author":[{"embeddable":true,"href":"https:\/\/www.ull.es\/servicios\/dpd\/wp-json\/wp\/v2\/users\/1"}],"replies":[{"embeddable":true,"href":"https:\/\/www.ull.es\/servicios\/dpd\/wp-json\/wp\/v2\/comments?post=2"}],"version-history":[{"count":82,"href":"https:\/\/www.ull.es\/servicios\/dpd\/wp-json\/wp\/v2\/pages\/2\/revisions"}],"predecessor-version":[{"id":565,"href":"https:\/\/www.ull.es\/servicios\/dpd\/wp-json\/wp\/v2\/pages\/2\/revisions\/565"}],"wp:featuredmedia":[{"embeddable":true,"href":"https:\/\/www.ull.es\/servicios\/dpd\/wp-json\/wp\/v2\/media\/191"}],"wp:attachment":[{"href":"https:\/\/www.ull.es\/servicios\/dpd\/wp-json\/wp\/v2\/media?parent=2"}],"curies":[{"name":"wp","href":"https:\/\/api.w.org\/{rel}","templated":true}]}}