{"id":29,"date":"2018-07-04T11:58:24","date_gmt":"2018-07-04T11:58:24","guid":{"rendered":"https:\/\/www.ull.es\/servicios\/dpd\/?page_id=29"},"modified":"2026-03-12T12:53:29","modified_gmt":"2026-03-12T12:53:29","slug":"informacion-ubicacion-y-contacto","status":"publish","type":"page","link":"https:\/\/www.ull.es\/servicios\/dpd\/informacion-ubicacion-y-contacto\/","title":{"rendered":"Informaci\u00f3n, ubicaci\u00f3n y contacto"},"content":{"rendered":"\n<div class=\"wp-block-stackable-columns alignfull stk-block-columns stk-block stk-16a94b8\" data-block-id=\"16a94b8\"><style>.stk-16a94b8 {margin-bottom:40px !important;}@media screen and (max-width: 767px){.stk-16a94b8 {padding-top:0px !important;padding-right:0px !important;padding-bottom:0px !important;padding-left:0px !important;}}<\/style><div class=\"stk-row stk-inner-blocks stk-block-content stk-content-align stk-16a94b8-column alignfull\">\n<div class=\"wp-block-stackable-column stk-block-column stk-column stk-block stk-dfe9b01 stk-block-background stk--has-background-overlay\" data-v=\"4\" data-block-id=\"dfe9b01\"><style>.stk-dfe9b01 {background-image:url(https:\/\/www.ull.es\/servicios\/dpd\/wp-content\/uploads\/sites\/14\/2018\/07\/imagen-servicio-52.jpg) !important;}.stk-dfe9b01:before{background-color:#000000 !important;opacity:0.3 !important;}@media screen and (max-width: 767px){.stk-dfe9b01 {padding-top:0px !important;padding-right:0px !important;padding-bottom:0px !important;padding-left:0px !important;}.stk-dfe9b01-container{min-height:320px !important;}}<\/style><div class=\"stk-column-wrapper stk-block-column__content stk-container stk-dfe9b01-container stk--no-background stk--no-padding\"><div class=\"stk-block-content stk-inner-blocks stk-dfe9b01-inner-blocks\">\n<div class=\"wp-block-stackable-columns alignfull stk-block-columns stk-block stk-3bf239f\" data-block-id=\"3bf239f\"><style>@media screen and (max-width: 1023px){.stk-3bf239f {padding-left:0px !important;}}<\/style><div class=\"stk-row stk-inner-blocks stk-block-content stk-content-align stk-3bf239f-column alignfull\">\n<div class=\"wp-block-stackable-column stk-block-column stk-column stk-block stk-f66584c\" data-v=\"4\" data-block-id=\"f66584c\"><div class=\"stk-column-wrapper stk-block-column__content stk-container stk-f66584c-container stk--no-background stk--no-padding\"><div class=\"stk-block-content stk-inner-blocks stk-f66584c-inner-blocks\">\n<div class=\"wp-block-stackable-heading stk-block-heading stk-block-heading--v2 stk-block stk-1bb54e9\" id=\"delegado-de-proteccion-de-datos\" data-block-id=\"1bb54e9\"><style>.stk-1bb54e9 {padding-top:110px !important;padding-right:25px !important;padding-bottom:75px !important;padding-left:440px !important;}.stk-1bb54e9 .stk-block-heading__text{font-size:35px !important;color:#ffffff !important;font-weight:400 !important;}@media screen and (max-width: 1023px){.stk-1bb54e9 {padding-left:55px !important;}.stk-1bb54e9 .stk-block-heading__text{font-size:35px !important;}}@media screen and (max-width: 767px){.stk-1bb54e9 {padding-top:110px !important;padding-right:75px !important;padding-left:25px !important;}.stk-1bb54e9 .stk-block-heading__text{font-size:33px !important;}}<\/style><h2 class=\"stk-block-heading__text has-text-color has-text-align-left has-text-align-left-tablet has-text-align-left-mobile\">Delegado de Protecci\u00f3n de Datos<\/h2><\/div>\n<\/div><\/div><\/div>\n<\/div><\/div>\n<\/div><\/div><\/div>\n<\/div><\/div>\n\n\n\n<div class=\"wp-block-stackable-columns alignfull stk-block-columns stk-block stk-4262b06\" data-block-id=\"4262b06\"><style>.stk-4262b06-column{max-width:1140px !important;min-width:auto !important;margin-right:auto !important;margin-left:auto !important;}@media screen and (max-width: 1023px){.stk-4262b06-column{max-width:725px !important;min-width:auto !important;margin-right:auto !important;margin-left:auto !important;}}@media screen and (max-width: 767px){.stk-4262b06-column{max-width:375px !important;min-width:auto !important;margin-right:auto !important;margin-left:auto !important;}}<\/style><div class=\"stk-row stk-inner-blocks stk-block-content stk-content-align stk-4262b06-column alignfull\">\n<div class=\"wp-block-stackable-column stk-block-column stk-column stk-block stk-f78ab69\" data-v=\"4\" data-block-id=\"f78ab69\"><div class=\"stk-column-wrapper stk-block-column__content stk-container stk-f78ab69-container stk--no-background stk--no-padding\"><div class=\"stk-block-content stk-inner-blocks stk-f78ab69-inner-blocks\">\n<div class=\"wp-block-stackable-columns stk-block-columns stk-block stk-0f7b284\" data-block-id=\"0f7b284\"><style>.stk-0f7b284-column{--stk-column-gap:25px !important;}<\/style><div class=\"stk-row stk-inner-blocks stk-block-content stk-content-align stk-0f7b284-column\">\n<div class=\"wp-block-stackable-column stk-block-column stk-column stk-block stk-3738c56\" data-v=\"4\" data-block-id=\"3738c56\"><style>@media screen and (min-width: 768px){.stk-3738c56 {flex:var(--stk-flex-grow, 1) 1 calc(70% - var(--stk-column-gap, 0px) * 1 \/ 2 ) !important;}}<\/style><div class=\"stk-column-wrapper stk-block-column__content stk-container stk-3738c56-container stk--no-background stk--no-padding\"><div class=\"stk-block-content stk-inner-blocks stk-3738c56-inner-blocks\">\n<div class=\"shortcode-descripcion\">\n    <p>El Delegado de Protecci\u00f3n de Datos vela porque en el \u00e1mbito de la ULL se protejan los datos personales como uno de los derechos y libertades fundamentales de las personas f\u00edsicas. Es una figura creada por el Reglamento General de Protecci\u00f3n de Datos, exigible en todas las Administraciones P\u00fablicas y ciertas empresas desde el 25 de mayo de 2018. Oficialmente conocido como Reglamento (UE) 2016\/679 del Parlamento Europeo y del Consejo, de 27 de abril de 2016, relativo a la protecci\u00f3n de las personas f\u00edsicas en lo que respecta al tratamiento de datos personales y a la libre circulaci\u00f3n de estos datos y por el que se deroga la Directiva 95\/46\/CE.<\/p><\/div>\n\n\n\n\n\n<style>\n    .shortcode-equipo {\n        margin-top: 40px;\n    }\n    .shortcode-equipo h2 {\n        margin-bottom: 10px !important;\n    }\n<\/style>\n\n<div class=\"shortcode-equipo\">\n    <h2>Responsable del servicio<\/h2><dl><dt><strong>Delegado de Protecci\u00f3n de Datos<\/strong><\/dt><dd><a href='https:\/\/www.ull.es\/directorio\/search\/?busqueda=Juan Antonio Garc\u00eda Garc\u00eda' target='_blank'>Juan Antonio Garc\u00eda Garc\u00eda<\/a><\/dd><\/dl><\/div>\n\n\n\n\n    <style>\n        .shortcode-servicios {\n            margin-top: 40px;\n        }\n\n        .shortcode-servicios h2 {\n            margin-bottom: 10px !important;\n        }\n    <\/style>\n\n    <div class=\"shortcode-servicios\">\n        <h2>Servicios que ofrece al usuario<\/h2>        <ul>\n            <li>Modos de solicitarlo: Mediante el env\u00edo de un correo electr\u00f3nico dirigido a dpd@ull.es. En caso de tratarse de una cuesti\u00f3n relacionada con una unidad de gesti\u00f3n se recomienda que el mensaje lo dirija el responsable del mismo o, si fuera necesario la persona que desempe\u00f1e las correspondientes funciones t\u00e9cnicas previo conocimiento del responsable org\u00e1nico o funcional. En caso de tratarse de un grupo o proyecto de investigaci\u00f3n se recomienda que la interlocuci\u00f3n se articule con el investigador o la investigadora principal o persona designada al efecto<\/li><li>De soporte al cumplimiento normativo: El delegado de protecci\u00f3n de datos presta su soporte a la garant\u00eda del derecho fundamental a la protecci\u00f3n de datos y el cumplimiento de la normativa en la Universidad de la Laguna. Para ello, y de acuerdo con los procedimientos de la Universidad sirve a los miembros de la comunidad universitaria a desempe\u00f1an sus funciones en la Universidad de la Laguna en el \u00e1mbito administrativo, la docencia o la investigaci\u00f3n, y en particular los responsables de facultades, escuelas, departamentos, institutos de investigaci\u00f3n, \u00f3rganos de gobierno de la instituci\u00f3n<\/li><li>De atenci\u00f3n a las personas interesadas: De acuerdo con el Reglamento General de Protecci\u00f3n de Datos las personas interesadas podr\u00e1n ponerse en contacto con el delegado de protecci\u00f3n de datos por lo que respecta a todas las cuestiones relativas al tratamiento de sus datos personales y al ejercicio de sus derechos.<\/li>        <\/ul>\n    <\/div>\n\n\n\n\n\n<\/div><\/div><\/div>\n\n\n\n<div class=\"wp-block-stackable-column stk-block-column stk-column stk-block stk-4ee8935\" data-v=\"4\" data-block-id=\"4ee8935\"><style>@media screen and (min-width: 768px){.stk-4ee8935 {flex:var(--stk-flex-grow, 1) 1 calc(30% - var(--stk-column-gap, 0px) * 1 \/ 2 ) !important;}}<\/style><div class=\"stk-column-wrapper stk-block-column__content stk-container stk-4ee8935-container stk--no-background stk--no-padding\"><div class=\"stk-block-content stk-inner-blocks stk-4ee8935-inner-blocks\">\n<div class=\"wp-block-stackable-columns stk-block-columns stk-block stk-08fb120\" data-block-id=\"08fb120\"><style>.stk-08fb120 {border-style:solid !important;border-color:#5c068c !important;border-top-width:2px !important;border-right-width:2px !important;border-bottom-width:2px !important;border-left-width:2px !important;padding-top:25px !important;padding-right:25px !important;padding-bottom:25px !important;padding-left:25px !important;}<\/style><div class=\"stk-row stk-inner-blocks stk-block-content stk-content-align stk-08fb120-column\">\n<div class=\"wp-block-stackable-column stk-block-column stk-column stk-block stk-4d938d3\" data-v=\"4\" data-block-id=\"4d938d3\"><div class=\"stk-column-wrapper stk-block-column__content stk-container stk-4d938d3-container stk--no-background stk--no-padding\"><div class=\"stk-block-content stk-inner-blocks stk-4d938d3-inner-blocks\">\n<div class=\"wp-block-stackable-heading stk-block-heading stk-block-heading--v2 stk-block stk-5b60642\" id=\"informacion-de-contacto\" data-block-id=\"5b60642\"><style>.stk-5b60642 {margin-bottom:10px !important;}.stk-5b60642 .stk-block-heading__text{font-size:15px !important;color:#5c068c !important;}@media screen and (max-width: 1023px){.stk-5b60642 .stk-block-heading__text{font-size:15px !important;}}<\/style><h5 class=\"stk-block-heading__text has-text-color has-text-align-center\">INFORMACI\u00d3N DE CONTACTO<\/h5><\/div>\n\n\n\n<ul class=\"widget-contacto\">\n    <li><i class=\"fa fa-map-marker\"><\/i> Pabell\u00f3n de Gobierno, C\/ Padre Herrera s\/n. Apartado Postal 456, 38200. San Crist\u00f3bal de La Laguna. S\/C de Tenerife.<\/li><li><i class=\"fa fa-address-book-o\"><\/i> <a target=\"_blank\" href=\"https:\/\/www.ull.es\/directorio\/search\/?busqueda=delegado-proteccion-de-datos\">Directorio<\/a><\/li><li><i class=\"fa fa-envelope\"><\/i>  <a href=mailto:dpd@ull.es>dpd@ull.es<\/a><\/li><li><i class=\"fa fa-globe\"><\/i><a href=\"https:\/\/www.ull.es\/servicios\/dpd\/\"> P\u00e1gina web<\/a><\/li>\n<\/ul>\n\n<\/div><\/div><\/div>\n<\/div><\/div>\n\n\n\n    \n<style>\n    .google-maps {\n        position: relative;\n        padding-bottom: 75%;\n        height: 0;\n        overflow: hidden;\n    }\n    .google-maps iframe {\n        position: absolute;\n        top: 0;\n        left: 0;\n        width: 100% !important;\n        height: 100% !important;\n    }\n<\/style>\n\n\n<div class=\"google-maps\">\n    <iframe src=\"https:\/\/www.openstreetmap.org\/export\/embed.html?bbox=-16.315806825965%2C28.480752346613%2C-16.309663016375%2C28.486564568893&amp;layer=mapnik&amp;marker=28.484935302353300%2C-16.31298065185540\" style=\"border: 1px solid black\"><\/iframe>\n<\/div>\n\n<div class=\"btn-widget\">\n    <a href=\"https:\/\/www.openstreetmap.org\/directions?engine=graphhopper_car&from=&to=28.484935302353300%2C-16.31298065185540#map=17\/28.484935302353300\/-16.31298065185540\">C\u00f3mo llegar<\/a>  \n<\/div>\n\n  <\/body>\n<\/html>\n\n\n<\/div><\/div><\/div>\n<\/div><\/div>\n<\/div><\/div><\/div>\n<\/div><\/div>\n","protected":false},"excerpt":{"rendered":"<p>Delegado de Protecci\u00f3n de Datos INFORMACI\u00d3N DE CONTACTO<\/p>\n","protected":false},"author":1,"featured_media":0,"parent":0,"menu_order":0,"comment_status":"closed","ping_status":"closed","template":"templates\/template-frontpage.php","meta":{"_acf_changed":false,"footnotes":""},"class_list":["post-29","page","type-page","status-publish","hentry"],"acf":[],"_links":{"self":[{"href":"https:\/\/www.ull.es\/servicios\/dpd\/wp-json\/wp\/v2\/pages\/29","targetHints":{"allow":["GET"]}}],"collection":[{"href":"https:\/\/www.ull.es\/servicios\/dpd\/wp-json\/wp\/v2\/pages"}],"about":[{"href":"https:\/\/www.ull.es\/servicios\/dpd\/wp-json\/wp\/v2\/types\/page"}],"author":[{"embeddable":true,"href":"https:\/\/www.ull.es\/servicios\/dpd\/wp-json\/wp\/v2\/users\/1"}],"replies":[{"embeddable":true,"href":"https:\/\/www.ull.es\/servicios\/dpd\/wp-json\/wp\/v2\/comments?post=29"}],"version-history":[{"count":43,"href":"https:\/\/www.ull.es\/servicios\/dpd\/wp-json\/wp\/v2\/pages\/29\/revisions"}],"predecessor-version":[{"id":579,"href":"https:\/\/www.ull.es\/servicios\/dpd\/wp-json\/wp\/v2\/pages\/29\/revisions\/579"}],"wp:attachment":[{"href":"https:\/\/www.ull.es\/servicios\/dpd\/wp-json\/wp\/v2\/media?parent=29"}],"curies":[{"name":"wp","href":"https:\/\/api.w.org\/{rel}","templated":true}]}}