{"id":379,"date":"2019-05-16T08:28:56","date_gmt":"2019-05-16T08:28:56","guid":{"rendered":"https:\/\/www.ull.es\/servicios\/dpd\/?page_id=379"},"modified":"2026-03-11T15:29:58","modified_gmt":"2026-03-11T15:29:58","slug":"cursos","status":"publish","type":"page","link":"https:\/\/www.ull.es\/servicios\/dpd\/cursos\/","title":{"rendered":"Cursos"},"content":{"rendered":"\n<div class=\"wp-block-stackable-columns alignfull stk-block-columns stk-block stk-16a94b8\" data-block-id=\"16a94b8\"><style>.stk-16a94b8 {margin-bottom:40px !important;}@media screen and (max-width: 767px){.stk-16a94b8 {padding-top:0px !important;padding-right:0px !important;padding-bottom:0px !important;padding-left:0px !important;}}<\/style><div class=\"stk-row stk-inner-blocks stk-block-content stk-content-align stk-16a94b8-column alignfull\">\n<div class=\"wp-block-stackable-column stk-block-column stk-column stk-block stk-dfe9b01 stk-block-background stk--has-background-overlay\" data-v=\"4\" data-block-id=\"dfe9b01\"><style>.stk-dfe9b01 {background-image:url(https:\/\/www.ull.es\/servicios\/dpd\/wp-content\/uploads\/sites\/14\/2026\/03\/suzzallo.jpg) !important;}.stk-dfe9b01:before{background-color:#000000 !important;opacity:0.3 !important;}@media screen and (max-width: 767px){.stk-dfe9b01 {padding-top:0px !important;padding-right:0px !important;padding-bottom:0px !important;padding-left:0px !important;}.stk-dfe9b01-container{min-height:320px !important;}}<\/style><div class=\"stk-column-wrapper stk-block-column__content stk-container stk-dfe9b01-container stk--no-background stk--no-padding\"><div class=\"stk-block-content stk-inner-blocks stk-dfe9b01-inner-blocks\">\n<div class=\"wp-block-stackable-columns alignfull stk-block-columns stk-block stk-3bf239f\" data-block-id=\"3bf239f\"><style>@media screen and (max-width: 1023px){.stk-3bf239f {padding-left:0px !important;}}<\/style><div class=\"stk-row stk-inner-blocks stk-block-content stk-content-align stk-3bf239f-column alignfull\">\n<div class=\"wp-block-stackable-column stk-block-column stk-column stk-block stk-f66584c\" data-v=\"4\" data-block-id=\"f66584c\"><div class=\"stk-column-wrapper stk-block-column__content stk-container stk-f66584c-container stk--no-background stk--no-padding\"><div class=\"stk-block-content stk-inner-blocks stk-f66584c-inner-blocks\">\n<div class=\"wp-block-stackable-heading stk-block-heading stk-block-heading--v2 stk-block stk-1bb54e9\" id=\"delegado-de-proteccion-de-datos\" data-block-id=\"1bb54e9\"><style>.stk-1bb54e9 {padding-top:25px !important;padding-right:25px !important;padding-bottom:25px !important;padding-left:355px !important;}.stk-1bb54e9 .stk-block-heading__text{font-size:35px !important;color:#ffffff !important;font-weight:700 !important;}@media screen and (max-width: 1023px){.stk-1bb54e9 {padding-left:55px !important;}.stk-1bb54e9 .stk-block-heading__text{font-size:35px !important;}}@media screen and (max-width: 767px){.stk-1bb54e9 {padding-top:110px !important;padding-right:75px !important;padding-left:25px !important;}.stk-1bb54e9 .stk-block-heading__text{font-size:33px !important;}}<\/style><h2 class=\"stk-block-heading__text has-text-color has-text-align-left has-text-align-left-tablet has-text-align-left-mobile\">Delegado de Protecci\u00f3n de datos<\/h2><\/div>\n<\/div><\/div><\/div>\n<\/div><\/div>\n<\/div><\/div><\/div>\n<\/div><\/div>\n\n\n<h1>Cursos<\/h1>\n<h2 class=\"western\">Solicitud de sesi\u00f3n formativa<\/h2>\n<p align=\"justify\">Aunque estas p\u00e1ginas pretenden servir de gu\u00eda en protecci\u00f3n de datos, la posibilidad de enfocar cualquier problema presencialmente se ha demostrado de mucha utilidad. Por ello invito a todos los interesados a solicitar la presencia del DPD para resolver dudas. Habitualmente existen dudas sobre una materia concreta y la presencia lo explica mejor que un informe escrito (que realizo despu\u00e9s cuando es necesario).<\/p>\n<h3 class=\"western\">1. Indique la modalidad:<\/h3>\n<p align=\"justify\">Las modalidades pueden ser:<\/p>\n<ul>\n<li>\n<p align=\"justify\"><b>Charla:<\/b>\u00a0introductoria sobre los principios b\u00e1sicos de la protecci\u00f3n de datos, c\u00f3mo se implementa en la ULL, y preguntas; o,<\/p>\n<\/li>\n<li>\n<p align=\"justify\"><b>Taller<\/b>: trabajamos el uso correcto de una o varias aplicaciones o recursos ULL, como el correo-e, redes sociales, campus virtual, portal.ull.es,\u2026 o gesti\u00f3n de privacidad,c\u00f3mo preparar una encuesta de investigaci\u00f3n, publicaci\u00f3n de notas, etc\u2026<\/p>\n<\/li>\n<\/ul>\n<p align=\"justify\">La duraci\u00f3n de uno u otro m\u00f3dulo es por lo general de entre 60 y 90 minutos.<\/p>\n<h3 class=\"western\">2. Determine el p\u00fablico que la va a recibir:<\/h3>\n<p align=\"justify\">Aunque los principios son los mismos, los ejemplos y supuestos sobre los que se proyectan son muy distintos, por lo que debe concretarse el p\u00fablico para el que se solicita:<\/p>\n<ul>\n<li>\n<p align=\"justify\">Alumnado<\/p>\n<\/li>\n<li>\n<p align=\"justify\">PDI<\/p>\n<\/li>\n<li>\n<p align=\"justify\">PAS<\/p>\n<\/li>\n<\/ul>\n<p align=\"justify\">Se puede adaptar duraci\u00f3n y contenido en funci\u00f3n del p\u00fablico.<\/p>\n<h3 class=\"western\">3. Elija fecha aproximada y contacte con el DPD<\/h3>\n<p align=\"justify\">Solicite su curso\u00a0contactando con el DPD.<\/p>","protected":false},"excerpt":{"rendered":"<p>Delegado de Protecci\u00f3n de datos Cursos Solicitud de sesi\u00f3n formativa Aunque estas p\u00e1ginas pretenden servir de gu\u00eda en protecci\u00f3n de datos, la posibilidad de enfocar cualquier problema presencialmente se ha demostrado de mucha utilidad. Por ello invito a todos los interesados a solicitar la presencia del DPD para resolver dudas. Habitualmente existen dudas sobre una&#8230;<\/p>\n","protected":false},"author":46,"featured_media":0,"parent":0,"menu_order":0,"comment_status":"closed","ping_status":"closed","template":"templates\/template-frontpage.php","meta":{"_acf_changed":false,"footnotes":""},"class_list":["post-379","page","type-page","status-publish","hentry"],"acf":[],"_links":{"self":[{"href":"https:\/\/www.ull.es\/servicios\/dpd\/wp-json\/wp\/v2\/pages\/379","targetHints":{"allow":["GET"]}}],"collection":[{"href":"https:\/\/www.ull.es\/servicios\/dpd\/wp-json\/wp\/v2\/pages"}],"about":[{"href":"https:\/\/www.ull.es\/servicios\/dpd\/wp-json\/wp\/v2\/types\/page"}],"author":[{"embeddable":true,"href":"https:\/\/www.ull.es\/servicios\/dpd\/wp-json\/wp\/v2\/users\/46"}],"replies":[{"embeddable":true,"href":"https:\/\/www.ull.es\/servicios\/dpd\/wp-json\/wp\/v2\/comments?post=379"}],"version-history":[{"count":2,"href":"https:\/\/www.ull.es\/servicios\/dpd\/wp-json\/wp\/v2\/pages\/379\/revisions"}],"predecessor-version":[{"id":548,"href":"https:\/\/www.ull.es\/servicios\/dpd\/wp-json\/wp\/v2\/pages\/379\/revisions\/548"}],"wp:attachment":[{"href":"https:\/\/www.ull.es\/servicios\/dpd\/wp-json\/wp\/v2\/media?parent=379"}],"curies":[{"name":"wp","href":"https:\/\/api.w.org\/{rel}","templated":true}]}}