{"id":15,"date":"2019-06-20T13:15:25","date_gmt":"2019-06-20T11:15:25","guid":{"rendered":"https:\/\/www.ull.es\/servicios\/negociado-pruebas-acceso\/?page_id=2"},"modified":"2026-03-03T10:51:38","modified_gmt":"2026-03-03T09:51:38","slug":"servicios","status":"publish","type":"page","link":"https:\/\/www.ull.es\/servicios\/extension-universitaria\/fr\/servicios\/","title":{"rendered":"Services"},"content":{"rendered":"<div class=\"wp-block-stackable-columns alignfull stk-block-columns stk-block stk-16a94b8\" data-block-id=\"16a94b8\"><style>.stk-16a94b8 {margin-bottom:56px !important;}@media screen and (max-width: 767px){.stk-16a94b8 {padding-top:0px !important;padding-right:0px !important;padding-bottom:0px !important;padding-left:0px !important;}}<\/style><div class=\"stk-row stk-inner-blocks stk-block-content stk-content-align stk-16a94b8-column alignfull\">\n<div class=\"wp-block-stackable-column stk-block-column stk-column stk-block stk-dfe9b01 stk-block-background stk--has-background-overlay\" data-v=\"4\" data-block-id=\"dfe9b01\"><style>.stk-dfe9b01 {background-image:url(https:\/\/www.ull.es\/servicios\/extension-universitaria\/wp-content\/uploads\/sites\/42\/2019\/10\/IMG_2731.jpg) !important;}.stk-dfe9b01:before{background-color:#000000 !important;opacity:0.3 !important;}@media screen and (max-width: 767px){.stk-dfe9b01 {padding-top:0px !important;padding-right:0px !important;padding-bottom:0px !important;padding-left:0px !important;}.stk-dfe9b01-container{min-height:320px !important;}}<\/style><div class=\"stk-column-wrapper stk-block-column__content stk-container stk-dfe9b01-container stk--no-background stk--no-padding\"><div class=\"stk-block-content stk-inner-blocks stk-dfe9b01-inner-blocks\">\n<div class=\"wp-block-stackable-columns alignfull stk-block-columns stk-block stk-3bf239f\" data-block-id=\"3bf239f\"><style>@media screen and (max-width: 1023px){.stk-3bf239f {padding-left:0px !important;}}<\/style><div class=\"stk-row stk-inner-blocks stk-block-content stk-content-align stk-3bf239f-column alignfull\">\n<div class=\"wp-block-stackable-column stk-block-column stk-column stk-block stk-f66584c\" data-v=\"4\" data-block-id=\"f66584c\"><div class=\"stk-column-wrapper stk-block-column__content stk-container stk-f66584c-container stk--no-background stk--no-padding\"><div class=\"stk-block-content stk-inner-blocks stk-f66584c-inner-blocks\">\n<div class=\"wp-block-stackable-heading stk-block-heading stk-block-heading--v2 stk-block stk-1bb54e9\" id=\"extension-universitaria\" data-block-id=\"1bb54e9\"><style>.stk-1bb54e9 {padding-top:110px !important;padding-right:25px !important;padding-bottom:75px !important;padding-left:420px !important;}.stk-1bb54e9 .stk-block-heading__text{font-size:35px !important;color:#ffffff !important;font-weight:400 !important;}@media screen and (max-width: 1023px){.stk-1bb54e9 {padding-left:55px !important;}.stk-1bb54e9 .stk-block-heading__text{font-size:35px !important;}}@media screen and (max-width: 767px){.stk-1bb54e9 {padding-right:75px !important;padding-left:25px !important;}.stk-1bb54e9 .stk-block-heading__text{font-size:33px !important;}}<\/style><h2 class=\"stk-block-heading__text has-text-color has-text-align-left has-text-align-left-tablet has-text-align-left-mobile\">Extension universitaire<\/h2><\/div>\n<\/div><\/div><\/div>\n<\/div><\/div>\n<\/div><\/div><\/div>\n<\/div><\/div>\n\n\n\n<div class=\"wp-block-stackable-columns alignfull stk-block-columns stk-block stk-019f113\" data-block-id=\"019f113\"><style>.stk-019f113 .stk--block-align-019f113{align-items:stretch !important;}.stk-019f113-column{--stk-column-gap:95px !important;}<\/style><div class=\"stk-row stk-inner-blocks stk--block-align-019f113 stk-block-content stk-content-align stk-019f113-column alignfull\">\n<div class=\"wp-block-stackable-column stk-block-column stk-column stk-block stk-f687265\" data-v=\"4\" data-block-id=\"f687265\"><style>.stk-f687265 {padding-right:400px !important;padding-left:400px !important;margin-bottom:var(--stk--preset--spacing--none, 0px) !important;}@media screen and (max-width: 1023px){.stk-f687265 {padding-right:50px !important;padding-left:50px !important;}}@media screen and (max-width: 767px){.stk-f687265-inner-blocks{align-items:center !important;}.stk-f687265 {padding-right:20px !important;padding-left:20px !important;}}<\/style><div class=\"stk-column-wrapper stk-block-column__content stk-container stk-f687265-container stk--no-background stk--no-padding\"><div class=\"stk-block-content stk-inner-blocks stk-f687265-inner-blocks\">\n<div class=\"wp-block-stackable-heading stk-block-heading stk-block-heading--v2 stk-block stk-2a764d9\" id=\"servicios-que-ofrece-al-usuario\" data-block-id=\"2a764d9\"><style>.stk-2a764d9 {margin-bottom:12px !important;}.stk-2a764d9 .stk-block-heading__text{font-size:26px !important;color:#5c068c !important;font-weight:700 !important;}@media screen and (max-width: 1023px){.stk-2a764d9 .stk-block-heading__text{font-size:26px !important;}}<\/style><h2 class=\"stk-block-heading__text has-text-color\">Services offerts \u00e0 l&#039;utilisateur<\/h2><\/div>\n\n\n\n<ul class=\"wp-block-list\">\n<li>Relations institutionnelles : ensemble d&#039;actions visant \u00e0 d\u00e9velopper des accords et des conventions de collaboration avec d&#039;autres entit\u00e9s publiques et\/ou priv\u00e9es dans le milieu social et culturel.<\/li>\n\n\n\n<li>Gestion du patrimoine culturel de l&#039;ULL avec des actions visant \u00e0 inventorier, organiser et diffuser le patrimoine artistique de l&#039;ULL.<\/li>\n\n\n\n<li>Gestion des espaces culturels\u00a0: coordination du calendrier des activit\u00e9s se d\u00e9roulant \u00e0 l\u2019amphith\u00e9\u00e2tre universitaire, \u00e0 la galerie d\u2019art de l\u2019amphith\u00e9\u00e2tre Pablo Gonz\u00e1lez Vera, \u00e0 la salle polyvalente Viana 50 et au mus\u00e9e de l\u2019\u00c9ducation. Coordination \u00e9galement de leur entretien et de leur \u00e9quipement.<\/li>\n\n\n\n<li>Organisation d&#039;expositions : promouvoir les arts visuels au sein de la communaut\u00e9 universitaire en facilitant l&#039;organisation d&#039;\u00e9v\u00e9nements d&#039;exposition.<\/li>\n\n\n\n<li>Coordination des activit\u00e9s des groupes culturels de l&#039;ULL : activit\u00e9s du Ch\u0153ur polyphonique de l&#039;ULL, de la Camerata Lacunensis, de l&#039;Orchestre symphonique, des Tunas, des groupes folkloriques, des salles de classe et des chaires culturelles, etc.<\/li>\n\n\n\n<li>L&#039;organisation des prix culturels et artistiques de l&#039;ULL : concours et comp\u00e9titions visant \u00e0 promouvoir la cr\u00e9ation artistique.<\/li>\n\n\n\n<li>Le programme universitaire pour les a\u00een\u00e9s (destin\u00e9 aux personnes de plus de 50 ans sans n\u00e9cessiter de qualifications pr\u00e9alables).<\/li>\n\n\n\n<li>Forums Universit\u00e9-Soci\u00e9t\u00e9 (espaces de r\u00e9flexion).<\/li>\n\n\n\n<li>Universit\u00e9s d&#039;\u00e9t\u00e9 (sur toutes les \u00eeles).<\/li>\n<\/ul>\n<\/div><\/div><\/div>\n<\/div><\/div>","protected":false},"excerpt":{"rendered":"<p>Extensi\u00f3n universitaria Servicios que ofrece al usuario<\/p>","protected":false},"author":49,"featured_media":0,"parent":0,"menu_order":0,"comment_status":"closed","ping_status":"open","template":"templates\/template-frontpage.php","meta":{"_acf_changed":false,"footnotes":""},"class_list":["post-15","page","type-page","status-publish","hentry"],"acf":[],"_links":{"self":[{"href":"https:\/\/www.ull.es\/servicios\/extension-universitaria\/fr\/wp-json\/wp\/v2\/pages\/15","targetHints":{"allow":["GET"]}}],"collection":[{"href":"https:\/\/www.ull.es\/servicios\/extension-universitaria\/fr\/wp-json\/wp\/v2\/pages"}],"about":[{"href":"https:\/\/www.ull.es\/servicios\/extension-universitaria\/fr\/wp-json\/wp\/v2\/types\/page"}],"author":[{"embeddable":true,"href":"https:\/\/www.ull.es\/servicios\/extension-universitaria\/fr\/wp-json\/wp\/v2\/users\/49"}],"replies":[{"embeddable":true,"href":"https:\/\/www.ull.es\/servicios\/extension-universitaria\/fr\/wp-json\/wp\/v2\/comments?post=15"}],"version-history":[{"count":10,"href":"https:\/\/www.ull.es\/servicios\/extension-universitaria\/fr\/wp-json\/wp\/v2\/pages\/15\/revisions"}],"predecessor-version":[{"id":90,"href":"https:\/\/www.ull.es\/servicios\/extension-universitaria\/fr\/wp-json\/wp\/v2\/pages\/15\/revisions\/90"}],"wp:attachment":[{"href":"https:\/\/www.ull.es\/servicios\/extension-universitaria\/fr\/wp-json\/wp\/v2\/media?parent=15"}],"curies":[{"name":"wp","href":"https:\/\/api.w.org\/{rel}","templated":true}]}}