{"id":16,"date":"2019-06-20T13:17:21","date_gmt":"2019-06-20T11:17:21","guid":{"rendered":"https:\/\/www.ull.es\/servicios\/negociado-pruebas-acceso\/?page_id=13"},"modified":"2026-03-04T10:22:46","modified_gmt":"2026-03-04T09:22:46","slug":"inicio","status":"publish","type":"page","link":"https:\/\/www.ull.es\/servicios\/gabinete-de-analisis-y-planificacion\/fr\/","title":{"rendered":"Commencer"},"content":{"rendered":"<div class=\"wp-block-stackable-columns alignfull stk-block-columns stk-block stk-16a94b8\" data-block-id=\"16a94b8\"><style>.stk-16a94b8 {margin-bottom:76px !important;}@media screen and (max-width: 767px){.stk-16a94b8 {padding-top:0px !important;padding-right:0px !important;padding-bottom:0px !important;padding-left:0px !important;}}<\/style><div class=\"stk-row stk-inner-blocks stk-block-content stk-content-align stk-16a94b8-column alignfull\">\n<div class=\"wp-block-stackable-column stk-block-column stk-column stk-block stk-dfe9b01 stk-block-background stk--has-background-overlay\" data-v=\"4\" data-block-id=\"dfe9b01\"><style>.stk-dfe9b01 {background-image:url(https:\/\/www.ull.es\/servicios\/gabinete-de-analisis-y-planificacion\/wp-content\/uploads\/sites\/30\/2019\/07\/11-GAP-3.jpg) !important;}.stk-dfe9b01:before{background-color:#000000 !important;opacity:0.3 !important;}@media screen and (max-width: 767px){.stk-dfe9b01 {padding-top:0px !important;padding-right:0px !important;padding-bottom:0px !important;padding-left:0px !important;}.stk-dfe9b01-container{min-height:320px !important;}}<\/style><div class=\"stk-column-wrapper stk-block-column__content stk-container stk-dfe9b01-container stk--no-background stk--no-padding\"><div class=\"stk-block-content stk-inner-blocks stk-dfe9b01-inner-blocks\">\n<div class=\"wp-block-stackable-columns alignfull stk-block-columns stk-block stk-3bf239f\" data-block-id=\"3bf239f\"><style>@media screen and (max-width: 1023px){.stk-3bf239f {padding-left:0px !important;}}<\/style><div class=\"stk-row stk-inner-blocks stk-block-content stk-content-align stk-3bf239f-column alignfull\">\n<div class=\"wp-block-stackable-column stk-block-column stk-column stk-block stk-f66584c\" data-v=\"4\" data-block-id=\"f66584c\"><div class=\"stk-column-wrapper stk-block-column__content stk-container stk-f66584c-container stk--no-background stk--no-padding\"><div class=\"stk-block-content stk-inner-blocks stk-f66584c-inner-blocks\">\n<div class=\"wp-block-stackable-heading stk-block-heading stk-block-heading--v2 stk-block stk-1bb54e9\" id=\"gabinete-de-analisis-y-planificacion-gap\" data-block-id=\"1bb54e9\"><style>.stk-1bb54e9 {padding-top:110px !important;padding-right:25px !important;padding-bottom:75px !important;padding-left:420px !important;}.stk-1bb54e9 .stk-block-heading__text{font-size:35px !important;color:#ffffff !important;font-weight:400 !important;}@media screen and (max-width: 1023px){.stk-1bb54e9 {padding-left:55px !important;}.stk-1bb54e9 .stk-block-heading__text{font-size:35px !important;}}@media screen and (max-width: 767px){.stk-1bb54e9 {padding-top:110px !important;padding-right:75px !important;padding-left:25px !important;}.stk-1bb54e9 .stk-block-heading__text{font-size:33px !important;}}<\/style><h2 class=\"stk-block-heading__text has-text-color has-text-align-left has-text-align-left-tablet has-text-align-left-mobile\">Bureau d&#039;analyse et de planification (GAP)<\/h2><\/div>\n<\/div><\/div><\/div>\n<\/div><\/div>\n<\/div><\/div><\/div>\n<\/div><\/div>\n\n\n\n<div class=\"wp-block-stackable-columns alignfull stk-block-columns stk-block stk-a768426\" data-block-id=\"a768426\"><style>.stk-a768426 {margin-bottom:56px !important;}<\/style><div class=\"stk-row stk-inner-blocks stk-block-content stk-content-align stk-a768426-column alignfull\">\n<div class=\"wp-block-stackable-column stk-block-column stk-column stk-block stk-7a93856\" data-v=\"4\" data-block-id=\"7a93856\"><style>.stk-7a93856 {padding-right:405px !important;padding-left:405px !important;}@media screen and (max-width: 1023px){.stk-7a93856 {padding-right:50px !important;padding-left:50px !important;}}@media screen and (max-width: 767px){.stk-7a93856 {padding-right:20px !important;padding-left:20px !important;}}<\/style><div class=\"stk-column-wrapper stk-block-column__content stk-container stk-7a93856-container stk--no-background stk--no-padding\"><div class=\"stk-block-content stk-inner-blocks stk-7a93856-inner-blocks\">\n<div class=\"wp-block-stackable-text stk-block-text stk-block stk-42f4015\" data-block-id=\"42f4015\"><style>.stk-42f4015 .stk-block-text__text{font-size:16px !important;}@media screen and (max-width: 1023px){.stk-42f4015 .stk-block-text__text{font-size:16px !important;}}<\/style><p class=\"stk-block-text__text has-text-align-left\">Le Bureau d&#039;Analyse et de Planification accompagne et conseille les instances dirigeantes et les diff\u00e9rentes unit\u00e9s de gestion de l&#039;Universit\u00e9 de La Laguna dans deux domaines cl\u00e9s\u00a0: le traitement des donn\u00e9es pour les transformer en connaissances exploitables dans le cadre de la prise de d\u00e9cision, et l&#039;\u00e9tude et la simplification des processus universitaires afin d&#039;optimiser les m\u00e9thodes de travail des diff\u00e9rentes unit\u00e9s et de faciliter l&#039;acc\u00e8s \u00e9lectronique aux utilisateurs. Le Bureau d&#039;Analyse et de Planification a pour ambition d&#039;\u00eatre un service d&#039;une fiabilit\u00e9 absolue, reconnu par la communaut\u00e9 universitaire comme la r\u00e9f\u00e9rence en mati\u00e8re d&#039;analyse des donn\u00e9es et des processus. Il centralise et consolide l&#039;ensemble des informations statistiques et modernise les proc\u00e9dures de l&#039;Universit\u00e9 de La Laguna afin de promouvoir, par cette double approche, une planification \u00e9clair\u00e9e, une gestion efficace et une am\u00e9lioration continue. Principes et valeurs\u00a0: Le Bureau d&#039;Analyse et de Planification exerce ses activit\u00e9s selon les principes et valeurs suivants, conform\u00e9ment \u00e0 son code de d\u00e9ontologie\u00a0: engagement, responsabilit\u00e9 professionnelle et sociale, confidentialit\u00e9, rigueur, objectivit\u00e9, efficacit\u00e9, transparence, cr\u00e9ativit\u00e9 et innovation, transfert de connaissances, partenariats cr\u00e9ateurs de valeur ajout\u00e9e, respect des personnes et volont\u00e9 de formation et de perfectionnement de ses membres.<\/p><\/div>\n<\/div><\/div><\/div>\n<\/div><\/div>","protected":false},"excerpt":{"rendered":"<p>Gabinete de An\u00e1lisis y Planificaci\u00f3n (GAP) El Gabinete de An\u00e1lisis y Planificaci\u00f3n apoya y asesora a los a los \u00d3rganos de Gobierno y a las distintas unidades de gesti\u00f3n de la Universidad de La Laguna en una doble vertiente: el tratamiento de la informaci\u00f3n basada en datos para su transformaci\u00f3n en conocimiento que pueda sustentar&#8230;<\/p>","protected":false},"author":49,"featured_media":0,"parent":0,"menu_order":0,"comment_status":"closed","ping_status":"closed","template":"templates\/template-frontpage.php","meta":{"_acf_changed":false,"footnotes":""},"class_list":["post-16","page","type-page","status-publish","hentry"],"acf":[],"_links":{"self":[{"href":"https:\/\/www.ull.es\/servicios\/gabinete-de-analisis-y-planificacion\/fr\/wp-json\/wp\/v2\/pages\/16","targetHints":{"allow":["GET"]}}],"collection":[{"href":"https:\/\/www.ull.es\/servicios\/gabinete-de-analisis-y-planificacion\/fr\/wp-json\/wp\/v2\/pages"}],"about":[{"href":"https:\/\/www.ull.es\/servicios\/gabinete-de-analisis-y-planificacion\/fr\/wp-json\/wp\/v2\/types\/page"}],"author":[{"embeddable":true,"href":"https:\/\/www.ull.es\/servicios\/gabinete-de-analisis-y-planificacion\/fr\/wp-json\/wp\/v2\/users\/49"}],"replies":[{"embeddable":true,"href":"https:\/\/www.ull.es\/servicios\/gabinete-de-analisis-y-planificacion\/fr\/wp-json\/wp\/v2\/comments?post=16"}],"version-history":[{"count":13,"href":"https:\/\/www.ull.es\/servicios\/gabinete-de-analisis-y-planificacion\/fr\/wp-json\/wp\/v2\/pages\/16\/revisions"}],"predecessor-version":[{"id":78,"href":"https:\/\/www.ull.es\/servicios\/gabinete-de-analisis-y-planificacion\/fr\/wp-json\/wp\/v2\/pages\/16\/revisions\/78"}],"wp:attachment":[{"href":"https:\/\/www.ull.es\/servicios\/gabinete-de-analisis-y-planificacion\/fr\/wp-json\/wp\/v2\/media?parent=16"}],"curies":[{"name":"wp","href":"https:\/\/api.w.org\/{rel}","templated":true}]}}