{"id":15,"date":"2019-06-20T13:15:25","date_gmt":"2019-06-20T11:15:25","guid":{"rendered":"https:\/\/www.ull.es\/servicios\/negociado-pruebas-acceso\/?page_id=2"},"modified":"2026-03-12T15:42:36","modified_gmt":"2026-03-12T14:42:36","slug":"servicios","status":"publish","type":"page","link":"https:\/\/www.ull.es\/servicios\/gabinete-de-analisis-y-planificacion\/servicios\/","title":{"rendered":"Servicios"},"content":{"rendered":"\n<div class=\"wp-block-stackable-columns alignfull stk-block-columns stk-block stk-16a94b8\" data-block-id=\"16a94b8\"><style>.stk-16a94b8 {margin-bottom:56px !important;}@media screen and (max-width: 767px){.stk-16a94b8 {padding-top:0px !important;padding-right:0px !important;padding-bottom:0px !important;padding-left:0px !important;}}<\/style><div class=\"stk-row stk-inner-blocks stk-block-content stk-content-align stk-16a94b8-column alignfull\">\n<div class=\"wp-block-stackable-column stk-block-column stk-column stk-block stk-dfe9b01 stk-block-background stk--has-background-overlay\" data-v=\"4\" data-block-id=\"dfe9b01\"><style>.stk-dfe9b01 {background-image:url(https:\/\/www.ull.es\/servicios\/gabinete-de-analisis-y-planificacion\/wp-content\/uploads\/sites\/30\/2019\/07\/11-GAP-3.jpg) !important;}.stk-dfe9b01:before{background-color:#000000 !important;opacity:0.3 !important;}@media screen and (max-width: 767px){.stk-dfe9b01 {padding-top:0px !important;padding-right:0px !important;padding-bottom:0px !important;padding-left:0px !important;}.stk-dfe9b01-container{min-height:320px !important;}}<\/style><div class=\"stk-column-wrapper stk-block-column__content stk-container stk-dfe9b01-container stk--no-background stk--no-padding\"><div class=\"stk-block-content stk-inner-blocks stk-dfe9b01-inner-blocks\">\n<div class=\"wp-block-stackable-columns alignfull stk-block-columns stk-block stk-3bf239f\" data-block-id=\"3bf239f\"><style>@media screen and (max-width: 1023px){.stk-3bf239f {padding-left:0px !important;}}<\/style><div class=\"stk-row stk-inner-blocks stk-block-content stk-content-align stk-3bf239f-column alignfull\">\n<div class=\"wp-block-stackable-column stk-block-column stk-column stk-block stk-f66584c\" data-v=\"4\" data-block-id=\"f66584c\"><div class=\"stk-column-wrapper stk-block-column__content stk-container stk-f66584c-container stk--no-background stk--no-padding\"><div class=\"stk-block-content stk-inner-blocks stk-f66584c-inner-blocks\">\n<div class=\"wp-block-stackable-heading stk-block-heading stk-block-heading--v2 stk-block stk-1bb54e9\" id=\"gabinete-de-analisis-y-planificacion-gap\" data-block-id=\"1bb54e9\"><style>.stk-1bb54e9 {padding-top:110px !important;padding-right:25px !important;padding-bottom:75px !important;padding-left:420px !important;}.stk-1bb54e9 .stk-block-heading__text{font-size:35px !important;color:#ffffff !important;font-weight:400 !important;}@media screen and (max-width: 1023px){.stk-1bb54e9 {padding-left:55px !important;}.stk-1bb54e9 .stk-block-heading__text{font-size:35px !important;}}@media screen and (max-width: 767px){.stk-1bb54e9 {padding-right:75px !important;padding-left:25px !important;}.stk-1bb54e9 .stk-block-heading__text{font-size:33px !important;}}<\/style><h2 class=\"stk-block-heading__text has-text-color has-text-align-left has-text-align-left-tablet has-text-align-left-mobile\">Gabinete de An\u00e1lisis y Planificaci\u00f3n (GAP)<\/h2><\/div>\n<\/div><\/div><\/div>\n<\/div><\/div>\n<\/div><\/div><\/div>\n<\/div><\/div>\n\n\n\n<div class=\"wp-block-stackable-columns alignfull stk-block-columns stk-block stk-019f113\" data-block-id=\"019f113\"><style>.stk-019f113 .stk--block-align-019f113{align-items:stretch !important;}.stk-019f113-column{--stk-column-gap:95px !important;}<\/style><div class=\"stk-row stk-inner-blocks stk--block-align-019f113 stk-block-content stk-content-align stk-019f113-column alignfull\">\n<div class=\"wp-block-stackable-column stk-block-column stk-column stk-block stk-f687265\" data-v=\"4\" data-block-id=\"f687265\"><style>.stk-f687265 {padding-right:400px !important;padding-left:400px !important;margin-bottom:var(--stk--preset--spacing--none, 0px) !important;}@media screen and (max-width: 1023px){.stk-f687265 {padding-right:50px !important;padding-left:50px !important;}}@media screen and (max-width: 767px){.stk-f687265-inner-blocks{align-items:center !important;}.stk-f687265 {padding-right:20px !important;padding-left:20px !important;}}<\/style><div class=\"stk-column-wrapper stk-block-column__content stk-container stk-f687265-container stk--no-background stk--no-padding\"><div class=\"stk-block-content stk-inner-blocks stk-f687265-inner-blocks\">\n<div class=\"wp-block-stackable-heading stk-block-heading stk-block-heading--v2 stk-block stk-2a764d9\" id=\"servicios-que-ofrece-al-usuario\" data-block-id=\"2a764d9\"><style>.stk-2a764d9 {margin-bottom:12px !important;}.stk-2a764d9 .stk-block-heading__text{font-size:26px !important;color:#5c068c !important;font-weight:700 !important;}@media screen and (max-width: 1023px){.stk-2a764d9 .stk-block-heading__text{font-size:26px !important;}}<\/style><h2 class=\"stk-block-heading__text has-text-color\">Servicios que ofrece al usuario<\/h2><\/div>\n\n\n\n<ul class=\"wp-block-list\">\n<li>Gesti\u00f3n de los derechos de los titulares de los datos personales (Acceso, Rectificaci\u00f3n, Cancelaci\u00f3n y Oposici\u00f3n).<\/li>\n\n\n\n<li>Formaci\u00f3n y soporte a usuarios y gestores de la Sede ULL.<\/li>\n\n\n\n<li>Dise\u00f1o de formularios editables para publicar en la web.<\/li>\n\n\n\n<li>Mantenimiento y actualizaci\u00f3n de procedimientos electr\u00f3nicos en la Sede ULL.<\/li>\n\n\n\n<li>Dise\u00f1o y publicaci\u00f3n de procedimientos electr\u00f3nicos en la Sede ULL.<\/li>\n\n\n\n<li>Consultas din\u00e1micas: dise\u00f1o de procesos de transferencia de datos entre las distintas aplicaciones de gesti\u00f3n de la ULL, as\u00ed como elaboraci\u00f3n de listados e informes que permiten a otros usuarios automatizar la obtenci\u00f3n de informaci\u00f3n.<\/li>\n\n\n\n<li>Suministro de datos: extracci\u00f3n de las bases de datos institucionales de la informaci\u00f3n que precisan otros servicios o agentes externos para cumplir sus fines (datos personales para elaboraci\u00f3n de censos, notas medias para ayudas al alumnado, datos de contacto para realizaci\u00f3n de encuestas, entre otros).<\/li>\n\n\n\n<li>Indicadores: dise\u00f1o y obtenci\u00f3n de indicadores que ayudan a medir la actividad acad\u00e9mica e investigadora de la ULL, as\u00ed como la calidad de los servicios que se prestan al usuario.<\/li>\n\n\n\n<li>Informes y Estad\u00edsticas: cifras oficiales de la ULL tanto para agentes externos (Ministerio de Educaci\u00f3n, INE, CRUE, por ejemplo) como para uso interno de la propia universidad (EBAU, acceso, matr\u00edcula, memoria acad\u00e9mica, entre otros).<\/li>\n<\/ul>\n<\/div><\/div><\/div>\n<\/div><\/div>\n","protected":false},"excerpt":{"rendered":"<p>Gabinete de An\u00e1lisis y Planificaci\u00f3n (GAP) Servicios que ofrece al usuario<\/p>\n","protected":false},"author":49,"featured_media":0,"parent":0,"menu_order":0,"comment_status":"closed","ping_status":"open","template":"templates\/template-frontpage.php","meta":{"_acf_changed":false,"footnotes":""},"class_list":["post-15","page","type-page","status-publish","hentry"],"acf":[],"_links":{"self":[{"href":"https:\/\/www.ull.es\/servicios\/gabinete-de-analisis-y-planificacion\/wp-json\/wp\/v2\/pages\/15","targetHints":{"allow":["GET"]}}],"collection":[{"href":"https:\/\/www.ull.es\/servicios\/gabinete-de-analisis-y-planificacion\/wp-json\/wp\/v2\/pages"}],"about":[{"href":"https:\/\/www.ull.es\/servicios\/gabinete-de-analisis-y-planificacion\/wp-json\/wp\/v2\/types\/page"}],"author":[{"embeddable":true,"href":"https:\/\/www.ull.es\/servicios\/gabinete-de-analisis-y-planificacion\/wp-json\/wp\/v2\/users\/49"}],"replies":[{"embeddable":true,"href":"https:\/\/www.ull.es\/servicios\/gabinete-de-analisis-y-planificacion\/wp-json\/wp\/v2\/comments?post=15"}],"version-history":[{"count":9,"href":"https:\/\/www.ull.es\/servicios\/gabinete-de-analisis-y-planificacion\/wp-json\/wp\/v2\/pages\/15\/revisions"}],"predecessor-version":[{"id":82,"href":"https:\/\/www.ull.es\/servicios\/gabinete-de-analisis-y-planificacion\/wp-json\/wp\/v2\/pages\/15\/revisions\/82"}],"wp:attachment":[{"href":"https:\/\/www.ull.es\/servicios\/gabinete-de-analisis-y-planificacion\/wp-json\/wp\/v2\/media?parent=15"}],"curies":[{"name":"wp","href":"https:\/\/api.w.org\/{rel}","templated":true}]}}