{"id":16,"date":"2019-06-20T13:17:21","date_gmt":"2019-06-20T11:17:21","guid":{"rendered":"https:\/\/www.ull.es\/servicios\/negociado-pruebas-acceso\/?page_id=13"},"modified":"2026-03-04T10:22:46","modified_gmt":"2026-03-04T09:22:46","slug":"inicio","status":"publish","type":"page","link":"https:\/\/www.ull.es\/servicios\/gabinete-de-analisis-y-planificacion\/","title":{"rendered":"Inicio"},"content":{"rendered":"\n<div class=\"wp-block-stackable-columns alignfull stk-block-columns stk-block stk-16a94b8\" data-block-id=\"16a94b8\"><style>.stk-16a94b8 {margin-bottom:76px !important;}@media screen and (max-width: 767px){.stk-16a94b8 {padding-top:0px !important;padding-right:0px !important;padding-bottom:0px !important;padding-left:0px !important;}}<\/style><div class=\"stk-row stk-inner-blocks stk-block-content stk-content-align stk-16a94b8-column alignfull\">\n<div class=\"wp-block-stackable-column stk-block-column stk-column stk-block stk-dfe9b01 stk-block-background stk--has-background-overlay\" data-v=\"4\" data-block-id=\"dfe9b01\"><style>.stk-dfe9b01 {background-image:url(https:\/\/www.ull.es\/servicios\/gabinete-de-analisis-y-planificacion\/wp-content\/uploads\/sites\/30\/2019\/07\/11-GAP-3.jpg) !important;}.stk-dfe9b01:before{background-color:#000000 !important;opacity:0.3 !important;}@media screen and (max-width: 767px){.stk-dfe9b01 {padding-top:0px !important;padding-right:0px !important;padding-bottom:0px !important;padding-left:0px !important;}.stk-dfe9b01-container{min-height:320px !important;}}<\/style><div class=\"stk-column-wrapper stk-block-column__content stk-container stk-dfe9b01-container stk--no-background stk--no-padding\"><div class=\"stk-block-content stk-inner-blocks stk-dfe9b01-inner-blocks\">\n<div class=\"wp-block-stackable-columns alignfull stk-block-columns stk-block stk-3bf239f\" data-block-id=\"3bf239f\"><style>@media screen and (max-width: 1023px){.stk-3bf239f {padding-left:0px !important;}}<\/style><div class=\"stk-row stk-inner-blocks stk-block-content stk-content-align stk-3bf239f-column alignfull\">\n<div class=\"wp-block-stackable-column stk-block-column stk-column stk-block stk-f66584c\" data-v=\"4\" data-block-id=\"f66584c\"><div class=\"stk-column-wrapper stk-block-column__content stk-container stk-f66584c-container stk--no-background stk--no-padding\"><div class=\"stk-block-content stk-inner-blocks stk-f66584c-inner-blocks\">\n<div class=\"wp-block-stackable-heading stk-block-heading stk-block-heading--v2 stk-block stk-1bb54e9\" id=\"gabinete-de-analisis-y-planificacion-gap\" data-block-id=\"1bb54e9\"><style>.stk-1bb54e9 {padding-top:110px !important;padding-right:25px !important;padding-bottom:75px !important;padding-left:420px !important;}.stk-1bb54e9 .stk-block-heading__text{font-size:35px !important;color:#ffffff !important;font-weight:400 !important;}@media screen and (max-width: 1023px){.stk-1bb54e9 {padding-left:55px !important;}.stk-1bb54e9 .stk-block-heading__text{font-size:35px !important;}}@media screen and (max-width: 767px){.stk-1bb54e9 {padding-top:110px !important;padding-right:75px !important;padding-left:25px !important;}.stk-1bb54e9 .stk-block-heading__text{font-size:33px !important;}}<\/style><h2 class=\"stk-block-heading__text has-text-color has-text-align-left has-text-align-left-tablet has-text-align-left-mobile\">Gabinete de An\u00e1lisis y Planificaci\u00f3n (GAP)<\/h2><\/div>\n<\/div><\/div><\/div>\n<\/div><\/div>\n<\/div><\/div><\/div>\n<\/div><\/div>\n\n\n\n<div class=\"wp-block-stackable-columns alignfull stk-block-columns stk-block stk-a768426\" data-block-id=\"a768426\"><style>.stk-a768426 {margin-bottom:56px !important;}<\/style><div class=\"stk-row stk-inner-blocks stk-block-content stk-content-align stk-a768426-column alignfull\">\n<div class=\"wp-block-stackable-column stk-block-column stk-column stk-block stk-7a93856\" data-v=\"4\" data-block-id=\"7a93856\"><style>.stk-7a93856 {padding-right:405px !important;padding-left:405px !important;}@media screen and (max-width: 1023px){.stk-7a93856 {padding-right:50px !important;padding-left:50px !important;}}@media screen and (max-width: 767px){.stk-7a93856 {padding-right:20px !important;padding-left:20px !important;}}<\/style><div class=\"stk-column-wrapper stk-block-column__content stk-container stk-7a93856-container stk--no-background stk--no-padding\"><div class=\"stk-block-content stk-inner-blocks stk-7a93856-inner-blocks\">\n<div class=\"wp-block-stackable-text stk-block-text stk-block stk-42f4015\" data-block-id=\"42f4015\"><style>.stk-42f4015 .stk-block-text__text{font-size:16px !important;}@media screen and (max-width: 1023px){.stk-42f4015 .stk-block-text__text{font-size:16px !important;}}<\/style><p class=\"stk-block-text__text has-text-align-left\">El Gabinete de An\u00e1lisis y Planificaci\u00f3n apoya y asesora a los a los \u00d3rganos de Gobierno y a las distintas unidades de gesti\u00f3n de la Universidad de La Laguna en una doble vertiente: el tratamiento de la informaci\u00f3n basada en datos para su transformaci\u00f3n en conocimiento que pueda sustentar la toma de decisiones, y el estudio y simplificaci\u00f3n de los procesos que se desarrollan en la Universidad para optimizar los m\u00e9todos de trabajo de sus distintas unidades y facilitar el acceso electr\u00f3nico de los usuarios. El Gabinete de An\u00e1lisis y Planificaci\u00f3n pretende ser un servicio absolutamente fiable y reconocido por la comunidad universitaria como el referente en el an\u00e1lisis de datos y procesos, de tal forma que centralice y aglutine toda la informaci\u00f3n estad\u00edstica y modernice los procedimientos que competen a la Universidad de La Laguna para, desde esa doble acci\u00f3n, promover la planificaci\u00f3n informada, la eficiencia en la gesti\u00f3n y la mejora continua. Principios y Valores: El Gabinete de An\u00e1lisis y Planificaci\u00f3n desarrolla su actividad bajo los siguientes Principios y Valores, de acuerdo con su C\u00f3digo \u00c9tico: compromiso, responsabilidad profesional y social, confidencialidad, rigor, objetividad, eficiencia, transparencia, creatividad e innovaci\u00f3n, transmisi\u00f3n de conocimiento, alianzas que generen valor a\u00f1adido, respeto a las personas y af\u00e1n de formaci\u00f3n y superaci\u00f3n de sus miembros.<\/p><\/div>\n<\/div><\/div><\/div>\n<\/div><\/div>\n","protected":false},"excerpt":{"rendered":"<p>Gabinete de An\u00e1lisis y Planificaci\u00f3n (GAP) El Gabinete de An\u00e1lisis y Planificaci\u00f3n apoya y asesora a los a los \u00d3rganos de Gobierno y a las distintas unidades de gesti\u00f3n de la Universidad de La Laguna en una doble vertiente: el tratamiento de la informaci\u00f3n basada en datos para su transformaci\u00f3n en conocimiento que pueda sustentar&#8230;<\/p>\n","protected":false},"author":49,"featured_media":0,"parent":0,"menu_order":0,"comment_status":"closed","ping_status":"closed","template":"templates\/template-frontpage.php","meta":{"_acf_changed":false,"footnotes":""},"class_list":["post-16","page","type-page","status-publish","hentry"],"acf":[],"_links":{"self":[{"href":"https:\/\/www.ull.es\/servicios\/gabinete-de-analisis-y-planificacion\/wp-json\/wp\/v2\/pages\/16","targetHints":{"allow":["GET"]}}],"collection":[{"href":"https:\/\/www.ull.es\/servicios\/gabinete-de-analisis-y-planificacion\/wp-json\/wp\/v2\/pages"}],"about":[{"href":"https:\/\/www.ull.es\/servicios\/gabinete-de-analisis-y-planificacion\/wp-json\/wp\/v2\/types\/page"}],"author":[{"embeddable":true,"href":"https:\/\/www.ull.es\/servicios\/gabinete-de-analisis-y-planificacion\/wp-json\/wp\/v2\/users\/49"}],"replies":[{"embeddable":true,"href":"https:\/\/www.ull.es\/servicios\/gabinete-de-analisis-y-planificacion\/wp-json\/wp\/v2\/comments?post=16"}],"version-history":[{"count":13,"href":"https:\/\/www.ull.es\/servicios\/gabinete-de-analisis-y-planificacion\/wp-json\/wp\/v2\/pages\/16\/revisions"}],"predecessor-version":[{"id":78,"href":"https:\/\/www.ull.es\/servicios\/gabinete-de-analisis-y-planificacion\/wp-json\/wp\/v2\/pages\/16\/revisions\/78"}],"wp:attachment":[{"href":"https:\/\/www.ull.es\/servicios\/gabinete-de-analisis-y-planificacion\/wp-json\/wp\/v2\/media?parent=16"}],"curies":[{"name":"wp","href":"https:\/\/api.w.org\/{rel}","templated":true}]}}