{"id":203,"date":"2023-03-10T13:37:39","date_gmt":"2023-03-10T13:37:39","guid":{"rendered":"https:\/\/www.ull.es\/servicios\/igualdad\/?page_id=203"},"modified":"2026-03-23T11:58:26","modified_gmt":"2026-03-23T11:58:26","slug":"acoso-sexual-sexista","status":"publish","type":"page","link":"https:\/\/www.ull.es\/servicios\/igualdad\/en\/acoso-sexual-sexista\/","title":{"rendered":"Sexual\/sexist harassment"},"content":{"rendered":"<div class=\"wp-block-stackable-columns alignfull stk-block-columns stk-block stk-a748e27\" data-block-id=\"a748e27\"><style>.stk-a748e27-column{max-width:1140px !important;min-width:auto !important;margin-right:auto !important;margin-left:auto !important;}@media screen and (max-width: 1023px){.stk-a748e27 {margin-top:56px !important;}.stk-a748e27-column{max-width:725px !important;min-width:auto !important;margin-right:auto !important;margin-left:auto !important;}}@media screen and (max-width: 767px){.stk-a748e27-column{max-width:375px !important;min-width:auto !important;margin-right:auto !important;margin-left:auto !important;}}<\/style><div class=\"stk-row stk-inner-blocks stk-block-content stk-content-align stk-a748e27-column alignfull\">\n<div class=\"wp-block-stackable-column stk-block-column stk-column stk-block stk-68e5b9b\" data-v=\"4\" data-block-id=\"68e5b9b\"><style>@media screen and (max-width: 1023px){.stk-68e5b9b-container{margin-top:0px !important;margin-right:0px !important;margin-bottom:0px !important;margin-left:0px !important;}}<\/style><div class=\"stk-column-wrapper stk-block-column__content stk-container stk-68e5b9b-container stk--no-background stk--no-padding\"><div class=\"stk-block-content stk-inner-blocks stk-68e5b9b-inner-blocks\">\n<div class=\"wp-block-stackable-heading stk-block-heading stk-block-heading--v2 stk-block stk-7b8cb13\" id=\"acoso-sexual-y-sexista\" data-block-id=\"7b8cb13\"><style>.stk-7b8cb13 {margin-top:56px !important;}.stk-7b8cb13 .stk-block-heading__text{font-size:35px !important;color:#5c068c !important;font-weight:400 !important;}@media screen and (max-width: 1023px){.stk-7b8cb13 {margin-bottom:0px !important;}.stk-7b8cb13 .stk-block-heading__text{font-size:35px !important;}}<\/style><h3 class=\"stk-block-heading__text has-text-color\">Sexual and sexist harassment<\/h3><\/div>\n<\/div><\/div><\/div>\n<\/div><\/div>\n\n\n\n<div class=\"wp-block-stackable-columns alignfull stk-block-columns stk-block stk-3fb566d\" data-block-id=\"3fb566d\"><style>.stk-3fb566d {margin-bottom:30px !important;}.stk-3fb566d-column{max-width:1140px !important;min-width:auto !important;margin-right:auto !important;margin-left:auto !important;--stk-columns-spacing:0px !important;--stk-column-gap:35px !important;}@media screen and (max-width: 1023px){.stk-3fb566d-column{max-width:725px !important;min-width:auto !important;margin-right:auto !important;margin-left:auto !important;}}@media screen and (max-width: 767px){.stk-3fb566d {margin-bottom:50px !important;}.stk-3fb566d-column{max-width:375px !important;min-width:auto !important;margin-right:auto !important;margin-left:auto !important;row-gap:50px !important;}}<\/style><div class=\"stk-row stk-inner-blocks stk-block-content stk-content-align stk-3fb566d-column alignfull\">\n<div class=\"wp-block-stackable-column stk-block-column stk-column stk-block stk-5269f92\" data-v=\"4\" data-block-id=\"5269f92\"><style>.stk-5269f92-container{margin-top:0px !important;margin-right:0px !important;margin-bottom:0px !important;margin-left:0px !important;}.stk-5269f92 {margin-top:35px !important;}<\/style><div class=\"stk-column-wrapper stk-block-column__content stk-container stk-5269f92-container stk--no-background stk--no-padding\"><div class=\"stk-block-content stk-inner-blocks stk-5269f92-inner-blocks\">\n<div class=\"wp-block-stackable-call-to-action stk-block-call-to-action stk-block stk-1a5ba93 is-style-default\" data-v=\"2\" data-block-id=\"1a5ba93\"><style>.stk-1a5ba93 {padding-top:0px !important;padding-right:0px !important;padding-bottom:0px !important;padding-left:0px !important;}<\/style><div class=\"stk-block-call-to-action__content stk-content-align stk-1a5ba93-column stk-container stk-1a5ba93-container stk--no-background stk--no-padding\"><div class=\"has-text-align-left stk-block-content stk-inner-blocks stk-1a5ba93-inner-blocks\">\n<div class=\"wp-block-stackable-text stk-block-text stk-block stk-6b0546c\" data-block-id=\"6b0546c\"><style>.stk-6b0546c {margin-bottom:12px !important;}.stk-6b0546c .stk-block-text__text{font-size:16px !important;}@media screen and (max-width: 1023px){.stk-6b0546c .stk-block-text__text{font-size:16px !important;}}<\/style><p class=\"stk-block-text__text\">The Governing Council of the University of La Laguna approved its&nbsp;<strong>Protocol for the detection, prevention and action in cases of sexual harassment and sexist harassment,&nbsp;<\/strong>In accordance with the provisions of Organic Law 3\/2007 for Effective Equality between Women and Men (LOIEMH), Organic Law 4\/2007 (LOMLOU) amending Organic Law 6\/2001 on Universities, Canary Islands Law 1\/2010 on Equality between Women and Men (LCI), and Law 14\/2011 on Science, Technology and Innovation. This protocol has been updated and reformed to include new commitments reached at the University Council meeting held on May 15, 2018.&nbsp;&nbsp;<\/p><\/div>\n\n\n\n<div class=\"wp-block-stackable-button-group stk-block-button-group stk-block stk-2e6b5db\" data-block-id=\"2e6b5db\"><style>.stk-2e6b5db {margin-bottom:0px !important;}<\/style><div class=\"stk-row stk-inner-blocks stk-block-content stk-button-group\">\n<div class=\"wp-block-stackable-button stk-block-button stk-block stk-e242b1f\" data-block-id=\"e242b1f\"><style>.stk-e242b1f {border-top-left-radius:10px !important;border-top-right-radius:10px !important;border-bottom-right-radius:10px !important;border-bottom-left-radius:10px !important;overflow:hidden !important;}.stk-e242b1f .stk-button{background:#8d6dc4 !important;}.stk-e242b1f .stk-button__inner-text{font-size:14px !important;}@media screen and (max-width: 1023px){.stk-e242b1f .stk-button__inner-text{font-size:14px !important;}}<\/style><a class=\"stk-link stk-button stk--hover-effect-darken\" href=\"https:\/\/riull.ull.es\/xmlui\/bitstream\/handle\/915\/12568\/Protocolo%20Acoso.pdf?sequence=5&amp;isAllowed=y\" target=\"_blank\" rel=\"noopener\"><span class=\"stk-button__inner-text\">Protocol<\/span><\/a><\/div>\n<\/div><\/div>\n<\/div><\/div><\/div>\n<\/div><\/div><\/div>\n\n\n\n<div class=\"wp-block-stackable-column stk-block-column stk-column stk-block stk-644fffa\" data-v=\"4\" data-block-id=\"644fffa\"><style>.stk-644fffa {align-items:center !important;display:flex !important;}@media screen and (max-width: 1023px){.stk-644fffa {align-self:flex-start !important;}}<\/style><div class=\"stk-column-wrapper stk-block-column__content stk-container stk-644fffa-container stk--no-background stk--no-padding\"><div class=\"stk-block-content stk-inner-blocks stk-644fffa-inner-blocks\">\n<div class=\"wp-block-stackable-image stk-block-image stk-block stk-c889cab\" data-block-id=\"c889cab\"><style>.stk-c889cab .stk-img-wrapper{width:555px !important;height:392px !important;}@media screen and (max-width: 1023px){.stk-c889cab .stk-img-wrapper{width:345px !important;height:243px !important;}}<\/style><figure><span class=\"stk-img-wrapper stk-image--shape-stretch\"><img loading=\"lazy\" decoding=\"async\" class=\"stk-img wp-image-261\" src=\"https:\/\/www.ull.es\/servicios\/igualdad\/wp-content\/uploads\/sites\/15\/2023\/03\/OPRAS-Cartel-1-horizontal.jpg\" width=\"1600\" height=\"1131\" srcset=\"https:\/\/www.ull.es\/servicios\/igualdad\/wp-content\/uploads\/sites\/15\/2023\/03\/OPRAS-Cartel-1-horizontal.jpg 1600w, https:\/\/www.ull.es\/servicios\/igualdad\/wp-content\/uploads\/sites\/15\/2023\/03\/OPRAS-Cartel-1-horizontal-300x212.jpg 300w, https:\/\/www.ull.es\/servicios\/igualdad\/wp-content\/uploads\/sites\/15\/2023\/03\/OPRAS-Cartel-1-horizontal-1024x724.jpg 1024w, https:\/\/www.ull.es\/servicios\/igualdad\/wp-content\/uploads\/sites\/15\/2023\/03\/OPRAS-Cartel-1-horizontal-768x543.jpg 768w, https:\/\/www.ull.es\/servicios\/igualdad\/wp-content\/uploads\/sites\/15\/2023\/03\/OPRAS-Cartel-1-horizontal-1536x1086.jpg 1536w, https:\/\/www.ull.es\/servicios\/igualdad\/wp-content\/uploads\/sites\/15\/2023\/03\/OPRAS-Cartel-1-horizontal-375x265.jpg 375w, https:\/\/www.ull.es\/servicios\/igualdad\/wp-content\/uploads\/sites\/15\/2023\/03\/OPRAS-Cartel-1-horizontal-750x530.jpg 750w, https:\/\/www.ull.es\/servicios\/igualdad\/wp-content\/uploads\/sites\/15\/2023\/03\/OPRAS-Cartel-1-horizontal-1140x806.jpg 1140w\" sizes=\"auto, (max-width: 1600px) 100vw, 1600px\" \/><\/span><\/figure><\/div>\n<\/div><\/div><\/div>\n<\/div><\/div>\n\n\n\n<div class=\"wp-block-stackable-columns alignfull stk-block-columns stk-block stk-683fcba\" data-block-id=\"683fcba\"><style>.stk-683fcba {margin-bottom:30px !important;}.stk-683fcba-column{max-width:1140px !important;min-width:auto !important;margin-right:auto !important;margin-left:auto !important;}@media screen and (max-width: 1023px){.stk-683fcba {margin-bottom:40px !important;}.stk-683fcba-column{max-width:725px !important;min-width:auto !important;margin-right:auto !important;margin-left:auto !important;}}@media screen and (max-width: 767px){.stk-683fcba {margin-bottom:50px !important;}.stk-683fcba-column{max-width:375px !important;min-width:auto !important;margin-right:auto !important;margin-left:auto !important;}}<\/style><div class=\"stk-row stk-inner-blocks stk-block-content stk-content-align stk-683fcba-column alignfull\">\n<div class=\"wp-block-stackable-column stk-block-column stk-column stk-block stk-fef01b7 stk-block-background\" data-v=\"4\" data-block-id=\"fef01b7\"><style>.stk-fef01b7 {background-color:#dbc1f2 !important;border-top-left-radius:15px !important;border-top-right-radius:15px !important;border-bottom-right-radius:15px !important;border-bottom-left-radius:15px !important;overflow:hidden !important;align-items:center !important;padding-top:35px !important;padding-right:35px !important;padding-bottom:35px !important;padding-left:35px !important;display:flex !important;}.stk-fef01b7:before{background-color:#dbc1f2 !important;}<\/style><div class=\"stk-column-wrapper stk-block-column__content stk-container stk-fef01b7-container stk--no-background stk--no-padding\"><div class=\"stk-block-content stk-inner-blocks stk-fef01b7-inner-blocks\">\n<div class=\"wp-block-stackable-text stk-block-text stk-block stk-a7e3268\" data-block-id=\"a7e3268\"><style>.stk-a7e3268 {margin-bottom:0px !important;}.stk-a7e3268 .stk-block-text__text{font-size:16px !important;font-weight:400 !important;}@media screen and (max-width: 1023px){.stk-a7e3268 .stk-block-text__text{font-size:16px !important;}}<\/style><p class=\"stk-block-text__text\">The University of La Laguna is committed to genuine and effective equality, non-discrimination, and respect for fundamental human rights, including the right to be treated with respect for dignity and privacy. Therefore, it firmly states that it will not tolerate sexual harassment or sexist harassment and is committed to preventing such practices in the workplace and academic settings, guaranteeing appropriate protection against them.<\/p><\/div>\n<\/div><\/div><\/div>\n<\/div><\/div>\n\n\n\n<div class=\"wp-block-stackable-columns alignfull stk-block-columns stk-block stk-2a662b0\" data-block-id=\"2a662b0\"><style>.stk-2a662b0 {margin-bottom:12px !important;}.stk-2a662b0-column{max-width:1140px !important;min-width:auto !important;margin-right:auto !important;margin-left:auto !important;}@media screen and (max-width: 1023px){.stk-2a662b0 {margin-bottom:35px !important;}.stk-2a662b0-column{max-width:725px !important;min-width:auto !important;margin-right:auto !important;margin-left:auto !important;}}@media screen and (max-width: 767px){.stk-2a662b0-column{max-width:375px !important;min-width:auto !important;margin-right:auto !important;margin-left:auto !important;}}<\/style><div class=\"stk-row stk-inner-blocks stk-block-content stk-content-align stk-2a662b0-column alignfull\">\n<div class=\"wp-block-stackable-column stk-block-column stk-column stk-block stk-35bfec0\" data-v=\"4\" data-block-id=\"35bfec0\"><div class=\"stk-column-wrapper stk-block-column__content stk-container stk-35bfec0-container stk--no-background stk--no-padding\"><div class=\"stk-block-content stk-inner-blocks stk-35bfec0-inner-blocks\">\n<div class=\"wp-block-stackable-heading stk-block-heading stk-block-heading--v2 stk-block stk-a86cab8\" id=\"oficina-para-la-prevencion-y-respuesta-al-acoso-sexual-y-sexista-opras\" data-block-id=\"a86cab8\"><style>.stk-a86cab8 .stk-block-heading__text{font-size:26px !important;}@media screen and (max-width: 1023px){.stk-a86cab8 .stk-block-heading__text{font-size:26px !important;}}<\/style><h2 class=\"stk-block-heading__text\">Office for the Prevention and Response to Sexual and Sexist Harassment (OPRAS)<\/h2><\/div>\n<\/div><\/div><\/div>\n<\/div><\/div>\n\n\n\n<div class=\"wp-block-stackable-columns alignfull stk-block-columns stk-block stk-93e307b\" data-block-id=\"93e307b\"><style>.stk-93e307b {margin-bottom:30px !important;}.stk-93e307b-column{max-width:1140px !important;min-width:auto !important;margin-right:auto !important;margin-left:auto !important;--stk-columns-spacing:0px !important;--stk-column-gap:35px !important;}@media screen and (max-width: 1023px){.stk-93e307b .stk--block-align-93e307b{align-items:flex-start !important;}.stk-93e307b-column{max-width:725px !important;min-width:auto !important;margin-right:auto !important;margin-left:auto !important;--stk-column-gap:35px !important;}}@media screen and (max-width: 767px){.stk-93e307b {margin-bottom:50px !important;}.stk-93e307b-column{max-width:375px !important;min-width:auto !important;margin-right:auto !important;margin-left:auto !important;row-gap:50px !important;}}<\/style><div class=\"stk-row stk-inner-blocks stk--block-align-93e307b stk-block-content stk-content-align stk-93e307b-column alignfull\">\n<div class=\"wp-block-stackable-column stk-block-column stk-column stk-block stk-74a1a8f\" data-v=\"4\" data-block-id=\"74a1a8f\"><style>.stk-74a1a8f {align-items:center !important;display:flex !important;}<\/style><div class=\"stk-column-wrapper stk-block-column__content stk-container stk-74a1a8f-container stk--no-background stk--no-padding\"><div class=\"stk-block-content stk-inner-blocks stk-74a1a8f-inner-blocks\">\n<div class=\"wp-block-stackable-image stk-block-image has-text-align-left stk-block stk-f33f44e\" data-block-id=\"f33f44e\"><style>.stk-f33f44e .stk-img-wrapper{width:555px !important;height:392px !important;}@media screen and (max-width: 1023px){.stk-f33f44e {align-items:center !important;display:flex !important;}.stk-f33f44e .stk-img-wrapper{width:345px !important;height:243px !important;}}<\/style><figure><span class=\"stk-img-wrapper stk-image--shape-stretch\"><img loading=\"lazy\" decoding=\"async\" class=\"stk-img wp-image-260\" src=\"https:\/\/www.ull.es\/servicios\/igualdad\/wp-content\/uploads\/sites\/15\/2023\/03\/OPRAS-Cartel-2-horizontalL.jpg\" width=\"1600\" height=\"1131\" srcset=\"https:\/\/www.ull.es\/servicios\/igualdad\/wp-content\/uploads\/sites\/15\/2023\/03\/OPRAS-Cartel-2-horizontalL.jpg 1600w, https:\/\/www.ull.es\/servicios\/igualdad\/wp-content\/uploads\/sites\/15\/2023\/03\/OPRAS-Cartel-2-horizontalL-300x212.jpg 300w, https:\/\/www.ull.es\/servicios\/igualdad\/wp-content\/uploads\/sites\/15\/2023\/03\/OPRAS-Cartel-2-horizontalL-1024x724.jpg 1024w, https:\/\/www.ull.es\/servicios\/igualdad\/wp-content\/uploads\/sites\/15\/2023\/03\/OPRAS-Cartel-2-horizontalL-768x543.jpg 768w, https:\/\/www.ull.es\/servicios\/igualdad\/wp-content\/uploads\/sites\/15\/2023\/03\/OPRAS-Cartel-2-horizontalL-1536x1086.jpg 1536w, https:\/\/www.ull.es\/servicios\/igualdad\/wp-content\/uploads\/sites\/15\/2023\/03\/OPRAS-Cartel-2-horizontalL-375x265.jpg 375w, https:\/\/www.ull.es\/servicios\/igualdad\/wp-content\/uploads\/sites\/15\/2023\/03\/OPRAS-Cartel-2-horizontalL-750x530.jpg 750w, https:\/\/www.ull.es\/servicios\/igualdad\/wp-content\/uploads\/sites\/15\/2023\/03\/OPRAS-Cartel-2-horizontalL-1140x806.jpg 1140w\" sizes=\"auto, (max-width: 1600px) 100vw, 1600px\" \/><\/span><\/figure><\/div>\n<\/div><\/div><\/div>\n\n\n\n<div class=\"wp-block-stackable-column stk-block-column stk-column stk-block stk-3ef2d85\" data-v=\"4\" data-block-id=\"3ef2d85\"><style>.stk-3ef2d85-container{margin-top:0px !important;margin-right:0px !important;margin-bottom:0px !important;margin-left:0px !important;}.stk-3ef2d85 {padding-top:0px !important;padding-right:0px !important;padding-bottom:0px !important;padding-left:0px !important;margin-top:35px !important;}@media screen and (max-width: 1023px){.stk-3ef2d85 {margin-top:0px !important;}}<\/style><div class=\"stk-column-wrapper stk-block-column__content stk-container stk-3ef2d85-container stk--no-background stk--no-padding\"><div class=\"stk-block-content stk-inner-blocks stk-3ef2d85-inner-blocks\">\n<div class=\"wp-block-stackable-text stk-block-text stk-block stk-e3e7326\" data-block-id=\"e3e7326\"><style>.stk-e3e7326 {margin-bottom:12px !important;}.stk-e3e7326 .stk-block-text__text{font-size:16px !important;}@media screen and (max-width: 1023px){.stk-e3e7326 .stk-block-text__text{font-size:16px !important;}}<\/style><p class=\"stk-block-text__text\">The Governing Council of the University of La Laguna approved its&nbsp;<strong>Protocol for the detection, prevention and action in cases of sexual harassment and sexist harassment,&nbsp;<\/strong>In accordance with the provisions of Organic Law 3\/2007 for Effective Equality between Women and Men (LOIEMH), Organic Law 4\/2007 (LOMLOU) amending Organic Law 6\/2001 on Universities, Canary Islands Law 1\/2010 on Equality between Women and Men (LCI), and Law 14\/2011 on Science, Technology and Innovation. This protocol has been updated and reformed to include new commitments reached at the University Council meeting held on May 15, 2018.&nbsp;&nbsp;<\/p><\/div>\n<\/div><\/div><\/div>\n<\/div><\/div>\n\n\n\n<div class=\"wp-block-stackable-columns alignfull stk-block-columns stk-block stk-4261a89\" data-block-id=\"4261a89\"><style>.stk-4261a89 {margin-bottom:30px !important;}.stk-4261a89-column{max-width:1140px !important;min-width:auto !important;margin-right:auto !important;margin-left:auto !important;--stk-columns-spacing:0px !important;--stk-column-gap:35px !important;}@media screen and (max-width: 1023px){.stk-4261a89 .stk--block-align-4261a89{align-items:flex-start !important;}.stk-4261a89-column{max-width:725px !important;min-width:auto !important;margin-right:auto !important;margin-left:auto !important;}}@media screen and (max-width: 767px){.stk-4261a89-column{max-width:375px !important;min-width:auto !important;margin-right:auto !important;margin-left:auto !important;row-gap:50px !important;}}<\/style><div class=\"stk-row stk-inner-blocks stk--block-align-4261a89 stk-block-content stk-content-align stk-4261a89-column alignfull\">\n<div class=\"wp-block-stackable-column stk-block-column stk-column stk-block stk-ea3309e stk-block-background\" data-v=\"4\" data-block-id=\"ea3309e\"><style>.stk-ea3309e-container{margin-top:0px !important;margin-right:0px !important;margin-bottom:0px !important;margin-left:0px !important;}.stk-ea3309e {padding-top:36px !important;padding-right:36px !important;padding-bottom:36px !important;padding-left:36px !important;margin-top:35px !important;}@media screen and (max-width: 1023px){.stk-ea3309e {margin-top:0px !important;}}<\/style><div class=\"stk-column-wrapper stk-block-column__content stk-container stk-ea3309e-container stk--no-background stk--no-padding\"><div class=\"stk-block-content stk-inner-blocks stk-ea3309e-inner-blocks\">\n<div class=\"wp-block-stackable-heading stk-block-heading stk-block-heading--v2 stk-block stk-a55216c\" id=\"informacion-de-contacto\" data-block-id=\"a55216c\"><style>.stk-a55216c {margin-bottom:0px !important;}.stk-a55216c .stk-block-heading__text{font-size:22px !important;color:#000000 !important;}@media screen and (max-width: 1023px){.stk-a55216c .stk-block-heading__text{font-size:22px !important;}}<\/style><h3 class=\"stk-block-heading__text has-text-color\">Contact information<\/h3><\/div>\n\n\n\n<div class=\"wp-block-stackable-icon-list stk-block-icon-list stk-block stk-25e7ad3\" data-block-id=\"25e7ad3\"><style>.stk-25e7ad3 {--stk-icon-list-marker-color:#0f0e17 !important;--stk-icon-list-icon-size:4px !important;margin-left:15px !important;}.stk-25e7ad3 .stk-block-icon-list-item__content{align-items:flex-start !important;}.stk-25e7ad3 ul .stk-block-icon-list-item__content .stk--inner-svg, .stk-25e7ad3 ol .stk-block-icon-list-item__content .stk-block-icon-list-item__marker{transform:translateY(12px) !important;}<\/style><svg style=\"display:none\"><defs><g id=\"stk-icon-list__icon-svg-def-25e7ad3\"><svg xmlns=\"http:\/\/www.w3.org\/2000\/svg\" viewbox=\"0 0 512 512\"><path d=\"M256 512A256 256 0 1 0 256 0a256 256 0 1 0 0 512z\"\/><\/svg><\/g><\/defs><\/svg><ul class=\"stk-block-icon-list__ul stk-block-icon-list--column\">\n<li class=\"wp-block-stackable-icon-list-item stk-block-icon-list-item stk-block stk-d6b6621\" data-block-id=\"d6b6621\"><style>.stk-d6b6621 .stk-block-icon-list-item__text{font-size:16px !important;}@media screen and (max-width: 1023px){.stk-d6b6621 .stk-block-icon-list-item__text{font-size:16px !important;}}<\/style><div class=\"stk-block-icon-list-item__content\"><span class=\"stk--svg-wrapper\"><div class=\"stk--inner-svg\"><svg aria-hidden=\"true\" width=\"32\" height=\"32\"><use xlink:href=\"#stk-icon-list__icon-svg-def-25e7ad3\"><\/use><\/svg><\/div><\/span><span class=\"stk-block-icon-list-item__text\"><strong>Location:<\/strong>&nbsp;Professor Jos\u00e9 Luis Moreno Becerra Avenue. ULL Student Services Building<br>(CajaCanarias Javier Fern\u00e1ndez Quesada). Guajara Campus. 38200. San Crist\u00f3bal de La Laguna. Santa Cruz de Tenerife<\/span><\/div><\/li>\n\n\n\n<li class=\"wp-block-stackable-icon-list-item stk-block-icon-list-item stk-block stk-7f3bca8\" data-block-id=\"7f3bca8\"><style>.stk-7f3bca8 .stk-block-icon-list-item__text{font-size:16px !important;}@media screen and (max-width: 1023px){.stk-7f3bca8 .stk-block-icon-list-item__text{font-size:16px !important;}}<\/style><div class=\"stk-block-icon-list-item__content\"><span class=\"stk--svg-wrapper\"><div class=\"stk--inner-svg\"><svg aria-hidden=\"true\" width=\"32\" height=\"32\"><use xlink:href=\"#stk-icon-list__icon-svg-def-25e7ad3\"><\/use><\/svg><\/div><\/span><span class=\"stk-block-icon-list-item__text\"><strong>Write to us at:&nbsp;<\/strong><a href=\"mailto:opraservicio@ull.edu.es\" target=\"_blank\" rel=\"noreferrer noopener\">opraservicio@ull.edu.es&nbsp;<\/a><\/span><\/div><\/li>\n\n\n\n<li class=\"wp-block-stackable-icon-list-item stk-block-icon-list-item stk-block stk-674bd93\" data-block-id=\"674bd93\"><style>.stk-674bd93 .stk-block-icon-list-item__text{font-size:16px !important;}@media screen and (max-width: 1023px){.stk-674bd93 .stk-block-icon-list-item__text{font-size:16px !important;}}<\/style><div class=\"stk-block-icon-list-item__content\"><span class=\"stk--svg-wrapper\"><div class=\"stk--inner-svg\"><svg aria-hidden=\"true\" width=\"32\" height=\"32\"><use xlink:href=\"#stk-icon-list__icon-svg-def-25e7ad3\"><\/use><\/svg><\/div><\/span><span class=\"stk-block-icon-list-item__text\"><strong>Telephones<\/strong>: 922 84 59 48 \/ 922 84 59 49<\/span><\/div><\/li>\n<\/ul><\/div>\n<\/div><\/div><\/div>\n\n\n\n<div class=\"wp-block-stackable-column stk-block-column stk-column stk-block stk-8d358af\" data-v=\"4\" data-block-id=\"8d358af\"><style>.stk-8d358af {align-items:center !important;display:flex !important;}<\/style><div class=\"stk-column-wrapper stk-block-column__content stk-container stk-8d358af-container stk--no-background stk--no-padding\"><div class=\"stk-block-content stk-inner-blocks stk-8d358af-inner-blocks\">\n<div class=\"wp-block-stackable-image stk-block-image stk-block stk-0e61280\" data-block-id=\"0e61280\"><style>.stk-0e61280 .stk-img-wrapper{width:555px !important;height:392px !important;}@media screen and (max-width: 1023px){.stk-0e61280 {align-items:center !important;display:flex !important;}.stk-0e61280 .stk-img-wrapper{width:345px !important;height:243px !important;}}<\/style><figure><span class=\"stk-img-wrapper stk-image--shape-stretch\"><img loading=\"lazy\" decoding=\"async\" class=\"stk-img wp-image-259\" src=\"https:\/\/www.ull.es\/servicios\/igualdad\/wp-content\/uploads\/sites\/15\/2023\/03\/OPRAS-Cartel-3-horizontal.jpg\" width=\"1600\" height=\"1131\" srcset=\"https:\/\/www.ull.es\/servicios\/igualdad\/wp-content\/uploads\/sites\/15\/2023\/03\/OPRAS-Cartel-3-horizontal.jpg 1600w, https:\/\/www.ull.es\/servicios\/igualdad\/wp-content\/uploads\/sites\/15\/2023\/03\/OPRAS-Cartel-3-horizontal-300x212.jpg 300w, https:\/\/www.ull.es\/servicios\/igualdad\/wp-content\/uploads\/sites\/15\/2023\/03\/OPRAS-Cartel-3-horizontal-1024x724.jpg 1024w, https:\/\/www.ull.es\/servicios\/igualdad\/wp-content\/uploads\/sites\/15\/2023\/03\/OPRAS-Cartel-3-horizontal-768x543.jpg 768w, https:\/\/www.ull.es\/servicios\/igualdad\/wp-content\/uploads\/sites\/15\/2023\/03\/OPRAS-Cartel-3-horizontal-1536x1086.jpg 1536w, https:\/\/www.ull.es\/servicios\/igualdad\/wp-content\/uploads\/sites\/15\/2023\/03\/OPRAS-Cartel-3-horizontal-375x265.jpg 375w, https:\/\/www.ull.es\/servicios\/igualdad\/wp-content\/uploads\/sites\/15\/2023\/03\/OPRAS-Cartel-3-horizontal-750x530.jpg 750w, https:\/\/www.ull.es\/servicios\/igualdad\/wp-content\/uploads\/sites\/15\/2023\/03\/OPRAS-Cartel-3-horizontal-1140x806.jpg 1140w\" sizes=\"auto, (max-width: 1600px) 100vw, 1600px\" \/><\/span><\/figure><\/div>\n<\/div><\/div><\/div>\n<\/div><\/div>","protected":false},"excerpt":{"rendered":"<p>Sexual and Sexist Harassment The Governing Council of the University of La Laguna approved on December 22, 2014, its Protocol for the detection, prevention and action in cases of sexual harassment and sexist harassment, in accordance with the provisions of Organic Law 3\/2007 for Effective Equality between Women\u2026<\/p>","protected":false},"author":46,"featured_media":0,"parent":0,"menu_order":0,"comment_status":"closed","ping_status":"closed","template":"templates\/template-frontpage.php","meta":{"_acf_changed":false,"footnotes":""},"class_list":["post-203","page","type-page","status-publish","hentry"],"acf":[],"_links":{"self":[{"href":"https:\/\/www.ull.es\/servicios\/igualdad\/en\/wp-json\/wp\/v2\/pages\/203","targetHints":{"allow":["GET"]}}],"collection":[{"href":"https:\/\/www.ull.es\/servicios\/igualdad\/en\/wp-json\/wp\/v2\/pages"}],"about":[{"href":"https:\/\/www.ull.es\/servicios\/igualdad\/en\/wp-json\/wp\/v2\/types\/page"}],"author":[{"embeddable":true,"href":"https:\/\/www.ull.es\/servicios\/igualdad\/en\/wp-json\/wp\/v2\/users\/46"}],"replies":[{"embeddable":true,"href":"https:\/\/www.ull.es\/servicios\/igualdad\/en\/wp-json\/wp\/v2\/comments?post=203"}],"version-history":[{"count":87,"href":"https:\/\/www.ull.es\/servicios\/igualdad\/en\/wp-json\/wp\/v2\/pages\/203\/revisions"}],"predecessor-version":[{"id":615,"href":"https:\/\/www.ull.es\/servicios\/igualdad\/en\/wp-json\/wp\/v2\/pages\/203\/revisions\/615"}],"wp:attachment":[{"href":"https:\/\/www.ull.es\/servicios\/igualdad\/en\/wp-json\/wp\/v2\/media?parent=203"}],"curies":[{"name":"wp","href":"https:\/\/api.w.org\/{rel}","templated":true}]}}