{"id":281,"date":"2024-07-22T10:49:01","date_gmt":"2024-07-22T10:49:01","guid":{"rendered":"https:\/\/www.ull.es\/servicios\/igualdad\/?page_id=281"},"modified":"2026-04-14T10:42:35","modified_gmt":"2026-04-14T10:42:35","slug":"sistema-de-gestion-de-igualdad-de-genero","status":"publish","type":"page","link":"https:\/\/www.ull.es\/servicios\/igualdad\/en\/sistema-de-gestion-de-igualdad-de-genero\/","title":{"rendered":"Gender Equality Management System"},"content":{"rendered":"<div class=\"wp-block-stackable-columns alignfull stk-block-columns stk-block stk-cfa7b49\" data-block-id=\"cfa7b49\"><style>.stk-cfa7b49 {margin-top:56px !important;margin-bottom:25px !important;}.stk-cfa7b49-column{max-width:1140px !important;min-width:auto !important;margin-right:auto !important;margin-left:auto !important;}@media screen and (max-width: 1023px){.stk-cfa7b49-column{max-width:725px !important;min-width:auto !important;}}@media screen and (max-width: 767px){.stk-cfa7b49-column{max-width:375px !important;min-width:auto !important;}}<\/style><div class=\"stk-row stk-inner-blocks stk-block-content stk-content-align stk-cfa7b49-column alignfull\">\n<div class=\"wp-block-stackable-column stk-block-column stk-column stk-block stk-f3975fb\" data-v=\"4\" data-block-id=\"f3975fb\"><div class=\"stk-column-wrapper stk-block-column__content stk-container stk-f3975fb-container stk--no-background stk--no-padding\"><div class=\"stk-block-content stk-inner-blocks stk-f3975fb-inner-blocks\">\n<div class=\"wp-block-stackable-heading stk-block-heading stk-block-heading--v2 stk-block stk-1b3f9cf\" id=\"manual-del-sistema-de-gestion-de-igualdad-de-genero\" data-block-id=\"1b3f9cf\"><style>.stk-1b3f9cf .stk-block-heading__text{font-size:30px !important;color:#5c068c !important;font-weight:700 !important;}@media screen and (max-width: 1023px){.stk-1b3f9cf .stk-block-heading__text{font-size:30px !important;}}<\/style><h2 class=\"stk-block-heading__text has-text-color\">GENDER EQUALITY MANAGEMENT SYSTEM MANUAL<\/h2><\/div>\n<\/div><\/div><\/div>\n<\/div><\/div>\n\n\n\n<div class=\"wp-block-stackable-columns alignfull stk-block-columns stk-block stk-890ef54\" data-block-id=\"890ef54\"><style>.stk-890ef54-column{max-width:1140px !important;min-width:auto !important;margin-right:auto !important;margin-left:auto !important;}@media screen and (max-width: 1023px){.stk-890ef54-column{max-width:725px !important;min-width:auto !important;}}@media screen and (max-width: 767px){.stk-890ef54-column{max-width:375px !important;min-width:auto !important;}}<\/style><div class=\"stk-row stk-inner-blocks stk-block-content stk-content-align stk-890ef54-column alignfull\">\n<div class=\"wp-block-stackable-column stk-block-column stk-column stk-block stk-651f895\" data-v=\"4\" data-block-id=\"651f895\"><style>@media screen and (min-width: 768px){.stk-651f895 {flex:var(--stk-flex-grow, 1) 1 calc(60% - var(--stk-column-gap, 0px) * 1 \/ 2 ) !important;}}<\/style><div class=\"stk-column-wrapper stk-block-column__content stk-container stk-651f895-container stk--no-background stk--no-padding\"><div class=\"stk-block-content stk-inner-blocks stk-651f895-inner-blocks\">\n<div class=\"wp-block-stackable-button-group stk-block-button-group stk-block stk-7fd69ad\" data-block-id=\"7fd69ad\"><div class=\"stk-row stk-inner-blocks stk-block-content stk-button-group\">\n<div class=\"wp-block-stackable-button stk-block-button stk-block stk-447d8dd\" data-block-id=\"447d8dd\"><style>.stk-447d8dd .stk-button{background:#7c57bb !important;border-top-left-radius:5px !important;border-top-right-radius:5px !important;border-bottom-right-radius:5px !important;border-bottom-left-radius:5px !important;}<\/style><a class=\"stk-link stk-button stk--hover-effect-darken\" href=\"https:\/\/drive.google.com\/file\/d\/1TACVfk2P-jGlGvSupGzJr_mroZfWienu\/view?usp=sharing\" target=\"_blank\" rel=\"noopener\"><span class=\"stk-button__inner-text\">Ver m\u00e1s<\/span><\/a><\/div>\n<\/div><\/div>\n\n\n\n<div class=\"wp-block-stackable-columns stk-block-columns stk-block stk-34a3be9 stk-block-background\" data-block-id=\"34a3be9\"><style>.stk-34a3be9 {background-color:#c7b7dc !important;padding-top:30px !important;padding-right:30px !important;padding-bottom:30px !important;padding-left:30px !important;}.stk-34a3be9:before{background-color:#c7b7dc !important;}<\/style><div class=\"stk-row stk-inner-blocks stk-block-content stk-content-align stk-34a3be9-column\">\n<div class=\"wp-block-stackable-column stk-block-column stk-column stk-block stk-c85aa55\" data-v=\"4\" data-block-id=\"c85aa55\"><div class=\"stk-column-wrapper stk-block-column__content stk-container stk-c85aa55-container stk--no-background stk--no-padding\"><div class=\"stk-block-content stk-inner-blocks stk-c85aa55-inner-blocks\">\n<div class=\"wp-block-stackable-heading stk-block-heading stk-block-heading--v2 stk-block stk-5bc5532\" id=\"a-href-https-drive-google-com-file-d-1-ez-lm-f-0-p-5-x-y-9-aw-hv-25-z-5-x-mgt-2-f-v-mv-484-view-usp-sharing-target-blank-rel-noreferrer-noopener-span-style-color-0-f-0-e-17-class-stk-highlight-cronograma-de-planificacion-estategica-2024-span-a\" data-block-id=\"5bc5532\"><style>.stk-5bc5532 .stk-block-heading__text{font-weight:500 !important;}<\/style><h3 class=\"stk-block-heading__text\"><a href=\"https:\/\/drive.google.com\/file\/d\/1_EzLmF0p5xY9awHv25z5XMgt2fVMv484\/view?usp=sharing\" target=\"_blank\" rel=\"noreferrer noopener\"><span style=\"color: #0f0e17;\" class=\"stk-highlight\">Strategic planning schedule 2024<\/span><\/a><\/h3><\/div>\n<\/div><\/div><\/div>\n<\/div><\/div>\n\n\n\n<div class=\"wp-block-stackable-columns stk-block-columns stk-block stk-8291896 stk-block-background\" data-block-id=\"8291896\"><style>.stk-8291896 {background-color:#c7b7dc !important;padding-top:30px !important;padding-right:30px !important;padding-bottom:30px !important;padding-left:30px !important;}.stk-8291896:before{background-color:#c7b7dc !important;}<\/style><div class=\"stk-row stk-inner-blocks stk-block-content stk-content-align stk-8291896-column\">\n<div class=\"wp-block-stackable-column stk-block-column stk-column stk-block stk-14b9808\" data-v=\"4\" data-block-id=\"14b9808\"><div class=\"stk-column-wrapper stk-block-column__content stk-container stk-14b9808-container stk--no-background stk--no-padding\"><div class=\"stk-block-content stk-inner-blocks stk-14b9808-inner-blocks\">\n<div class=\"wp-block-stackable-heading stk-block-heading stk-block-heading--v2 stk-block stk-6531728\" id=\"a-href-https-drive-google-com-file-d-1-ez-lm-f-0-p-5-x-y-9-aw-hv-25-z-5-x-mgt-2-f-v-mv-484-view-usp-sharing-target-blank-rel-noreferrer-noopener-a-href-https-drive-google-com-file-d-12-d-x-999-jw-2-og-h-2-czx-d-5-lo-628-a-cllq-e-2-q-view-usp-sharing-target-blank-rel-noreferrer-noopener-span-style-color-0-f-0-e-17-class-stk-highlight-cronograma-de-planificacion-estrategica-2023-span-a-a\" data-block-id=\"6531728\"><style>.stk-6531728 .stk-block-heading__text{font-weight:500 !important;}<\/style><h3 class=\"stk-block-heading__text\"><a href=\"https:\/\/drive.google.com\/file\/d\/1_EzLmF0p5xY9awHv25z5XMgt2fVMv484\/view?usp=sharing\" target=\"_blank\" rel=\"noreferrer noopener\"><a href=\"https:\/\/drive.google.com\/file\/d\/12D-X999jw2OgH2CzxD5Lo628aCllqE2Q\/view?usp=sharing\" target=\"_blank\" rel=\"noreferrer noopener\"><span style=\"color: #0f0e17;\" class=\"stk-highlight\">Strategic planning timeline 2023<\/span><\/a><\/a><\/h3><\/div>\n<\/div><\/div><\/div>\n<\/div><\/div>\n\n\n\n<div class=\"wp-block-stackable-columns stk-block-columns stk-block stk-08610de stk-block-background\" data-block-id=\"08610de\"><style>.stk-08610de {background-color:#c7b7dc !important;padding-top:30px !important;padding-right:30px !important;padding-bottom:30px !important;padding-left:30px !important;}.stk-08610de:before{background-color:#c7b7dc !important;}<\/style><div class=\"stk-row stk-inner-blocks stk-block-content stk-content-align stk-08610de-column\">\n<div class=\"wp-block-stackable-column stk-block-column stk-column stk-block stk-511575c\" data-v=\"4\" data-block-id=\"511575c\"><div class=\"stk-column-wrapper stk-block-column__content stk-container stk-511575c-container stk--no-background stk--no-padding\"><div class=\"stk-block-content stk-inner-blocks stk-511575c-inner-blocks\">\n<div class=\"wp-block-stackable-heading stk-block-heading stk-block-heading--v2 stk-block stk-46b7b16\" id=\"a-href-https-drive-google-com-file-d-1-ez-lm-f-0-p-5-x-y-9-aw-hv-25-z-5-x-mgt-2-f-v-mv-484-view-usp-sharing-target-blank-rel-noreferrer-noopener-a-href-https-drive-google-com-file-d-10-gc-fme-tf-33-t-sq-e-wr-v-9-a-55-yn-t-sdiw-z-eu-view-usp-sharing-target-blank-rel-noreferrer-noopener-span-style-color-0-f-0-e-17-class-stk-highlight-cronograma-de-planificacion-estrategica-2022-span-a-a\" data-block-id=\"46b7b16\"><style>.stk-46b7b16 .stk-block-heading__text{font-weight:500 !important;}<\/style><h3 class=\"stk-block-heading__text\"><a href=\"https:\/\/drive.google.com\/file\/d\/1_EzLmF0p5xY9awHv25z5XMgt2fVMv484\/view?usp=sharing\" target=\"_blank\" rel=\"noreferrer noopener\"><a href=\"https:\/\/drive.google.com\/file\/d\/10gcFMETf33tSqEWrV9a55YnT_SdiwZEu\/view?usp=sharing\" target=\"_blank\" rel=\"noreferrer noopener\"><span style=\"color: #0f0e17;\" class=\"stk-highlight\">Strategic planning timeline 2022<\/span><\/a><\/a><\/h3><\/div>\n<\/div><\/div><\/div>\n<\/div><\/div>\n\n\n\n<div class=\"wp-block-stackable-columns stk-block-columns stk-block stk-f045b53 stk-block-background\" data-block-id=\"f045b53\"><style>.stk-f045b53 {background-color:#c7b7dc !important;padding-top:30px !important;padding-right:30px !important;padding-bottom:30px !important;padding-left:30px !important;}.stk-f045b53:before{background-color:#c7b7dc !important;}<\/style><div class=\"stk-row stk-inner-blocks stk-block-content stk-content-align stk-f045b53-column\">\n<div class=\"wp-block-stackable-column stk-block-column stk-column stk-block stk-6093681\" data-v=\"4\" data-block-id=\"6093681\"><div class=\"stk-column-wrapper stk-block-column__content stk-container stk-6093681-container stk--no-background stk--no-padding\"><div class=\"stk-block-content stk-inner-blocks stk-6093681-inner-blocks\">\n<div class=\"wp-block-stackable-heading stk-block-heading stk-block-heading--v2 stk-block stk-0c87dd5\" id=\"a-href-https-drive-google-com-file-d-1-ez-lm-f-0-p-5-x-y-9-aw-hv-25-z-5-x-mgt-2-f-v-mv-484-view-usp-sharing-target-blank-rel-noreferrer-noopener-a-href-https-drive-google-com-file-d-1-gm-oh-jq-v-4-wq-4-xx-vd-onp-4-c-kjy-gklu-fh-d-7-view-usp-sharing-target-blank-rel-noreferrer-noopener-span-style-color-0-f-0-e-17-class-stk-highlight-calendarizacion-de-grupos-focales-2024-span-a-a\" data-block-id=\"0c87dd5\"><style>.stk-0c87dd5 .stk-block-heading__text{font-weight:500 !important;}<\/style><h3 class=\"stk-block-heading__text\"><a href=\"https:\/\/drive.google.com\/file\/d\/1_EzLmF0p5xY9awHv25z5XMgt2fVMv484\/view?usp=sharing\" target=\"_blank\" rel=\"noreferrer noopener\"><a href=\"https:\/\/drive.google.com\/file\/d\/1gmOHJq-V4wq4XxVdOnp4cKjyGkluFhD7\/view?usp=sharing\" target=\"_blank\" rel=\"noreferrer noopener\"><span style=\"color: #0f0e17;\" class=\"stk-highlight\">Focus group scheduling 2024<\/span><\/a><\/a><\/h3><\/div>\n<\/div><\/div><\/div>\n<\/div><\/div>\n\n\n\n<div class=\"wp-block-stackable-columns stk-block-columns stk-block stk-40c9063 stk-block-background\" data-block-id=\"40c9063\"><style>.stk-40c9063 {background-color:#c7b7dc !important;padding-top:30px !important;padding-right:30px !important;padding-bottom:30px !important;padding-left:30px !important;}.stk-40c9063:before{background-color:#c7b7dc !important;}<\/style><div class=\"stk-row stk-inner-blocks stk-block-content stk-content-align stk-40c9063-column\">\n<div class=\"wp-block-stackable-column stk-block-column stk-column stk-block stk-2fc1225\" data-v=\"4\" data-block-id=\"2fc1225\"><div class=\"stk-column-wrapper stk-block-column__content stk-container stk-2fc1225-container stk--no-background stk--no-padding\"><div class=\"stk-block-content stk-inner-blocks stk-2fc1225-inner-blocks\">\n<div class=\"wp-block-stackable-heading stk-block-heading stk-block-heading--v2 stk-block stk-6593198\" id=\"a-href-https-drive-google-com-file-d-1-ez-lm-f-0-p-5-x-y-9-aw-hv-25-z-5-x-mgt-2-f-v-mv-484-view-usp-sharing-target-blank-rel-noreferrer-noopener-a-href-https-drive-google-com-file-d-19-bj-hzym-f-lqknu-d-80-b-1-hk-sg-5-v-g-ud-v-rbx-view-usp-sharing-target-blank-rel-noreferrer-noopener-span-style-color-0-f-0-e-17-class-stk-highlight-ficha-de-no-conformidades-span-a-a\" data-block-id=\"6593198\"><style>.stk-6593198 .stk-block-heading__text{font-weight:500 !important;}<\/style><h3 class=\"stk-block-heading__text\"><a href=\"https:\/\/drive.google.com\/file\/d\/1_EzLmF0p5xY9awHv25z5XMgt2fVMv484\/view?usp=sharing\" target=\"_blank\" rel=\"noreferrer noopener\"><a href=\"https:\/\/drive.google.com\/file\/d\/19BJHzym_fLqknuD80B1HkSg5vGUdVRbx\/view?usp=sharing\" target=\"_blank\" rel=\"noreferrer noopener\"><span style=\"color: #0f0e17;\" class=\"stk-highlight\">Non-Conformity Report<\/span><\/a><\/a><\/h3><\/div>\n<\/div><\/div><\/div>\n<\/div><\/div>\n\n\n\n<div class=\"wp-block-stackable-columns stk-block-columns stk-block stk-3ab8a1f stk-block-background\" data-block-id=\"3ab8a1f\"><style>.stk-3ab8a1f {background-color:#c7b7dc !important;padding-top:30px !important;padding-right:30px !important;padding-bottom:30px !important;padding-left:30px !important;}.stk-3ab8a1f:before{background-color:#c7b7dc !important;}<\/style><div class=\"stk-row stk-inner-blocks stk-block-content stk-content-align stk-3ab8a1f-column\">\n<div class=\"wp-block-stackable-column stk-block-column stk-column stk-block stk-0d79b46\" data-v=\"4\" data-block-id=\"0d79b46\"><div class=\"stk-column-wrapper stk-block-column__content stk-container stk-0d79b46-container stk--no-background stk--no-padding\"><div class=\"stk-block-content stk-inner-blocks stk-0d79b46-inner-blocks\">\n<div class=\"wp-block-stackable-heading stk-block-heading stk-block-heading--v2 stk-block stk-14ca875\" id=\"a-href-https-drive-google-com-file-d-1-ez-lm-f-0-p-5-x-y-9-aw-hv-25-z-5-x-mgt-2-f-v-mv-484-view-usp-sharing-target-blank-rel-noreferrer-noopener-a-href-https-drive-google-com-file-d-149-aa-ho-21-p-8-l-ac-owwa-3-jkw-u-79-ac-ws-aid-view-usp-sharing-target-blank-rel-noreferrer-noopener-span-style-color-0-f-0-e-17-class-stk-highlight-mapa-de-procesos-span-a-a\" data-block-id=\"14ca875\"><style>.stk-14ca875 .stk-block-heading__text{font-weight:500 !important;}<\/style><h3 class=\"stk-block-heading__text\"><a href=\"https:\/\/drive.google.com\/file\/d\/1_EzLmF0p5xY9awHv25z5XMgt2fVMv484\/view?usp=sharing\" target=\"_blank\" rel=\"noreferrer noopener\"><a href=\"https:\/\/drive.google.com\/file\/d\/149AaHO21p8LAcOwwa-3jkwU79ACWsAid\/view?usp=sharing\" target=\"_blank\" rel=\"noreferrer noopener\"><span style=\"color: #0f0e17;\" class=\"stk-highlight\">Process map<\/span><\/a><\/a><\/h3><\/div>\n<\/div><\/div><\/div>\n<\/div><\/div>\n<\/div><\/div><\/div>\n\n\n\n<div class=\"wp-block-stackable-column stk-block-column stk-column stk-block stk-284cd09\" data-v=\"4\" data-block-id=\"284cd09\"><style>@media screen and (min-width: 768px){.stk-284cd09 {flex:var(--stk-flex-grow, 1) 1 calc(40% - var(--stk-column-gap, 0px) * 1 \/ 2 ) !important;}}<\/style><div class=\"stk-column-wrapper stk-block-column__content stk-container stk-284cd09-container stk--no-background stk--no-padding\"><div class=\"stk-block-content stk-inner-blocks stk-284cd09-inner-blocks\">\n<div class=\"wp-block-stackable-image stk-block-image stk-block stk-52af49e\" data-block-id=\"52af49e\"><figure><span class=\"stk-img-wrapper stk-image--shape-stretch\"><img loading=\"lazy\" decoding=\"async\" class=\"stk-img wp-image-296\" src=\"https:\/\/www.ull.es\/servicios\/igualdad\/wp-content\/uploads\/sites\/15\/2024\/07\/4161468.jpg\" width=\"1600\" height=\"1600\" srcset=\"https:\/\/www.ull.es\/servicios\/igualdad\/wp-content\/uploads\/sites\/15\/2024\/07\/4161468.jpg 1600w, https:\/\/www.ull.es\/servicios\/igualdad\/wp-content\/uploads\/sites\/15\/2024\/07\/4161468-300x300.jpg 300w, https:\/\/www.ull.es\/servicios\/igualdad\/wp-content\/uploads\/sites\/15\/2024\/07\/4161468-1024x1024.jpg 1024w, https:\/\/www.ull.es\/servicios\/igualdad\/wp-content\/uploads\/sites\/15\/2024\/07\/4161468-150x150.jpg 150w, https:\/\/www.ull.es\/servicios\/igualdad\/wp-content\/uploads\/sites\/15\/2024\/07\/4161468-768x768.jpg 768w, https:\/\/www.ull.es\/servicios\/igualdad\/wp-content\/uploads\/sites\/15\/2024\/07\/4161468-1536x1536.jpg 1536w, https:\/\/www.ull.es\/servicios\/igualdad\/wp-content\/uploads\/sites\/15\/2024\/07\/4161468-375x375.jpg 375w, https:\/\/www.ull.es\/servicios\/igualdad\/wp-content\/uploads\/sites\/15\/2024\/07\/4161468-750x750.jpg 750w, https:\/\/www.ull.es\/servicios\/igualdad\/wp-content\/uploads\/sites\/15\/2024\/07\/4161468-1140x1140.jpg 1140w, https:\/\/www.ull.es\/servicios\/igualdad\/wp-content\/uploads\/sites\/15\/2024\/07\/4161468-50x50.jpg 50w\" sizes=\"auto, (max-width: 1600px) 100vw, 1600px\" \/><\/span><\/figure><\/div>\n<\/div><\/div><\/div>\n<\/div><\/div>","protected":false},"excerpt":{"rendered":"<p>MANUAL DEL SISTEMA DE GESTI\u00d3N DE IGUALDAD DE G\u00c9NERO Ver m\u00e1s Cronograma de planificaci\u00f3n estat\u00e9gica 2024 Cronograma de planificaci\u00f3n estrat\u00e9gica 2023 Cronograma de planificaci\u00f3n estrat\u00e9gica 2022 Calendarizaci\u00f3n de grupos focales 2024 Ficha de No Conformidades Mapa de procesos<\/p>","protected":false},"author":65,"featured_media":0,"parent":0,"menu_order":0,"comment_status":"closed","ping_status":"closed","template":"templates\/template-frontpage.php","meta":{"_acf_changed":false,"footnotes":""},"class_list":["post-281","page","type-page","status-publish","hentry"],"acf":[],"_links":{"self":[{"href":"https:\/\/www.ull.es\/servicios\/igualdad\/en\/wp-json\/wp\/v2\/pages\/281","targetHints":{"allow":["GET"]}}],"collection":[{"href":"https:\/\/www.ull.es\/servicios\/igualdad\/en\/wp-json\/wp\/v2\/pages"}],"about":[{"href":"https:\/\/www.ull.es\/servicios\/igualdad\/en\/wp-json\/wp\/v2\/types\/page"}],"author":[{"embeddable":true,"href":"https:\/\/www.ull.es\/servicios\/igualdad\/en\/wp-json\/wp\/v2\/users\/65"}],"replies":[{"embeddable":true,"href":"https:\/\/www.ull.es\/servicios\/igualdad\/en\/wp-json\/wp\/v2\/comments?post=281"}],"version-history":[{"count":12,"href":"https:\/\/www.ull.es\/servicios\/igualdad\/en\/wp-json\/wp\/v2\/pages\/281\/revisions"}],"predecessor-version":[{"id":621,"href":"https:\/\/www.ull.es\/servicios\/igualdad\/en\/wp-json\/wp\/v2\/pages\/281\/revisions\/621"}],"wp:attachment":[{"href":"https:\/\/www.ull.es\/servicios\/igualdad\/en\/wp-json\/wp\/v2\/media?parent=281"}],"curies":[{"name":"wp","href":"https:\/\/api.w.org\/{rel}","templated":true}]}}