{"id":31,"date":"2018-10-23T11:30:01","date_gmt":"2018-10-23T11:30:01","guid":{"rendered":"https:\/\/www.ull.es\/servicios\/igualdad\/?page_id=31"},"modified":"2026-03-05T15:59:40","modified_gmt":"2026-03-05T15:59:40","slug":"informacion-general","status":"publish","type":"page","link":"https:\/\/www.ull.es\/servicios\/igualdad\/fr\/informacion-general\/","title":{"rendered":"informations g\u00e9n\u00e9rales"},"content":{"rendered":"<div class=\"wp-block-stackable-columns alignfull stk-block-columns stk-block stk-8750f75\" data-block-id=\"8750f75\"><style>.stk-8750f75 {margin-top:25px !important;margin-bottom:45px !important;}<\/style><div class=\"stk-row stk-inner-blocks stk-block-content stk-content-align stk-8750f75-column alignfull\">\n<div class=\"wp-block-stackable-column stk-block-column stk-column stk-block stk-65e3940\" data-v=\"4\" data-block-id=\"65e3940\"><style>.stk-65e3940 {padding-left:300px !important;}@media screen and (max-width: 1023px){.stk-65e3940 {padding-left:50px !important;}}@media screen and (max-width: 767px){.stk-65e3940 {padding-right:20px !important;padding-left:20px !important;}}<\/style><div class=\"stk-column-wrapper stk-block-column__content stk-container stk-65e3940-container stk--no-background stk--no-padding\"><div class=\"stk-block-content stk-inner-blocks stk-65e3940-inner-blocks\">\n<div class=\"wp-block-stackable-text stk-block-text stk-block stk-ebe7299\" data-block-id=\"ebe7299\"><p class=\"stk-block-text__text\">L\u2019Unit\u00e9 pour l\u2019\u00e9galit\u00e9 des genres a \u00e9t\u00e9 cr\u00e9\u00e9e en 2010, conform\u00e9ment \u00e0 l\u2019\u00e9volution de la l\u00e9gislation espagnole en mati\u00e8re d\u2019\u00e9galit\u00e9 des genres. L\u2019application transversale de ces politiques a conduit \u00e0 leur int\u00e9gration non seulement dans des lois sp\u00e9cifiques relatives \u00e0 l\u2019\u00e9galit\u00e9, telles que la loi organique 3\/2007 du 22 mars, pour l\u2019\u00e9galit\u00e9 effective entre les femmes et les hommes, et la loi des \u00eeles Canaries 1\/2010 du 26 f\u00e9vrier, relative \u00e0 l\u2019\u00e9galit\u00e9 entre les femmes et les hommes (ces deux lois comportant des dispositions applicables notamment \u00e0 l\u2019enseignement sup\u00e9rieur et au secteur public), mais aussi dans d\u2019autres lois pr\u00e9sentant un int\u00e9r\u00eat particulier pour les universit\u00e9s publiques, comme la loi organique 4\/2007 du 12 avril, modifiant la loi organique 6\/2001 relative aux universit\u00e9s, et la loi 7\/2007 du 12 avril, relative au statut de base des agents de la fonction publique.<\/p><\/div>\n<\/div><\/div><\/div>\n\n\n\n<div class=\"wp-block-stackable-column stk-block-column stk-column stk-block stk-77a24ec\" data-v=\"4\" data-block-id=\"77a24ec\"><style>.stk-77a24ec {align-items:center !important;padding-right:300px !important;display:flex !important;}@media screen and (max-width: 1023px){.stk-77a24ec {align-items:flex-start !important;padding-right:50px !important;display:flex !important;}}@media screen and (max-width: 767px){.stk-77a24ec-inner-blocks{align-items:center !important;}.stk-77a24ec {padding-right:0px !important;}}<\/style><div class=\"stk-column-wrapper stk-block-column__content stk-container stk-77a24ec-container stk--no-background stk--no-padding\"><div class=\"stk-block-content stk-inner-blocks stk-77a24ec-inner-blocks\">\n<div class=\"wp-block-stackable-image stk-block-image stk-block stk-b665757\" data-block-id=\"b665757\"><style>.stk-b665757 .stk-img-wrapper{width:555px !important;height:318px !important;filter:drop-shadow(0px 10px 5px #0000004d) !important;}@media screen and (max-width: 1023px){.stk-b665757 .stk-img-wrapper{width:345px !important;height:197px !important;}}<\/style><figure><span class=\"stk-img-wrapper stk-image--shape-stretch stk--shadow-0px 10px 5px #0000004d\"><img loading=\"lazy\" decoding=\"async\" class=\"stk-img wp-image-32\" src=\"https:\/\/www.ull.es\/servicios\/igualdad\/wp-content\/uploads\/sites\/15\/2018\/10\/info-general-igualdad.jpg\" width=\"1600\" height=\"916\" srcset=\"https:\/\/www.ull.es\/servicios\/igualdad\/wp-content\/uploads\/sites\/15\/2018\/10\/info-general-igualdad.jpg 1600w, https:\/\/www.ull.es\/servicios\/igualdad\/wp-content\/uploads\/sites\/15\/2018\/10\/info-general-igualdad-300x172.jpg 300w, https:\/\/www.ull.es\/servicios\/igualdad\/wp-content\/uploads\/sites\/15\/2018\/10\/info-general-igualdad-768x440.jpg 768w, https:\/\/www.ull.es\/servicios\/igualdad\/wp-content\/uploads\/sites\/15\/2018\/10\/info-general-igualdad-1024x586.jpg 1024w, https:\/\/www.ull.es\/servicios\/igualdad\/wp-content\/uploads\/sites\/15\/2018\/10\/info-general-igualdad-375x215.jpg 375w, https:\/\/www.ull.es\/servicios\/igualdad\/wp-content\/uploads\/sites\/15\/2018\/10\/info-general-igualdad-750x429.jpg 750w, https:\/\/www.ull.es\/servicios\/igualdad\/wp-content\/uploads\/sites\/15\/2018\/10\/info-general-igualdad-1140x653.jpg 1140w\" sizes=\"auto, (max-width: 1600px) 100vw, 1600px\" \/><\/span><\/figure><\/div>\n<\/div><\/div><\/div>\n<\/div><\/div>\n\n\n\n<div class=\"wp-block-stackable-columns alignfull stk-block-columns stk-block stk-33a79a1\" data-block-id=\"33a79a1\"><style>.stk-33a79a1 {margin-bottom:35px !important;}.stk-33a79a1-column{--stk-columns-spacing:0px !important;}<\/style><div class=\"stk-row stk-inner-blocks stk-block-content stk-content-align stk-33a79a1-column alignfull\">\n<div class=\"wp-block-stackable-column stk-block-column stk-column stk-block stk-2c2c4d9\" data-v=\"4\" data-block-id=\"2c2c4d9\"><style>.stk-2c2c4d9-container{margin-top:12px !important;margin-right:12px !important;margin-bottom:12px !important;margin-left:12px !important;}.stk-2c2c4d9 {padding-left:300px !important;}@media screen and (max-width: 1023px){.stk-2c2c4d9 {padding-left:50px !important;}}@media screen and (max-width: 767px){.stk-2c2c4d9 {padding-right:20px !important;padding-left:20px !important;}}<\/style><div class=\"stk-column-wrapper stk-block-column__content stk-container stk-2c2c4d9-container stk--no-background stk--no-padding\"><div class=\"stk-block-content stk-inner-blocks stk-2c2c4d9-inner-blocks\">\n<div class=\"wp-block-stackable-icon-box stk-block-icon-box stk-block stk-e5c0acd stk-block-background\" data-v=\"2\" data-block-id=\"e5c0acd\"><style>.stk-e5c0acd {background-color:#5c068c !important;border-top-left-radius:10px !important;border-top-right-radius:10px !important;border-bottom-right-radius:10px !important;border-bottom-left-radius:10px !important;overflow:hidden !important;}.stk-e5c0acd:before{background-color:#5c068c !important;}<\/style><div class=\"stk-block-content stk-inner-blocks stk-block-icon-box__content stk-container stk-e5c0acd-container stk--no-background stk--no-padding\">\n<div class=\"wp-block-stackable-icon-label stk-block-icon-label stk-block stk-db9748d\" data-block-id=\"db9748d\"><style>.stk-db9748d .stk-inner-blocks{gap:15px !important;}.stk-db9748d {margin-bottom:0px !important;}<\/style><div class=\"stk-row stk-inner-blocks stk-block-content\">\n<div class=\"wp-block-stackable-icon stk-block-icon has-text-align-left stk-block stk-03f7585\" data-block-id=\"03f7585\"><style>.stk-03f7585 .stk--svg-wrapper .stk--inner-svg svg:last-child{height:25px !important;width:25px !important;}.stk-03f7585 .stk--svg-wrapper .stk--inner-svg svg:last-child, .stk-03f7585 .stk--svg-wrapper .stk--inner-svg svg:last-child :is(g, path, rect, polygon, ellipse){fill:#ffffff !important;}<\/style><span class=\"stk--svg-wrapper\"><div class=\"stk--inner-svg\"><svg style=\"height:0;width:0\"><defs><lineargradient id=\"linear-gradient-03f7585\" x1=\"0\" x2=\"100%\" y1=\"0\" y2=\"0\"><stop offset=\"0%\" style=\"stop-opacity:1;stop-color:var(--linear-gradient-03-f-7585-color-1)\"><\/stop><stop offset=\"100%\" style=\"stop-opacity:1;stop-color:var(--linear-gradient-03-f-7585-color-2)\"><\/stop><\/lineargradient><\/defs><\/svg><svg xmlns=\"http:\/\/www.w3.org\/2000\/svg\" viewbox=\"0 0 576 512\" aria-hidden=\"true\" width=\"32\" height=\"32\"><path d=\"M543.8 287.6c17 0 32-14 32-32.1c1-9-3-17-11-24L512 185V64c0-17.7-14.3-32-32-32H448c-17.7 0-32 14.3-32 32v36.7L309.5 7c-6-5-14-7-21-7s-15 1-22 8L10 231.5c-7 7-10 15-10 24c0 18 14 32.1 32 32.1h32v69.7c-.1 .9-.1 1.8-.1 2.8V472c0 22.1 17.9 40 40 40h16c1.2 0 2.4-.1 3.6-.2c1.5 .1 3 .2 4.5 .2H160h24c22.1 0 40-17.9 40-40V448 384c0-17.7 14.3-32 32-32h64c17.7 0 32 14.3 32 32v64 24c0 22.1 17.9 40 40 40h24 32.5c1.4 0 2.8 0 4.2-.1c1.1 .1 2.2 .1 3.3 .1h16c22.1 0 40-17.9 40-40V455.8c.3-2.6 .5-5.3 .5-8.1l-.7-160.2h32z\"\/><\/svg><\/div><\/span><\/div>\n\n\n\n<div class=\"wp-block-stackable-heading stk-block-heading stk-block-heading--v2 stk-block stk-198622c\" id=\"funciones\" data-block-id=\"198622c\"><style>.stk-198622c .stk-block-heading__text{font-size:16px !important;color:#ffffff !important;font-weight:400 !important;}@media screen and (max-width: 1023px){.stk-198622c .stk-block-heading__text{font-size:16px !important;}}<\/style><p class=\"stk-block-heading__text has-text-color\">FONCTIONS<\/p><\/div>\n<\/div><\/div>\n<\/div><\/div>\n\n\n\n<div class=\"wp-block-stackable-text stk-block-text stk-block stk-1f9a65c\" data-block-id=\"1f9a65c\"><p class=\"stk-block-text__text\">L\u2019Unit\u00e9 pour l\u2019\u00e9galit\u00e9 des genres de l\u2019Universit\u00e9 de La Laguna a ses propres fonctions, bien que tous les groupes, organes et unit\u00e9s organisationnelles de l\u2019universit\u00e9 soient impliqu\u00e9s de mani\u00e8re transversale par le principe d\u2019\u00e9galit\u00e9 entre les femmes et les hommes conform\u00e9ment au cadre r\u00e9glementaire applicable.<br><br>\u00c0 titre d\u2019actions g\u00e9n\u00e9rales, les mesures suivantes sont propos\u00e9es\u00a0: des actions de sensibilisation pour promouvoir l\u2019\u00e9galit\u00e9 des sexes au sein de la communaut\u00e9 universitaire, la coordination des politiques et des actions, ainsi que l\u2019\u00e9valuation, le suivi et l\u2019appr\u00e9ciation du respect de la l\u00e9gislation, des plans et des mesures visant \u00e0 parvenir \u00e0 une \u00e9galit\u00e9 des sexes effective.<br><br>Entre autres, des mesures plus sp\u00e9cifiques sont prises pour corriger les in\u00e9galit\u00e9s entre les sexes, avec une attention particuli\u00e8re port\u00e9e aux victimes de violences sexistes, de harc\u00e8lement sexuel et\/ou sexiste, et des actions sont propos\u00e9es pour concilier vie personnelle, familiale, professionnelle et universitaire.<br><br>Enfin, il convient de souligner les actions qui facilitent la formation, la recherche, le transfert et la gestion dans une perspective de genre ; ainsi que les conseils en mati\u00e8re d&#039;\u00e9galit\u00e9 des genres destin\u00e9s aux individus, aux groupes, aux unit\u00e9s organisationnelles et aux instances de la communaut\u00e9 universitaire.<\/p><\/div>\n<\/div><\/div><\/div>\n\n\n\n<div class=\"wp-block-stackable-column stk-block-column stk-column stk-block stk-66705c2\" data-v=\"4\" data-block-id=\"66705c2\"><style>.stk-66705c2 {padding-right:300px !important;}@media screen and (max-width: 1023px){.stk-66705c2 {padding-right:50px !important;}}@media screen and (max-width: 767px){.stk-66705c2 {padding-right:20px !important;padding-left:20px !important;}}<\/style><div class=\"stk-column-wrapper stk-block-column__content stk-container stk-66705c2-container stk--no-background stk--no-padding\"><div class=\"stk-block-content stk-inner-blocks stk-66705c2-inner-blocks\">\n<div class=\"wp-block-stackable-columns stk-block-columns stk-block stk-b0c390c\" data-block-id=\"b0c390c\"><style>.stk-b0c390c-column{flex-wrap:wrap !important;--stk-flex-grow:0 !important;row-gap:24px !important;}<\/style><div class=\"stk-row stk-inner-blocks stk-block-content stk-content-align stk-b0c390c-column\">\n<div class=\"wp-block-stackable-column stk-block-column stk-column stk-block stk-320c0d3\" data-v=\"4\" data-block-id=\"320c0d3\"><style>@media screen and (min-width: 768px){.stk-320c0d3 {flex:var(--stk-flex-grow, 1) 1 calc(100% - var(--stk-column-gap, 0px) * 0 \/ 1 ) !important;}}<\/style><div class=\"stk-column-wrapper stk-block-column__content stk-container stk-320c0d3-container stk--no-background stk--no-padding\"><div class=\"stk-block-content stk-inner-blocks stk-320c0d3-inner-blocks\">\n<div class=\"wp-block-stackable-icon-box stk-block-icon-box stk-block stk-447c9ba stk-block-background\" data-v=\"2\" data-block-id=\"447c9ba\"><style>.stk-447c9ba {background-color:#5c068c !important;border-top-left-radius:10px !important;border-top-right-radius:10px !important;border-bottom-right-radius:10px !important;border-bottom-left-radius:10px !important;overflow:hidden !important;}.stk-447c9ba:before{background-color:#5c068c !important;}<\/style><div class=\"stk-block-content stk-inner-blocks stk-block-icon-box__content stk-container stk-447c9ba-container stk--no-background stk--no-padding\">\n<div class=\"wp-block-stackable-icon-label stk-block-icon-label stk-block stk-6f7a43a\" data-block-id=\"6f7a43a\"><style>.stk-6f7a43a .stk-inner-blocks{gap:15px !important;}.stk-6f7a43a {margin-bottom:0px !important;}<\/style><div class=\"stk-row stk-inner-blocks stk-block-content\">\n<div class=\"wp-block-stackable-icon stk-block-icon has-text-align-left stk-block stk-28fcd1e\" data-block-id=\"28fcd1e\"><style>.stk-28fcd1e .stk--svg-wrapper .stk--inner-svg svg:last-child{height:25px !important;width:25px !important;}.stk-28fcd1e .stk--svg-wrapper .stk--inner-svg svg:last-child, .stk-28fcd1e .stk--svg-wrapper .stk--inner-svg svg:last-child :is(g, path, rect, polygon, ellipse){fill:#ffffff !important;}<\/style><span class=\"stk--svg-wrapper\"><div class=\"stk--inner-svg\"><svg style=\"height:0;width:0\"><defs><lineargradient id=\"linear-gradient-28fcd1e\" x1=\"0\" x2=\"100%\" y1=\"0\" y2=\"0\"><stop offset=\"0%\" style=\"stop-opacity:1;stop-color:var(--linear-gradient-28-fcd-1-e-color-1)\"><\/stop><stop offset=\"100%\" style=\"stop-opacity:1;stop-color:var(--linear-gradient-28-fcd-1-e-color-2)\"><\/stop><\/lineargradient><\/defs><\/svg><svg xmlns=\"http:\/\/www.w3.org\/2000\/svg\" viewbox=\"0 0 640 512\" aria-hidden=\"true\" width=\"32\" height=\"32\"><path d=\"M144 0a80 80 0 1 1 0 160A80 80 0 1 1 144 0zM512 0a80 80 0 1 1 0 160A80 80 0 1 1 512 0zM0 298.7C0 239.8 47.8 192 106.7 192h42.7c15.9 0 31 3.5 44.6 9.7c-1.3 7.2-1.9 14.7-1.9 22.3c0 38.2 16.8 72.5 43.3 96c-.2 0-.4 0-.7 0H21.3C9.6 320 0 310.4 0 298.7zM405.3 320c-.2 0-.4 0-.7 0c26.6-23.5 43.3-57.8 43.3-96c0-7.6-.7-15-1.9-22.3c13.6-6.3 28.7-9.7 44.6-9.7h42.7C592.2 192 640 239.8 640 298.7c0 11.8-9.6 21.3-21.3 21.3H405.3zM224 224a96 96 0 1 1 192 0 96 96 0 1 1 -192 0zM128 485.3C128 411.7 187.7 352 261.3 352H378.7C452.3 352 512 411.7 512 485.3c0 14.7-11.9 26.7-26.7 26.7H154.7c-14.7 0-26.7-11.9-26.7-26.7z\"\/><\/svg><\/div><\/span><\/div>\n\n\n\n<div class=\"wp-block-stackable-heading stk-block-heading stk-block-heading--v2 stk-block stk-fbfc13e\" id=\"estructura\" data-block-id=\"fbfc13e\"><style>.stk-fbfc13e .stk-block-heading__text{font-size:16px !important;color:#ffffff !important;font-weight:400 !important;}@media screen and (max-width: 1023px){.stk-fbfc13e .stk-block-heading__text{font-size:16px !important;}}<\/style><p class=\"stk-block-heading__text has-text-color\">STRUCTURE<\/p><\/div>\n<\/div><\/div>\n<\/div><\/div>\n\n\n\n<div class=\"wp-block-stackable-text stk-block-text stk-block stk-0599035\" data-block-id=\"0599035\"><style>.stk-0599035 .stk-block-text__text{line-height:1.5em !important;}<\/style><p class=\"stk-block-text__text\">Actuellement, l&#039;UIG compte deux professeures nomm\u00e9es directrice et directrice adjointe dans le cadre du plan de soutien \u00e0 la gestion universitaire.<br><br><strong>Directeur<\/strong>: Carmen Marina Barreto Vargas\u00a0\u00a0\u00a0<a href=\"mailto:igualdad@ull.edu.es\" target=\"_blank\" rel=\"noreferrer noopener\">igualdad@ull.es<\/a><br><br><strong>Directeur adjoint<\/strong>Rosa Mar\u00eda Henr\u00edquez Rodr\u00edguez\u00a0<a href=\"mailto:sbiguald@ull.es\" target=\"_blank\" rel=\"noreferrer noopener\">sbiguald@ull.es<\/a><br><br>L&#039;Universit\u00e9 de La Laguna, par le biais de son Unit\u00e9 pour l&#039;\u00e9galit\u00e9 des genres, dispose depuis avril 2022 du Bureau de pr\u00e9vention et de r\u00e9ponse au harc\u00e8lement sexuel et sexiste dot\u00e9 d&#039;un personnel technique sp\u00e9cialis\u00e9 dans les questions d&#039;\u00e9galit\u00e9 des genres.\u00a0<a href=\"mailto:opraservicio@ull.edu.es\" target=\"_blank\" rel=\"noreferrer noopener\">opraservicio@ull.es<\/a><\/p><\/div>\n<\/div><\/div><\/div>\n\n\n\n<div class=\"wp-block-stackable-column stk-block-column stk-column stk-block stk-d4fb4a6\" data-v=\"4\" data-block-id=\"d4fb4a6\"><style>@media screen and (min-width: 768px){.stk-d4fb4a6 {flex:var(--stk-flex-grow, 1) 1 calc(100% - var(--stk-column-gap, 0px) * 0 \/ 1 ) !important;}}<\/style><div class=\"stk-column-wrapper stk-block-column__content stk-container stk-d4fb4a6-container stk--no-background stk--no-padding\"><div class=\"stk-block-content stk-inner-blocks stk-d4fb4a6-inner-blocks\">\n<div class=\"wp-block-stackable-heading stk-block-heading stk-block-heading--v2 stk-block stk-4284105 stk-block-background\" id=\"representantes-de-politicas-de-igualdad-de-genero-y-comisiones-de-igualdad\" data-block-id=\"4284105\"><style>.stk-4284105 {background-color:#5c068c !important;border-top-left-radius:10px !important;border-top-right-radius:10px !important;border-bottom-right-radius:10px !important;border-bottom-left-radius:10px !important;overflow:hidden !important;}.stk-4284105:before{background-color:#5c068c !important;}.stk-4284105 .stk-block-heading__text{font-size:16px !important;color:#fffffe !important;font-weight:400 !important;}@media screen and (max-width: 1023px){.stk-4284105 .stk-block-heading__text{font-size:16px !important;}}<\/style><h2 class=\"stk-block-heading__text has-text-color\">REPR\u00c9SENTANTS DES POLITIQUES D&#039;\u00c9GALIT\u00c9 DES GENRES ET COMMISSIONS POUR L&#039;\u00c9GALIT\u00c9<\/h2><\/div>\n\n\n\n<div class=\"wp-block-stackable-text stk-block-text stk-block stk-645f9ee\" data-block-id=\"645f9ee\"><p class=\"stk-block-text__text\">Chaque unit\u00e9 organisationnelle de l&#039;Universit\u00e9 de La Laguna (c&#039;est-\u00e0-dire chaque facult\u00e9, \u00e9cole et d\u00e9partement) doit avoir une personne qui agit en tant que repr\u00e9sentante en mati\u00e8re de politiques d&#039;\u00e9galit\u00e9 des sexes au sein de ladite unit\u00e9 organisationnelle.<\/p><\/div>\n\n\n\n<p>Des comit\u00e9s pour l&#039;\u00e9galit\u00e9 ont \u00e9t\u00e9 mis en place en tant que groupes de travail afin de faciliter et de promouvoir les actions en faveur de l&#039;\u00e9galit\u00e9. Ils peuvent \u00eatre compos\u00e9s de repr\u00e9sentants des politiques d&#039;\u00e9galit\u00e9 et\/ou de membres du personnel enseignant et de recherche, du personnel administratif et de service, ou d&#039;\u00e9tudiants.&nbsp;<\/p>\n<\/div><\/div><\/div>\n<\/div><\/div>\n<\/div><\/div><\/div>\n<\/div><\/div>\n\n\n\n<div class=\"wp-block-stackable-columns alignfull stk-block-columns stk-block stk-8ca379a\" data-block-id=\"8ca379a\"><div class=\"stk-row stk-inner-blocks stk-block-content stk-content-align stk-8ca379a-column alignfull\">\n<div class=\"wp-block-stackable-column stk-block-column stk-column stk-block stk-9674bb7\" data-v=\"4\" data-block-id=\"9674bb7\"><style>.stk-9674bb7 {padding-right:300px !important;padding-left:300px !important;}@media screen and (max-width: 1023px){.stk-9674bb7 {padding-right:50px !important;padding-left:50px !important;}}@media screen and (max-width: 767px){.stk-9674bb7 {padding-right:20px !important;padding-left:20px !important;}}<\/style><div class=\"stk-column-wrapper stk-block-column__content stk-container stk-9674bb7-container stk--no-background stk--no-padding\"><div class=\"stk-block-content stk-inner-blocks stk-9674bb7-inner-blocks\">\n<div class=\"wp-block-stackable-icon-box stk-block-icon-box stk-block stk-0680c94 stk-block-background\" data-v=\"2\" data-block-id=\"0680c94\"><style>.stk-0680c94 {background-color:#5c068c !important;border-top-left-radius:10px !important;border-top-right-radius:10px !important;border-bottom-right-radius:10px !important;border-bottom-left-radius:10px !important;overflow:hidden !important;}.stk-0680c94:before{background-color:#5c068c !important;}<\/style><div class=\"stk-block-content stk-inner-blocks stk-block-icon-box__content stk-container stk-0680c94-container stk--no-background stk--no-padding\">\n<div class=\"wp-block-stackable-icon-label stk-block-icon-label stk-block stk-d6ac212\" data-block-id=\"d6ac212\"><style>.stk-d6ac212 .stk-inner-blocks{gap:15px !important;}.stk-d6ac212 {margin-bottom:0px !important;}<\/style><div class=\"stk-row stk-inner-blocks stk-block-content\">\n<div class=\"wp-block-stackable-icon stk-block-icon has-text-align-left stk-block stk-66b2518\" data-block-id=\"66b2518\"><style>.stk-66b2518 .stk--svg-wrapper .stk--inner-svg svg:last-child{height:25px !important;width:25px !important;}.stk-66b2518 .stk--svg-wrapper .stk--inner-svg svg:last-child, .stk-66b2518 .stk--svg-wrapper .stk--inner-svg svg:last-child :is(g, path, rect, polygon, ellipse){fill:#ffffff !important;}<\/style><span class=\"stk--svg-wrapper\"><div class=\"stk--inner-svg\"><svg style=\"height:0;width:0\"><defs><lineargradient id=\"linear-gradient-66b2518\" x1=\"0\" x2=\"100%\" y1=\"0\" y2=\"0\"><stop offset=\"0%\" style=\"stop-opacity:1;stop-color:var(--linear-gradient-66-b-2518-color-1)\"><\/stop><stop offset=\"100%\" style=\"stop-opacity:1;stop-color:var(--linear-gradient-66-b-2518-color-2)\"><\/stop><\/lineargradient><\/defs><\/svg><svg xmlns=\"http:\/\/www.w3.org\/2000\/svg\" viewbox=\"0 0 448 512\" aria-hidden=\"true\" width=\"32\" height=\"32\"><path d=\"M96 0C43 0 0 43 0 96V416c0 53 43 96 96 96H384h32c17.7 0 32-14.3 32-32s-14.3-32-32-32V384c17.7 0 32-14.3 32-32V32c0-17.7-14.3-32-32-32H384 96zm0 384H352v64H96c-17.7 0-32-14.3-32-32s14.3-32 32-32zm32-240c0-8.8 7.2-16 16-16H336c8.8 0 16 7.2 16 16s-7.2 16-16 16H144c-8.8 0-16-7.2-16-16zm16 48H336c8.8 0 16 7.2 16 16s-7.2 16-16 16H144c-8.8 0-16-7.2-16-16s7.2-16 16-16z\"\/><\/svg><\/div><\/span><\/div>\n\n\n\n<div class=\"wp-block-stackable-heading stk-block-heading stk-block-heading--v2 stk-block stk-d20be37\" id=\"convenios\" data-block-id=\"d20be37\"><style>.stk-d20be37 .stk-block-heading__text{font-size:16px !important;color:#ffffff !important;font-weight:400 !important;}@media screen and (max-width: 1023px){.stk-d20be37 .stk-block-heading__text{font-size:16px !important;}}<\/style><p class=\"stk-block-heading__text has-text-color\">ACCORDS<\/p><\/div>\n<\/div><\/div>\n<\/div><\/div>\n\n\n\n<div class=\"wp-block-stackable-text stk-block-text stk-block stk-d13720e\" data-block-id=\"d13720e\"><p class=\"stk-block-text__text\">L&#039;Unit\u00e9 \u00c9galit\u00e9 (UIG) collabore avec les Unit\u00e9s \u00c9galit\u00e9 d&#039;autres universit\u00e9s espagnoles. Son directeur est \u00e9galement membre du groupe sectoriel du CRUE sur les politiques d&#039;\u00e9galit\u00e9 et du Conseil pour l&#039;\u00e9galit\u00e9 des \u00eeles Canaries, pr\u00e9sid\u00e9 par le directeur de l&#039;Institut pour l&#039;\u00e9galit\u00e9 des \u00eeles Canaries. L&#039;unit\u00e9 est par ailleurs un acteur cl\u00e9 du Plan strat\u00e9gique Tenerife Violeta du Conseil insulaire de Tenerife.<\/p><\/div>\n<\/div><\/div><\/div>\n<\/div><\/div>","protected":false},"excerpt":{"rendered":"<p>L\u2019Unit\u00e9 \u00c9galit\u00e9 des genres a \u00e9t\u00e9 cr\u00e9\u00e9e en 2010 en r\u00e9ponse \u00e0 l\u2019\u00e9volution de la l\u00e9gislation sur l\u2019\u00e9galit\u00e9 des genres en Espagne. L\u2019application transversale de ces politiques a conduit \u00e0 leur int\u00e9gration non seulement dans des lois sp\u00e9cifiques sur l\u2019\u00e9galit\u00e9, telles que la Loi organique\u2026<\/p>","protected":false},"author":47,"featured_media":0,"parent":0,"menu_order":0,"comment_status":"closed","ping_status":"closed","template":"templates\/template-frontpage.php","meta":{"_acf_changed":false,"footnotes":""},"class_list":["post-31","page","type-page","status-publish","hentry"],"acf":[],"_links":{"self":[{"href":"https:\/\/www.ull.es\/servicios\/igualdad\/fr\/wp-json\/wp\/v2\/pages\/31","targetHints":{"allow":["GET"]}}],"collection":[{"href":"https:\/\/www.ull.es\/servicios\/igualdad\/fr\/wp-json\/wp\/v2\/pages"}],"about":[{"href":"https:\/\/www.ull.es\/servicios\/igualdad\/fr\/wp-json\/wp\/v2\/types\/page"}],"author":[{"embeddable":true,"href":"https:\/\/www.ull.es\/servicios\/igualdad\/fr\/wp-json\/wp\/v2\/users\/47"}],"replies":[{"embeddable":true,"href":"https:\/\/www.ull.es\/servicios\/igualdad\/fr\/wp-json\/wp\/v2\/comments?post=31"}],"version-history":[{"count":30,"href":"https:\/\/www.ull.es\/servicios\/igualdad\/fr\/wp-json\/wp\/v2\/pages\/31\/revisions"}],"predecessor-version":[{"id":404,"href":"https:\/\/www.ull.es\/servicios\/igualdad\/fr\/wp-json\/wp\/v2\/pages\/31\/revisions\/404"}],"wp:attachment":[{"href":"https:\/\/www.ull.es\/servicios\/igualdad\/fr\/wp-json\/wp\/v2\/media?parent=31"}],"curies":[{"name":"wp","href":"https:\/\/api.w.org\/{rel}","templated":true}]}}