{"id":34,"date":"2018-10-23T11:37:37","date_gmt":"2018-10-23T11:37:37","guid":{"rendered":"https:\/\/www.ull.es\/servicios\/igualdad\/?page_id=34"},"modified":"2026-03-06T08:00:10","modified_gmt":"2026-03-06T08:00:10","slug":"normativa","status":"publish","type":"page","link":"https:\/\/www.ull.es\/servicios\/igualdad\/fr\/normativa\/","title":{"rendered":"R\u00e8glements"},"content":{"rendered":"\n<div class=\"wp-block-stackable-columns alignfull stk-block-columns stk-block stk-cfa7b49\" data-block-id=\"cfa7b49\"><style>.stk-cfa7b49 {margin-top:56px !important;margin-bottom:25px !important;}.stk-cfa7b49-column{max-width:1140px !important;min-width:auto !important;margin-right:auto !important;margin-left:auto !important;}@media screen and (max-width: 1023px){.stk-cfa7b49-column{max-width:725px !important;min-width:auto !important;}}@media screen and (max-width: 767px){.stk-cfa7b49-column{max-width:375px !important;min-width:auto !important;}}<\/style><div class=\"stk-row stk-inner-blocks stk-block-content stk-content-align stk-cfa7b49-column alignfull\">\n<div class=\"wp-block-stackable-column stk-block-column stk-column stk-block stk-f3975fb\" data-v=\"4\" data-block-id=\"f3975fb\"><div class=\"stk-column-wrapper stk-block-column__content stk-container stk-f3975fb-container stk--no-background stk--no-padding\"><div class=\"stk-block-content stk-inner-blocks stk-f3975fb-inner-blocks\">\n<div class=\"wp-block-stackable-heading stk-block-heading stk-block-heading--v2 stk-block stk-1b3f9cf\" id=\"normativa\" data-block-id=\"1b3f9cf\"><style>.stk-1b3f9cf .stk-block-heading__text{font-size:30px !important;color:#5c068c !important;font-weight:700 !important;}@media screen and (max-width: 1023px){.stk-1b3f9cf .stk-block-heading__text{font-size:30px !important;}}<\/style><h2 class=\"stk-block-heading__text has-text-color\">NORMATIVA<\/h2><\/div>\n<\/div><\/div><\/div>\n<\/div><\/div>\n\n\n\n<div class=\"wp-block-stackable-columns alignfull stk-block-columns stk-block stk-890ef54\" data-block-id=\"890ef54\"><style>.stk-890ef54-column{max-width:1140px !important;min-width:auto !important;margin-right:auto !important;margin-left:auto !important;}@media screen and (max-width: 1023px){.stk-890ef54-column{max-width:725px !important;min-width:auto !important;}}@media screen and (max-width: 767px){.stk-890ef54-column{max-width:375px !important;min-width:auto !important;}}<\/style><div class=\"stk-row stk-inner-blocks stk-block-content stk-content-align stk-890ef54-column alignfull\">\n<div class=\"wp-block-stackable-column stk-block-column stk-column stk-block stk-651f895\" data-v=\"4\" data-block-id=\"651f895\"><div class=\"stk-column-wrapper stk-block-column__content stk-container stk-651f895-container stk--no-background stk--no-padding\"><div class=\"stk-block-content stk-inner-blocks stk-651f895-inner-blocks\">\n<div class=\"wp-block-stackable-tabs stk-block-tabs stk-block stk-199b003\" data-initial-tab=\"1\" data-block-id=\"199b003\"><style>.stk-199b003 {--tabs-gap:0px !important;}.stk-199b003 .stk-block-tab-content .stk-block-content .stk-block-column[hidden]{display:none !important;}@media screen and (max-width: 767px){.stk-199b003 {--tabs-gap:0px !important;}}<\/style><div class=\"stk-row stk-inner-blocks stk-block-content stk-block-tabs--vertical stk-block-tabs--fade stk-content-align stk-199b003-column\">\n<div class=\"wp-block-stackable-tab-labels stk-block-tab-labels stk-block stk-1a20e93\" data-block-id=\"1a20e93\"><style>.stk-1a20e93 {--tabs-row-gap:1px !important;border-top-left-radius:5px !important;border-top-right-radius:5px !important;border-bottom-right-radius:5px !important;border-bottom-left-radius:5px !important;overflow:hidden !important;box-shadow:0px -1px 0px 0px #0000001a !important;}.stk-1a20e93 .stk-block-tabs__tab{color:#666666 !important;padding-right:20px !important;padding-left:20px !important;background:#ebebeb !important;border-top-left-radius:5px !important;border-top-right-radius:0px !important;border-bottom-right-radius:0px !important;border-bottom-left-radius:5px !important;border-style:solid !important;border-color:#e3e3e3 !important;border-top-width:1px !important;border-right-width:1px !important;border-bottom-width:1px !important;border-left-width:1px !important;}.stk-1a20e93 .stk-block-tabs__tab.stk-block-tabs__tab--active .stk-block-tab-labels__text{color:#666666 !important;}.stk-1a20e93 .stk-block-tab-labels__text{font-size:16px !important;color:#666666 !important;font-weight:700 !important;}.stk-1a20e93 .stk-block-tabs__tab .stk--inner-svg svg:last-child, .stk-1a20e93 .stk-block-tabs__tab .stk--inner-svg svg:last-child :is(g, path, rect, polygon, ellipse){fill:#909090 !important;}.stk-1a20e93 .stk-block-tabs__tab:not(.stk-block-tabs__tab--active):hover .stk--inner-svg svg:last-child, .stk-1a20e93 .stk-block-tabs__tab:not(.stk-block-tabs__tab--active):hover .stk--inner-svg svg:last-child :is(g, path, rect, polygon, ellipse){fill:#909090 !important;}.stk-1a20e93 .stk-block-tabs__tab.stk-block-tabs__tab--active{background:#f8f8f8 !important;border-color:#000000 !important;border-top-width:0px !important;border-right-width:0px !important;border-bottom-width:0px !important;border-left-width:0px !important;}.stk-1a20e93 .stk-block-tabs__tab.stk-block-tabs__tab--active .stk--inner-svg svg:last-child, .stk-1a20e93 .stk-block-tabs__tab.stk-block-tabs__tab--active .stk--inner-svg svg:last-child :is(g, path, rect, polygon, ellipse){fill:#000000 !important;}.stk-1a20e93 .stk-block-tabs__tab.stk-block-tabs__tab--active:hover .stk--inner-svg svg:last-child, .stk-1a20e93 .stk-block-tabs__tab.stk-block-tabs__tab--active:hover .stk--inner-svg svg:last-child :is(g, path, rect, polygon, ellipse){fill:#000000 !important;}@media screen and (max-width: 1023px){.stk-1a20e93 .stk-block-tab-labels__text{font-size:16px !important;}}<\/style><div class=\"stk-block-tab-labels__wrapper\" role=\"tablist\"><button class=\"stk-block-tabs__tab\" role=\"tab\"><div class=\"stk-block-tab-labels__text\"><span>Internacional<\/span><\/div><\/button><button class=\"stk-block-tabs__tab\" role=\"tab\"><div class=\"stk-block-tab-labels__text\"><span>Estatal<\/span><\/div><\/button><button class=\"stk-block-tabs__tab\" role=\"tab\"><div class=\"stk-block-tab-labels__text\"><span>Auton\u00f3mica<\/span><\/div><\/button><button class=\"stk-block-tabs__tab\" role=\"tab\"><div class=\"stk-block-tab-labels__text\"><span>Universidad de La Laguna<\/span><\/div><\/button><button class=\"stk-block-tabs__tab\" role=\"tab\"><div class=\"stk-block-tab-labels__text\"><span>Diagn\u00f3stico<\/span><\/div><\/button><\/div><\/div>\n\n\n\n<div class=\"wp-block-stackable-tab-content stk-block-tab-content stk-block stk-0d89929\" data-block-id=\"0d89929\"><style>.stk-0d89929 {border-top-left-radius:0px !important;border-top-right-radius:10px !important;border-bottom-right-radius:10px !important;border-bottom-left-radius:10px !important;overflow:hidden !important;border-style:solid !important;border-color:#e3e3e3 !important;border-top-width:1px !important;border-right-width:1px !important;border-bottom-width:1px !important;border-left-width:1px !important;}<\/style><div class=\"stk-row stk-inner-blocks stk-block-content stk-content-align stk-0d89929-column\">\n<div class=\"wp-block-stackable-column stk-block-column stk-column stk-block stk-ffc1222 stk-block-background\" data-v=\"4\" role=\"tabpanel\" data-block-id=\"ffc1222\"><style>.stk-ffc1222-container{margin-top:0px !important;margin-right:0px !important;margin-bottom:0px !important;margin-left:0px !important;}.stk-ffc1222-inner-blocks{align-items:center !important;}.stk-ffc1222 {background-color:#f8f8f8 !important;}.stk-ffc1222:before{background-color:#f8f8f8 !important;}<\/style><div class=\"stk-column-wrapper stk-block-column__content stk-container stk-ffc1222-container stk--no-background stk--no-padding\"><div class=\"stk--column-flex stk-block-content stk-inner-blocks stk-ffc1222-inner-blocks\">\n<div class=\"wp-block-stackable-text stk-block-text stk-block stk-500259f\" data-block-id=\"500259f\"><style>.stk-500259f .stk-block-text__text{font-size:16px !important;line-height:1.2em !important;}@media screen and (max-width: 1023px){.stk-500259f .stk-block-text__text{font-size:16px !important;}}<\/style><p class=\"stk-block-text__text\"><a href=\"https:\/\/www.un.org\/es\/about-us\/universal-declaration-of-human%20rights\" target=\"_blank\" rel=\"noreferrer noopener\" target=\"_blank\" rel=\"noopener\">Declaraci\u00f3n Universal de los Derechos Humanos<\/a><br><br><a href=\"https:\/\/www.un.org\/sustainabledevelopment\/es\/gender-equality\/\" target=\"_blank\" rel=\"noreferrer noopener\" target=\"_blank\" rel=\"noopener\">Objetivos de Desarrollo Sostenible ODS 5 (ONU)<\/a><br><br><a href=\"https:\/\/www.europarl.europa.eu\/factsheets\/es\/sheet\/59\/la-igualdad%20entre-hombres-y-mujeres\" target=\"_blank\" rel=\"noreferrer noopener\" target=\"_blank\" rel=\"noopener\">La igualdad entre hombres y mujeres (Parlamento Europeo)<\/a><br><br><a href=\"https:\/\/www.boe.es\/buscar\/act.php?id=BOE-A-2014-5947\" target=\"_blank\" rel=\"noreferrer noopener\" target=\"_blank\" rel=\"noopener\">Convenio del Consejo de Europa sobre prevenci\u00f3n y lucha contra la\u00a0 violencia contra las mujeres y la violencia dom\u00e9stica (Convenio de\u00a0 Estambul)<\/a><br><br><a href=\"https:\/\/eur-lex.europa.eu\/summary\/chapter\/employment_and_social_policy.html?root_default=SUM_1_CODED%3D17,SUM_2_CODED%3D1710&amp;locale=es\" target=\"_blank\" rel=\"noreferrer noopener\" target=\"_blank\" rel=\"noopener\">Eur-Lex Empleo y Pol\u00edtica Social<\/a><br><br><a href=\"https:\/\/drive.google.com\/file\/d\/1INPUuIoQzhe4BXUFkeCKnu_gnZljCpJu\/view?usp=sharing\" target=\"_blank\" rel=\"noreferrer noopener\" target=\"_blank\" rel=\"noopener\">Conclusiones del Consejo de Europa sobre Pacto Europeo por la Igualdad de G\u00e9nero<\/a><br><br><a href=\"http:\/\/www.europarl.europa.eu\/sides\/getDoc.do?pubRef=-\/\/EP\/\/TEXT+TA+P6-TA-2008-0221+0+DOC+XML+V0\/\/ES\" target=\"_blank\" rel=\"noreferrer noopener\" target=\"_blank\" rel=\"noopener\">Parlamento Europeo\u00a0La mujer y la ciencia<\/a><br><br><a href=\"https:\/\/eur-lex.europa.eu\/legal-content\/ES\/TXT\/?uri=LEGISSUM:c10905#AMEND\" target=\"_blank\" rel=\"noreferrer noopener\" target=\"_blank\" rel=\"noopener\">Eur-Lex\u00a0Igualdad de retribuci\u00f3n<\/a><br><br><a href=\"https:\/\/eur-lex.europa.eu\/legal-content\/ES\/TXT\/?uri=LEGISSUM:c10906\" target=\"_blank\" rel=\"noreferrer noopener\" target=\"_blank\" rel=\"noopener\">Eur-Lex\u00a0Igualdad de trato en lo relativo al acceso al empleo, a la formaci\u00f3n y a la promoci\u00f3n profesionales<\/a><br><br><a href=\"https:\/\/eur-lex.europa.eu\/legal-content\/ES\/TXT\/?uri=LEGISSUM:c10908\" target=\"_blank\" rel=\"noreferrer noopener\" target=\"_blank\" rel=\"noopener\">Eur-Lex\u00a0Reg\u00edmenes profesionales de seguridad social<\/a><br><br><a href=\"https:\/\/eur-lex.europa.eu\/legal-content\/ES\/TXT\/?uri=LEGISSUM:c10914\" target=\"_blank\" rel=\"noreferrer noopener\" target=\"_blank\" rel=\"noopener\">Eur-Lex\u00a0Protecci\u00f3n de las trabajadoras embarazadas y de las nuevas madres<\/a><br><br><a href=\"https:\/\/eur-lex.europa.eu\/legal-content\/ES\/TXT\/?uri=LEGISSUM:c10913\" target=\"_blank\" rel=\"noreferrer noopener\" target=\"_blank\" rel=\"noopener\">Eur-Lex\u00a0Carga de la prueba en los casos de discriminaci\u00f3n basada en el sexo<\/a><br><br><a href=\"https:\/\/eur-lex.europa.eu\/LexUriServ\/LexUriServ.do?uri=OJ:L:1998:014:0009:0014:ES:PDF\" target=\"_blank\" rel=\"noreferrer noopener\" target=\"_blank\" rel=\"noopener\">Eur-Lex Diario Oficial de las Comunidades Europeas<\/a><br><br><a href=\"https:\/\/eur-lex.europa.eu\/legal-content\/ES\/TXT\/?uri=LEGISSUM:c10935\" target=\"_blank\" rel=\"noreferrer noopener\" target=\"_blank\" rel=\"noopener\">Eur-Lex\u00a0Principio de igualdad de trato entre mujeres y hombres fuera del mercado laboral<\/a><br><br><a href=\"https:\/\/eur-lex.europa.eu\/legal-content\/ES\/TXT\/?uri=LEGISSUM:c10908\" target=\"_blank\" rel=\"noreferrer noopener\" target=\"_blank\" rel=\"noopener\">Eur-Lex\u00a0Reg\u00edmenes profesionales de seguridad social<\/a><\/p><\/div>\n<\/div><\/div><\/div>\n\n\n\n<div class=\"wp-block-stackable-column stk-block-column stk-column stk-block stk-5e44e26 stk-block-background\" data-v=\"4\" role=\"tabpanel\" data-block-id=\"5e44e26\"><style>.stk-5e44e26 {background-color:#f8f8f8 !important;}.stk-5e44e26:before{background-color:#f8f8f8 !important;}<\/style><div class=\"stk-column-wrapper stk-block-column__content stk-container stk-5e44e26-container stk--no-background stk--no-padding\"><div class=\"stk-block-content stk-inner-blocks stk-5e44e26-inner-blocks\">\n<div class=\"wp-block-stackable-text stk-block-text stk-block stk-9e0925a\" data-block-id=\"9e0925a\"><style>.stk-9e0925a .stk-block-text__text{font-size:16px !important;line-height:1.2em !important;}@media screen and (max-width: 1023px){.stk-9e0925a .stk-block-text__text{font-size:16px !important;}}<\/style><p class=\"stk-block-text__text\"><a href=\"https:\/\/drive.google.com\/file\/d\/1Rbnw1GbFrnZBsmzCsO_fJI0nSHtxNIGr\/view?usp=sharing\" target=\"_blank\" rel=\"noreferrer noopener\" target=\"_blank\" rel=\"noopener\">Ley Org\u00e1nica Igualdad de G\u00e9nero<\/a><br><br><a href=\"https:\/\/drive.google.com\/file\/d\/1VmZsCmHd5JtPctCw_pHcxfQxx1zpSppe\/view?usp=sharing\" target=\"_blank\" rel=\"noreferrer noopener\" target=\"_blank\" rel=\"noopener\">Ley Org\u00e1nica Contra la Violencia de G\u00e9nero<\/a><br><br><a href=\"https:\/\/www.boe.es\/buscar\/doc.php?id=BOE-A-2014-5947\" target=\"_blank\" rel=\"noreferrer noopener\" target=\"_blank\" rel=\"noopener\">Ratificaci\u00f3n del Convenio del Consejo de Europa (Estambul)<\/a><br><br><a href=\"https:\/\/violenciagenero.igualdad.gob.es\/pactoEstado\/\" target=\"_blank\" rel=\"noreferrer noopener\" target=\"_blank\" rel=\"noopener\">Pacto de Estado contra la Violencia de G\u00e9nero<\/a><br><br><a href=\"https:\/\/www.boe.es\/buscar\/act.php?id=BOE-A-1999-21568\" target=\"_blank\" rel=\"noreferrer noopener\" target=\"_blank\" rel=\"noopener\">Ley Org\u00e1nica de Conciliaci\u00f3n<\/a><br><br><a href=\"https:\/\/www.boe.es\/boe\/dias\/2019\/03\/07\/pdfs\/BOE-A-2019-3244.pdf\" target=\"_blank\" rel=\"noreferrer noopener\" target=\"_blank\" rel=\"noopener\">Real Decreto-ley 6\/2019, de medidas urgentes para garant\u00eda de\u00a0 la igualdad de trato y de oportunidades entre mujeres y hombres en el\u00a0 empleo y la ocupaci\u00f3n<\/a><br><br><a href=\"https:\/\/drive.google.com\/file\/d\/19DFUe2kkNEnqH-KukK5Bj1T2EWaQrCvi\/view?usp=sharing\" target=\"_blank\" rel=\"noreferrer noopener\" target=\"_blank\" rel=\"noopener\">Protocolo frente al acoso Administraci\u00f3n General del Estado<\/a><br><br><a href=\"https:\/\/www.boe.es\/buscar\/act.php?id=BOE-A-2022-14630\" target=\"_blank\" rel=\"noreferrer noopener\" target=\"_blank\" rel=\"noopener\">Ley Org\u00e1nica 10\/2022 de garant\u00eda integral de la libertad sexual\u00a0<\/a><br><br><a href=\"https:\/\/www.boe.es\/boe\/dias\/2022\/09\/06\/pdfs\/BOE-A-2022-14581.pdf\" target=\"_blank\" rel=\"noreferrer noopener\" target=\"_blank\" rel=\"noopener\">Ley Org\u00e1nica 17\/2022 de la Ciencia, la Tecnolog\u00eda y la Innovaci\u00f3n<\/a><br><br><a href=\"https:\/\/www.boe.es\/eli\/es\/l\/2023\/02\/28\/4\" target=\"_blank\" rel=\"noreferrer noopener\" target=\"_blank\" rel=\"noopener\">Ley 4\/2023 para la igualdad real y efectiva de las personas trans y para la garant\u00eda de los derechos de las personas LGTBI<\/a><\/p><\/div>\n<\/div><\/div><\/div>\n\n\n\n<div class=\"wp-block-stackable-column stk-block-column stk-column stk-block stk-aee2e5a stk-block-background\" data-v=\"4\" role=\"tabpanel\" data-block-id=\"aee2e5a\"><style>.stk-aee2e5a {background-color:#f8f8f8 !important;}.stk-aee2e5a:before{background-color:#f8f8f8 !important;}<\/style><div class=\"stk-column-wrapper stk-block-column__content stk-container stk-aee2e5a-container stk--no-background stk--no-padding\"><div class=\"stk-block-content stk-inner-blocks stk-aee2e5a-inner-blocks\">\n<div class=\"wp-block-stackable-text stk-block-text stk-block stk-ff98134\" data-block-id=\"ff98134\"><style>.stk-ff98134 .stk-block-text__text{font-size:16px !important;line-height:1.2em !important;}@media screen and (max-width: 1023px){.stk-ff98134 .stk-block-text__text{font-size:16px !important;}}<\/style><p class=\"stk-block-text__text\"><a href=\"https:\/\/www.boe.es\/diario_boe\/txt.php?id=BOE-A-2017-7819\" target=\"_blank\" rel=\"noreferrer noopener\" target=\"_blank\" rel=\"noopener\">Ley Canaria contra la Violencia de G\u00e9nero<\/a><br><br><a href=\"https:\/\/drive.google.com\/file\/d\/19pNQ-RsWsciUMX4RTh8qOP4PzQBJNRGS\/view?usp=sharing\" target=\"_blank\" rel=\"noreferrer noopener\" target=\"_blank\" rel=\"noopener\">Ley Canaria de Igualdad de G\u00e9nero<\/a><br><br><a href=\"http:\/\/www.gobiernodecanarias.org\/boc\/2021\/124\/001.html\" target=\"_blank\" rel=\"noreferrer noopener\" target=\"_blank\" rel=\"noopener\">Ley 2\/2021 de igualdad social y no discriminaci\u00f3n<\/a><br><br><a href=\"https:\/\/www.tenerifevioleta.es\/\" target=\"_blank\" rel=\"noreferrer noopener\" target=\"_blank\" rel=\"noopener\">II Marco Estrat\u00e9gico de Actuaciones en Pol\u00edticas de Igualdad de\u00a0 G\u00e9nero Tenerife Violeta (Cabildo Insular de Tenerife). 2020-2025.<\/a><br><br><a href=\"https:\/\/drive.google.com\/file\/d\/1utI3yFxlp_X6WHZMOh9DYQs8WuGmZJY1\/view?usp=sharing\" target=\"_blank\" rel=\"noreferrer noopener\" target=\"_blank\" rel=\"noopener\">Estatuto Estudiante Universitario BOE-A-2010-20147<\/a><br><br><a href=\"https:\/\/drive.google.com\/file\/d\/1_Gi85yyXDchgqyaKl_IGrbC-F4l_u4wG\/view?usp=sharing\" target=\"_blank\" rel=\"noreferrer noopener\" target=\"_blank\" rel=\"noopener\">Convenio Colectivo PDI Laboral<\/a><br><br><a href=\"https:\/\/drive.google.com\/file\/d\/19JGgaOBHDC9EXjXm-REony9jUqM0-gCK\/view?usp=sharing\" target=\"_blank\" rel=\"noreferrer noopener\" target=\"_blank\" rel=\"noopener\">Convenio colectivo de Universidades P\u00fablicas Canarias<\/a><\/p><\/div>\n<\/div><\/div><\/div>\n\n\n\n<div class=\"wp-block-stackable-column stk-block-column stk-column stk-block stk-86c3ff2 stk-block-background\" data-v=\"4\" role=\"tabpanel\" data-block-id=\"86c3ff2\"><style>.stk-86c3ff2 {background-color:#f8f8f8 !important;}.stk-86c3ff2:before{background-color:#f8f8f8 !important;}<\/style><div class=\"stk-column-wrapper stk-block-column__content stk-container stk-86c3ff2-container stk--no-background stk--no-padding\"><div class=\"stk-block-content stk-inner-blocks stk-86c3ff2-inner-blocks\">\n<div class=\"wp-block-stackable-text stk-block-text stk-block stk-ef1ebf4\" data-block-id=\"ef1ebf4\"><style>.stk-ef1ebf4 .stk-block-text__text{font-size:16px !important;line-height:1.2em !important;}@media screen and (max-width: 1023px){.stk-ef1ebf4 .stk-block-text__text{font-size:16px !important;}}<\/style><p class=\"stk-block-text__text\"><strong><a href=\"https:\/\/drive.google.com\/file\/d\/1lpB3JTZLetT-NLgwT6sAqUNxciVUxyoZ\/view?usp=sharing\" target=\"_blank\" rel=\"noreferrer noopener\" target=\"_blank\" rel=\"noopener\">II Plan Igualdad de G\u00e9nero de la ULL 2022-2026 (Espa\u00f1ol)<\/a><\/strong>\u00a0\u2013\u00a0<a href=\"https:\/\/drive.google.com\/file\/d\/1K-qDPhI0Be3EJ6AAk-o473nn1qXJk0_g\/view?usp=sharing\" target=\"_blank\" rel=\"noreferrer noopener\" target=\"_blank\" rel=\"noopener\">(Ingl\u00e9s)<\/a><br><br><a href=\"https:\/\/riull.ull.es\/xmlui\/bitstream\/handle\/915\/12568\/Protocolo%20Acoso.pdf?sequence=5&amp;isAllowed=y\" target=\"_blank\" rel=\"noreferrer noopener\" target=\"_blank\" rel=\"noopener\">Protocolo para la detecci\u00f3n, prevenci\u00f3n y actuaci\u00f3n en los supuestos de acoso sexual y de acoso sexista de la Universidad de La Laguna<\/a><br><br><a href=\"https:\/\/sede.ull.es\/ecivilis-site\/bulletinBoard\/showBulletin\/2672:1\" target=\"_blank\" rel=\"noreferrer noopener\" target=\"_blank\" rel=\"noopener\">Reglamento de atenci\u00f3n a la diversidad de g\u00e9nero y para el acompa\u00f1amiento a estudiantes trans en la Universidad de La Laguna (2020)<\/a><br><br><a href=\"https:\/\/riull.ull.es\/xmlui\/bitstream\/handle\/915\/13018\/Acuerdo%2012_28_02_19.pdf\" target=\"_blank\" rel=\"noreferrer noopener\" target=\"_blank\" rel=\"noopener\">Reglamento de Recursos de Igualdad de G\u00e9nero de la ULL (2019)<\/a><br><br><a href=\"https:\/\/drive.google.com\/file\/d\/12Dcbb8SDoFHum1JgGGjOunP8hdKcl531\/view?usp=sharing\" target=\"_blank\" rel=\"noreferrer noopener\" target=\"_blank\" rel=\"noopener\">El sexismo en el lenguaje: Gu\u00eda para una pr\u00e1ctica no sexista de la lengua<\/a><br><br><a href=\"https:\/\/riull.ull.es\/xmlui\/bitstream\/handle\/915\/12127\/Acuerdo%201_21_12_18.pdf\" target=\"_blank\" rel=\"noreferrer noopener\" target=\"_blank\" rel=\"noopener\">Programa de Implantaci\u00f3n del Plan de Igualdad de G\u00e9nero 2019 (PRIPIG\u201919)\u00a0<\/a><br><br><a href=\"https:\/\/drive.google.com\/file\/d\/1_f8fxa43uuiETJlrKFG_hhZZgP_o0pGl\/view?usp=sharing\" target=\"_blank\" rel=\"noreferrer noopener\" target=\"_blank\" rel=\"noopener\">II Marco estrat\u00e9gico de la Red TFE Violeta<\/a><br><br><a href=\"https:\/\/riull.ull.es\/xmlui\/bitstream\/handle\/915\/11426\/creacion_uig.pdf\" target=\"_blank\" rel=\"noreferrer noopener\" target=\"_blank\" rel=\"noopener\">Propuesta de creaci\u00f3n de la Unidad de Igualdad de Genero de la ULL (2010)<\/a><\/p><\/div>\n<\/div><\/div><\/div>\n\n\n\n<div class=\"wp-block-stackable-column stk-block-column stk-column stk-block stk-3ab838b stk-block-background\" data-v=\"4\" role=\"tabpanel\" data-block-id=\"3ab838b\"><style>.stk-3ab838b {background-color:#f8f8f8 !important;}.stk-3ab838b:before{background-color:#f8f8f8 !important;}<\/style><div class=\"stk-column-wrapper stk-block-column__content stk-container stk-3ab838b-container stk--no-background stk--no-padding\"><div class=\"stk-block-content stk-inner-blocks stk-3ab838b-inner-blocks\">\n<div class=\"wp-block-stackable-text stk-block-text stk-block stk-c566218\" data-block-id=\"c566218\"><style>.stk-c566218 .stk-block-text__text{font-size:16px !important;line-height:1.2em !important;}@media screen and (max-width: 1023px){.stk-c566218 .stk-block-text__text{font-size:16px !important;}}<\/style><p class=\"stk-block-text__text\"><a href=\"https:\/\/drive.google.com\/file\/d\/1H4ZksU1ISzIApKW-P60s4k7b0euuFu4y\/view?usp=sharing\" target=\"_blank\" rel=\"noreferrer noopener\" target=\"_blank\" rel=\"noopener\"><strong>Diagn\u00f3stico en materia de Igualdad de G\u00e9nero de la ULL (2021)<\/strong><\/a><br><br><a href=\"https:\/\/drive.google.com\/file\/d\/1j0GZlPBsIHXA_tXapnHdnSNfp7weP49p\/view?usp=sharing\" target=\"_blank\" rel=\"noreferrer noopener\" target=\"_blank\" rel=\"noopener\">Diagn\u00f3stico en materia de Igualdad de G\u00e9nero de la ULL (2019)<\/a><br><br><a href=\"https:\/\/drive.google.com\/file\/d\/0B_NWxPjo5wSpODhmclZxSGhvUzhQTW5TTlFSSDlxdVI5LTEw\/view?usp=sharing\" target=\"_blank\" rel=\"noreferrer noopener\" target=\"_blank\" rel=\"noopener\">Informe\u00a0 Diagn\u00f3stico de la UIG para PRIPIG ULL Final<\/a><br><br><a href=\"https:\/\/drive.google.com\/file\/d\/0B_NWxPjo5wSpSGNPejZCRWdaY2VFUnBPX3QzandsRFp6UXFJ\/view?usp=sharing\" target=\"_blank\" rel=\"noreferrer noopener\" target=\"_blank\" rel=\"noopener\">Resumen Diagn\u00f3stico 2012 para el I Plan de Igualdad de la ULL<\/a><br><br><a href=\"https:\/\/drive.google.com\/file\/d\/1K6SIWjDY0PYUOiK-JqDc6KhzMs6mDSl7\/view?usp=sharing\" target=\"_blank\" rel=\"noreferrer noopener\" target=\"_blank\" rel=\"noopener\">Oferta educativa en materia de g\u00e9nero en titulaciones oficiales (doctorado, m\u00e1ster y grado) 2007-08-2010-11<\/a><br><br><a href=\"https:\/\/drive.google.com\/file\/d\/0B_NWxPjo5wSpY0pvSGpuamo2SHlhc1I0SGthWFczNHhBSjhV\/view?usp=sharing\" target=\"_blank\" rel=\"noreferrer noopener\" target=\"_blank\" rel=\"noopener\">Oferta educativa en materia de g\u00e9nero en titulaciones oficiales 2017-2018<\/a><br><br><a href=\"https:\/\/drive.google.com\/file\/d\/1UBYtddlImTglWY-ttKJyS_kylg8a_UcA\/view?usp=sharing\" target=\"_blank\" rel=\"noreferrer noopener\" target=\"_blank\" rel=\"noopener\">Informe 2012: Comparativa de las normativas de conciliaci\u00f3n<\/a><br><br><a href=\"https:\/\/drive.google.com\/file\/d\/10h2hSZkt6TjTKpfzTQDk94vMHl1EQ-z7\/view?usp=sharing\" target=\"_blank\" rel=\"noreferrer noopener\" target=\"_blank\" rel=\"noopener\">Informe de las Conclusiones de las Encuestas de Percepci\u00f3n de Conflictos y Acoso de 2012<\/a><\/p><\/div>\n<\/div><\/div><\/div>\n<\/div><\/div>\n<\/div><\/div>\n<\/div><\/div><\/div>\n<\/div><\/div>\n","protected":false},"excerpt":{"rendered":"<p>R\u00e9glementations internationales, nationales et r\u00e9gionales Universit\u00e9 de La Laguna Diagnostic D\u00e9claration universelle des droits de l&#039;homme Objectif de d\u00e9veloppement durable n\u00b0 5 (ONU) \u00c9galit\u00e9 entre les femmes et les hommes (Parlement europ\u00e9en) Conseil de l&#039;Europe Convention sur la pr\u00e9vention et la lutte contre la violence \u00e0 l&#039;\u00e9gard des femmes et la violence domestique (Convention d&#039;Istanbul) Eur-Lex Emploi et\u2026<\/p>","protected":false},"author":47,"featured_media":0,"parent":0,"menu_order":0,"comment_status":"closed","ping_status":"closed","template":"templates\/template-frontpage.php","meta":{"_acf_changed":false,"footnotes":""},"class_list":["post-34","page","type-page","status-publish","hentry"],"acf":[],"_links":{"self":[{"href":"https:\/\/www.ull.es\/servicios\/igualdad\/fr\/wp-json\/wp\/v2\/pages\/34","targetHints":{"allow":["GET"]}}],"collection":[{"href":"https:\/\/www.ull.es\/servicios\/igualdad\/fr\/wp-json\/wp\/v2\/pages"}],"about":[{"href":"https:\/\/www.ull.es\/servicios\/igualdad\/fr\/wp-json\/wp\/v2\/types\/page"}],"author":[{"embeddable":true,"href":"https:\/\/www.ull.es\/servicios\/igualdad\/fr\/wp-json\/wp\/v2\/users\/47"}],"replies":[{"embeddable":true,"href":"https:\/\/www.ull.es\/servicios\/igualdad\/fr\/wp-json\/wp\/v2\/comments?post=34"}],"version-history":[{"count":71,"href":"https:\/\/www.ull.es\/servicios\/igualdad\/fr\/wp-json\/wp\/v2\/pages\/34\/revisions"}],"predecessor-version":[{"id":531,"href":"https:\/\/www.ull.es\/servicios\/igualdad\/fr\/wp-json\/wp\/v2\/pages\/34\/revisions\/531"}],"wp:attachment":[{"href":"https:\/\/www.ull.es\/servicios\/igualdad\/fr\/wp-json\/wp\/v2\/media?parent=34"}],"curies":[{"name":"wp","href":"https:\/\/api.w.org\/{rel}","templated":true}]}}